{"id":4399,"date":"2021-12-08T16:05:58","date_gmt":"2021-12-08T16:05:58","guid":{"rendered":"https:\/\/qod-scchiro.local\/lehigh-acres\/muscle-strains-treatments\/"},"modified":"2023-11-01T21:54:28","modified_gmt":"2023-11-01T21:54:28","slug":"tratamientos-distensiones-musculares","status":"publish","type":"page","link":"https:\/\/sc-chiro.com\/es\/lehigh-acres\/tratamientos-distensiones-musculares\/","title":{"rendered":"Tratamientos de Distensiones Musculares de Lehigh Acres"},"content":{"rendered":"<p><span style=\"font-weight: 400;\">Las distensiones musculares pueden interrumpir su vida diaria y su trabajo. Es posible que se haya esforzado demasiado en el trabajo o haya sufrido una lesi\u00f3n deportiva antes de experimentar dolor o sensibilidad en la espalda, el cuello, los brazos o las piernas. No asuma que desaparecer\u00e1 por s\u00ed solo.<\/span><\/p>\n<p><span style=\"font-weight: 400;\">Nuestro tratamiento de distensi\u00f3n muscular de <\/span><a href=\"https:\/\/sc-chiro.com\/es\/lehigh-acres\/\"><span style=\"font-weight: 400;\">Lehigh Acres<\/span><\/a><span style=\"font-weight: 400;\"> puede ayudarlo a sentirse mejor. Puede beneficiarse de la atenci\u00f3n quiropr\u00e1ctica, la fisioterapia o una combinaci\u00f3n de tratamientos.<\/span><\/p>\n<p><span style=\"font-weight: 400;\">\t\t<div data-elementor-type=\"section\" data-elementor-id=\"3935\" class=\"elementor elementor-3935\" data-elementor-post-type=\"elementor_library\">\n\t\t\t\t\t<section class=\"elementor-section elementor-top-section elementor-element elementor-element-bef2904 elementor-section-boxed elementor-section-height-default elementor-section-height-default\" data-id=\"bef2904\" data-element_type=\"section\" data-e-type=\"section\">\n\t\t\t\t\t\t<div class=\"elementor-container elementor-column-gap-default\">\n\t\t\t\t\t<div class=\"elementor-column elementor-col-100 elementor-top-column elementor-element elementor-element-57dcad5 section-toc\" data-id=\"57dcad5\" data-element_type=\"column\" data-e-type=\"column\">\n\t\t\t<div class=\"elementor-widget-wrap elementor-element-populated\">\n\t\t\t\t\t\t<div class=\"elementor-element elementor-element-0c49dfc elementor-toc--minimized-on-tablet elementor-widget elementor-widget-table-of-contents\" data-id=\"0c49dfc\" data-element_type=\"widget\" data-e-type=\"widget\" data-settings=\"{&quot;exclude_headings_by_selector&quot;:&quot;.toc-remove&quot;,&quot;headings_by_tags&quot;:[&quot;h2&quot;,&quot;h3&quot;,&quot;h4&quot;,&quot;h5&quot;,&quot;h6&quot;],&quot;marker_view&quot;:&quot;numbers&quot;,&quot;no_headings_message&quot;:&quot;No se ha encontrado ning\\u00fan encabezado en esta p\\u00e1gina.&quot;,&quot;minimize_box&quot;:&quot;yes&quot;,&quot;minimized_on&quot;:&quot;tablet&quot;,&quot;hierarchical_view&quot;:&quot;yes&quot;,&quot;min_height&quot;:{&quot;unit&quot;:&quot;px&quot;,&quot;size&quot;:&quot;&quot;,&quot;sizes&quot;:[]},&quot;min_height_tablet&quot;:{&quot;unit&quot;:&quot;px&quot;,&quot;size&quot;:&quot;&quot;,&quot;sizes&quot;:[]},&quot;min_height_mobile&quot;:{&quot;unit&quot;:&quot;px&quot;,&quot;size&quot;:&quot;&quot;,&quot;sizes&quot;:[]}}\" data-widget_type=\"table-of-contents.default\">\n\t\t\t\t<div class=\"elementor-widget-container\">\n\t\t\t\t\t\t\t\t\t<div class=\"elementor-toc__header\">\n\t\t\t\t\t\t<h4 class=\"elementor-toc__header-title\">\n\t\t\t\tTabla de Contenidos\t\t\t<\/h4>\n\t\t\t\t\t\t\t\t\t\t<div class=\"elementor-toc__toggle-button elementor-toc__toggle-button--expand\" role=\"button\" tabindex=\"0\" aria-controls=\"elementor-toc__0c49dfc\" aria-expanded=\"true\" aria-label=\"Abrir la tabla de contenidos\"><i aria-hidden=\"true\" class=\"fas fa-chevron-down\"><\/i><\/div>\n\t\t\t\t<div class=\"elementor-toc__toggle-button elementor-toc__toggle-button--collapse\" role=\"button\" tabindex=\"0\" aria-controls=\"elementor-toc__0c49dfc\" aria-expanded=\"true\" aria-label=\"Cerrar la tabla de contenidos\"><i aria-hidden=\"true\" class=\"fas fa-chevron-up\"><\/i><\/div>\n\t\t\t\t\t<\/div>\n\t\t\t\t<div id=\"elementor-toc__0c49dfc\" class=\"elementor-toc__body\">\n\t\t\t<div class=\"elementor-toc__spinner-container\">\n\t\t\t\t<i class=\"elementor-toc__spinner eicon-animation-spin eicon-loading\" aria-hidden=\"true\"><\/i>\t\t\t<\/div>\n\t\t<\/div>\n\t\t\t\t\t\t<\/div>\n\t\t\t\t<\/div>\n\t\t\t\t\t<\/div>\n\t\t<\/div>\n\t\t\t\t\t<\/div>\n\t\t<\/section>\n\t\t\t\t<\/div>\n\t\t<\/span><\/p>\n<h2><b>C\u00f3mo pueden comenzar las distensiones musculares<\/b><\/h2>\n<p><span style=\"font-weight: 400;\">Seg\u00fan <\/span><a href=\"https:\/\/www.mayoclinic.org\/diseases-conditions\/muscle-strains\/symptoms-causes\/syc-20450507\" target=\"_blank\" rel=\"noopener\"><span style=\"font-weight: 400;\">Mayo Clinic<\/span><\/a><span style=\"font-weight: 400;\">, las distensiones musculares pueden ser el resultado de un incidente aislado o una lesi\u00f3n repetitiva. Si su trabajo requiere esfuerzo f\u00edsico, es posible que se haya desgarrado un m\u00fasculo al levantar un objeto pesado. Si practica deportes, es posible que se haya desgarrado un m\u00fasculo durante la pr\u00e1ctica. Incluso una lesi\u00f3n por accidente automovil\u00edstico puede causar tensi\u00f3n muscular.<\/span><a href=\"https:\/\/translate.google.com\/translate?hl=es&amp;prev=_t&amp;sl=en&amp;tl=es&amp;u=https:\/\/www.mayoclinic.org\/diseases-conditions\/muscle-strains\/symptoms-causes\/syc-20450507\" target=\"_blank\" rel=\"noopener\"><span style=\"font-weight: 400;\">\u00a0<\/span><\/a><\/p>\n<p><span style=\"font-weight: 400;\">El uso excesivo y el esfuerzo excesivo tambi\u00e9n pueden provocar distensiones musculares. Si ha estado realizando las mismas actividades durante un per\u00edodo de tiempo, puede comenzar a experimentar dolor incluso con movimientos leves.<\/span><\/p>\n<h3><b>S\u00edntomas comunes de las distensiones musculares<\/b><\/h3>\n<p><span style=\"font-weight: 400;\">Sabr\u00e1 que tiene una distensi\u00f3n muscular si experimenta los siguientes s\u00edntomas, especialmente despu\u00e9s de una lesi\u00f3n:<\/span><\/p>\n<ul>\n<li><span style=\"font-weight: 400;\"> \u00a0 \u00a0 <\/span><span style=\"font-weight: 400;\">Un rango de movimiento limitado<\/span><\/li>\n<li><span style=\"font-weight: 400;\"> \u00a0 \u00a0 <\/span><span style=\"font-weight: 400;\">Espasmos musculares<\/span><\/li>\n<li><span style=\"font-weight: 400;\"> \u00a0 \u00a0 <\/span><span style=\"font-weight: 400;\">Hinchaz\u00f3n<\/span><\/li>\n<li><span style=\"font-weight: 400;\"> \u00a0 \u00a0 <\/span><span style=\"font-weight: 400;\">Debilidad<\/span><\/li>\n<li><span style=\"font-weight: 400;\"> \u00a0 \u00a0 <\/span><span style=\"font-weight: 400;\">Enrojecimiento<\/span><\/li>\n<li><span style=\"font-weight: 400;\"> \u00a0 \u00a0 <\/span><span style=\"font-weight: 400;\">moretones<\/span><\/li>\n<li><span style=\"font-weight: 400;\"> \u00a0 \u00a0 <\/span><span style=\"font-weight: 400;\">Dolor<\/span><\/li>\n<li><span style=\"font-weight: 400;\"> \u00a0 \u00a0 <\/span><span style=\"font-weight: 400;\">Sensibilidad<\/span><\/li>\n<\/ul>\n<p><span style=\"font-weight: 400;\">Si experimenta alguno de los siguientes s\u00edntomas, un m\u00e9dico de Specific Care Chiropractic puede examinarlo y determinar el curso de tratamiento adecuado.<\/span><\/p>\n<p><span data-sheets-value=\"{&quot;1&quot;:2,&quot;2&quot;:&quot;&lt;div class=&quot;buttons&quot;&gt;\n        &lt;a class=&quot;content-number mid-page-call-click-button&quot; href=&quot;tel:2393699109&quot;&gt;Call us Now - 239-369-9109&lt;\/a&gt;\n        &lt;a class=&quot;content-number mid-page-form-click-button&quot; id=&quot;second-button&quot; href=&quot;#elementor-action%3Aaction%3Dpopup%3Aopen%26settings%3DeyJpZCI6MTkxOSwidG9nZ2xlIjpmYWxzZX0%3D&quot;&gt;Contact Us!&lt;\/a&gt;\n    &lt;\/div&gt;&quot;}\" data-sheets-userformat=\"{&quot;2&quot;:513,&quot;3&quot;:{&quot;1&quot;:0},&quot;12&quot;:0}\"><div class=\"buttons\">\n        <a class=\"content-number mid-page-call-click-button\" href=\"tel:2393699109\">Call us Now - 239-369-9109<\/a>\n        <a class=\"content-number mid-page-form-click-button\" id=\"second-button\" href=\"#elementor-action%3Aaction%3Dpopup%3Aopen%26settings%3DeyJpZCI6MTkxOSwidG9nZ2xlIjpmYWxzZX0%3D\">Contact Us!<\/a>\n    <\/div><\/span><\/p>\n<h2><b>Nuestros m\u00e9dicos de Lehigh Acres pueden evaluar su tensi\u00f3n muscular<\/b><\/h2>\n<p><span style=\"font-weight: 400;\">Cuando acude a su primera cita en Specific Care Chiropractic, uno de nuestros m\u00e9dicos puede realizar pruebas de diagn\u00f3stico para determinar la gravedad de su distensi\u00f3n muscular. Las radiograf\u00edas pueden revelar problemas en m\u00e1s de una parte de su cuerpo.<\/span><\/p>\n<p><span style=\"font-weight: 400;\">Luego podemos seleccionar un plan de tratamiento adaptado a sus necesidades espec\u00edficas.<\/span><\/p>\n<h3><b>Fisioterapia<\/b><\/h3>\n<p><span style=\"font-weight: 400;\">Nuestros m\u00e9dicos pueden guiarlo a trav\u00e9s de las sesiones de fisioterapia para que comprenda qu\u00e9 estiramientos son mejores para su lesi\u00f3n. Hemos equipado nuestra sala de rehabilitaci\u00f3n con todos los elementos esenciales que necesita para identificar \u00e1reas espec\u00edficas del cuerpo.<\/span><\/p>\n<p><span style=\"font-weight: 400;\">La fisioterapia puede ayudar a aflojar y fortalecer los m\u00fasculos, aliviando el dolor y protegi\u00e9ndolo de m\u00e1s lesiones. <\/span><a href=\"https:\/\/www.nature.com\/articles\/s41393-019-0242-z\" target=\"_blank\" rel=\"noopener\"><span style=\"font-weight: 400;\">Spinal Cord<\/span><\/a><span style=\"font-weight: 400;\"> se\u00f1ala que esta intervenci\u00f3n puede desarrollar la fuerza muscular despu\u00e9s de las lesiones.<\/span><span style=\"font-weight: 400;\">\u00a0<\/span><\/p>\n<h3><b>Ajustes quiropr\u00e1cticos<\/b><\/h3>\n<p><span style=\"font-weight: 400;\">Si su distensi\u00f3n muscular se debe a una desalineaci\u00f3n en la espalda, tambi\u00e9n podemos sugerirle un ajuste quiropr\u00e1ctico. Este tratamiento puede abordar problemas que pueden estar causando o contribuyendo a su distensi\u00f3n muscular. Implica manipulaciones de los discos para aliviar la tensi\u00f3n y realinear la estructura esquel\u00e9tica.<\/span><\/p>\n<p><a href=\"https:\/\/www.ncbi.nlm.nih.gov\/pmc\/articles\/PMC3716373\/\" target=\"_blank\" rel=\"noopener\"><span style=\"font-weight: 400;\">El Journal of Evidence-based Complementary and Alternative Medicine<\/span><\/a><span style=\"font-weight: 400;\"> se\u00f1ala su eficacia para aliviar el dolor de espalda y cuello. Tambi\u00e9n puede tratar los dolores de cabeza asociados con distensiones musculares.<\/span><\/p>\n<h3><b>Terapia de ultrasonido<\/b><\/h3>\n<p><span style=\"font-weight: 400;\">La terapia de ultrasonido utiliza energ\u00eda t\u00e9rmica para apuntar a los tejidos blandos y los m\u00fasculos. Penetra profundamente en el \u00e1rea afectada, estimulando el flujo sangu\u00edneo y la cavitaci\u00f3n. Seg\u00fan <\/span><a href=\"https:\/\/www.ncbi.nlm.nih.gov\/pmc\/articles\/PMC6128661\/\" target=\"_blank\" rel=\"noopener\"><span style=\"font-weight: 400;\">Internal Medicine Review<\/span><\/a><span style=\"font-weight: 400;\"> , puede tratar distensiones en los tendones, m\u00fasculos y ligamentos.<\/span><\/p>\n<p><img fetchpriority=\"high\" decoding=\"async\" class=\"alignnone wp-image-3466 size-full\" src=\"https:\/\/sc-chiro.com\/wp-content\/uploads\/2021\/12\/lehigh-acres-muscle-strains-treatment-sc-chiro-1.jpg\" alt=\"Lehigh Acres muscle strains treatments\" width=\"600\" height=\"400\" srcset=\"https:\/\/sc-chiro.com\/wp-content\/uploads\/2021\/12\/lehigh-acres-muscle-strains-treatment-sc-chiro-1.jpg 600w, https:\/\/sc-chiro.com\/wp-content\/uploads\/2021\/12\/lehigh-acres-muscle-strains-treatment-sc-chiro-1-300x200.jpg 300w\" sizes=\"(max-width: 600px) 100vw, 600px\" \/><\/p>\n<h3><b>Terapia de Masajes<\/b><\/h3>\n<p><span style=\"font-weight: 400;\">Los beneficios de la masoterapia van m\u00e1s all\u00e1 de la relajaci\u00f3n; rompe el tejido cicatricial y elimina el exceso de l\u00edquido que contribuye al dolor muscular. Tambi\u00e9n puede ayudar a estirar y fortalecer los m\u00fasculos despu\u00e9s de una lesi\u00f3n. La flexibilidad mejorada y la regeneraci\u00f3n celular son beneficios adicionales de este tratamiento.<\/span><\/p>\n<h3><b>Terapia de electroestimulaci\u00f3n muscular (E-STIM)<\/b><\/h3>\n<p><span style=\"font-weight: 400;\">La terapia de estimulaci\u00f3n muscular el\u00e9ctrica (E-STIM) utiliza ondas el\u00e9ctricas para penetrar profundamente en los m\u00fasculos. Este tratamiento aumenta la circulaci\u00f3n y fortalece los m\u00fasculos. Podemos apuntar a m\u00fasculos espec\u00edficos con este tratamiento.<\/span><\/p>\n<h2><b>Hemos ayudado a pacientes en todo el sur de la Florida<\/b><\/h2>\n<p><span style=\"font-weight: 400;\">Nuestros pacientes anteriores se entusiasman con los resultados que brindan nuestros tratamientos. Hemos ayudado a personas con una variedad de lesiones, incluidas distensiones musculares. Eche un vistazo a lo que algunos de nuestros pacientes tienen que decir sobre sus experiencias con la quiropr\u00e1ctica de atenci\u00f3n espec\u00edfica:<\/span><\/p>\n<p><span style=\"font-weight: 400;\">Lanore B. escribi\u00f3: \u201cMe encanta este lugar, me hicieron sentir tan c\u00f3moda desde el comienzo de mi tratamiento hasta el final, los doctores fueron geniales y el personal es incre\u00edble, siempre un ambiente c\u00e1lido y acogedor definitivamente vendr\u00e1 si tengo alguna otra necesidad de quiropr\u00e1ctico.\u201d<\/span><\/p>\n<p><span style=\"font-weight: 400;\">Ashley P. escribi\u00f3: \u201cEllos explican todo, se comunican con usted a menudo, revisan todo el papeleo, son muy pacientes y profesionales, e incluso me llevaron mi papeleo y me dieron agua fr\u00eda en la sala de espera para que no tengo que levantarme de nuevo, ya que ten\u00eda dolores&#8230;\u201d<\/span><\/p>\n<p><span style=\"font-weight: 400;\">Queremos ver c\u00f3mo podemos ayudarlo a sanar del dolor y las molestias que est\u00e1 experimentando.<\/span><\/p>\n<h2><b>Podemos proporcionarle evidencia para su caso de lesiones personales.<\/b><\/h2>\n<p><span style=\"font-weight: 400;\">Adem\u00e1s de brindar una variedad de tratamientos para su distensi\u00f3n muscular, tambi\u00e9n podemos ayudarlo a recopilar evidencia para su caso legal. Si est\u00e1 trabajando con un abogado, podemos proporcionarle sus registros m\u00e9dicos para que puedan corroborar sus lesiones relacionadas con el accidente.<\/span><\/p>\n<p><span style=\"font-weight: 400;\">Por ejemplo, podemos enviar:<\/span><\/p>\n<ul>\n<li><span style=\"font-weight: 400;\"> \u00a0 \u00a0 <\/span><span style=\"font-weight: 400;\">Un an\u00e1lisis m\u00e9dico que relaciona tu distensi\u00f3n muscular con tu accidente<\/span><\/li>\n<li><span style=\"font-weight: 400;\"> \u00a0 \u00a0 <\/span><span style=\"font-weight: 400;\">Radiograf\u00edas, resonancias magn\u00e9ticas o tomograf\u00edas computarizadas<\/span><\/li>\n<li><span style=\"font-weight: 400;\"> \u00a0 \u00a0 <\/span><span style=\"font-weight: 400;\">Planes de tratamientos que detallan cu\u00e1nto durar\u00e1 su recuperaci\u00f3n<\/span><\/li>\n<li><span style=\"font-weight: 400;\"> \u00a0 \u00a0 <\/span><span style=\"font-weight: 400;\">Declaraciones sobre c\u00f3mo su distensi\u00f3n muscular afectar\u00e1 su trabajo y sus actividades diarias<\/span><\/li>\n<li><span style=\"font-weight: 400;\"> \u00a0 \u00a0 <\/span><span style=\"font-weight: 400;\">Facturas de su tratamiento actual y estimaciones para tratamientos futuros<\/span><\/li>\n<\/ul>\n<p><span style=\"font-weight: 400;\">Su reclamo de seguro o demanda se basa en su capacidad para probar la gravedad de sus lesiones y c\u00f3mo afectan su vida. Si actualmente no tiene representaci\u00f3n legal, es posible que podamos derivarlo a un abogado de nuestra red.<\/span><\/p>\n<p><span data-sheets-value=\"{&quot;1&quot;:2,&quot;2&quot;:&quot;&lt;div class=&quot;buttons&quot;&gt;\n        &lt;a class=&quot;content-number mid-page-call-click-button&quot; href=&quot;tel:2393699109&quot;&gt;Call us Now - 239-369-9109&lt;\/a&gt;\n        &lt;a class=&quot;content-number mid-page-form-click-button&quot; id=&quot;second-button&quot; href=&quot;#elementor-action%3Aaction%3Dpopup%3Aopen%26settings%3DeyJpZCI6MTkxOSwidG9nZ2xlIjpmYWxzZX0%3D&quot;&gt;Contact Us!&lt;\/a&gt;\n    &lt;\/div&gt;&quot;}\" data-sheets-userformat=\"{&quot;2&quot;:513,&quot;3&quot;:{&quot;1&quot;:0},&quot;12&quot;:0}\"><div class=\"buttons\">\n        <a class=\"content-number mid-page-call-click-button\" href=\"tel:2393699109\">Call us Now - 239-369-9109<\/a>\n        <a class=\"content-number mid-page-form-click-button\" id=\"second-button\" href=\"#elementor-action%3Aaction%3Dpopup%3Aopen%26settings%3DeyJpZCI6MTkxOSwidG9nZ2xlIjpmYWxzZX0%3D\">Contact Us!<\/a>\n    <\/div><\/span><\/p>\n<h2><b>Haga una cita y obtenga ayuda para su distensi\u00f3n muscular hoy<\/b><\/h2>\n<p><span style=\"font-weight: 400;\">No deber\u00eda tener que sufrir el dolor, la sensibilidad y el dolor que acompa\u00f1a a una distensi\u00f3n muscular. <\/span><a href=\"https:\/\/sc-chiro.com\/es\/\"><span style=\"font-weight: 400;\">Specific Care Chiropractic<\/span><\/a><span style=\"font-weight: 400;\"> puede diagnosticar y tratar sus lesiones para que pueda volver a llevar una vida productiva. Nuestro cuidado quiropr\u00e1ctico y fisioterapia basados \u200b\u200ben evidencia pueden aliviar su dolor y mejorar su salud f\u00edsica.<\/span><\/p>\n<p><span style=\"font-weight: 400;\">Ll\u00e1menos hoy al <a href=\"tel:239-369-9109\">239-369-9109<\/a> para programar su cita en nuestra ubicaci\u00f3n de Lehigh Acres.<\/span><\/p>\n","protected":false},"excerpt":{"rendered":"<p>Las distensiones musculares pueden interrumpir su vida diaria y su trabajo. Es posible que se haya esforzado demasiado en el trabajo o haya sufrido una lesi\u00f3n deportiva antes de experimentar dolor o sensibilidad en la espalda, el cuello, los brazos o las piernas. No asuma que desaparecer\u00e1 por s\u00ed solo. Nuestro tratamiento de distensi\u00f3n muscular [&hellip;]<\/p>\n","protected":false},"author":36,"featured_media":0,"parent":3926,"menu_order":0,"comment_status":"closed","ping_status":"closed","template":"","meta":{"_acf_changed":false,"footnotes":""},"categories":[74],"tags":[64],"class_list":["post-4399","page","type-page","status-publish","hentry","category-lehigh-acres-ubicacion","tag-tension-muscular"],"acf":[],"_links":{"self":[{"href":"https:\/\/sc-chiro.com\/es\/wp-json\/wp\/v2\/pages\/4399","targetHints":{"allow":["GET"]}}],"collection":[{"href":"https:\/\/sc-chiro.com\/es\/wp-json\/wp\/v2\/pages"}],"about":[{"href":"https:\/\/sc-chiro.com\/es\/wp-json\/wp\/v2\/types\/page"}],"author":[{"embeddable":true,"href":"https:\/\/sc-chiro.com\/es\/wp-json\/wp\/v2\/users\/36"}],"replies":[{"embeddable":true,"href":"https:\/\/sc-chiro.com\/es\/wp-json\/wp\/v2\/comments?post=4399"}],"version-history":[{"count":0,"href":"https:\/\/sc-chiro.com\/es\/wp-json\/wp\/v2\/pages\/4399\/revisions"}],"up":[{"embeddable":true,"href":"https:\/\/sc-chiro.com\/es\/wp-json\/wp\/v2\/pages\/3926"}],"wp:attachment":[{"href":"https:\/\/sc-chiro.com\/es\/wp-json\/wp\/v2\/media?parent=4399"}],"wp:term":[{"taxonomy":"category","embeddable":true,"href":"https:\/\/sc-chiro.com\/es\/wp-json\/wp\/v2\/categories?post=4399"},{"taxonomy":"post_tag","embeddable":true,"href":"https:\/\/sc-chiro.com\/es\/wp-json\/wp\/v2\/tags?post=4399"}],"curies":[{"name":"wp","href":"https:\/\/api.w.org\/{rel}","templated":true}]}}