{"id":4098,"date":"2021-11-15T20:48:57","date_gmt":"2021-11-15T20:48:57","guid":{"rendered":"https:\/\/qod-scchiro.local\/lehigh-acres\/neck-injury-treatment\/"},"modified":"2023-11-01T20:15:40","modified_gmt":"2023-11-01T20:15:40","slug":"tratamiento-lesion-cuello","status":"publish","type":"page","link":"https:\/\/sc-chiro.com\/es\/lehigh-acres\/tratamiento-lesion-cuello\/","title":{"rendered":"Tratamiento de lesiones en el cuello de Lehigh Acres"},"content":{"rendered":"<p><span style=\"font-weight: 400;\">Su cuello es una parte integral de su cuerpo. Sus m\u00fasculos, tendones, nervios y discos vertebrales soportan el peso de la cabeza y sostienen la parte superior de la columna. Con eso, una lesi\u00f3n en el cuello puede causar un dolor grave y afectar sus actividades diarias.<\/span><\/p>\n<p><span style=\"font-weight: 400;\">Ya sea que se est\u00e9 recuperando de un latigazo cervical o sufra una lesi\u00f3n laboral repetitiva, nuestros servicios quiropr\u00e1cticos pueden tratar y prevenir la recurrencia del dolor.<\/span><\/p>\n<p><span style=\"font-weight: 400;\">En Specific Care Chiropractic, su tratamiento de lesiones en el cuello de Lehigh Acres se puede adaptar a sus necesidades, y nuestros quiropr\u00e1cticos pueden ayudarlo a seguir adelante despu\u00e9s de lesionarse.<\/span><\/p>\n<p><span style=\"font-weight: 400;\">\t\t<div data-elementor-type=\"section\" data-elementor-id=\"3935\" class=\"elementor elementor-3935\" data-elementor-post-type=\"elementor_library\">\n\t\t\t\t\t<section class=\"elementor-section elementor-top-section elementor-element elementor-element-bef2904 elementor-section-boxed elementor-section-height-default elementor-section-height-default\" data-id=\"bef2904\" data-element_type=\"section\" data-e-type=\"section\">\n\t\t\t\t\t\t<div class=\"elementor-container elementor-column-gap-default\">\n\t\t\t\t\t<div class=\"elementor-column elementor-col-100 elementor-top-column elementor-element elementor-element-57dcad5 section-toc\" data-id=\"57dcad5\" data-element_type=\"column\" data-e-type=\"column\">\n\t\t\t<div class=\"elementor-widget-wrap elementor-element-populated\">\n\t\t\t\t\t\t<div class=\"elementor-element elementor-element-0c49dfc elementor-toc--minimized-on-tablet elementor-widget elementor-widget-table-of-contents\" data-id=\"0c49dfc\" data-element_type=\"widget\" data-e-type=\"widget\" data-settings=\"{&quot;exclude_headings_by_selector&quot;:&quot;.toc-remove&quot;,&quot;headings_by_tags&quot;:[&quot;h2&quot;,&quot;h3&quot;,&quot;h4&quot;,&quot;h5&quot;,&quot;h6&quot;],&quot;marker_view&quot;:&quot;numbers&quot;,&quot;no_headings_message&quot;:&quot;No se ha encontrado ning\\u00fan encabezado en esta p\\u00e1gina.&quot;,&quot;minimize_box&quot;:&quot;yes&quot;,&quot;minimized_on&quot;:&quot;tablet&quot;,&quot;hierarchical_view&quot;:&quot;yes&quot;,&quot;min_height&quot;:{&quot;unit&quot;:&quot;px&quot;,&quot;size&quot;:&quot;&quot;,&quot;sizes&quot;:[]},&quot;min_height_tablet&quot;:{&quot;unit&quot;:&quot;px&quot;,&quot;size&quot;:&quot;&quot;,&quot;sizes&quot;:[]},&quot;min_height_mobile&quot;:{&quot;unit&quot;:&quot;px&quot;,&quot;size&quot;:&quot;&quot;,&quot;sizes&quot;:[]}}\" data-widget_type=\"table-of-contents.default\">\n\t\t\t\t<div class=\"elementor-widget-container\">\n\t\t\t\t\t\t\t\t\t<div class=\"elementor-toc__header\">\n\t\t\t\t\t\t<h4 class=\"elementor-toc__header-title\">\n\t\t\t\tTabla de Contenidos\t\t\t<\/h4>\n\t\t\t\t\t\t\t\t\t\t<div class=\"elementor-toc__toggle-button elementor-toc__toggle-button--expand\" role=\"button\" tabindex=\"0\" aria-controls=\"elementor-toc__0c49dfc\" aria-expanded=\"true\" aria-label=\"Abrir la tabla de contenidos\"><i aria-hidden=\"true\" class=\"fas fa-chevron-down\"><\/i><\/div>\n\t\t\t\t<div class=\"elementor-toc__toggle-button elementor-toc__toggle-button--collapse\" role=\"button\" tabindex=\"0\" aria-controls=\"elementor-toc__0c49dfc\" aria-expanded=\"true\" aria-label=\"Cerrar la tabla de contenidos\"><i aria-hidden=\"true\" class=\"fas fa-chevron-up\"><\/i><\/div>\n\t\t\t\t\t<\/div>\n\t\t\t\t<div id=\"elementor-toc__0c49dfc\" class=\"elementor-toc__body\">\n\t\t\t<div class=\"elementor-toc__spinner-container\">\n\t\t\t\t<i class=\"elementor-toc__spinner eicon-animation-spin eicon-loading\" aria-hidden=\"true\"><\/i>\t\t\t<\/div>\n\t\t<\/div>\n\t\t\t\t\t\t<\/div>\n\t\t\t\t<\/div>\n\t\t\t\t\t<\/div>\n\t\t<\/div>\n\t\t\t\t\t<\/div>\n\t\t<\/section>\n\t\t\t\t<\/div>\n\t\t<\/span><\/p>\n<h2><b>Tipos de lesiones en el cuello que nuestros quiropr\u00e1cticos de Lehigh Acres pueden tratar<\/b><\/h2>\n<p><span style=\"font-weight: 400;\">El dolor de cuello puede ser el resultado de una serie de lesiones y afecciones, incluida la desalineaci\u00f3n. Tratamos el dolor causado por:<\/span><\/p>\n<ul>\n<li><span style=\"font-weight: 400;\"> \u00a0 \u00a0 <\/span><b>Lesiones traum\u00e1ticas <\/b><span style=\"font-weight: 400;\">: el trauma puede resultar de una colisi\u00f3n, resbal\u00f3n y ca\u00edda u otro incidente. El latigazo cervical es una lesi\u00f3n com\u00fan en el cuello despu\u00e9s de un accidente automovil\u00edstico.<\/span><\/li>\n<li><span style=\"font-weight: 400;\"> \u00a0 \u00a0 <\/span><b>Tensi\u00f3n muscular, tensi\u00f3n o lesi\u00f3n por uso excesivo <\/b><span style=\"font-weight: 400;\">: esto puede deberse a problemas de postura, &#8220;cuello de la computadora&#8221;, lesiones por movimientos repetidos en el trabajo u otras formas de estr\u00e9s muscular del cuello.<\/span><\/li>\n<li><span style=\"font-weight: 400;\"> \u00a0 \u00a0 <\/span><b>Dolor de cuello relacionado con otras afecciones <\/b><span style=\"font-weight: 400;\">: el dolor de cuello que experimenta podr\u00eda estar relacionado con otros problemas de salud, como la artritis o la osteoporosis.<\/span><\/li>\n<\/ul>\n<p><span style=\"font-weight: 400;\">Nuestros quiropr\u00e1cticos examinar\u00e1n su historial de salud, determinar\u00e1n la causa ra\u00edz de su dolor y desarrollar\u00e1n un plan espec\u00edfico para tratar su dolor de cuello.<\/span><\/p>\n<p><span data-sheets-value=\"{&quot;1&quot;:2,&quot;2&quot;:&quot;&lt;div class=&quot;buttons&quot;&gt;\n        &lt;a class=&quot;content-number mid-page-call-click-button&quot; href=&quot;tel:2393699109&quot;&gt;Call us Now - 239-369-9109&lt;\/a&gt;\n        &lt;a class=&quot;content-number mid-page-form-click-button&quot; id=&quot;second-button&quot; href=&quot;#elementor-action%3Aaction%3Dpopup%3Aopen%26settings%3DeyJpZCI6MTkxOSwidG9nZ2xlIjpmYWxzZX0%3D&quot;&gt;Contact Us!&lt;\/a&gt;\n    &lt;\/div&gt;&quot;}\" data-sheets-userformat=\"{&quot;2&quot;:513,&quot;3&quot;:{&quot;1&quot;:0},&quot;12&quot;:0}\"><div class=\"buttons\">\n        <a class=\"content-number mid-page-call-click-button\" href=\"tel:2393699109\">Call us Now - 239-369-9109<\/a>\n        <a class=\"content-number mid-page-form-click-button\" id=\"second-button\" href=\"#elementor-action%3Aaction%3Dpopup%3Aopen%26settings%3DeyJpZCI6MTkxOSwidG9nZ2xlIjpmYWxzZX0%3D\">Contact Us!<\/a>\n    <\/div><\/span><\/p>\n<h2><b>Qu\u00e9 puede hacer la atenci\u00f3n quiropr\u00e1ctica por su lesi\u00f3n en el cuello<\/b><\/h2>\n<p><span style=\"font-weight: 400;\">En muchas situaciones, obtener atenci\u00f3n quiropr\u00e1ctica para lesiones en el cuello puede marcar la diferencia entre una vida sin dolor y molestias a largo plazo.<\/span><\/p>\n<p><span style=\"font-weight: 400;\">Nuestro trabajo como quiropr\u00e1cticos es:<\/span><\/p>\n<ul>\n<li><span style=\"font-weight: 400;\"> \u00a0 \u00a0 <\/span><span style=\"font-weight: 400;\">Identifique d\u00f3nde su sistema nervioso est\u00e1 experimentando irritaci\u00f3n<\/span><\/li>\n<li><span style=\"font-weight: 400;\"> \u00a0 \u00a0 <\/span><span style=\"font-weight: 400;\">Use masajes, ajustes y otras t\u00e9cnicas para mejorar la alineaci\u00f3n y la funci\u00f3n corporal.<\/span><\/li>\n<\/ul>\n<p><span style=\"font-weight: 400;\">Nuestro equipo de Lehigh Acres puede usar una variedad de m\u00e9todos para abordar su condici\u00f3n, que incluyen:<\/span><\/p>\n<ul>\n<li><span style=\"font-weight: 400;\"> \u00a0 \u00a0 <\/span><span style=\"font-weight: 400;\">Terapia de tejidos blandos<\/span><\/li>\n<li><span style=\"font-weight: 400;\"> \u00a0 \u00a0 <\/span><span style=\"font-weight: 400;\">ajuste conjunto<\/span><\/li>\n<li><span style=\"font-weight: 400;\"> \u00a0 \u00a0 <\/span><span style=\"font-weight: 400;\">Extensi\u00f3n<\/span><\/li>\n<li><span style=\"font-weight: 400;\"> \u00a0 \u00a0 <\/span><span style=\"font-weight: 400;\">Terapia f\u00edsica<\/span><\/li>\n<li><span style=\"font-weight: 400;\"> \u00a0 \u00a0 <\/span><span style=\"font-weight: 400;\">Rehabilitaci\u00f3n<\/span><\/li>\n<\/ul>\n<p><span style=\"font-weight: 400;\">Podemos tratar sus dolorosas lesiones en el cuello y ayudarlo a evitar la necesidad de una cirug\u00eda o medicamentos fuertes.<\/span><\/p>\n<h3><b>La atenci\u00f3n quiropr\u00e1ctica es clave para abordar la desalineaci\u00f3n de la columna<\/b><\/h3>\n<p><span style=\"font-weight: 400;\">Las lesiones traum\u00e1ticas, desde accidentes automovil\u00edsticos hasta resbalones y ca\u00eddas, pueden desalinear la columna. A su vez, la desalineaci\u00f3n de la columna puede causar una serie de s\u00edntomas dolorosos, desde dolor de cuello hasta dolores de cabeza y hormigueo en las extremidades.<\/span><\/p>\n<p><span style=\"font-weight: 400;\">Si enfrenta dolor de cuello u otros s\u00edntomas debido a una desalineaci\u00f3n de la columna, la atenci\u00f3n quiropr\u00e1ctica puede restaurar su funcionalidad normal, seg\u00fan <\/span><a href=\"https:\/\/www.healthline.com\/health\/spine-alignment\" target=\"_blank\" rel=\"noopener\"><i><span style=\"font-weight: 400;\">Healthline<\/span><\/i><\/a><span style=\"font-weight: 400;\">.<\/span><span style=\"font-weight: 400;\">\u00a0<\/span><\/p>\n<h3><b>El tratamiento quiropr\u00e1ctico aborda el latigazo cervical y otras lesiones de tejidos blandos<\/b><\/h3>\n<p><span style=\"font-weight: 400;\">Muchas personas descartan el latigazo cervical como una lesi\u00f3n menor. Sin embargo, los estudios muestran que el latigazo cervical puede tener muchas consecuencias dolorosas para las v\u00edctimas, no solo inmediatamente despu\u00e9s de lastimarse, sino durante a\u00f1os despu\u00e9s.<\/span><\/p>\n<p><span style=\"font-weight: 400;\">Seg\u00fan <\/span><a href=\"https:\/\/bmcpublichealth.biomedcentral.com\/articles\/10.1186\/s12889-015-2647-8\" target=\"_blank\" rel=\"noopener\"><i><span style=\"font-weight: 400;\">BMC Public Health<\/span><\/i><\/a><span style=\"font-weight: 400;\">, algunas v\u00edctimas de lesiones por latigazo cervical a\u00fan informan dolor cinco a\u00f1os despu\u00e9s de un accidente. Tambi\u00e9n reportaron una menor calidad de vida durante esos cinco a\u00f1os.<\/span><span style=\"font-weight: 400;\">\u00a0<\/span><\/p>\n<h2><b>Qu\u00e9 esperar cuando visita un quiropr\u00e1ctico de atenci\u00f3n especial<\/b><\/h2>\n<p><span style=\"font-weight: 400;\">En Special Care Chiropractic, sabemos que es importante sentirse c\u00f3modo en un nuevo entorno de oficina. Aprovechamos todas las oportunidades para responder a sus preguntas y guiarlo para recibir atenci\u00f3n.<\/span><\/p>\n<p><span style=\"font-weight: 400;\">Esto es lo que puede esperar durante su:<\/span><\/p>\n<h3><b>Visita inicial<\/b><\/h3>\n<p><span style=\"font-weight: 400;\">Cuando venga a nuestra oficina por primera vez, queremos que se sienta apoyado. Nos tomaremos el tiempo para comprender su historial m\u00e9dico, escuchar su historia y hacerle preguntas sobre sus s\u00edntomas. Realizaremos radiograf\u00edas y otras exploraciones de im\u00e1genes, si es necesario.<\/span><\/p>\n<p><img fetchpriority=\"high\" decoding=\"async\" class=\"alignnone wp-image-3393 size-full\" src=\"https:\/\/sc-chiro.com\/wp-content\/uploads\/2021\/11\/Lehigh-Acres-neck-injury-treatment.jpg\" alt=\"Male chiropractor performing neck adjustment, Lehigh Acres neck injury treatment\" width=\"500\" height=\"333\" srcset=\"https:\/\/sc-chiro.com\/wp-content\/uploads\/2021\/11\/Lehigh-Acres-neck-injury-treatment.jpg 500w, https:\/\/sc-chiro.com\/wp-content\/uploads\/2021\/11\/Lehigh-Acres-neck-injury-treatment-300x200.jpg 300w\" sizes=\"(max-width: 500px) 100vw, 500px\" \/><\/p>\n<h3><b>Primer tratamiento quiropr\u00e1ctico<\/b><\/h3>\n<p><span style=\"font-weight: 400;\">Cuando regrese para su segunda visita, revisaremos los resultados de sus pruebas. Si est\u00e1 listo para seguir adelante, comenzaremos con su primer tratamiento.<\/span><\/p>\n<h3><b>Tratamientos Adicionales<\/b><\/h3>\n<p><span style=\"font-weight: 400;\">Para cuando est\u00e9 listo para un tercer o cuarto tratamiento, discutiremos nuestras recomendaciones para su plan completo de tratamiento de atenci\u00f3n correctiva. En esta etapa, analizamos su per\u00edodo de recuperaci\u00f3n estimado, los costos estimados y las opciones de pago.<\/span><\/p>\n<h2><b>Pagar por la atenci\u00f3n quiropr\u00e1ctica en Florida<\/b><\/h2>\n<p><span style=\"font-weight: 400;\">Es posible que le preocupe el costo de los tratamientos quiropr\u00e1cticos, pero tiene muchas <\/span><a href=\"https:\/\/sc-chiro.com\/es\/opciones-de-pago\/\"><span style=\"font-weight: 400;\">opciones de pago<\/span><\/a><span style=\"font-weight: 400;\"> disponibles.<\/span><span style=\"font-weight: 400;\">\u00a0<\/span><\/p>\n<p><span style=\"font-weight: 400;\">Esto es lo que debe saber sobre el pago de la atenci\u00f3n quiropr\u00e1ctica en Florida:<\/span><\/p>\n<h3><b>Aceptamos seguro<\/b><\/h3>\n<p><span style=\"font-weight: 400;\">Si no est\u00e1 seguro de lo que cubre su p\u00f3liza, con gusto verificaremos su cobertura. Trabajamos con muchos pacientes y p\u00f3lizas de seguro diferentes, que incluyen:<\/span><\/p>\n<ul>\n<li><span style=\"font-weight: 400;\"> \u00a0 \u00a0 <\/span><span style=\"font-weight: 400;\">Seguro de compensaci\u00f3n de trabajadores<\/span><\/li>\n<li><span style=\"font-weight: 400;\"> \u00a0 \u00a0 <\/span><span style=\"font-weight: 400;\">Seguro de accidentes automovil\u00edsticos<\/span><\/li>\n<li><span style=\"font-weight: 400;\"> \u00a0 \u00a0 <\/span><span style=\"font-weight: 400;\">Planes de seguro m\u00e9dico, incluido Medicare<\/span><\/li>\n<\/ul>\n<p><span style=\"font-weight: 400;\">Si no est\u00e1 seguro de lo que cubre su p\u00f3liza, con gusto verificaremos su cobertura. Tenga en cuenta que incluso si su cobertura de seguro no paga el tratamiento de lesiones en el cuello, a\u00fan tiene opciones para recibir atenci\u00f3n. Ofrecemos planes de pago flexibles para quienes pagan el tratamiento de su bolsillo en Lehigh Acres.<\/span><\/p>\n<p><span style=\"font-weight: 400;\">Muchos pacientes se sorprenden al descubrir que la atenci\u00f3n quiropr\u00e1ctica est\u00e1 dentro de su presupuesto, incluso si est\u00e1n pagando con sus propios ahorros.<\/span><\/p>\n<h3><b>Su seguro de autom\u00f3vil puede pagar su tratamiento m\u00e9dico necesario<\/b><\/h3>\n<p><span style=\"font-weight: 400;\">Seg\u00fan el <\/span><a href=\"https:\/\/www.flhsmv.gov\/insurance\/\" target=\"_blank\" rel=\"noopener\"><span style=\"font-weight: 400;\">Departamento de Seguridad en las Carreteras de Florida<\/span><\/a><span style=\"font-weight: 400;\">, como automovilista, debe tener cobertura de protecci\u00f3n contra lesiones personales (PIP). Esto paga sus facturas m\u00e9dicas y una parte de sus ingresos perdidos.<\/span><span style=\"font-weight: 400;\">\u00a0<\/span><\/p>\n<p><span style=\"font-weight: 400;\">A trav\u00e9s de su p\u00f3liza de seguro de autom\u00f3vil, puede pagar la atenci\u00f3n quiropr\u00e1ctica. Puede buscar fondos adicionales presentando un reclamo con la aseguradora de la otra parte o presentando una demanda.<\/span><\/p>\n<p><span data-sheets-value=\"{&quot;1&quot;:2,&quot;2&quot;:&quot;&lt;div class=&quot;buttons&quot;&gt;\n        &lt;a class=&quot;content-number mid-page-call-click-button&quot; href=&quot;tel:2393699109&quot;&gt;Call us Now - 239-369-9109&lt;\/a&gt;\n        &lt;a class=&quot;content-number mid-page-form-click-button&quot; id=&quot;second-button&quot; href=&quot;#elementor-action%3Aaction%3Dpopup%3Aopen%26settings%3DeyJpZCI6MTkxOSwidG9nZ2xlIjpmYWxzZX0%3D&quot;&gt;Contact Us!&lt;\/a&gt;\n    &lt;\/div&gt;&quot;}\" data-sheets-userformat=\"{&quot;2&quot;:513,&quot;3&quot;:{&quot;1&quot;:0},&quot;12&quot;:0}\"><div class=\"buttons\">\n        <a class=\"content-number mid-page-call-click-button\" href=\"tel:2393699109\">Call us Now - 239-369-9109<\/a>\n        <a class=\"content-number mid-page-form-click-button\" id=\"second-button\" href=\"#elementor-action%3Aaction%3Dpopup%3Aopen%26settings%3DeyJpZCI6MTkxOSwidG9nZ2xlIjpmYWxzZX0%3D\">Contact Us!<\/a>\n    <\/div><\/span><\/p>\n<h2><b>Testimonios de nuestros pacientes anteriores<\/b><\/h2>\n<p><span style=\"font-weight: 400;\">Esto es lo que <\/span><a href=\"https:\/\/sc-chiro.com\/es\/testimonios\/\"><span style=\"font-weight: 400;\">los pacientes anteriores<\/span><\/a><span style=\"font-weight: 400;\"> tienen que decir sobre su tratamiento en Specific Care Chiropractic:<\/span><span style=\"font-weight: 400;\">\u00a0<\/span><\/p>\n<blockquote><p><span style=\"font-weight: 400;\">\u201cHay muchos quiropr\u00e1cticos en este pa\u00eds que solo realizan un servicio para ajustar los huesos. \u00a1En Specific Care, su equipo hace un esfuerzo adicional al personalizar su experiencia donde se siente parte de su familia! Su personal siempre se asegurar\u00e1 de verificar sus citas. Te recibir\u00e1n en la puerta principal y entender\u00e1n tu historia completa. Siempre est\u00e1n revisando para asegurarse de que est\u00e1s mejorando cada d\u00eda y tienen un seguimiento sincero en todo lo que hacen\u2026\u201d \u2014Larry S.<\/span><\/p>\n<p><span style=\"font-weight: 400;\">&#8220;\u00a1Amo este lugar! El Dr. Rivera es maravilloso y tambi\u00e9n lo son todos en la oficina. Ten\u00eda mucho dolor en la parte baja de la espalda cuando entr\u00e9. En un per\u00edodo muy corto de tiempo me sent\u00eda bien y volv\u00eda a la normalidad. Definitivamente regresar\u00e9 si y cuando comience a tener dolor. \u00a1Son grandiosos!&#8221; \u2013B\u00e1rbara M.<\/span><\/p><\/blockquote>\n<h2><b>Llame para obtener m\u00e1s informaci\u00f3n sobre nuestro tratamiento de lesiones de cuello en Lehigh Acres<\/b><\/h2>\n<p><a href=\"https:\/\/sc-chiro.com\/es\/\"><span style=\"font-weight: 400;\">Specific Care Chiropractic<\/span><\/a><span style=\"font-weight: 400;\"> est\u00e1 listo para tratar su lesi\u00f3n de cuello en el condado de Lee. Ya sea que se lastim\u00f3 el cuello en el Parque Recreativo Lazy Springs, o si se lastim\u00f3 en un accidente de motocicleta en FL-82, podemos ayudarlo.<\/span><\/p>\n<p><span style=\"font-weight: 400;\">Llame a nuestra <\/span><a href=\"https:\/\/sc-chiro.com\/es\/lehigh-acres\/\"><span style=\"font-weight: 400;\">oficina en Lehigh Acres<\/span><\/a><span style=\"font-weight: 400;\"> hoy para obtener m\u00e1s informaci\u00f3n sobre nuestros tratamientos y programar una cita inicial. Marque <a href=\"tel:239-369-9109\">239-369-9109<\/a> para comenzar.<\/span><span style=\"font-weight: 400;\">\u00a0<\/span><\/p>\n","protected":false},"excerpt":{"rendered":"<p>Su cuello es una parte integral de su cuerpo. Sus m\u00fasculos, tendones, nervios y discos vertebrales soportan el peso de la cabeza y sostienen la parte superior de la columna. Con eso, una lesi\u00f3n en el cuello puede causar un dolor grave y afectar sus actividades diarias. Ya sea que se est\u00e9 recuperando de un [&hellip;]<\/p>\n","protected":false},"author":36,"featured_media":0,"parent":3926,"menu_order":0,"comment_status":"closed","ping_status":"closed","template":"","meta":{"_acf_changed":false,"footnotes":""},"categories":[74],"tags":[65],"class_list":["post-4098","page","type-page","status-publish","hentry","category-lehigh-acres-ubicacion","tag-lesion-en-el-cuello"],"acf":[],"_links":{"self":[{"href":"https:\/\/sc-chiro.com\/es\/wp-json\/wp\/v2\/pages\/4098","targetHints":{"allow":["GET"]}}],"collection":[{"href":"https:\/\/sc-chiro.com\/es\/wp-json\/wp\/v2\/pages"}],"about":[{"href":"https:\/\/sc-chiro.com\/es\/wp-json\/wp\/v2\/types\/page"}],"author":[{"embeddable":true,"href":"https:\/\/sc-chiro.com\/es\/wp-json\/wp\/v2\/users\/36"}],"replies":[{"embeddable":true,"href":"https:\/\/sc-chiro.com\/es\/wp-json\/wp\/v2\/comments?post=4098"}],"version-history":[{"count":0,"href":"https:\/\/sc-chiro.com\/es\/wp-json\/wp\/v2\/pages\/4098\/revisions"}],"up":[{"embeddable":true,"href":"https:\/\/sc-chiro.com\/es\/wp-json\/wp\/v2\/pages\/3926"}],"wp:attachment":[{"href":"https:\/\/sc-chiro.com\/es\/wp-json\/wp\/v2\/media?parent=4098"}],"wp:term":[{"taxonomy":"category","embeddable":true,"href":"https:\/\/sc-chiro.com\/es\/wp-json\/wp\/v2\/categories?post=4098"},{"taxonomy":"post_tag","embeddable":true,"href":"https:\/\/sc-chiro.com\/es\/wp-json\/wp\/v2\/tags?post=4098"}],"curies":[{"name":"wp","href":"https:\/\/api.w.org\/{rel}","templated":true}]}}