{"id":4092,"date":"2021-11-15T20:50:31","date_gmt":"2021-11-15T20:50:31","guid":{"rendered":"https:\/\/qod-scchiro.local\/lehigh-acres\/whiplash-treatment\/"},"modified":"2023-11-29T12:40:39","modified_gmt":"2023-11-29T12:40:39","slug":"tratamiento-de-latigazo-cervical","status":"publish","type":"page","link":"https:\/\/sc-chiro.com\/es\/lehigh-acres\/tratamiento-de-latigazo-cervical\/","title":{"rendered":"Tratamiento de latigazo cervical en Lehigh Acres"},"content":{"rendered":"<p><span style=\"font-weight: 400;\">Nuestros pacientes de Lehigh Acres con lesiones por latigazo cervical a menudo se quejan de tener dolor de cuello cr\u00f3nico, dolores de cabeza y rigidez en el cuello y los hombros, entre otros s\u00edntomas negativos. Sin embargo, es crucial tratar esta lesi\u00f3n lo antes posible para evitar causar un da\u00f1o permanente. No permita que una lesi\u00f3n \u201cmolesta\u201d le impida realizar sus tareas habituales.<\/span><\/p>\n<p><span style=\"font-weight: 400;\">Si usted o un ser querido vive actualmente con una lesi\u00f3n por latigazo cervical, considere recibir tratamiento contra el latigazo cervical en Lehigh Acres en Specific Care Chiropractic. Ofrecemos atenci\u00f3n quiropr\u00e1ctica y fisioterapia para tratar el \u00e1rea cervical (\u00e1rea del cuello), lo que permite que las v\u00edctimas de latigazo cervical recuperen la flexibilidad y la movilidad en el cuello.<\/span><\/p>\n<p><span style=\"font-weight: 400;\">\t\t<div data-elementor-type=\"section\" data-elementor-id=\"3935\" class=\"elementor elementor-3935\" data-elementor-post-type=\"elementor_library\">\n\t\t\t\t\t<section class=\"elementor-section elementor-top-section elementor-element elementor-element-bef2904 elementor-section-boxed elementor-section-height-default elementor-section-height-default\" data-id=\"bef2904\" data-element_type=\"section\" data-e-type=\"section\">\n\t\t\t\t\t\t<div class=\"elementor-container elementor-column-gap-default\">\n\t\t\t\t\t<div class=\"elementor-column elementor-col-100 elementor-top-column elementor-element elementor-element-57dcad5 section-toc\" data-id=\"57dcad5\" data-element_type=\"column\" data-e-type=\"column\">\n\t\t\t<div class=\"elementor-widget-wrap elementor-element-populated\">\n\t\t\t\t\t\t<div class=\"elementor-element elementor-element-0c49dfc elementor-toc--minimized-on-tablet elementor-widget elementor-widget-table-of-contents\" data-id=\"0c49dfc\" data-element_type=\"widget\" data-e-type=\"widget\" data-settings=\"{&quot;exclude_headings_by_selector&quot;:&quot;.toc-remove&quot;,&quot;headings_by_tags&quot;:[&quot;h2&quot;,&quot;h3&quot;,&quot;h4&quot;,&quot;h5&quot;,&quot;h6&quot;],&quot;marker_view&quot;:&quot;numbers&quot;,&quot;no_headings_message&quot;:&quot;No se ha encontrado ning\\u00fan encabezado en esta p\\u00e1gina.&quot;,&quot;minimize_box&quot;:&quot;yes&quot;,&quot;minimized_on&quot;:&quot;tablet&quot;,&quot;hierarchical_view&quot;:&quot;yes&quot;,&quot;min_height&quot;:{&quot;unit&quot;:&quot;px&quot;,&quot;size&quot;:&quot;&quot;,&quot;sizes&quot;:[]},&quot;min_height_tablet&quot;:{&quot;unit&quot;:&quot;px&quot;,&quot;size&quot;:&quot;&quot;,&quot;sizes&quot;:[]},&quot;min_height_mobile&quot;:{&quot;unit&quot;:&quot;px&quot;,&quot;size&quot;:&quot;&quot;,&quot;sizes&quot;:[]}}\" data-widget_type=\"table-of-contents.default\">\n\t\t\t\t<div class=\"elementor-widget-container\">\n\t\t\t\t\t\t\t\t\t<div class=\"elementor-toc__header\">\n\t\t\t\t\t\t<h4 class=\"elementor-toc__header-title\">\n\t\t\t\tTabla de Contenidos\t\t\t<\/h4>\n\t\t\t\t\t\t\t\t\t\t<div class=\"elementor-toc__toggle-button elementor-toc__toggle-button--expand\" role=\"button\" tabindex=\"0\" aria-controls=\"elementor-toc__0c49dfc\" aria-expanded=\"true\" aria-label=\"Abrir la tabla de contenidos\"><i aria-hidden=\"true\" class=\"fas fa-chevron-down\"><\/i><\/div>\n\t\t\t\t<div class=\"elementor-toc__toggle-button elementor-toc__toggle-button--collapse\" role=\"button\" tabindex=\"0\" aria-controls=\"elementor-toc__0c49dfc\" aria-expanded=\"true\" aria-label=\"Cerrar la tabla de contenidos\"><i aria-hidden=\"true\" class=\"fas fa-chevron-up\"><\/i><\/div>\n\t\t\t\t\t<\/div>\n\t\t\t\t<div id=\"elementor-toc__0c49dfc\" class=\"elementor-toc__body\">\n\t\t\t<div class=\"elementor-toc__spinner-container\">\n\t\t\t\t<i class=\"elementor-toc__spinner eicon-animation-spin eicon-loading\" aria-hidden=\"true\"><\/i>\t\t\t<\/div>\n\t\t<\/div>\n\t\t\t\t\t\t<\/div>\n\t\t\t\t<\/div>\n\t\t\t\t\t<\/div>\n\t\t<\/div>\n\t\t\t\t\t<\/div>\n\t\t<\/section>\n\t\t\t\t<\/div>\n\t\t<\/span><\/p>\n<h2><b>El latigazo ocurre cuando la cabeza de la v\u00edctima se sacude violentamente de un lado a otro<\/b><\/h2>\n<p><a href=\"https:\/\/www.hopkinsmedicine.org\/health\/conditions-and-diseases\/whiplash-injury\" target=\"_blank\" rel=\"noopener\"><span style=\"font-weight: 400;\">El latigazo cervical<\/span><\/a><span style=\"font-weight: 400;\"> es una lesi\u00f3n com\u00fan que resulta de:<\/span><\/p>\n<ul>\n<li><span style=\"font-weight: 400;\"> \u00a0 \u00a0 <\/span><span style=\"font-weight: 400;\">Accidentes automovil\u00edsticos, particularmente accidentes traseros<\/span><\/li>\n<li><span style=\"font-weight: 400;\"> \u00a0 \u00a0 <\/span><span style=\"font-weight: 400;\">Accidentes relacionados con el trabajo, particularmente para aquellos que trabajan en industrias laborales como la construcci\u00f3n.<\/span><\/li>\n<li><span style=\"font-weight: 400;\"> \u00a0 \u00a0 <\/span><span style=\"font-weight: 400;\">Agresi\u00f3n f\u00edsica, como ser golpeado en la cabeza con un pu\u00f1o u objeto<\/span><\/li>\n<li><span style=\"font-weight: 400;\"> \u00a0 \u00a0 <\/span><span style=\"font-weight: 400;\">Servicio militar, ya sea durante el campo de entrenamiento o combate<\/span><\/li>\n<li><span style=\"font-weight: 400;\"> \u00a0 \u00a0 <\/span><span style=\"font-weight: 400;\">Equitaci\u00f3n<\/span><\/li>\n<\/ul>\n<p><span style=\"font-weight: 400;\">Lo que generalmente ocurre es que la cabeza de la v\u00edctima experimenta un trauma repentino que sacude la cabeza hacia adelante y hacia atr\u00e1s en un movimiento de latigazo. Este tir\u00f3n violento puede causar un estr\u00e9s severo en la columna cervical y los m\u00fasculos, aunque es posible que los pacientes no noten los s\u00edntomas hasta d\u00edas o semanas despu\u00e9s de que ocurri\u00f3 el accidente.<\/span><\/p>\n<p><span style=\"font-weight: 400;\">Si tuvo un accidente que le provoc\u00f3 un latigazo en la cabeza, debe buscar atenci\u00f3n m\u00e9dica lo antes posible para confirmar si tiene una lesi\u00f3n por latigazo. Si es as\u00ed, nuestro centro puede proporcionar tratamiento para disminuir sus s\u00edntomas para que pueda volver a sus actividades regulares.<\/span><\/p>\n<p><span data-sheets-value=\"{&quot;1&quot;:2,&quot;2&quot;:&quot;&lt;div class=&quot;buttons&quot;&gt;\n        &lt;a class=&quot;content-number mid-page-call-click-button&quot; href=&quot;tel:2393699109&quot;&gt;Call us Now - 239-369-9109&lt;\/a&gt;\n        &lt;a class=&quot;content-number mid-page-form-click-button&quot; id=&quot;second-button&quot; href=&quot;#elementor-action%3Aaction%3Dpopup%3Aopen%26settings%3DeyJpZCI6MTkxOSwidG9nZ2xlIjpmYWxzZX0%3D&quot;&gt;Contact Us!&lt;\/a&gt;\n    &lt;\/div&gt;&quot;}\" data-sheets-userformat=\"{&quot;2&quot;:513,&quot;3&quot;:{&quot;1&quot;:0},&quot;12&quot;:0}\"><div class=\"buttons\">\n        <a class=\"content-number mid-page-call-click-button\" href=\"tel:2393699109\">Call us Now - 239-369-9109<\/a>\n        <a class=\"content-number mid-page-form-click-button\" id=\"second-button\" href=\"#elementor-action%3Aaction%3Dpopup%3Aopen%26settings%3DeyJpZCI6MTkxOSwidG9nZ2xlIjpmYWxzZX0%3D\">Contact Us!<\/a>\n    <\/div><\/span><\/p>\n<h2><b>\u00bfCu\u00e1les son los efectos a largo plazo del latigazo cervical?<\/b><\/h2>\n<p><span style=\"font-weight: 400;\">El latigazo cervical puede causar da\u00f1os permanentes en el cuerpo si no se trata. <\/span><a href=\"https:\/\/bmcpublichealth.biomedcentral.com\/articles\/10.1186\/s12889-015-2647-8\" target=\"_blank\" rel=\"noopener\"><i><span style=\"font-weight: 400;\">BMC Public Health<\/span><\/i><\/a><span style=\"font-weight: 400;\"> public\u00f3 un informe que encontr\u00f3 que las personas que sufrieron lesiones por latigazo cervical en accidentes automovil\u00edsticos informaron tener una &#8220;calidad de vida m\u00e1s pobre&#8221; hasta cinco a\u00f1os despu\u00e9s de que ocurrieron sus accidentes. En comparaci\u00f3n con las personas con otros tipos de lesiones menores, el informe concluy\u00f3 que las v\u00edctimas de latigazo cervical sufrieron m\u00e1s efectos a largo plazo que otros participantes del estudio.<\/span><span style=\"font-weight: 400;\">\u00a0<\/span><\/p>\n<p><span style=\"font-weight: 400;\">A\u00fan as\u00ed, \u00bfcu\u00e1les son algunos de estos efectos a largo plazo? Si no se trata, las v\u00edctimas del latigazo cervical pueden causar:<\/span><\/p>\n<ul>\n<li><span style=\"font-weight: 400;\"> \u00a0 \u00a0 <\/span><span style=\"font-weight: 400;\">Da\u00f1o permanente a los nervios en el \u00e1rea cervical<\/span><\/li>\n<li><span style=\"font-weight: 400;\"> \u00a0 \u00a0 <\/span><span style=\"font-weight: 400;\">Dolor de cuello cr\u00f3nico, que puede provocar dolores de cabeza cr\u00f3nicos y migra\u00f1as.<\/span><\/li>\n<li><span style=\"font-weight: 400;\"> \u00a0 \u00a0 <\/span><span style=\"font-weight: 400;\">Otras formas de dolor cr\u00f3nico que se originan en el cuello, como el dolor cr\u00f3nico en el hombro<\/span><\/li>\n<li><span style=\"font-weight: 400;\"> \u00a0 \u00a0 <\/span><span style=\"font-weight: 400;\">P\u00e9rdida de movilidad en el \u00e1rea cervical, lo que puede dificultar que las personas muevan el cuello de lado a lado o incluso impedir que levanten objetos al agacharse.<\/span><\/li>\n<\/ul>\n<h2><b>Nuestro centro ofrece varios servicios de tratamiento para reducir el dolor causado por el latigazo cervical<\/b><\/h2>\n<p><span style=\"font-weight: 400;\">Nuestro centro crea planes de tratamiento para cada paciente en funci\u00f3n de los s\u00edntomas de su lesi\u00f3n, pero generalmente utilizamos una combinaci\u00f3n de atenci\u00f3n quiropr\u00e1ctica y fisioterapia para tratar a nuestros pacientes.<\/span><\/p>\n<p><span style=\"font-weight: 400;\">Para su primera cita, nuestro personal puede solicitar exploraciones de im\u00e1genes de rayos X de su lesi\u00f3n para confirmar la gravedad de su lesi\u00f3n y si podr\u00eda haber otros problemas subyacentes. Tambi\u00e9n podemos consultar sus registros m\u00e9dicos para ver si otras comorbilidades (condiciones de salud que ten\u00eda antes de su lesi\u00f3n) o factores de estilo de vida contribuyen a su dolor, inflamaci\u00f3n y otros s\u00edntomas.<\/span><\/p>\n<h2><b>Ajustes quiropr\u00e1cticos que ofrecemos<\/b><\/h2>\n<p><span style=\"font-weight: 400;\">En Specific Care Chiropractic, aplicamos ciertas t\u00e9cnicas para reducir el dolor causado por su lesi\u00f3n, y estas t\u00e9cnicas pueden variar seg\u00fan la lesi\u00f3n que tenga. Para las personas que sufren de dolor de latigazo cervical, podemos usar las siguientes t\u00e9cnicas de ajuste quiropr\u00e1ctico para aliviar sus s\u00edntomas:<\/span><\/p>\n<h3><b>Sentado Diversificado<\/b><\/h3>\n<p><span style=\"font-weight: 400;\">Los ajustes diversificados son un procedimiento est\u00e1ndar en la atenci\u00f3n quiropr\u00e1ctica, pero los ajustes diversificados sentados se enfocan en el \u00e1rea cervical de la m\u00e9dula espinal, que afecta el cuello.<\/span><\/p>\n<p><img fetchpriority=\"high\" decoding=\"async\" class=\"alignnone wp-image-3390 size-full\" src=\"https:\/\/sc-chiro.com\/wp-content\/uploads\/2021\/11\/Lehigh-Acres-whiplash-treatment.jpg\" alt=\"Chiropractor adjusting woman's neck, Lehigh Acres whiplash injury treatment\" width=\"500\" height=\"333\" srcset=\"https:\/\/sc-chiro.com\/wp-content\/uploads\/2021\/11\/Lehigh-Acres-whiplash-treatment.jpg 500w, https:\/\/sc-chiro.com\/wp-content\/uploads\/2021\/11\/Lehigh-Acres-whiplash-treatment-300x200.jpg 300w\" sizes=\"(max-width: 500px) 100vw, 500px\" \/><\/p>\n<h3><b>Rodilla-Pecho<\/b><\/h3>\n<p><span style=\"font-weight: 400;\">Esta t\u00e9cnica tambi\u00e9n se enfoca en el \u00e1rea cervical. Los pacientes acuestan la cabeza y el pecho sobre la mesa de ajuste. Los quiropr\u00e1cticos realizan manipulaciones peque\u00f1as pero contundentes para realinear las v\u00e9rtebras en la columna cervical.<\/span><\/p>\n<h3><b>T\u00e9cnica de mesa abatible de Thompson<\/b><\/h3>\n<p><span style=\"font-weight: 400;\">Esta es una t\u00e9cnica de ajuste quiropr\u00e1ctico de cuerpo completo, que puede ser efectiva si su lesi\u00f3n por latigazo cervical caus\u00f3 que el dolor se extendiera m\u00e1s all\u00e1 del sitio de la lesi\u00f3n.<\/span><\/p>\n<p><span style=\"font-weight: 400;\">Nuestros quiropr\u00e1cticos tambi\u00e9n est\u00e1n capacitados en estas t\u00e9cnicas de ajuste:<\/span><\/p>\n<ul>\n<li><span style=\"font-weight: 400;\"> \u00a0 \u00a0 <\/span><span style=\"font-weight: 400;\">Diversificado<\/span><\/li>\n<li><span style=\"font-weight: 400;\"> \u00a0 \u00a0 <\/span><span style=\"font-weight: 400;\">T\u00e9cnica Sacro-Occipital (SOT)<\/span><\/li>\n<li><span style=\"font-weight: 400;\"> \u00a0 \u00a0 <\/span><span style=\"font-weight: 400;\">Alternar retroceso<\/span><\/li>\n<li><span style=\"font-weight: 400;\"> \u00a0 \u00a0 <\/span><span style=\"font-weight: 400;\">postura lateral<\/span><\/li>\n<li><span style=\"font-weight: 400;\"> \u00a0 \u00a0 <\/span><span style=\"font-weight: 400;\">Manipulaci\u00f3n manual de extremidades<\/span><\/li>\n<li><span style=\"font-weight: 400;\"> \u00a0 \u00a0 <\/span><span style=\"font-weight: 400;\">Activador<\/span><\/li>\n<\/ul>\n<p><span style=\"font-weight: 400;\">Puede obtener m\u00e1s informaci\u00f3n sobre estas t\u00e9cnicas en nuestro sitio web en la secci\u00f3n Servicios.<\/span><\/p>\n<h2><b>Fisioterapia que Ofrecemos<\/b><\/h2>\n<p><span style=\"font-weight: 400;\">La fisioterapia, o fisioterapia, ayuda a los pacientes a desarrollar gradualmente fuerza y \u200b\u200bflexibilidad en los m\u00fasculos, las articulaciones y los huesos, entre otras partes del sistema musculoesquel\u00e9tico. Nuestros m\u00e9dicos entrenan a los pacientes para que realicen ejercicios seguros que pueden estimular la reparaci\u00f3n y el crecimiento de los tejidos simult\u00e1neamente, asegurando una recuperaci\u00f3n completa al final de su tratamiento.<\/span><\/p>\n<p><span style=\"font-weight: 400;\">Ofrecemos los siguientes tratamientos de fisioterapia:<\/span><\/p>\n<ul>\n<li><span style=\"font-weight: 400;\"> \u00a0 \u00a0 <\/span><span style=\"font-weight: 400;\">cuidado correctivo<\/span><\/li>\n<li><span style=\"font-weight: 400;\"> \u00a0 \u00a0 <\/span><span style=\"font-weight: 400;\">Terapia de ejercicios de estiramiento y fortalecimiento<\/span><\/li>\n<li><span style=\"font-weight: 400;\"> \u00a0 \u00a0 <\/span><span style=\"font-weight: 400;\">terapia de rehabilitaci\u00f3n<\/span><\/li>\n<li><span style=\"font-weight: 400;\"> \u00a0 \u00a0 <\/span><span style=\"font-weight: 400;\">Terapia de electroestimulaci\u00f3n muscular (E-STIM)<\/span><\/li>\n<li><span style=\"font-weight: 400;\"> \u00a0 \u00a0 <\/span><span style=\"font-weight: 400;\">terapia de ultrasonido<\/span><\/li>\n<li><span style=\"font-weight: 400;\"> \u00a0 \u00a0 <\/span><span style=\"font-weight: 400;\">Terapia de Masajes<\/span><\/li>\n<\/ul>\n<p><span style=\"font-weight: 400;\">Puedes conocer m\u00e1s sobre estas terapias en nuestra web en el apartado \u201cServicios\u201d.<\/span><\/p>\n<h2><b>Podemos proporcionar informaci\u00f3n a su abogado si est\u00e1 construyendo un caso de lesiones<\/b><\/h2>\n<p><span style=\"font-weight: 400;\">Muchos de nuestros pacientes con lesiones por latigazo cervical nos han informado sobre sus casos de lesiones personales, y nuestro centro trabaja arduamente para cooperar con sus esfuerzos legales para responsabilizar a las partes responsables por su negligencia. Si usted o un ser querido sufrieron una lesi\u00f3n por latigazo cervical en un accidente, es posible que est\u00e9 calificado para buscar una compensaci\u00f3n de una parte responsable involucrada en su caso.<\/span><\/p>\n<p><span style=\"font-weight: 400;\">Puede trabajar con un abogado de lesiones personales para construir su caso. Como su equipo de atenci\u00f3n m\u00e9dica, podemos brindarle informaci\u00f3n sobre su lesi\u00f3n y tratamiento para respaldar sus reclamos. Esta informaci\u00f3n incluye:<\/span><\/p>\n<ul>\n<li><span style=\"font-weight: 400;\"> \u00a0 \u00a0 <\/span><span style=\"font-weight: 400;\">Registros m\u00e9dicos que detallan la gravedad de su lesi\u00f3n y las necesidades de tratamiento.<\/span><\/li>\n<li><span style=\"font-weight: 400;\"> \u00a0 \u00a0 <\/span><span style=\"font-weight: 400;\">Im\u00e1genes de rayos X y otras exploraciones de im\u00e1genes que tomamos de su lesi\u00f3n<\/span><\/li>\n<li><span style=\"font-weight: 400;\"> \u00a0 \u00a0 <\/span><span style=\"font-weight: 400;\">Facturas m\u00e9dicas que le enviamos a usted y\/o a su proveedor de seguros sobre el costo de su tratamiento<\/span><\/li>\n<li><span style=\"font-weight: 400;\"> \u00a0 \u00a0 <\/span><span style=\"font-weight: 400;\">Testimonio m\u00e9dico pericial<\/span><\/li>\n<\/ul>\n<p><span style=\"font-weight: 400;\">Si necesita otra informaci\u00f3n de nuestras instalaciones, podemos trabajar con su abogado para brindarle esa informaci\u00f3n para su caso despu\u00e9s de que complete un formulario de autorizaci\u00f3n m\u00e9dica.<\/span><\/p>\n<p><span data-sheets-value=\"{&quot;1&quot;:2,&quot;2&quot;:&quot;&lt;div class=&quot;buttons&quot;&gt;\n        &lt;a class=&quot;content-number mid-page-call-click-button&quot; href=&quot;tel:2393699109&quot;&gt;Call us Now - 239-369-9109&lt;\/a&gt;\n        &lt;a class=&quot;content-number mid-page-form-click-button&quot; id=&quot;second-button&quot; href=&quot;#elementor-action%3Aaction%3Dpopup%3Aopen%26settings%3DeyJpZCI6MTkxOSwidG9nZ2xlIjpmYWxzZX0%3D&quot;&gt;Contact Us!&lt;\/a&gt;\n    &lt;\/div&gt;&quot;}\" data-sheets-userformat=\"{&quot;2&quot;:513,&quot;3&quot;:{&quot;1&quot;:0},&quot;12&quot;:0}\"><div class=\"buttons\">\n        <a class=\"content-number mid-page-call-click-button\" href=\"tel:2393699109\">Call us Now - 239-369-9109<\/a>\n        <a class=\"content-number mid-page-form-click-button\" id=\"second-button\" href=\"#elementor-action%3Aaction%3Dpopup%3Aopen%26settings%3DeyJpZCI6MTkxOSwidG9nZ2xlIjpmYWxzZX0%3D\">Contact Us!<\/a>\n    <\/div><\/span><\/p>\n<h2><b>Obtenga tratamiento de latigazo cervical en Lehigh Acres en Specific Care Chiropractic<\/b><\/h2>\n<p><span style=\"font-weight: 400;\">Si sufri\u00f3 una lesi\u00f3n por latigazo cervical en un accidente, nuestros m\u00e9dicos de <\/span><a href=\"https:\/\/sc-chiro.com\/es\/\"><span style=\"font-weight: 400;\">Specific Care Chiropractic<\/span><\/a><span style=\"font-weight: 400;\"> pueden examinar la gravedad de la lesi\u00f3n y elaborar un plan de tratamiento para controlar sus s\u00edntomas de dolor. Ofrecemos varias terapias para abordar el dolor cr\u00f3nico, la inflamaci\u00f3n y otros s\u00edntomas negativos de los pacientes para que puedan sanar y regresar a sus actividades habituales.<\/span><span style=\"font-weight: 400;\">\u00a0<\/span><\/p>\n<p><span style=\"font-weight: 400;\">Llame al <a href=\"tel:239-369-9109\">239-369-9109<\/a> hoy para programar una cita en nuestra <\/span><a href=\"https:\/\/sc-chiro.com\/es\/lehigh-acres\/\"><span style=\"font-weight: 400;\">oficina de Lehigh Acres<\/span><\/a><span style=\"font-weight: 400;\"> ubicada en Lee Boulevard, justo al este de Sunshine Boulevard, cerca de Walmart Supercenter.<\/span><span style=\"font-weight: 400;\">\u00a0<\/span><\/p>\n","protected":false},"excerpt":{"rendered":"<p>Nuestros pacientes de Lehigh Acres con lesiones por latigazo cervical a menudo se quejan de tener dolor de cuello cr\u00f3nico, dolores de cabeza y rigidez en el cuello y los hombros, entre otros s\u00edntomas negativos. Sin embargo, es crucial tratar esta lesi\u00f3n lo antes posible para evitar causar un da\u00f1o permanente. No permita que una [&hellip;]<\/p>\n","protected":false},"author":36,"featured_media":0,"parent":3926,"menu_order":0,"comment_status":"closed","ping_status":"closed","template":"","meta":{"_acf_changed":false,"footnotes":""},"categories":[74],"tags":[83],"class_list":["post-4092","page","type-page","status-publish","hentry","category-lehigh-acres-ubicacion","tag-whiplash-es"],"acf":[],"_links":{"self":[{"href":"https:\/\/sc-chiro.com\/es\/wp-json\/wp\/v2\/pages\/4092","targetHints":{"allow":["GET"]}}],"collection":[{"href":"https:\/\/sc-chiro.com\/es\/wp-json\/wp\/v2\/pages"}],"about":[{"href":"https:\/\/sc-chiro.com\/es\/wp-json\/wp\/v2\/types\/page"}],"author":[{"embeddable":true,"href":"https:\/\/sc-chiro.com\/es\/wp-json\/wp\/v2\/users\/36"}],"replies":[{"embeddable":true,"href":"https:\/\/sc-chiro.com\/es\/wp-json\/wp\/v2\/comments?post=4092"}],"version-history":[{"count":0,"href":"https:\/\/sc-chiro.com\/es\/wp-json\/wp\/v2\/pages\/4092\/revisions"}],"up":[{"embeddable":true,"href":"https:\/\/sc-chiro.com\/es\/wp-json\/wp\/v2\/pages\/3926"}],"wp:attachment":[{"href":"https:\/\/sc-chiro.com\/es\/wp-json\/wp\/v2\/media?parent=4092"}],"wp:term":[{"taxonomy":"category","embeddable":true,"href":"https:\/\/sc-chiro.com\/es\/wp-json\/wp\/v2\/categories?post=4092"},{"taxonomy":"post_tag","embeddable":true,"href":"https:\/\/sc-chiro.com\/es\/wp-json\/wp\/v2\/tags?post=4092"}],"curies":[{"name":"wp","href":"https:\/\/api.w.org\/{rel}","templated":true}]}}