{"id":4084,"date":"2021-12-08T16:14:45","date_gmt":"2021-12-08T16:14:45","guid":{"rendered":"https:\/\/qod-scchiro.local\/lehigh-acres\/scoliosis-treatment\/"},"modified":"2023-06-19T10:51:10","modified_gmt":"2023-06-19T10:51:10","slug":"tratamiento-escoliosis","status":"publish","type":"page","link":"https:\/\/sc-chiro.com\/es\/lehigh-acres\/tratamiento-escoliosis\/","title":{"rendered":"Tratamiento de la Escoliosis de Lehigh Acres"},"content":{"rendered":"<p><span style=\"font-weight: 400;\">La escoliosis es cuando la m\u00e9dula espinal se curva ligeramente hacia un lado. Muchas personas aprenden que tienen esta condici\u00f3n durante la adolescencia. Sin embargo, el trauma de la m\u00e9dula espinal, las lesiones por movimientos repetitivos y la distrofia muscular pueden causar esta afecci\u00f3n m\u00e1s adelante en la vida.<\/span><\/p>\n<p><span style=\"font-weight: 400;\">No hay cura para la escoliosis. Sin embargo, la atenci\u00f3n quiropr\u00e1ctica puede aliviar el dolor, extender el rango de movimiento y evitar que la condici\u00f3n empeore. Specific Care Chiropractic brinda tratamiento para la escoliosis en <\/span><a href=\"https:\/\/sc-chiro.com\/es\/lehigh-acres\/\"><span style=\"font-weight: 400;\">Lehigh Acres<\/span><\/a><span style=\"font-weight: 400;\">. Podemos examinar su condici\u00f3n, brindar tratamiento y recomendar un abogado si la lesi\u00f3n se debe a la negligencia de alguien.<\/span><\/p>\n<p><span style=\"font-weight: 400;\">\t\t<div data-elementor-type=\"section\" data-elementor-id=\"3935\" class=\"elementor elementor-3935\" data-elementor-post-type=\"elementor_library\">\n\t\t\t\t\t<section class=\"elementor-section elementor-top-section elementor-element elementor-element-bef2904 elementor-section-boxed elementor-section-height-default elementor-section-height-default\" data-id=\"bef2904\" data-element_type=\"section\" data-e-type=\"section\">\n\t\t\t\t\t\t<div class=\"elementor-container elementor-column-gap-default\">\n\t\t\t\t\t<div class=\"elementor-column elementor-col-100 elementor-top-column elementor-element elementor-element-57dcad5 section-toc\" data-id=\"57dcad5\" data-element_type=\"column\" data-e-type=\"column\">\n\t\t\t<div class=\"elementor-widget-wrap elementor-element-populated\">\n\t\t\t\t\t\t<div class=\"elementor-element elementor-element-0c49dfc elementor-toc--minimized-on-tablet elementor-widget elementor-widget-table-of-contents\" data-id=\"0c49dfc\" data-element_type=\"widget\" data-e-type=\"widget\" data-settings=\"{&quot;exclude_headings_by_selector&quot;:&quot;.toc-remove&quot;,&quot;headings_by_tags&quot;:[&quot;h2&quot;,&quot;h3&quot;,&quot;h4&quot;,&quot;h5&quot;,&quot;h6&quot;],&quot;marker_view&quot;:&quot;numbers&quot;,&quot;no_headings_message&quot;:&quot;No se ha encontrado ning\\u00fan encabezado en esta p\\u00e1gina.&quot;,&quot;minimize_box&quot;:&quot;yes&quot;,&quot;minimized_on&quot;:&quot;tablet&quot;,&quot;hierarchical_view&quot;:&quot;yes&quot;,&quot;min_height&quot;:{&quot;unit&quot;:&quot;px&quot;,&quot;size&quot;:&quot;&quot;,&quot;sizes&quot;:[]},&quot;min_height_tablet&quot;:{&quot;unit&quot;:&quot;px&quot;,&quot;size&quot;:&quot;&quot;,&quot;sizes&quot;:[]},&quot;min_height_mobile&quot;:{&quot;unit&quot;:&quot;px&quot;,&quot;size&quot;:&quot;&quot;,&quot;sizes&quot;:[]}}\" data-widget_type=\"table-of-contents.default\">\n\t\t\t\t<div class=\"elementor-widget-container\">\n\t\t\t\t\t\t\t\t\t<div class=\"elementor-toc__header\">\n\t\t\t\t\t\t<h4 class=\"elementor-toc__header-title\">\n\t\t\t\tTabla de Contenidos\t\t\t<\/h4>\n\t\t\t\t\t\t\t\t\t\t<div class=\"elementor-toc__toggle-button elementor-toc__toggle-button--expand\" role=\"button\" tabindex=\"0\" aria-controls=\"elementor-toc__0c49dfc\" aria-expanded=\"true\" aria-label=\"Abrir la tabla de contenidos\"><i aria-hidden=\"true\" class=\"fas fa-chevron-down\"><\/i><\/div>\n\t\t\t\t<div class=\"elementor-toc__toggle-button elementor-toc__toggle-button--collapse\" role=\"button\" tabindex=\"0\" aria-controls=\"elementor-toc__0c49dfc\" aria-expanded=\"true\" aria-label=\"Cerrar la tabla de contenidos\"><i aria-hidden=\"true\" class=\"fas fa-chevron-up\"><\/i><\/div>\n\t\t\t\t\t<\/div>\n\t\t\t\t<div id=\"elementor-toc__0c49dfc\" class=\"elementor-toc__body\">\n\t\t\t<div class=\"elementor-toc__spinner-container\">\n\t\t\t\t<i class=\"elementor-toc__spinner eicon-animation-spin eicon-loading\" aria-hidden=\"true\"><\/i>\t\t\t<\/div>\n\t\t<\/div>\n\t\t\t\t\t\t<\/div>\n\t\t\t\t<\/div>\n\t\t\t\t\t<\/div>\n\t\t<\/div>\n\t\t\t\t\t<\/div>\n\t\t<\/section>\n\t\t\t\t<\/div>\n\t\t<\/span><\/p>\n<h2><b>\u00bfQu\u00e9 es la escoliosis y puede desaparecer por s\u00ed sola?<\/b><\/h2>\n<p><a href=\"https:\/\/www.mayoclinic.org\/diseases-conditions\/scoliosis\/symptoms-causes\/syc-20350716\" target=\"_blank\" rel=\"noopener\"><span style=\"font-weight: 400;\">La escoliosis<\/span><\/a><span style=\"font-weight: 400;\"> es una condici\u00f3n de por vida. La mayor\u00eda de los casos son leves y requieren un seguimiento peri\u00f3dico. Sin embargo, con el tiempo, la curvatura de la columna puede afectar la respiraci\u00f3n, la movilidad y los niveles de comodidad.<\/span><\/p>\n<p><span style=\"font-weight: 400;\">Los s\u00edntomas de esta condici\u00f3n incluyen:<\/span><\/p>\n<ul>\n<li><span style=\"font-weight: 400;\"> \u00a0 \u00a0 <\/span><span style=\"font-weight: 400;\">Hombros desiguales<\/span><\/li>\n<li><span style=\"font-weight: 400;\"> \u00a0 \u00a0 <\/span><span style=\"font-weight: 400;\">Un om\u00f3plato que sobresale<\/span><\/li>\n<li><span style=\"font-weight: 400;\"> \u00a0 \u00a0 <\/span><span style=\"font-weight: 400;\">Una cintura desigual, con un lado m\u00e1s alto que el otro.<\/span><\/li>\n<li><span style=\"font-weight: 400;\"> \u00a0 \u00a0 <\/span><span style=\"font-weight: 400;\">Entumecimiento<\/span><\/li>\n<li><span style=\"font-weight: 400;\"> \u00a0 \u00a0 <\/span><span style=\"font-weight: 400;\">Dolor en la espalda baja y alta<\/span><\/li>\n<li><span style=\"font-weight: 400;\"> \u00a0 \u00a0 <\/span><span style=\"font-weight: 400;\">Dificultad para respirar<\/span><\/li>\n<li><span style=\"font-weight: 400;\"> \u00a0 \u00a0 <\/span><span style=\"font-weight: 400;\">P\u00e9rdida de altura<\/span><\/li>\n<li><span style=\"font-weight: 400;\"> \u00a0 \u00a0 <\/span><span style=\"font-weight: 400;\">Incapacidad para &#8220;pararse derecho&#8221;<\/span><\/li>\n<\/ul>\n<p><span style=\"font-weight: 400;\">Los m\u00e9dicos pueden usar aparatos ortop\u00e9dicos para la espalda y fisioterapia para estimular el crecimiento adecuado de la columna si detectan el problema en la infancia. La escoliosis puede empeorar con el tiempo sin el tratamiento adecuado. Eventualmente, la columna vertebral puede ejercer presi\u00f3n sobre la cavidad tor\u00e1cica, lo que impide su capacidad para inhalar y exhalar profundamente.<\/span><\/p>\n<p><span data-sheets-value=\"{&quot;1&quot;:2,&quot;2&quot;:&quot;&lt;div class=&quot;buttons&quot;&gt;\n        &lt;a class=&quot;content-number mid-page-call-click-button&quot; href=&quot;tel:2393699109&quot;&gt;Call us Now - 239-369-9109&lt;\/a&gt;\n        &lt;a class=&quot;content-number mid-page-form-click-button&quot; id=&quot;second-button&quot; href=&quot;#elementor-action%3Aaction%3Dpopup%3Aopen%26settings%3DeyJpZCI6MTkxOSwidG9nZ2xlIjpmYWxzZX0%3D&quot;&gt;Contact Us!&lt;\/a&gt;\n    &lt;\/div&gt;&quot;}\" data-sheets-userformat=\"{&quot;2&quot;:513,&quot;3&quot;:{&quot;1&quot;:0},&quot;12&quot;:0}\"><div class=\"buttons\">\n        <a class=\"content-number mid-page-call-click-button\" href=\"tel:2393699109\">Call us Now - 239-369-9109<\/a>\n        <a class=\"content-number mid-page-form-click-button\" id=\"second-button\" href=\"#elementor-action%3Aaction%3Dpopup%3Aopen%26settings%3DeyJpZCI6MTkxOSwidG9nZ2xlIjpmYWxzZX0%3D\">Contact Us!<\/a>\n    <\/div><\/span><\/p>\n<h2><b>Primero comenzaremos examinando y diagnosticando su condici\u00f3n.<\/b><\/h2>\n<p><span style=\"font-weight: 400;\">Si ya tiene un diagn\u00f3stico de escoliosis, podemos revisar su historial m\u00e9dico para obtener m\u00e1s informaci\u00f3n sobre su afecci\u00f3n. Podemos ver sus escaneos de im\u00e1genes anteriores, resultados de pruebas de laboratorio y otros ex\u00e1menes.<\/span><\/p>\n<p><span style=\"font-weight: 400;\">Para determinar la gravedad de su condici\u00f3n, examinaremos:<\/span><\/p>\n<ul>\n<li><span style=\"font-weight: 400;\"> \u00a0 \u00a0 <\/span><b>La rigidez de su columna vertebral: <\/b><span style=\"font-weight: 400;\">su columna podr\u00eda estar presionando los nervios circundantes. Si es as\u00ed, podemos ajustar su plan de tratamiento en consecuencia. Tambi\u00e9n trazaremos un mapa de la forma de su columna vertebral y evaluaremos qu\u00e9 estrategias de manipulaci\u00f3n pueden ayudar.<\/span><\/li>\n<li><span style=\"font-weight: 400;\"> \u00a0 \u00a0 <\/span><b>C\u00f3mo funciona su cerebro con su columna: <\/b><span style=\"font-weight: 400;\">Su cerebro usa la m\u00e9dula espinal para enviar y recibir informaci\u00f3n. Realizaremos algunas pruebas de equilibrio para ver qu\u00e9 tan bien se comunican estas partes del cuerpo.<\/span><\/li>\n<li><span style=\"font-weight: 400;\"> \u00a0 \u00a0 <\/span><b>La curvatura de su columna: <\/b><span style=\"font-weight: 400;\">si su columna se curva m\u00e1s del 10 por ciento, tiene escoliosis leve. Aqu\u00ed, adoptaremos un enfoque de &#8220;esperar y ver&#8221; y emplearemos medidas preventivas. Si su columna se curva m\u00e1s que eso, emplearemos t\u00e9cnicas de ajuste de la columna, masajes y ejercicios ligeros.<\/span><\/li>\n<\/ul>\n<p><span style=\"font-weight: 400;\">Podemos recomendar visitar a un m\u00e9dico mientras se somete a atenci\u00f3n quiropr\u00e1ctica. Una combinaci\u00f3n de tratamientos puede producir la mejor recuperaci\u00f3n posible.<\/span><\/p>\n<h2><b>Podemos emplear estas t\u00e9cnicas para tratar su condici\u00f3n.<\/b><\/h2>\n<p><span style=\"font-weight: 400;\">Una vez que determinamos la gravedad de su condici\u00f3n, podemos emplear uno o m\u00e1s de los siguientes:<\/span><\/p>\n<h3><b>Ajustes quiropr\u00e1cticos<\/b><\/h3>\n<p><span style=\"font-weight: 400;\">En la televisi\u00f3n, es posible que haya visto representaciones caricaturescas de ajustes quiropr\u00e1cticos en los que el m\u00e9dico &#8220;rompe&#8221; la espalda del paciente o incluso camina sobre ella. Ese no es el caso en la realidad. Los ajustes quiropr\u00e1cticos implican realinear la m\u00e9dula espinal y presionar las articulaciones para que vuelvan a su posici\u00f3n.<\/span><\/p>\n<p><span style=\"font-weight: 400;\">Puede tomar varias visitas para que sienta todos los beneficios de los ajustes quiropr\u00e1cticos.<\/span><\/p>\n<h3><b>Fisioterapia (tambi\u00e9n llamada \u201cterapia f\u00edsica\u201d)<\/b><\/h3>\n<p><span style=\"font-weight: 400;\">La fisioterapia se refiere a un pu\u00f1ado de tratamientos dise\u00f1ados para promover su bienestar. Algunos ejemplos incluyen:<\/span><\/p>\n<ul>\n<li><span style=\"font-weight: 400;\"> \u00a0 \u00a0 <\/span><b>Masajes: <\/b><span style=\"font-weight: 400;\">Su quiropr\u00e1ctico puede masajear las \u00e1reas afectadas para reducir temporalmente el dolor, la hinchaz\u00f3n y la incomodidad. Esto implica apuntar a los tejidos blandos alrededor de la columna vertebral.<\/span><\/li>\n<li><span style=\"font-weight: 400;\"> \u00a0 \u00a0 <\/span><b>Terapia de ultrasonido: <\/b><span style=\"font-weight: 400;\">si bien nuestro equipo usa ultrasonidos para diagnosticar afecciones, tambi\u00e9n los usamos como tratamiento. Aqu\u00ed, enviamos ondas de sonido indoloras a su cuerpo, donde las vibraciones microsc\u00f3picas, el calor y la fricci\u00f3n alivian el dolor. Tambi\u00e9n regeneran el tejido y rompen las cicatrices.<\/span><\/li>\n<li><span style=\"font-weight: 400;\">\u00a0 \u00a0 \u00a0<\/span><b>Terapia de ejercicios de fortalecimiento y estiramiento: <\/b><span style=\"font-weight: 400;\">estos ejercicios pueden desarrollar la fuerza muscular, mejorar su postura y disminuir el dolor.<\/span><\/li>\n<\/ul>\n<p><img fetchpriority=\"high\" decoding=\"async\" class=\"alignnone wp-image-3470 size-full\" src=\"https:\/\/sc-chiro.com\/wp-content\/uploads\/2021\/12\/lehigh-acres-scoliosis-treatment-sc-chiro-1.jpg\" alt=\"Lehigh Acres Scoliosis Treatment\" width=\"600\" height=\"400\" srcset=\"https:\/\/sc-chiro.com\/wp-content\/uploads\/2021\/12\/lehigh-acres-scoliosis-treatment-sc-chiro-1.jpg 600w, https:\/\/sc-chiro.com\/wp-content\/uploads\/2021\/12\/lehigh-acres-scoliosis-treatment-sc-chiro-1-300x200.jpg 300w\" sizes=\"(max-width: 600px) 100vw, 600px\" \/><\/p>\n<h2><b>Nuestro programa de tratamiento de cuatro fases para la escoliosis en Lehigh Acres<\/b><\/h2>\n<p><span style=\"font-weight: 400;\">Organizamos la recuperaci\u00f3n en cuatro fases, que incluyen:<\/span><\/p>\n<h3><b>La fase aguda<\/b><\/h3>\n<p><span style=\"font-weight: 400;\">Nuestro primer objetivo consiste en aliviar su dolor. Emplearemos ajustes quiropr\u00e1cticos, masajes y estiramientos para estabilizar su condici\u00f3n. Si bien no recetamos analg\u00e9sicos, podemos sugerir algunos medicamentos de venta libre.<\/span><\/p>\n<h3><b>La fase de rehabilitaci\u00f3n<\/b><\/h3>\n<p><span style=\"font-weight: 400;\">Una vez que hayamos tratado su dolor, trabajaremos para mejorar su rango de movimiento. Esto implica guiarlo a trav\u00e9s de ejercicios ligeros, masajear el \u00e1rea afectada y ajustar su m\u00e9dula espinal.<\/span><\/p>\n<h3><b>La fase de fortalecimiento<\/b><\/h3>\n<p><span style=\"font-weight: 400;\">En este punto, se sentir\u00e1 igual o incluso mejor que antes. Aqu\u00ed, emplearemos ejercicios y entrenamientos m\u00e1s intensos. Seguiremos con masajes despu\u00e9s para aliviar cualquier molestia.<\/span><\/p>\n<h3><b>M\u00e1xima mejor\u00eda m\u00e9dica (MMI)<\/b><\/h3>\n<p><span style=\"font-weight: 400;\">MMI no es lo mismo que una &#8220;recuperaci\u00f3n completa&#8221;. En cambio, se refiere a la medida en que su cuerpo se recuperar\u00e1. Nuestro objetivo es eliminar sus niveles de dolor, restaurar su rango completo de movimiento y prevenir m\u00e1s lesiones.<\/span><\/p>\n<p><span data-sheets-value=\"{&quot;1&quot;:2,&quot;2&quot;:&quot;&lt;div class=&quot;buttons&quot;&gt;\n        &lt;a class=&quot;content-number mid-page-call-click-button&quot; href=&quot;tel:2393699109&quot;&gt;Call us Now - 239-369-9109&lt;\/a&gt;\n        &lt;a class=&quot;content-number mid-page-form-click-button&quot; id=&quot;second-button&quot; href=&quot;#elementor-action%3Aaction%3Dpopup%3Aopen%26settings%3DeyJpZCI6MTkxOSwidG9nZ2xlIjpmYWxzZX0%3D&quot;&gt;Contact Us!&lt;\/a&gt;\n    &lt;\/div&gt;&quot;}\" data-sheets-userformat=\"{&quot;2&quot;:513,&quot;3&quot;:{&quot;1&quot;:0},&quot;12&quot;:0}\"><div class=\"buttons\">\n        <a class=\"content-number mid-page-call-click-button\" href=\"tel:2393699109\">Call us Now - 239-369-9109<\/a>\n        <a class=\"content-number mid-page-form-click-button\" id=\"second-button\" href=\"#elementor-action%3Aaction%3Dpopup%3Aopen%26settings%3DeyJpZCI6MTkxOSwidG9nZ2xlIjpmYWxzZX0%3D\">Contact Us!<\/a>\n    <\/div><\/span><\/p>\n<h2><b>Conceptos err\u00f3neos comunes sobre la atenci\u00f3n quiropr\u00e1ctica en Lehigh Acres<\/b><\/h2>\n<p><span style=\"font-weight: 400;\">Entendemos que hay muchos conceptos err\u00f3neos sobre la atenci\u00f3n quiropr\u00e1ctica, que incluyen:<\/span><\/p>\n<h3><b>Mito: \u201cLos quiropr\u00e1cticos no son m\u00e9dicos\u201d<\/b><\/h3>\n<p><span style=\"font-weight: 400;\">Si bien no son m\u00e9dicos, los quiropr\u00e1cticos se someten a a\u00f1os de capacitaci\u00f3n para comprender la anatom\u00eda humana y el tratamiento. Tampoco cualquiera puede ser quiropr\u00e1ctico en Florida.<\/span><\/p>\n<p><span style=\"font-weight: 400;\">Seg\u00fan la <\/span><a href=\"https:\/\/directory.fclb.org\/LicensingBoards\/US\/Florida.aspx\" target=\"_blank\" rel=\"noopener\"><span style=\"font-weight: 400;\">Federaci\u00f3n de Juntas de Licencias Quiropr\u00e1cticas<\/span><\/a><span style=\"font-weight: 400;\"> , un quiropr\u00e1ctico de Florida debe tener 40 horas educativas cada dos a\u00f1os, junto con otras acreditaciones. Esta educaci\u00f3n implica aprender a prevenir errores m\u00e9dicos, comprender el VIH\/SIDA, la \u00e9tica y defender la \u00e9tica quiropr\u00e1ctica.<\/span><a href=\"https:\/\/translate.google.com\/translate?hl=es&amp;prev=_t&amp;sl=en&amp;tl=es&amp;u=https:\/\/directory.fclb.org\/LicensingBoards\/US\/Florida.aspx\" target=\"_blank\" rel=\"noopener\"><span style=\"font-weight: 400;\">\u00a0<\/span><\/a><\/p>\n<p><span style=\"font-weight: 400;\">Cada uno de nuestros quiropr\u00e1cticos cumple con los requisitos del estado.<\/span><\/p>\n<h3><b>Mito: \u201cEl tratamiento quiropr\u00e1ctico en realidad da\u00f1a a las personas\u201d<\/b><\/h3>\n<p><a href=\"https:\/\/journals.plos.org\/plosone\/article?id=10.1371\/journal.pone.0160037\" target=\"_blank\" rel=\"noopener\"><span style=\"font-weight: 400;\">PLOS One<\/span><\/a><span style=\"font-weight: 400;\"> se\u00f1ala que la atenci\u00f3n quiropr\u00e1ctica es una forma alternativa de medicina de bajo riesgo. The Journal realiz\u00f3 un estudio en 2018 que se\u00f1al\u00f3 que la atenci\u00f3n quiropr\u00e1ctica es tan efectiva como la mayor\u00eda de las formas de fisioterapia.<\/span><\/p>\n<p><span style=\"font-weight: 400;\">Muchas formas de atenci\u00f3n quiropr\u00e1ctica son de bajo riesgo porque:<\/span><\/p>\n<ul>\n<li><span style=\"font-weight: 400;\"> \u00a0 \u00a0 <\/span><span style=\"font-weight: 400;\">No implican procedimientos invasivos, como la cirug\u00eda.<\/span><\/li>\n<li><span style=\"font-weight: 400;\"> \u00a0 \u00a0 <\/span><span style=\"font-weight: 400;\">Los quiropr\u00e1cticos no conf\u00edan en medicamentos que puedan contraindicar condiciones preexistentes.<\/span><\/li>\n<li><span style=\"font-weight: 400;\"> \u00a0 \u00a0 <\/span><span style=\"font-weight: 400;\">La rigidez y la incomodidad causadas por el cuidado quiropr\u00e1ctico generalmente desaparecen dentro de las 24 a 48 horas.<\/span><\/li>\n<\/ul>\n<h3><b>Mito: \u201cLa atenci\u00f3n quiropr\u00e1ctica es costosa\u201d<\/b><\/h3>\n<p><span style=\"font-weight: 400;\">Muchos planes de seguro de salud cubren la atenci\u00f3n quiropr\u00e1ctica. Adem\u00e1s, si sufri\u00f3 da\u00f1os en un accidente, podr\u00eda buscar una compensaci\u00f3n a trav\u00e9s de un reclamo o demanda. Estas acciones pueden proporcionarle fondos para pagar la atenci\u00f3n quiropr\u00e1ctica.<\/span><\/p>\n<p><span style=\"font-weight: 400;\">Nuestro equipo en Lehigh Acres tiene una red de abogados que ayudan a los reclamantes lesionados en Florida. Podemos referirlo a un abogado con los recursos necesarios para manejar sus asuntos legales.<\/span><\/p>\n<h2><b>Llame a Specific Care Chiropractic hoy para obtener m\u00e1s informaci\u00f3n<\/b><\/h2>\n<p><span style=\"font-weight: 400;\">Si est\u00e1 buscando un tratamiento para la escoliosis en el condado de Lee, nuestros <\/span><a href=\"https:\/\/sc-chiro.com\/es\/\"><span style=\"font-weight: 400;\">quiropr\u00e1cticos en Lehigh Acres<\/span><\/a><span style=\"font-weight: 400;\"> est\u00e1n aqu\u00ed para ayudarlo. Contamos con siete m\u00e9dicos quiropr\u00e1cticos en el personal que se especializan en afecciones de la espalda y la m\u00e9dula espinal. Programe una cita en l\u00ednea o ll\u00e1menos hoy al <a href=\"tel:239-369-9109\">239-369-9109<\/a>.<\/span><\/p>\n","protected":false},"excerpt":{"rendered":"<p>La escoliosis es cuando la m\u00e9dula espinal se curva ligeramente hacia un lado. Muchas personas aprenden que tienen esta condici\u00f3n durante la adolescencia. Sin embargo, el trauma de la m\u00e9dula espinal, las lesiones por movimientos repetitivos y la distrofia muscular pueden causar esta afecci\u00f3n m\u00e1s adelante en la vida. No hay cura para la escoliosis. [&hellip;]<\/p>\n","protected":false},"author":36,"featured_media":0,"parent":3926,"menu_order":0,"comment_status":"closed","ping_status":"closed","template":"","meta":{"_acf_changed":false,"footnotes":""},"categories":[74],"tags":[70],"class_list":["post-4084","page","type-page","status-publish","hentry","category-lehigh-acres-ubicacion","tag-escoliosis"],"acf":[],"_links":{"self":[{"href":"https:\/\/sc-chiro.com\/es\/wp-json\/wp\/v2\/pages\/4084","targetHints":{"allow":["GET"]}}],"collection":[{"href":"https:\/\/sc-chiro.com\/es\/wp-json\/wp\/v2\/pages"}],"about":[{"href":"https:\/\/sc-chiro.com\/es\/wp-json\/wp\/v2\/types\/page"}],"author":[{"embeddable":true,"href":"https:\/\/sc-chiro.com\/es\/wp-json\/wp\/v2\/users\/36"}],"replies":[{"embeddable":true,"href":"https:\/\/sc-chiro.com\/es\/wp-json\/wp\/v2\/comments?post=4084"}],"version-history":[{"count":0,"href":"https:\/\/sc-chiro.com\/es\/wp-json\/wp\/v2\/pages\/4084\/revisions"}],"up":[{"embeddable":true,"href":"https:\/\/sc-chiro.com\/es\/wp-json\/wp\/v2\/pages\/3926"}],"wp:attachment":[{"href":"https:\/\/sc-chiro.com\/es\/wp-json\/wp\/v2\/media?parent=4084"}],"wp:term":[{"taxonomy":"category","embeddable":true,"href":"https:\/\/sc-chiro.com\/es\/wp-json\/wp\/v2\/categories?post=4084"},{"taxonomy":"post_tag","embeddable":true,"href":"https:\/\/sc-chiro.com\/es\/wp-json\/wp\/v2\/tags?post=4084"}],"curies":[{"name":"wp","href":"https:\/\/api.w.org\/{rel}","templated":true}]}}