{"id":4077,"date":"2021-11-15T19:23:33","date_gmt":"2021-11-15T19:23:33","guid":{"rendered":"https:\/\/qod-scchiro.local\/fort-myers\/physiotherapy-services\/"},"modified":"2023-06-19T10:54:41","modified_gmt":"2023-06-19T10:54:41","slug":"servicios-fisioterapia","status":"publish","type":"page","link":"https:\/\/sc-chiro.com\/es\/fort-myers\/servicios-fisioterapia\/","title":{"rendered":"Servicios de Fisioterapia de Fort Myers"},"content":{"rendered":"<p><span style=\"font-weight: 400;\">La fisioterapia incluye m\u00faltiples terapias que se utilizan para aliviar el dolor y la tensi\u00f3n en el cuerpo de los pacientes, a menudo en la m\u00e9dula espinal o en los m\u00fasculos. A veces denominada &#8220;terapia f\u00edsica&#8221;, la fisioterapia tiene como objetivo mejorar la movilidad y la funcionalidad de los pacientes a su propio ritmo.<\/span><\/p>\n<p><span style=\"font-weight: 400;\">Por ejemplo, los atletas con lesiones deportivas pueden usar la fisioterapia para recuperar su fuerza para volver a practicar deportes. Los trabajadores laborales pueden participar en estos programas para aliviar los s\u00edntomas de dolor de a\u00f1os de trabajar demasiado sus cuerpos.<\/span><\/p>\n<p><span style=\"font-weight: 400;\">En Specific Care Chiropractic, creamos planes de tratamiento para satisfacer las necesidades de cada uno de nuestros pacientes. Servimos a personas en toda Florida, incluido <\/span><a href=\"https:\/\/sc-chiro.com\/es\/fort-myers\/\"><span style=\"font-weight: 400;\">Fort Myers<\/span><\/a><span style=\"font-weight: 400;\">. Si est\u00e1 interesado en recibir servicios de fisioterapia de Fort Myers en nuestras instalaciones, puede programar una cita con uno de nuestros m\u00e9dicos para analizar sus objetivos de salud.<\/span><\/p>\n<p><span style=\"font-weight: 400;\">\t\t<div data-elementor-type=\"section\" data-elementor-id=\"3935\" class=\"elementor elementor-3935\" data-elementor-post-type=\"elementor_library\">\n\t\t\t\t\t<section class=\"elementor-section elementor-top-section elementor-element elementor-element-bef2904 elementor-section-boxed elementor-section-height-default elementor-section-height-default\" data-id=\"bef2904\" data-element_type=\"section\" data-e-type=\"section\">\n\t\t\t\t\t\t<div class=\"elementor-container elementor-column-gap-default\">\n\t\t\t\t\t<div class=\"elementor-column elementor-col-100 elementor-top-column elementor-element elementor-element-57dcad5 section-toc\" data-id=\"57dcad5\" data-element_type=\"column\" data-e-type=\"column\">\n\t\t\t<div class=\"elementor-widget-wrap elementor-element-populated\">\n\t\t\t\t\t\t<div class=\"elementor-element elementor-element-0c49dfc elementor-toc--minimized-on-tablet elementor-widget elementor-widget-table-of-contents\" data-id=\"0c49dfc\" data-element_type=\"widget\" data-e-type=\"widget\" data-settings=\"{&quot;exclude_headings_by_selector&quot;:&quot;.toc-remove&quot;,&quot;headings_by_tags&quot;:[&quot;h2&quot;,&quot;h3&quot;,&quot;h4&quot;,&quot;h5&quot;,&quot;h6&quot;],&quot;marker_view&quot;:&quot;numbers&quot;,&quot;no_headings_message&quot;:&quot;No se ha encontrado ning\\u00fan encabezado en esta p\\u00e1gina.&quot;,&quot;minimize_box&quot;:&quot;yes&quot;,&quot;minimized_on&quot;:&quot;tablet&quot;,&quot;hierarchical_view&quot;:&quot;yes&quot;,&quot;min_height&quot;:{&quot;unit&quot;:&quot;px&quot;,&quot;size&quot;:&quot;&quot;,&quot;sizes&quot;:[]},&quot;min_height_tablet&quot;:{&quot;unit&quot;:&quot;px&quot;,&quot;size&quot;:&quot;&quot;,&quot;sizes&quot;:[]},&quot;min_height_mobile&quot;:{&quot;unit&quot;:&quot;px&quot;,&quot;size&quot;:&quot;&quot;,&quot;sizes&quot;:[]}}\" data-widget_type=\"table-of-contents.default\">\n\t\t\t\t<div class=\"elementor-widget-container\">\n\t\t\t\t\t\t\t\t\t<div class=\"elementor-toc__header\">\n\t\t\t\t\t\t<h4 class=\"elementor-toc__header-title\">\n\t\t\t\tTabla de Contenidos\t\t\t<\/h4>\n\t\t\t\t\t\t\t\t\t\t<div class=\"elementor-toc__toggle-button elementor-toc__toggle-button--expand\" role=\"button\" tabindex=\"0\" aria-controls=\"elementor-toc__0c49dfc\" aria-expanded=\"true\" aria-label=\"Abrir la tabla de contenidos\"><i aria-hidden=\"true\" class=\"fas fa-chevron-down\"><\/i><\/div>\n\t\t\t\t<div class=\"elementor-toc__toggle-button elementor-toc__toggle-button--collapse\" role=\"button\" tabindex=\"0\" aria-controls=\"elementor-toc__0c49dfc\" aria-expanded=\"true\" aria-label=\"Cerrar la tabla de contenidos\"><i aria-hidden=\"true\" class=\"fas fa-chevron-up\"><\/i><\/div>\n\t\t\t\t\t<\/div>\n\t\t\t\t<div id=\"elementor-toc__0c49dfc\" class=\"elementor-toc__body\">\n\t\t\t<div class=\"elementor-toc__spinner-container\">\n\t\t\t\t<i class=\"elementor-toc__spinner eicon-animation-spin eicon-loading\" aria-hidden=\"true\"><\/i>\t\t\t<\/div>\n\t\t<\/div>\n\t\t\t\t\t\t<\/div>\n\t\t\t\t<\/div>\n\t\t\t\t\t<\/div>\n\t\t<\/div>\n\t\t\t\t\t<\/div>\n\t\t<\/section>\n\t\t\t\t<\/div>\n\t\t<\/span><\/p>\n<h2><b>La Fisioterapia se Puede Utilizar como Tratamiento para Varios Tipos de Lesiones<\/b><\/h2>\n<p><span style=\"font-weight: 400;\">Nuestros m\u00e9dicos en Specific Care Chiropractic usan fisioterapia para tratar estas lesiones:<\/span><\/p>\n<ul>\n<li><span style=\"font-weight: 400;\"> \u00a0 \u00a0 <\/span><a href=\"https:\/\/sc-chiro.com\/es\/fort-myers\/tratamiento-lesiones-columna\/\"><span style=\"font-weight: 400;\">Lesiones de la m\u00e9dula espinal<\/span><\/a><span style=\"font-weight: 400;\"> y otras <\/span><a href=\"https:\/\/sc-chiro.com\/es\/fort-myers\/tratamiento-lesion-espalda\/\"><span style=\"font-weight: 400;\">lesiones de espalda<\/span><\/a><\/li>\n<li><span style=\"font-weight: 400;\"> \u00a0 \u00a0 <\/span><a href=\"https:\/\/sc-chiro.com\/es\/fort-myers\/tratamiento-hernia-discal\/\"><span style=\"font-weight: 400;\">Hernias de disco herniadas<\/span><\/a><\/li>\n<li><span style=\"font-weight: 400;\"> \u00a0 \u00a0 <\/span><a href=\"https:\/\/sc-chiro.com\/es\/fort-myers\/tratamiento-escoliosis\/\"><span style=\"font-weight: 400;\">Escoliosis<\/span><\/a><\/li>\n<li><span style=\"font-weight: 400;\"> \u00a0 \u00a0 <\/span><a href=\"https:\/\/sc-chiro.com\/es\/fort-myers\/tratamiento-lesion-cuello\/\"><span style=\"font-weight: 400;\">Lesiones en el cuello<\/span><\/a><span style=\"font-weight: 400;\">, incluyendo <\/span><a href=\"https:\/\/sc-chiro.com\/es\/fort-myers\/tratamiento-latigazo-cervical\/\"><span style=\"font-weight: 400;\">latigazo cervical<\/span><\/a><span style=\"font-weight: 400;\"> y lesiones en el hombro .<\/span><\/li>\n<li><span style=\"font-weight: 400;\"> \u00a0 \u00a0 <\/span><a href=\"https:\/\/sc-chiro.com\/es\/fort-myers\/tratamientos-distensiones-musculares\/\"><span style=\"font-weight: 400;\">Esguinces y distensiones musculares<\/span><\/a><\/li>\n<li><span style=\"font-weight: 400;\"> \u00a0 \u00a0 <\/span><a href=\"https:\/\/sc-chiro.com\/es\/fort-myers\/tratamiento-bursitis\/\"><span style=\"font-weight: 400;\">Bursitis<\/span><\/a><\/li>\n<li><span style=\"font-weight: 400;\"> \u00a0 \u00a0 <\/span><span style=\"font-weight: 400;\">Ci\u00e1tica<\/span><\/li>\n<li><span style=\"font-weight: 400;\"> \u00a0 \u00a0 <\/span><a href=\"https:\/\/sc-chiro.com\/es\/fort-myers\/tratamiento-sindrome-tunel-carpiano\/\"><span style=\"font-weight: 400;\">S\u00edndrome del t\u00fanel carpiano<\/span><\/a><\/li>\n<li><span style=\"font-weight: 400;\"> \u00a0 \u00a0 <\/span><span style=\"font-weight: 400;\">Lesiones en las extremidades externas, como en las caderas, las rodillas y los codos.<\/span><\/li>\n<\/ul>\n<p><span style=\"font-weight: 400;\">Si sufri\u00f3 otro tipo de lesi\u00f3n musculoesquel\u00e9tica que no se menciona en este art\u00edculo, nuestros m\u00e9dicos en Fort Myers a\u00fan podr\u00edan elaborar un plan de tratamiento de quiropr\u00e1ctica y fisioterapia para que comience su viaje de curaci\u00f3n.<\/span><\/p>\n<p><span style=\"font-weight: 400;\">Durante su primera cita, podemos repasar c\u00f3mo sufri\u00f3 su lesi\u00f3n, as\u00ed como sus s\u00edntomas, limitaciones f\u00edsicas y disposici\u00f3n para comprometerse con el tratamiento.<\/span><\/p>\n<p><span data-sheets-value=\"{&quot;1&quot;:2,&quot;2&quot;:&quot;&lt;div class=&quot;buttons&quot;&gt;\n        &lt;a class=&quot;content-number mid-page-call-click-button&quot; href=&quot;tel:2393699109&quot;&gt;Call us Now - 239-369-9109&lt;\/a&gt;\n        &lt;a class=&quot;content-number mid-page-form-click-button&quot; id=&quot;second-button&quot; href=&quot;#elementor-action%3Aaction%3Dpopup%3Aopen%26settings%3DeyJpZCI6MTkxOSwidG9nZ2xlIjpmYWxzZX0%3D&quot;&gt;Contact Us!&lt;\/a&gt;\n    &lt;\/div&gt;&quot;}\" data-sheets-userformat=\"{&quot;2&quot;:513,&quot;3&quot;:{&quot;1&quot;:0},&quot;12&quot;:0}\"><div class=\"buttons\">\n        <a class=\"content-number mid-page-call-click-button\" href=\"tel:2393699109\">Call us Now - 239-369-9109<\/a>\n        <a class=\"content-number mid-page-form-click-button\" id=\"second-button\" href=\"#elementor-action%3Aaction%3Dpopup%3Aopen%26settings%3DeyJpZCI6MTkxOSwidG9nZ2xlIjpmYWxzZX0%3D\">Contact Us!<\/a>\n    <\/div><\/span><\/p>\n<h2><b>Ofrecemos una Variedad de Servicios de Fisioterapia en Fort Myers<\/b><\/h2>\n<p><span style=\"font-weight: 400;\">En Specific Care Chiropractic, ofrecemos estas opciones de fisioterapia:<\/span><\/p>\n<h3><b>Atenci\u00f3n Correctiva<\/b><\/h3>\n<p><span style=\"font-weight: 400;\">Nuestros quiropr\u00e1cticos realizar\u00e1n cuidados correctivos despu\u00e9s de evaluar c\u00f3mo su cuerpo o lesi\u00f3n est\u00e1 manejando el tratamiento con cada sesi\u00f3n que tenga. Nuestros m\u00e9dicos realizan una serie de presiones para manipular la m\u00e9dula espinal y volver a alinearla.<\/span><\/p>\n<p><span style=\"font-weight: 400;\">Sin embargo, a medida que su cuerpo sana, las v\u00e9rtebras pueden tardar en colocarse en la posici\u00f3n adecuada. La atenci\u00f3n correctiva sirve para abordar los deslices, los brotes de dolor y los s\u00edntomas de otros problemas subyacentes que pueden estar presentes.<\/span><\/p>\n<h3><b>Terapia de Rehabilitaci\u00f3n<\/b><\/h3>\n<p><span style=\"font-weight: 400;\">La terapia de rehabilitaci\u00f3n puede abarcar diferentes estilos de ejercicios para mejorar su estabilidad, fuerza y \u200b\u200bcapacidad f\u00edsica general. Podemos llevarlo a nuestra sala de rehabilitaci\u00f3n para practicar estos ejercicios.<\/span><\/p>\n<p><span style=\"font-weight: 400;\">Nuestro equipo tambi\u00e9n puede pedirle que use otras herramientas en nuestra sala de rehabilitaci\u00f3n, como:<\/span><\/p>\n<ul>\n<li><span style=\"font-weight: 400;\"> \u00a0 \u00a0 <\/span><span style=\"font-weight: 400;\">La placa vibratoria<\/span><\/li>\n<li><span style=\"font-weight: 400;\"> \u00a0 \u00a0 <\/span><span style=\"font-weight: 400;\">Equipo de gimnasio que tenemos<\/span><\/li>\n<li><span style=\"font-weight: 400;\"> \u00a0 \u00a0 <\/span><span style=\"font-weight: 400;\">Pelotas de ejercicio para aliviar la tensi\u00f3n y el dolor en la espalda<\/span><\/li>\n<\/ul>\n<h3><b>Terapia de Ultrasonido<\/b><\/h3>\n<p><span style=\"font-weight: 400;\">La terapia de ultrasonido se enfoca en la regeneraci\u00f3n de tejidos. Nuestros m\u00e9dicos usan una m\u00e1quina de ultrasonido para penetrar el tejido blando da\u00f1ado en sus m\u00fasculos con ondas de sonido.<\/span><\/p>\n<p><span style=\"font-weight: 400;\">Las vibraciones provenientes de las ondas sonoras fomentan la curaci\u00f3n y el crecimiento del tejido muscular. Esto permite que los pacientes recuperen gradualmente la funcionalidad en esas \u00e1reas.<\/span><\/p>\n<h3><b>Terapia de Masajes<\/b><\/h3>\n<p><span style=\"font-weight: 400;\">La terapia de masaje se enfoca en aliviar el dolor, la tensi\u00f3n y la incomodidad en los m\u00fasculos y las articulaciones. Nuestros terapeutas de masaje autorizados utilizar\u00e1n diferentes t\u00e9cnicas para liberar la rigidez de los m\u00fasculos y el dolor que pueda sentir entre las etapas de rehabilitaci\u00f3n.<\/span><\/p>\n<h3><b>Terapia de Ejercicios de Estiramiento y Fortalecimiento<\/b><\/h3>\n<p><span style=\"font-weight: 400;\">La fisioterapia a menudo utiliza ejercicios estrat\u00e9gicos para ayudar a los pacientes a recuperar la fuerza y \u200b\u200bla flexibilidad muscular. Nuestros m\u00e9dicos lo educar\u00e1n sobre qu\u00e9 ejercicios practicar durante el tratamiento y en el hogar para progresar en su recuperaci\u00f3n.<\/span><\/p>\n<p><span style=\"font-weight: 400;\">Es posible que le ense\u00f1emos el estiramiento de los isquiotibiales en posici\u00f3n supina para aliviar el dolor de espalda o los estiramientos de las manos para reducir el s\u00edndrome del t\u00fanel carpiano.<\/span><\/p>\n<p><img fetchpriority=\"high\" decoding=\"async\" class=\"alignnone wp-image-3378 size-full\" src=\"https:\/\/sc-chiro.com\/wp-content\/uploads\/2021\/11\/Fort-Myers-physiotherapy-services.jpg\" alt=\"Female physical therapist helping senior man use exercise ball, Fort Myers physiotherapy services\" width=\"500\" height=\"333\" srcset=\"https:\/\/sc-chiro.com\/wp-content\/uploads\/2021\/11\/Fort-Myers-physiotherapy-services.jpg 500w, https:\/\/sc-chiro.com\/wp-content\/uploads\/2021\/11\/Fort-Myers-physiotherapy-services-300x200.jpg 300w\" sizes=\"(max-width: 500px) 100vw, 500px\" \/><\/p>\n<h3><b>Terapia de Estimulaci\u00f3n Muscular El\u00e9ctrica (E-STIM)<\/b><\/h3>\n<p><span style=\"font-weight: 400;\">Esta terapia se enfoca en las lesiones relacionadas con los m\u00fasculos que causan s\u00edntomas como espasmos musculares, dolor muscular cr\u00f3nico e inflamaci\u00f3n. El tratamiento consiste en la estimulaci\u00f3n muscular el\u00e9ctrica. Se trata de un dispositivo que dispara pulsos el\u00e9ctricos a trav\u00e9s del tejido muscular para reparar el da\u00f1o y aumentar las propiedades curativas.<\/span><\/p>\n<p><span style=\"font-weight: 400;\">Las personas con lesiones deportivas pueden encontrar este tratamiento efectivo, seg\u00fan un estudio publicado en <\/span><a href=\"https:\/\/pubmed.ncbi.nlm.nih.gov\/1565927\/\" target=\"_blank\" rel=\"noopener\"><span style=\"font-weight: 400;\">Sports Medicine<\/span><\/a><span style=\"font-weight: 400;\">. Nuestro centro utiliza la fisioterapia como parte de la atenci\u00f3n quiropr\u00e1ctica que ofrecemos a los pacientes. Nuestros m\u00e9dicos siguen siendo transparentes sobre qu\u00e9 terapias usan y por qu\u00e9.<\/span><\/p>\n<p><span data-sheets-value=\"{&quot;1&quot;:2,&quot;2&quot;:&quot;&lt;div class=&quot;buttons&quot;&gt;\n        &lt;a class=&quot;content-number mid-page-call-click-button&quot; href=&quot;tel:2393699109&quot;&gt;Call us Now - 239-369-9109&lt;\/a&gt;\n        &lt;a class=&quot;content-number mid-page-form-click-button&quot; id=&quot;second-button&quot; href=&quot;#elementor-action%3Aaction%3Dpopup%3Aopen%26settings%3DeyJpZCI6MTkxOSwidG9nZ2xlIjpmYWxzZX0%3D&quot;&gt;Contact Us!&lt;\/a&gt;\n    &lt;\/div&gt;&quot;}\" data-sheets-userformat=\"{&quot;2&quot;:513,&quot;3&quot;:{&quot;1&quot;:0},&quot;12&quot;:0}\"><div class=\"buttons\">\n        <a class=\"content-number mid-page-call-click-button\" href=\"tel:2393699109\">Call us Now - 239-369-9109<\/a>\n        <a class=\"content-number mid-page-form-click-button\" id=\"second-button\" href=\"#elementor-action%3Aaction%3Dpopup%3Aopen%26settings%3DeyJpZCI6MTkxOSwidG9nZ2xlIjpmYWxzZX0%3D\">Contact Us!<\/a>\n    <\/div><\/span><\/p>\n<h2><b>La Fisioterapia Brinda Beneficios a los Pacientes que los Ayudan en su Recuperaci\u00f3n<\/b><\/h2>\n<p><span style=\"font-weight: 400;\">Algunos beneficios de la fisioterapia incluyen:<\/span><\/p>\n<h3><b>Es Posible que Pueda Evitar la Cirug\u00eda<\/b><\/h3>\n<p><span style=\"font-weight: 400;\">Seg\u00fan el nivel de gravedad de su lesi\u00f3n, es posible que pueda tratarla y curarla mediante fisioterapia. Nuestras terapias no invasivas sirven como alternativa a la cirug\u00eda. Podemos realizar ajustes quiropr\u00e1cticos estrat\u00e9gicos para manipular su m\u00e9dula espinal y luego usar fisioterapia para aliviar el dolor y la tensi\u00f3n en su cuerpo.<\/span><\/p>\n<h3><b>Puede Recuperar Movilidad y Funcionalidad a su Propio Ritmo<\/b><\/h3>\n<p><span style=\"font-weight: 400;\">La curaci\u00f3n de las lesiones lleva tiempo, y el proceso de recuperaci\u00f3n puede hacer que algunos pacientes sientan que tienen que \u201caprender a caminar de nuevo\u201d. La fisioterapia respeta el ritmo de curaci\u00f3n del paciente. Le ense\u00f1amos ejercicios para complementar su viaje de rehabilitaci\u00f3n para que desarrolle fuerza y \u200b\u200bflexibilidad de manera gradual y natural.<\/span><\/p>\n<h3><b>La Fisioterapia Ayuda a los Pacientes que Sufrieron Par\u00e1lisis o un Derrame Cerebral<\/b><\/h3>\n<p><span style=\"font-weight: 400;\">Ciertos pacientes no pueden funcionar de forma independiente y pueden necesitar ayuda. Nuestros m\u00e9dicos pueden ayudar con su tratamiento a los pacientes que sufrieron par\u00e1lisis o derrames cerebrales como efecto secundario de sus lesiones. De esa manera, los pacientes a\u00fan pueden conservar la masa muscular y reducir el potencial de infecci\u00f3n, llagas en la piel y debilidad muscular.<\/span><\/p>\n<h3><b>La Fisioterapia Sirve como Alternativa para el Manejo del Dolor<\/b><\/h3>\n<p><a href=\"https:\/\/www.medicalnewstoday.com\/articles\/160645%23who_can_benefit#who_can_benefit\" target=\"_blank\" rel=\"noopener\"><span style=\"font-weight: 400;\">Medical News Today<\/span><\/a><span style=\"font-weight: 400;\"> se\u00f1ala que uno de los principales beneficios de la fisioterapia consiste en el control del dolor. Los pacientes que optan por seguir esta opci\u00f3n de tratamiento pueden evitar el uso de opioides para aliviar los s\u00edntomas del dolor cr\u00f3nico, ya que las terapias como la terapia de masajes y la terapia de ultrasonido pueden abordar y aliviar el dolor que sienten los pacientes.<\/span><\/p>\n<p><span style=\"font-weight: 400;\">Fortalecer y estirar gradualmente su sistema musculoesquel\u00e9tico durante la rehabilitaci\u00f3n asegurar\u00e1 una curaci\u00f3n duradera durante su recuperaci\u00f3n f\u00edsica. Nuestros m\u00e9dicos tienen como objetivo brindarle las herramientas y la atenci\u00f3n correctiva que necesita para lograr sus objetivos de salud.<\/span><\/p>\n<h2><b>Llame a Specific Care Chiropractic para Programar su Cita de Fisioterapia<\/b><\/h2>\n<p><span style=\"font-weight: 400;\">En <\/span><a href=\"https:\/\/sc-chiro.com\/es\/\"><span style=\"font-weight: 400;\">Specific Care Chiropractic<\/span><\/a><span style=\"font-weight: 400;\"> , a menudo complementamos el tratamiento quiropr\u00e1ctico de nuestros pacientes con fisioterapia. Esta pr\u00e1ctica ayuda a los pacientes a generar apoyo interno dentro de sus propios cuerpos a medida que recuperan la masa muscular.<\/span><\/p>\n<p><a href=\"https:\/\/sc-chiro.com\/es\/pacientes-nuevos\/\"><span style=\"font-weight: 400;\">Los pacientes nuevos<\/span><\/a><span style=\"font-weight: 400;\"> pueden llamar al <a href=\"tel:239-369-9109\">239-369-9109<\/a> hoy para programar su primera cita de fisioterapia en nuestra ubicaci\u00f3n de Fort Myers. Nuestra oficina est\u00e1 ubicada en Evans Ave, al oeste de Metro Parkway.<\/span><\/p>\n","protected":false},"excerpt":{"rendered":"<p>La fisioterapia incluye m\u00faltiples terapias que se utilizan para aliviar el dolor y la tensi\u00f3n en el cuerpo de los pacientes, a menudo en la m\u00e9dula espinal o en los m\u00fasculos. A veces denominada &#8220;terapia f\u00edsica&#8221;, la fisioterapia tiene como objetivo mejorar la movilidad y la funcionalidad de los pacientes a su propio ritmo. Por [&hellip;]<\/p>\n","protected":false},"author":36,"featured_media":6059,"parent":4013,"menu_order":0,"comment_status":"closed","ping_status":"closed","template":"","meta":{"_acf_changed":false,"footnotes":""},"categories":[48],"tags":[68],"class_list":["post-4077","page","type-page","status-publish","has-post-thumbnail","hentry","category-blog","tag-fisioterapia"],"acf":[],"_links":{"self":[{"href":"https:\/\/sc-chiro.com\/es\/wp-json\/wp\/v2\/pages\/4077","targetHints":{"allow":["GET"]}}],"collection":[{"href":"https:\/\/sc-chiro.com\/es\/wp-json\/wp\/v2\/pages"}],"about":[{"href":"https:\/\/sc-chiro.com\/es\/wp-json\/wp\/v2\/types\/page"}],"author":[{"embeddable":true,"href":"https:\/\/sc-chiro.com\/es\/wp-json\/wp\/v2\/users\/36"}],"replies":[{"embeddable":true,"href":"https:\/\/sc-chiro.com\/es\/wp-json\/wp\/v2\/comments?post=4077"}],"version-history":[{"count":0,"href":"https:\/\/sc-chiro.com\/es\/wp-json\/wp\/v2\/pages\/4077\/revisions"}],"up":[{"embeddable":true,"href":"https:\/\/sc-chiro.com\/es\/wp-json\/wp\/v2\/pages\/4013"}],"wp:featuredmedia":[{"embeddable":true,"href":"https:\/\/sc-chiro.com\/es\/wp-json\/wp\/v2\/media\/6059"}],"wp:attachment":[{"href":"https:\/\/sc-chiro.com\/es\/wp-json\/wp\/v2\/media?parent=4077"}],"wp:term":[{"taxonomy":"category","embeddable":true,"href":"https:\/\/sc-chiro.com\/es\/wp-json\/wp\/v2\/categories?post=4077"},{"taxonomy":"post_tag","embeddable":true,"href":"https:\/\/sc-chiro.com\/es\/wp-json\/wp\/v2\/tags?post=4077"}],"curies":[{"name":"wp","href":"https:\/\/api.w.org\/{rel}","templated":true}]}}