{"id":4076,"date":"2021-10-12T13:42:15","date_gmt":"2021-10-12T13:42:15","guid":{"rendered":"https:\/\/qod-scchiro.local\/fort-myers\/neck-injury-treatment\/"},"modified":"2023-11-01T21:49:45","modified_gmt":"2023-11-01T21:49:45","slug":"tratamiento-lesion-cuello","status":"publish","type":"page","link":"https:\/\/sc-chiro.com\/es\/fort-myers\/tratamiento-lesion-cuello\/","title":{"rendered":"Tratamiento de Lesiones en el Cuello de Fort Myers"},"content":{"rendered":"<p><span style=\"font-weight: 400;\">\u00bfEst\u00e1 usted o alguien que usted quiere luchando con una lesi\u00f3n en el cuello? \u00bfVives con dolor y rigidez cada vez que giras la cabeza o mueves los hombros? Una lesi\u00f3n en el cuello puede provocar dolor a largo plazo, malestar f\u00edsico y discapacidad continua. Aunque el dolor de cuello es una queja com\u00fan, no es algo que deba aceptar. Con la ayuda y el apoyo de nuestro <\/span><span style=\"font-weight: 400;\">equipo de<\/span><a href=\"https:\/\/sc-chiro.com\/es\/fort-myers\/tratamiento-lesion-cuello\/\"><span style=\"font-weight: 400;\"> tratamiento de lesiones de cuello de Fort Myers<\/span><\/a><span style=\"font-weight: 400;\"> en Specific Care Chiropractic, puede recuperarse del accidente o condici\u00f3n m\u00e9dica que provoc\u00f3 su lesi\u00f3n.<\/span><\/p>\n<p><span style=\"font-weight: 400;\">Brindamos tratamientos que ofrecen curaci\u00f3n, alivio y restauraci\u00f3n de su salud en general. Cuando recurra a nosotros en busca de apoyo, nuestro equipo dise\u00f1ar\u00e1 un plan de tratamiento espec\u00edfico para usted y lo guiar\u00e1 a trav\u00e9s de cada etapa de la recuperaci\u00f3n. Desde el momento en que le damos la bienvenida a nuestra oficina hasta el momento en que completamos su programa de tratamiento, lo tratamos con la compasi\u00f3n y el respeto que se merece.<\/span><\/p>\n<p><span style=\"font-weight: 400;\">\t\t<div data-elementor-type=\"section\" data-elementor-id=\"3935\" class=\"elementor elementor-3935\" data-elementor-post-type=\"elementor_library\">\n\t\t\t\t\t<section class=\"elementor-section elementor-top-section elementor-element elementor-element-bef2904 elementor-section-boxed elementor-section-height-default elementor-section-height-default\" data-id=\"bef2904\" data-element_type=\"section\" data-e-type=\"section\">\n\t\t\t\t\t\t<div class=\"elementor-container elementor-column-gap-default\">\n\t\t\t\t\t<div class=\"elementor-column elementor-col-100 elementor-top-column elementor-element elementor-element-57dcad5 section-toc\" data-id=\"57dcad5\" data-element_type=\"column\" data-e-type=\"column\">\n\t\t\t<div class=\"elementor-widget-wrap elementor-element-populated\">\n\t\t\t\t\t\t<div class=\"elementor-element elementor-element-0c49dfc elementor-toc--minimized-on-tablet elementor-widget elementor-widget-table-of-contents\" data-id=\"0c49dfc\" data-element_type=\"widget\" data-e-type=\"widget\" data-settings=\"{&quot;exclude_headings_by_selector&quot;:&quot;.toc-remove&quot;,&quot;headings_by_tags&quot;:[&quot;h2&quot;,&quot;h3&quot;,&quot;h4&quot;,&quot;h5&quot;,&quot;h6&quot;],&quot;marker_view&quot;:&quot;numbers&quot;,&quot;no_headings_message&quot;:&quot;No se ha encontrado ning\\u00fan encabezado en esta p\\u00e1gina.&quot;,&quot;minimize_box&quot;:&quot;yes&quot;,&quot;minimized_on&quot;:&quot;tablet&quot;,&quot;hierarchical_view&quot;:&quot;yes&quot;,&quot;min_height&quot;:{&quot;unit&quot;:&quot;px&quot;,&quot;size&quot;:&quot;&quot;,&quot;sizes&quot;:[]},&quot;min_height_tablet&quot;:{&quot;unit&quot;:&quot;px&quot;,&quot;size&quot;:&quot;&quot;,&quot;sizes&quot;:[]},&quot;min_height_mobile&quot;:{&quot;unit&quot;:&quot;px&quot;,&quot;size&quot;:&quot;&quot;,&quot;sizes&quot;:[]}}\" data-widget_type=\"table-of-contents.default\">\n\t\t\t\t<div class=\"elementor-widget-container\">\n\t\t\t\t\t\t\t\t\t<div class=\"elementor-toc__header\">\n\t\t\t\t\t\t<h4 class=\"elementor-toc__header-title\">\n\t\t\t\tTabla de Contenidos\t\t\t<\/h4>\n\t\t\t\t\t\t\t\t\t\t<div class=\"elementor-toc__toggle-button elementor-toc__toggle-button--expand\" role=\"button\" tabindex=\"0\" aria-controls=\"elementor-toc__0c49dfc\" aria-expanded=\"true\" aria-label=\"Abrir la tabla de contenidos\"><i aria-hidden=\"true\" class=\"fas fa-chevron-down\"><\/i><\/div>\n\t\t\t\t<div class=\"elementor-toc__toggle-button elementor-toc__toggle-button--collapse\" role=\"button\" tabindex=\"0\" aria-controls=\"elementor-toc__0c49dfc\" aria-expanded=\"true\" aria-label=\"Cerrar la tabla de contenidos\"><i aria-hidden=\"true\" class=\"fas fa-chevron-up\"><\/i><\/div>\n\t\t\t\t\t<\/div>\n\t\t\t\t<div id=\"elementor-toc__0c49dfc\" class=\"elementor-toc__body\">\n\t\t\t<div class=\"elementor-toc__spinner-container\">\n\t\t\t\t<i class=\"elementor-toc__spinner eicon-animation-spin eicon-loading\" aria-hidden=\"true\"><\/i>\t\t\t<\/div>\n\t\t<\/div>\n\t\t\t\t\t\t<\/div>\n\t\t\t\t<\/div>\n\t\t\t\t\t<\/div>\n\t\t<\/div>\n\t\t\t\t\t<\/div>\n\t\t<\/section>\n\t\t\t\t<\/div>\n\t\t<\/span><\/p>\n<h2><b>Definici\u00f3n de la causa de su lesi\u00f3n en el cuello<\/b><\/h2>\n<p><span style=\"font-weight: 400;\">Antes de crear un plan de tratamiento para usted, nuestro equipo busca comprender qu\u00e9 caus\u00f3 su lesi\u00f3n. Este conocimiento nos brinda un punto de partida para sus tratamientos y nos ayuda a establecer una meta de recuperaci\u00f3n. Seg\u00fan la investigaci\u00f3n de la Cl\u00ednica Cleveland, las <\/span><a href=\"https:\/\/my.clevelandclinic.org\/health\/symptoms\/21179-neck-pain\" target=\"_blank\" rel=\"noopener\"><span style=\"font-weight: 400;\">causas m\u00e1s comunes de dolor de cuello<\/span><\/a><span style=\"font-weight: 400;\"> incluyen:<\/span><\/p>\n<ul>\n<li><span style=\"font-weight: 400;\"> \u00a0 \u00a0 <\/span><span style=\"font-weight: 400;\">Degeneraci\u00f3n relacionada con la edad, como osteoartritis o estenosis espinal<\/span><\/li>\n<li><span style=\"font-weight: 400;\"> \u00a0 \u00a0 <\/span><span style=\"font-weight: 400;\">Lesi\u00f3n traum\u00e1tica resultante de un accidente automovil\u00edstico o ca\u00edda accidental<\/span><\/li>\n<li><span style=\"font-weight: 400;\"> \u00a0 \u00a0 <\/span><span style=\"font-weight: 400;\">Dolor y rigidez resultantes de la ansiedad y el estr\u00e9s.<\/span><\/li>\n<li><span style=\"font-weight: 400;\"> \u00a0 \u00a0 <\/span><span style=\"font-weight: 400;\">Uso excesivo que resulta en tensi\u00f3n f\u00edsica por movimientos repetitivos<\/span><\/li>\n<\/ul>\n<p><span style=\"font-weight: 400;\">Adem\u00e1s de nuestro apoyo m\u00e9dico, podemos ayudarlo a usted y a su representante legal a construir un caso de compensaci\u00f3n si sus lesiones ocurrieron en un accidente. En su nombre, y con un comunicado m\u00e9dico firmado, podemos proporcionar detalles sobre su lesi\u00f3n, su causa y el costo de sus tratamientos actuales y futuros. Estos son detalles esenciales que pueden respaldar su recuperaci\u00f3n financiera.<\/span><\/p>\n<p><span data-sheets-value=\"{&quot;1&quot;:2,&quot;2&quot;:&quot;&lt;div class=&quot;buttons&quot;&gt;\n        &lt;a class=&quot;content-number mid-page-call-click-button&quot; href=&quot;tel:2393699109&quot;&gt;Call us Now - 239-369-9109&lt;\/a&gt;\n        &lt;a class=&quot;content-number mid-page-form-click-button&quot; id=&quot;second-button&quot; href=&quot;#elementor-action%3Aaction%3Dpopup%3Aopen%26settings%3DeyJpZCI6MTkxOSwidG9nZ2xlIjpmYWxzZX0%3D&quot;&gt;Contact Us!&lt;\/a&gt;\n    &lt;\/div&gt;&quot;}\" data-sheets-userformat=\"{&quot;2&quot;:513,&quot;3&quot;:{&quot;1&quot;:0},&quot;12&quot;:0}\"><div class=\"buttons\">\n        <a class=\"content-number mid-page-call-click-button\" href=\"tel:2393699109\">Call us Now - 239-369-9109<\/a>\n        <a class=\"content-number mid-page-form-click-button\" id=\"second-button\" href=\"#elementor-action%3Aaction%3Dpopup%3Aopen%26settings%3DeyJpZCI6MTkxOSwidG9nZ2xlIjpmYWxzZX0%3D\">Contact Us!<\/a>\n    <\/div><\/span><\/p>\n<h2><b>El cuidado adecuado puede prevenir el deterioro a largo plazo<\/b><\/h2>\n<p><span style=\"font-weight: 400;\">De acuerdo con <\/span><a href=\"https:\/\/bmcpublichealth.biomedcentral.com\/articles\/10.1186\/s12889-015-2647-8\" target=\"_blank\" rel=\"noopener\"><span style=\"font-weight: 400;\">la investigaci\u00f3n de BMC Public Health<\/span><\/a><span style=\"font-weight: 400;\"> , muchas personas contin\u00faan sufriendo dolor y un rango de movimiento limitado hasta cinco a\u00f1os despu\u00e9s de una lesi\u00f3n en el cuello como un latigazo cervical. No deber\u00eda tener que vivir con una calidad de vida disminuida debido a una lesi\u00f3n en el cuello, no cuando hay ayuda disponible.<\/span><\/p>\n<p><span style=\"font-weight: 400;\">Cuando deja una lesi\u00f3n en el cuello sin tratar, puede empeorar y potencialmente resultar en una p\u00e9rdida de movilidad a\u00fan mayor. Sin el tratamiento adecuado, tambi\u00e9n podr\u00edas sufrir de:<\/span><\/p>\n<ul>\n<li><span style=\"font-weight: 400;\"> \u00a0 \u00a0 <\/span><span style=\"font-weight: 400;\">V\u00e9rtigo<\/span><\/li>\n<li><span style=\"font-weight: 400;\"> \u00a0 \u00a0 <\/span><span style=\"font-weight: 400;\">dolores de cabeza cr\u00f3nicos<\/span><\/li>\n<li><span style=\"font-weight: 400;\"> \u00a0 \u00a0 <\/span><span style=\"font-weight: 400;\">La aparici\u00f3n de las migra\u00f1as<\/span><\/li>\n<li><span style=\"font-weight: 400;\"> \u00a0 \u00a0 <\/span><span style=\"font-weight: 400;\">Enfermedad degenerativa del disco<\/span><\/li>\n<li><span style=\"font-weight: 400;\"> \u00a0 \u00a0 <\/span><span style=\"font-weight: 400;\">Dolor de hombro irradiado<\/span><\/li>\n<\/ul>\n<p><span style=\"font-weight: 400;\">Si el dolor de su lesi\u00f3n en el cuello le impide trabajar o limita su capacidad para cuidarse a s\u00ed mismo o a su familia, nuestro equipo puede ayudarlo a dise\u00f1ar un plan de tratamiento integral. Sus objetivos de recuperaci\u00f3n nos ayudan a alinear nuestro enfoque para garantizar un resultado \u00f3ptimo.<\/span><\/p>\n<h2><b>Beneficios de la fisioterapia para pacientes con lesiones en el cuello<\/b><\/h2>\n<p><span style=\"font-weight: 400;\">Nuestro equipo de quiropr\u00e1ctica de atenci\u00f3n espec\u00edfica en Fort Myers est\u00e1 dedicado a la salud, el bienestar y la integridad de cada paciente que atendemos. Disponemos de un programa de tratamientos de lesiones cervicales dise\u00f1ado espec\u00edficamente para aliviar el dolor de cuello mediante tratamientos quiropr\u00e1cticos y fisioterap\u00e9uticos.<\/span><\/p>\n<p><span style=\"font-weight: 400;\">Las t\u00e9cnicas que componen la fisioterapia ayudan a nuestros pacientes a recuperar flexibilidad, movilidad, funcionalidad y amplitud de movimiento. Tambi\u00e9n combinamos la fisioterapia con las ventajas de los cuidados correctivos y los ajustes quiropr\u00e1cticos. Nuestro objetivo es que superes tu dolor y empieces a disfrutar de las actividades que elijas.<\/span><\/p>\n<p><img fetchpriority=\"high\" decoding=\"async\" class=\"alignnone wp-image-3227 size-full\" src=\"https:\/\/sc-chiro.com\/wp-content\/uploads\/2021\/10\/Fort-Myers-neck-injury-treatment.jpg\" alt=\"Physical therapy stretches, Fort Myers neck injury treatment\" width=\"500\" height=\"333\" srcset=\"https:\/\/sc-chiro.com\/wp-content\/uploads\/2021\/10\/Fort-Myers-neck-injury-treatment.jpg 500w, https:\/\/sc-chiro.com\/wp-content\/uploads\/2021\/10\/Fort-Myers-neck-injury-treatment-300x200.jpg 300w\" sizes=\"(max-width: 500px) 100vw, 500px\" \/><\/p>\n<h2><b>Tratamientos disponibles en nuestra sala de rehabilitaci\u00f3n<\/b><\/h2>\n<p><span style=\"font-weight: 400;\">Nuestro centro de salud y bienestar cuenta con una sala de rehabilitaci\u00f3n especialmente dise\u00f1ada donde nuestros pacientes participan en t\u00e9cnicas estrat\u00e9gicas de fisioterapia a largo plazo. Lo equipamos con herramientas beneficiosas como pelotas de ejercicio, placas vibratorias y pesas en diversos grados.<\/span><\/p>\n<h3><b>El masaje terap\u00e9utico puede ayudar<\/b><\/h3>\n<p><span style=\"font-weight: 400;\">Dise\u00f1amos nuestro tratamiento de masaje terap\u00e9utico para promover la relajaci\u00f3n y aliviar los m\u00fasculos del cuello desgarrados, adoloridos o r\u00edgidos. Cuando recibe un masaje terap\u00e9utico de nuestros t\u00e9cnicos especialmente capacitados, obtiene el beneficio de una funci\u00f3n mejorada del cuello y los hombros y un movimiento significativo y productivo.<\/span><\/p>\n<h3><b>Beneficios de la terapia de ultrasonido<\/b><\/h3>\n<p><span style=\"font-weight: 400;\">La terapia de ultrasonido es calmante, indolora y no invasiva. Utiliza tecnolog\u00eda de ondas de sonido para aliviar el dolor y estimular el aumento del flujo sangu\u00edneo. Nuestro personal se enfocar\u00e1 en \u00e1reas espec\u00edficas de lesiones o sitios de dolor para brindar una terapia concentrada justo donde la necesita.<\/span><\/p>\n<h3><b>Terapia de Estimulaci\u00f3n Muscular El\u00e9ctrica (E-STIM)<\/b><\/h3>\n<p><a href=\"https:\/\/www.uofmhealth.org\/health-library\/tn9286\" target=\"_blank\" rel=\"noopener\"><span style=\"font-weight: 400;\">La terapia E-STIM<\/span><\/a><span style=\"font-weight: 400;\"> consiste en enviar peque\u00f1os pulsos el\u00e9ctricos dentro y alrededor del \u00e1rea lesionada. Su objetivo es reparar el da\u00f1o del tejido muscular. Si bien alivia con mayor frecuencia el dolor causado por el movimiento repetitivo, puede ayudar con lesiones en el cuello de cualquier origen. Este tratamiento a menudo se combina con ejercicio terap\u00e9utico y masajes.<\/span><\/p>\n<h2><b>Lo que los pacientes de atenci\u00f3n quiropr\u00e1ctica espec\u00edfica tienen que decir<\/b><\/h2>\n<p><span style=\"font-weight: 400;\">Cuando trabajamos juntos para restaurar su salud, obtiene apoyo personalizado y receptivo junto con su plan de tratamiento. Los pacientes anteriores que ahora disfrutan de la recuperaci\u00f3n dijeron lo siguiente sobre nuestra pr\u00e1ctica:<\/span><\/p>\n<blockquote><p><span style=\"font-weight: 400;\">\u201cFui aqu\u00ed despu\u00e9s de mi primer accidente automovil\u00edstico. Fueron tan agradables y amables. Me encantaba ir all\u00ed. Se lo recomendar\u00eda a cualquiera.\u201d \u2014Emma Fields<\/span><\/p>\n<p><span style=\"font-weight: 400;\">\u201cTodos son tan amables e incre\u00edbles, \u00a1y realmente les importa si te sientes mejor! Recomendable 1.000%. \u00a1Este lugar es genial!\u201d \u2014Mike Noland<\/span><\/p>\n<p><span style=\"font-weight: 400;\">\u201cEste lugar es asombroso. Son muy acogedores y\u2026 puntuales y se aseguran de que te atiendan de la manera correcta\u201d. \u2014 Kiaralee Gonz\u00e1lez<\/span><\/p>\n<p><span style=\"font-weight: 400;\">\u201cMaravilloso equipo de m\u00e9dicos. El&#8230; personal es incre\u00edblemente amable y profesional. Amo a este equipo, gracias por hacernos sentir mejor\u201d. \u2014 Monneth Workman<\/span><\/p>\n<p><span style=\"font-weight: 400;\">\u201cQuiero agradecer a todos y cada uno de ustedes por hacer un esfuerzo adicional por m\u00ed\u2026 gracias por hacerme sentir c\u00f3modo\u2026 y escucharme\u201d. \u2014 Sandra Holness<\/span><\/p><\/blockquote>\n<p><span style=\"font-weight: 400;\">Puede recuperarse de una lesi\u00f3n en el cuello y recuperar su vida. Cuando est\u00e9 listo para hacerse cargo de su salud, nuestro equipo de atenci\u00f3n m\u00e9dica quiropr\u00e1ctica est\u00e1 listo para ayudarlo.<\/span><\/p>\n<p><span data-sheets-value=\"{&quot;1&quot;:2,&quot;2&quot;:&quot;&lt;div class=&quot;buttons&quot;&gt;\n        &lt;a class=&quot;content-number mid-page-call-click-button&quot; href=&quot;tel:2393699109&quot;&gt;Call us Now - 239-369-9109&lt;\/a&gt;\n        &lt;a class=&quot;content-number mid-page-form-click-button&quot; id=&quot;second-button&quot; href=&quot;#elementor-action%3Aaction%3Dpopup%3Aopen%26settings%3DeyJpZCI6MTkxOSwidG9nZ2xlIjpmYWxzZX0%3D&quot;&gt;Contact Us!&lt;\/a&gt;\n    &lt;\/div&gt;&quot;}\" data-sheets-userformat=\"{&quot;2&quot;:513,&quot;3&quot;:{&quot;1&quot;:0},&quot;12&quot;:0}\"><div class=\"buttons\">\n        <a class=\"content-number mid-page-call-click-button\" href=\"tel:2393699109\">Call us Now - 239-369-9109<\/a>\n        <a class=\"content-number mid-page-form-click-button\" id=\"second-button\" href=\"#elementor-action%3Aaction%3Dpopup%3Aopen%26settings%3DeyJpZCI6MTkxOSwidG9nZ2xlIjpmYWxzZX0%3D\">Contact Us!<\/a>\n    <\/div><\/span><\/p>\n<h2><b>P\u00f3ngase en contacto con nuestro equipo de tratamiento de lesiones de cuello de Fort Myers hoy<\/b><\/h2>\n<p><span style=\"font-weight: 400;\">\u00bfSe lesion\u00f3 usted o un ser querido en un accidente o en el trabajo? No tiene que vivir para siempre con las limitaciones de su lesi\u00f3n. Para obtener m\u00e1s informaci\u00f3n sobre los tratamientos para lesiones en el cuello que pueden restaurar su salud y bienestar, comun\u00edquese con uno de los miembros de nuestro equipo de <\/span><a href=\"https:\/\/sc-chiro.com\/es\/\"><span style=\"font-weight: 400;\">quiropr\u00e1ctica de atenci\u00f3n espec\u00edfica<\/span><\/a><span style=\"font-weight: 400;\"> llamando al <a href=\"tel:239-369-9109\">239-369-9109<\/a> hoy.<\/span><\/p>\n","protected":false},"excerpt":{"rendered":"<p>\u00bfEst\u00e1 usted o alguien que usted quiere luchando con una lesi\u00f3n en el cuello? \u00bfVives con dolor y rigidez cada vez que giras la cabeza o mueves los hombros? Una lesi\u00f3n en el cuello puede provocar dolor a largo plazo, malestar f\u00edsico y discapacidad continua. Aunque el dolor de cuello es una queja com\u00fan, no [&hellip;]<\/p>\n","protected":false},"author":36,"featured_media":0,"parent":4013,"menu_order":0,"comment_status":"closed","ping_status":"closed","template":"","meta":{"_acf_changed":false,"footnotes":""},"categories":[78],"tags":[65],"class_list":["post-4076","page","type-page","status-publish","hentry","category-fort-myers-ubicacion","tag-lesion-en-el-cuello"],"acf":[],"_links":{"self":[{"href":"https:\/\/sc-chiro.com\/es\/wp-json\/wp\/v2\/pages\/4076","targetHints":{"allow":["GET"]}}],"collection":[{"href":"https:\/\/sc-chiro.com\/es\/wp-json\/wp\/v2\/pages"}],"about":[{"href":"https:\/\/sc-chiro.com\/es\/wp-json\/wp\/v2\/types\/page"}],"author":[{"embeddable":true,"href":"https:\/\/sc-chiro.com\/es\/wp-json\/wp\/v2\/users\/36"}],"replies":[{"embeddable":true,"href":"https:\/\/sc-chiro.com\/es\/wp-json\/wp\/v2\/comments?post=4076"}],"version-history":[{"count":0,"href":"https:\/\/sc-chiro.com\/es\/wp-json\/wp\/v2\/pages\/4076\/revisions"}],"up":[{"embeddable":true,"href":"https:\/\/sc-chiro.com\/es\/wp-json\/wp\/v2\/pages\/4013"}],"wp:attachment":[{"href":"https:\/\/sc-chiro.com\/es\/wp-json\/wp\/v2\/media?parent=4076"}],"wp:term":[{"taxonomy":"category","embeddable":true,"href":"https:\/\/sc-chiro.com\/es\/wp-json\/wp\/v2\/categories?post=4076"},{"taxonomy":"post_tag","embeddable":true,"href":"https:\/\/sc-chiro.com\/es\/wp-json\/wp\/v2\/tags?post=4076"}],"curies":[{"name":"wp","href":"https:\/\/api.w.org\/{rel}","templated":true}]}}