{"id":4075,"date":"2021-11-15T20:54:25","date_gmt":"2021-11-15T20:54:25","guid":{"rendered":"https:\/\/qod-scchiro.local\/fort-myers\/muscle-strains-treatments\/"},"modified":"2023-11-01T20:12:47","modified_gmt":"2023-11-01T20:12:47","slug":"tratamientos-distensiones-musculares","status":"publish","type":"page","link":"https:\/\/sc-chiro.com\/es\/fort-myers\/tratamientos-distensiones-musculares\/","title":{"rendered":"Tratamientos de Distensiones Musculares de Fort Myers"},"content":{"rendered":"<p><span style=\"font-weight: 400;\">Si usted o un ser querido se desgarr\u00f3 un m\u00fasculo y ahora tiene una lesi\u00f3n por distensi\u00f3n muscular, nuestros quiropr\u00e1cticos en Specific Care Chiropractic quieren tratarlo. Practicamos varias <\/span><a href=\"https:\/\/sc-chiro.com\/es\/fort-myers\/ajustes-quiropracticos\/\"><span style=\"font-weight: 400;\">t\u00e9cnicas de ajuste quiropr\u00e1ctico<\/span><\/a><span style=\"font-weight: 400;\"> y fisioterapia para tratar a nuestros pacientes. Tambi\u00e9n creamos planes de recuperaci\u00f3n para ayudarlos a recuperar la fuerza muscular y la flexibilidad.<\/span><span style=\"font-weight: 400;\">\u00a0<\/span><\/p>\n<p><span style=\"font-weight: 400;\">Tenemos m\u00faltiples instalaciones en Florida, incluido Fort Myers. Puede programar su primera cita de tratamiento de distensiones musculares de Fort Myers con nosotros, y comenzaremos a analizar c\u00f3mo obtuvo su lesi\u00f3n y cu\u00e1nto tiempo ha experimentado dolor y otros s\u00edntomas negativos. Tambi\u00e9n discutiremos otros aspectos de su historial m\u00e9dico y estilo de vida personal para que podamos crear un plan de tratamiento adecuado para usted.<\/span><\/p>\n<p><span style=\"font-weight: 400;\">\t\t<div data-elementor-type=\"section\" data-elementor-id=\"3935\" class=\"elementor elementor-3935\" data-elementor-post-type=\"elementor_library\">\n\t\t\t\t\t<section class=\"elementor-section elementor-top-section elementor-element elementor-element-bef2904 elementor-section-boxed elementor-section-height-default elementor-section-height-default\" data-id=\"bef2904\" data-element_type=\"section\" data-e-type=\"section\">\n\t\t\t\t\t\t<div class=\"elementor-container elementor-column-gap-default\">\n\t\t\t\t\t<div class=\"elementor-column elementor-col-100 elementor-top-column elementor-element elementor-element-57dcad5 section-toc\" data-id=\"57dcad5\" data-element_type=\"column\" data-e-type=\"column\">\n\t\t\t<div class=\"elementor-widget-wrap elementor-element-populated\">\n\t\t\t\t\t\t<div class=\"elementor-element elementor-element-0c49dfc elementor-toc--minimized-on-tablet elementor-widget elementor-widget-table-of-contents\" data-id=\"0c49dfc\" data-element_type=\"widget\" data-e-type=\"widget\" data-settings=\"{&quot;exclude_headings_by_selector&quot;:&quot;.toc-remove&quot;,&quot;headings_by_tags&quot;:[&quot;h2&quot;,&quot;h3&quot;,&quot;h4&quot;,&quot;h5&quot;,&quot;h6&quot;],&quot;marker_view&quot;:&quot;numbers&quot;,&quot;no_headings_message&quot;:&quot;No se ha encontrado ning\\u00fan encabezado en esta p\\u00e1gina.&quot;,&quot;minimize_box&quot;:&quot;yes&quot;,&quot;minimized_on&quot;:&quot;tablet&quot;,&quot;hierarchical_view&quot;:&quot;yes&quot;,&quot;min_height&quot;:{&quot;unit&quot;:&quot;px&quot;,&quot;size&quot;:&quot;&quot;,&quot;sizes&quot;:[]},&quot;min_height_tablet&quot;:{&quot;unit&quot;:&quot;px&quot;,&quot;size&quot;:&quot;&quot;,&quot;sizes&quot;:[]},&quot;min_height_mobile&quot;:{&quot;unit&quot;:&quot;px&quot;,&quot;size&quot;:&quot;&quot;,&quot;sizes&quot;:[]}}\" data-widget_type=\"table-of-contents.default\">\n\t\t\t\t<div class=\"elementor-widget-container\">\n\t\t\t\t\t\t\t\t\t<div class=\"elementor-toc__header\">\n\t\t\t\t\t\t<h4 class=\"elementor-toc__header-title\">\n\t\t\t\tTabla de Contenidos\t\t\t<\/h4>\n\t\t\t\t\t\t\t\t\t\t<div class=\"elementor-toc__toggle-button elementor-toc__toggle-button--expand\" role=\"button\" tabindex=\"0\" aria-controls=\"elementor-toc__0c49dfc\" aria-expanded=\"true\" aria-label=\"Abrir la tabla de contenidos\"><i aria-hidden=\"true\" class=\"fas fa-chevron-down\"><\/i><\/div>\n\t\t\t\t<div class=\"elementor-toc__toggle-button elementor-toc__toggle-button--collapse\" role=\"button\" tabindex=\"0\" aria-controls=\"elementor-toc__0c49dfc\" aria-expanded=\"true\" aria-label=\"Cerrar la tabla de contenidos\"><i aria-hidden=\"true\" class=\"fas fa-chevron-up\"><\/i><\/div>\n\t\t\t\t\t<\/div>\n\t\t\t\t<div id=\"elementor-toc__0c49dfc\" class=\"elementor-toc__body\">\n\t\t\t<div class=\"elementor-toc__spinner-container\">\n\t\t\t\t<i class=\"elementor-toc__spinner eicon-animation-spin eicon-loading\" aria-hidden=\"true\"><\/i>\t\t\t<\/div>\n\t\t<\/div>\n\t\t\t\t\t\t<\/div>\n\t\t\t\t<\/div>\n\t\t\t\t\t<\/div>\n\t\t<\/div>\n\t\t\t\t\t<\/div>\n\t\t<\/section>\n\t\t\t\t<\/div>\n\t\t<\/span><\/p>\n<h2><b>Utilizamos atenci\u00f3n quiropr\u00e1ctica para tratar lesiones musculoesquel\u00e9ticas como distensiones musculares<\/b><\/h2>\n<p><span style=\"font-weight: 400;\">Muchas personas asocian la atenci\u00f3n quiropr\u00e1ctica con lesiones relacionadas con la columna vertebral; sin embargo, esta forma de tratamiento m\u00e9dico tambi\u00e9n puede aliviar el dolor en los m\u00fasculos, tendones y ligamentos. Por ejemplo, si sufri\u00f3 una distensi\u00f3n muscular en la parte inferior de la espalda, podemos usar una t\u00e9cnica de ajuste quiropr\u00e1ctico de postura lateral para aliviar el dolor en esa \u00e1rea y en otras partes de la columna.<\/span><\/p>\n<p><span data-sheets-value=\"{&quot;1&quot;:2,&quot;2&quot;:&quot;&lt;div class=&quot;buttons&quot;&gt;\n        &lt;a class=&quot;content-number mid-page-call-click-button&quot; href=&quot;tel:2393699109&quot;&gt;Call us Now - 239-369-9109&lt;\/a&gt;\n        &lt;a class=&quot;content-number mid-page-form-click-button&quot; id=&quot;second-button&quot; href=&quot;#elementor-action%3Aaction%3Dpopup%3Aopen%26settings%3DeyJpZCI6MTkxOSwidG9nZ2xlIjpmYWxzZX0%3D&quot;&gt;Contact Us!&lt;\/a&gt;\n    &lt;\/div&gt;&quot;}\" data-sheets-userformat=\"{&quot;2&quot;:513,&quot;3&quot;:{&quot;1&quot;:0},&quot;12&quot;:0}\"><div class=\"buttons\">\n        <a class=\"content-number mid-page-call-click-button\" href=\"tel:2393699109\">Call us Now - 239-369-9109<\/a>\n        <a class=\"content-number mid-page-form-click-button\" id=\"second-button\" href=\"#elementor-action%3Aaction%3Dpopup%3Aopen%26settings%3DeyJpZCI6MTkxOSwidG9nZ2xlIjpmYWxzZX0%3D\">Contact Us!<\/a>\n    <\/div><\/span><\/p>\n<p><span style=\"font-weight: 400;\">Nuestras t\u00e9cnicas quiropr\u00e1cticas incluyen:<\/span><\/p>\n<h3><b>Diversificado<\/b><\/h3>\n<p><span style=\"font-weight: 400;\">Esta es una t\u00e9cnica est\u00e1ndar para la manipulaci\u00f3n espinal. Aborda la cavitaci\u00f3n articular, que ocurre cuando el l\u00edquido sinovial dentro de las articulaciones libera gas, generalmente despu\u00e9s de haber sido empujado fuera de la alineaci\u00f3n de la columna vertebral.<\/span><\/p>\n<h3><b>Sentado Diversificado<\/b><\/h3>\n<p><span style=\"font-weight: 400;\">Esta es una forma alterada de la t\u00e9cnica diversificada que permite a los pacientes sentarse erguidos en una silla. Esto trata las lesiones en el cuello y los hombros, pero tambi\u00e9n puede ayudar a los pacientes que sufren de dolor lumbar.<\/span><\/p>\n<h3><b>Postura Lateral<\/b><\/h3>\n<p><span style=\"font-weight: 400;\">Como se mencion\u00f3, la t\u00e9cnica de la postura lateral hace que los pacientes se acuesten de costado con una rodilla doblada hacia adelante. Esta t\u00e9cnica alivia el dolor en la zona lumbar o p\u00e9lvica.<\/span><\/p>\n<h3><b>T\u00e9cnica de mesa abatible de Thompson<\/b><\/h3>\n<p><span style=\"font-weight: 400;\">Esta t\u00e9cnica fue desarrollada por el Dr. J. Clay Thompson e implica realizar ajustes quiropr\u00e1cticos en una mesa desplegable.<\/span><\/p>\n<h3><b>Rodilla-Pecho<\/b><\/h3>\n<p><span style=\"font-weight: 400;\">Si sufri\u00f3 una distensi\u00f3n muscular en el cuello o la cabeza, podemos usar la t\u00e9cnica de la rodilla en el pecho para tratar estas lesiones. Los pacientes colocan su pecho sobre la mesa de ajuste para esta t\u00e9cnica.<\/span><\/p>\n<h3><b>Extremidades Manuales<\/b><\/h3>\n<p><span style=\"font-weight: 400;\">La manipulaci\u00f3n de las extremidades implica realizar ajustes en partes del sistema esquel\u00e9tico ubicadas fuera de la columna vertebral, que incluyen las caderas, los hombros, los codos, las rodillas, las manos y los pies. Estas \u00e1reas a menudo experimentan distensiones musculares durante las actividades deportivas y laborales, por lo que podemos usar este tratamiento para tratar su dolor.<\/span><\/p>\n<h3><b>Alternar Retroceso<\/b><\/h3>\n<p><span style=\"font-weight: 400;\">Para los pacientes que pueden ser sensibles a los ajustes quiropr\u00e1cticos, podemos usar la t\u00e9cnica de retroceso de palanca, que es un enfoque m\u00e1s suave. Esta t\u00e9cnica puede ser buena si sus lesiones son relativamente menores y no necesitan una manipulaci\u00f3n extensa para el tratamiento.<\/span><\/p>\n<p><span style=\"font-weight: 400;\">Nuestro centro puede explicarle estas t\u00e9cnicas con m\u00e1s detalle antes de que cualquiera de nuestros m\u00e9dicos las realice con usted. Creemos en mantener a nuestros pacientes c\u00f3modos, por lo que si alguna vez tiene preguntas sobre su plan de tratamiento, estaremos encantados de responder.<\/span><\/p>\n<p><img fetchpriority=\"high\" decoding=\"async\" class=\"alignnone wp-image-3365 size-full\" src=\"https:\/\/sc-chiro.com\/wp-content\/uploads\/2021\/11\/Fort-Myers-muscle-strains-treatment.jpg\" alt=\"Fort Myers muscle strains treatment concept photo, chiropractor exam\" width=\"500\" height=\"333\" srcset=\"https:\/\/sc-chiro.com\/wp-content\/uploads\/2021\/11\/Fort-Myers-muscle-strains-treatment.jpg 500w, https:\/\/sc-chiro.com\/wp-content\/uploads\/2021\/11\/Fort-Myers-muscle-strains-treatment-300x200.jpg 300w\" sizes=\"(max-width: 500px) 100vw, 500px\" \/><\/p>\n<h2><b>La Fisioterapia Puede ayudar a los pacientes con distensiones musculares a reconstruir el tejido da\u00f1ado<\/b><\/h2>\n<p><span style=\"font-weight: 400;\">La fisioterapia, tambi\u00e9n conocida como fisioterapia, es una forma crucial de tratamiento para las distensiones musculares, ya que estas terapias ayudan a regenerar el tejido muscular. Los pacientes pueden recuperar la movilidad en el \u00e1rea afectada y luego desarrollar gradualmente fuerza y \u200b\u200bflexibilidad en sus tendones, lo que les permite regresar a sus actividades habituales, como el trabajo o las rutinas de ejercicio.<\/span><\/p>\n<p><span style=\"font-weight: 400;\">A menudo utilizamos estas <\/span><a href=\"https:\/\/sc-chiro.com\/es\/fort-myers\/servicios-fisioterapia\/\"><span style=\"font-weight: 400;\">t\u00e9cnicas de fisioterapia<\/span><\/a><span style=\"font-weight: 400;\"> para tratar las lesiones por distensi\u00f3n muscular:<\/span><\/p>\n<h3><b>Terapia de Masajes<\/b><\/h3>\n<p><span style=\"font-weight: 400;\">Nuestros m\u00e9dicos usan masajes para estimular la circulaci\u00f3n sangu\u00ednea, la elasticidad muscular y la regeneraci\u00f3n de tejidos.<\/span><\/p>\n<h3><b>Ejercicios de Estiramiento y Fortalecimiento<\/b><\/h3>\n<p><span style=\"font-weight: 400;\">A medida que sus tendones y m\u00fasculos sanen, deber\u00e1 implementar ejercicios seguros para fortalecer estas partes y poder volver a sus actividades anteriores. Por ejemplo, si experiment\u00f3 una distensi\u00f3n muscular en el pie, es posible que le ense\u00f1emos estiramientos de pies y piernas. Puede hacer esto para caminar sin experimentar molestias durante su recuperaci\u00f3n.<\/span><\/p>\n<h3><b>Terapia de Ultrasonido<\/b><\/h3>\n<p><a href=\"https:\/\/www.verywellhealth.com\/what-is-ultrasound-therapy-2564506\" target=\"_blank\" rel=\"noopener\"><span style=\"font-weight: 400;\">La terapia de ultrasonido<\/span><\/a><span style=\"font-weight: 400;\"> consiste en apuntar al \u00e1rea de la lesi\u00f3n con ondas sonoras. Estas ondas sonoras fomentan el crecimiento de tejido a trav\u00e9s de la estimulaci\u00f3n y pueden ayudar a relajar los m\u00fasculos.<\/span><\/p>\n<h3><b>Terapia de Estimulaci\u00f3n Muscular El\u00e9ctrica (E-STIM)<\/b><\/h3>\n<p><span style=\"font-weight: 400;\">La terapia E-STIM funciona de manera similar a la terapia de ultrasonido pero utiliza pulsos el\u00e9ctricos en su lugar. Estos pulsos son ligeros y se dirigen directamente al tejido da\u00f1ado para acelerar el proceso de curaci\u00f3n. Si su distensi\u00f3n muscular tambi\u00e9n tiene da\u00f1o en los nervios que rodean el sitio de la lesi\u00f3n, esta terapia puede ayudar a reducir el dolor en los nervios.<\/span><\/p>\n<p><span style=\"font-weight: 400;\">Nuestro <\/span><a href=\"https:\/\/sc-chiro.com\/es\/fort-myers\/\"><span style=\"font-weight: 400;\">centro de Fort Myers<\/span><\/a><span style=\"font-weight: 400;\"> tambi\u00e9n puede dirigirlo a nuestra sala de rehabilitaci\u00f3n para mostrarle c\u00f3mo realizar ejercicios en casa sin causar m\u00e1s da\u00f1o a su cuerpo. Esto tambi\u00e9n puede ayudarnos a ver d\u00f3nde podemos mejorar su r\u00e9gimen de tratamiento en funci\u00f3n de los ejercicios con los que tiene problemas o que ya no satisfacen sus necesidades.<\/span><a href=\"https:\/\/translate.google.com\/translate?hl=es&amp;prev=_t&amp;sl=en&amp;tl=es&amp;u=https:\/\/sc-chiro.com\/fort-myers\/\"><span style=\"font-weight: 400;\">\u00a0<\/span><\/a><\/p>\n<h2><b>\u00bfEs Eficaz la Fisioterapia?<\/b><\/h2>\n<p><span style=\"font-weight: 400;\">Si. El <\/span><a href=\"https:\/\/pubmed.ncbi.nlm.nih.gov\/10863249\/\" target=\"_blank\" rel=\"noopener\"><i><span style=\"font-weight: 400;\">Journal of Manipulative and Physiological Therapeutics<\/span><\/i><\/a><span style=\"font-weight: 400;\"> public\u00f3 un informe sobre un estudio que encontr\u00f3 que los pacientes con distensiones musculares en la parte baja de la espalda o el cuello que participaron en fisioterapia redujeron en gran medida sus niveles de dolor, ya sea que su dolor fuera agudo o cr\u00f3nico. Los resultados tambi\u00e9n encontraron que los pacientes con dolor de cuello mec\u00e1nico experimentaron menos dolores de cabeza y una reducci\u00f3n de la discapacidad relacionada con el dolor.<\/span><\/p>\n<p><span data-sheets-value=\"{&quot;1&quot;:2,&quot;2&quot;:&quot;&lt;div class=&quot;buttons&quot;&gt;\n        &lt;a class=&quot;content-number mid-page-call-click-button&quot; href=&quot;tel:2393699109&quot;&gt;Call us Now - 239-369-9109&lt;\/a&gt;\n        &lt;a class=&quot;content-number mid-page-form-click-button&quot; id=&quot;second-button&quot; href=&quot;#elementor-action%3Aaction%3Dpopup%3Aopen%26settings%3DeyJpZCI6MTkxOSwidG9nZ2xlIjpmYWxzZX0%3D&quot;&gt;Contact Us!&lt;\/a&gt;\n    &lt;\/div&gt;&quot;}\" data-sheets-userformat=\"{&quot;2&quot;:513,&quot;3&quot;:{&quot;1&quot;:0},&quot;12&quot;:0}\"><div class=\"buttons\">\n        <a class=\"content-number mid-page-call-click-button\" href=\"tel:2393699109\">Call us Now - 239-369-9109<\/a>\n        <a class=\"content-number mid-page-form-click-button\" id=\"second-button\" href=\"#elementor-action%3Aaction%3Dpopup%3Aopen%26settings%3DeyJpZCI6MTkxOSwidG9nZ2xlIjpmYWxzZX0%3D\">Contact Us!<\/a>\n    <\/div><\/span><\/p>\n<h2><b>Obtenga Tratamiento para Distensiones Musculares de Fort Myers en Specific Care Chiropractic<\/b><\/h2>\n<p><span style=\"font-weight: 400;\">En <\/span><a href=\"https:\/\/sc-chiro.com\/es\/\"><span style=\"font-weight: 400;\">Specific Care Chiropractic<\/span><\/a><span style=\"font-weight: 400;\">, podemos tratar su distensi\u00f3n muscular y ayudarlo a recuperar la movilidad en el \u00e1rea afectada. Llame al <a href=\"tel:239-369-9109\">239-369-9109<\/a> hoy o cont\u00e1ctenos en l\u00ednea para programar su primera cita. Recibir\u00e1 un examen f\u00edsico y una consulta directa con uno de nuestros m\u00e9dicos sobre c\u00f3mo sufri\u00f3 su lesi\u00f3n.<\/span><\/p>\n<p><span style=\"font-weight: 400;\">Dependiendo de la gravedad de su lesi\u00f3n, tambi\u00e9n podemos solicitar exploraciones de rayos X para usarlas como referencia al crear su plan de tratamiento. Nuestras <\/span><a href=\"https:\/\/sc-chiro.com\/es\/fort-myers\/\"><span style=\"font-weight: 400;\">instalaciones de Fort Myers<\/span><\/a><span style=\"font-weight: 400;\"> est\u00e1n ubicadas en la esquina de Evans Avenue y Winkler Avenue, cerca de Metro Park. Esperamos poder ayudarlo a comenzar su recuperaci\u00f3n f\u00edsica.<\/span><\/p>\n","protected":false},"excerpt":{"rendered":"<p>Si usted o un ser querido se desgarr\u00f3 un m\u00fasculo y ahora tiene una lesi\u00f3n por distensi\u00f3n muscular, nuestros quiropr\u00e1cticos en Specific Care Chiropractic quieren tratarlo. Practicamos varias t\u00e9cnicas de ajuste quiropr\u00e1ctico y fisioterapia para tratar a nuestros pacientes. Tambi\u00e9n creamos planes de recuperaci\u00f3n para ayudarlos a recuperar la fuerza muscular y la flexibilidad.\u00a0 Tenemos [&hellip;]<\/p>\n","protected":false},"author":36,"featured_media":6069,"parent":4013,"menu_order":0,"comment_status":"closed","ping_status":"closed","template":"","meta":{"_acf_changed":false,"footnotes":""},"categories":[78],"tags":[64],"class_list":["post-4075","page","type-page","status-publish","has-post-thumbnail","hentry","category-fort-myers-ubicacion","tag-tension-muscular"],"acf":[],"_links":{"self":[{"href":"https:\/\/sc-chiro.com\/es\/wp-json\/wp\/v2\/pages\/4075","targetHints":{"allow":["GET"]}}],"collection":[{"href":"https:\/\/sc-chiro.com\/es\/wp-json\/wp\/v2\/pages"}],"about":[{"href":"https:\/\/sc-chiro.com\/es\/wp-json\/wp\/v2\/types\/page"}],"author":[{"embeddable":true,"href":"https:\/\/sc-chiro.com\/es\/wp-json\/wp\/v2\/users\/36"}],"replies":[{"embeddable":true,"href":"https:\/\/sc-chiro.com\/es\/wp-json\/wp\/v2\/comments?post=4075"}],"version-history":[{"count":0,"href":"https:\/\/sc-chiro.com\/es\/wp-json\/wp\/v2\/pages\/4075\/revisions"}],"up":[{"embeddable":true,"href":"https:\/\/sc-chiro.com\/es\/wp-json\/wp\/v2\/pages\/4013"}],"wp:featuredmedia":[{"embeddable":true,"href":"https:\/\/sc-chiro.com\/es\/wp-json\/wp\/v2\/media\/6069"}],"wp:attachment":[{"href":"https:\/\/sc-chiro.com\/es\/wp-json\/wp\/v2\/media?parent=4075"}],"wp:term":[{"taxonomy":"category","embeddable":true,"href":"https:\/\/sc-chiro.com\/es\/wp-json\/wp\/v2\/categories?post=4075"},{"taxonomy":"post_tag","embeddable":true,"href":"https:\/\/sc-chiro.com\/es\/wp-json\/wp\/v2\/tags?post=4075"}],"curies":[{"name":"wp","href":"https:\/\/api.w.org\/{rel}","templated":true}]}}