{"id":4074,"date":"2021-10-12T14:51:54","date_gmt":"2021-10-12T14:51:54","guid":{"rendered":"https:\/\/qod-scchiro.local\/fort-myers\/herniated-disc-treatment\/"},"modified":"2023-06-19T10:52:48","modified_gmt":"2023-06-19T10:52:48","slug":"tratamiento-hernia-discal","status":"publish","type":"page","link":"https:\/\/sc-chiro.com\/es\/fort-myers\/tratamiento-hernia-discal\/","title":{"rendered":"Tratamiento de Hernia Discal de Fort Myers"},"content":{"rendered":"<p><span style=\"font-weight: 400;\">Cuando est\u00e9 listo para vivir sin el dolor incapacitante de una hernia de disco, nuestro equipo est\u00e1 aqu\u00ed para ayudarlo. Nuestros profesionales de tratamiento de hernias discales de Fort Myers en Specific Care Chiropractic usan su historial m\u00e9dico, su condici\u00f3n actual y su propio cuerpo para ayudar a restaurar su salud y movilidad.<\/span><\/p>\n<p><span style=\"font-weight: 400;\">Si est\u00e1 luchando para hacer frente a una hernia de disco, estamos de su lado. Cuando visite nuestro <\/span><a href=\"https:\/\/sc-chiro.com\/es\/fort-myers\/\"><span style=\"font-weight: 400;\">Centro Quiropr\u00e1ctico de Fort Myers<\/span><\/a><span style=\"font-weight: 400;\">, una de las primeras cosas que le preguntaremos es si sabe c\u00f3mo ocurri\u00f3 su lesi\u00f3n. Si su lesi\u00f3n ocurri\u00f3 debido a un accidente automovil\u00edstico, ca\u00edda accidental o agresi\u00f3n f\u00edsica, nuestro equipo tambi\u00e9n puede trabajar con su representante legal a pedido suyo.<\/span><\/p>\n<p><span style=\"font-weight: 400;\">\t\t<div data-elementor-type=\"section\" data-elementor-id=\"3935\" class=\"elementor elementor-3935\" data-elementor-post-type=\"elementor_library\">\n\t\t\t\t\t<section class=\"elementor-section elementor-top-section elementor-element elementor-element-bef2904 elementor-section-boxed elementor-section-height-default elementor-section-height-default\" data-id=\"bef2904\" data-element_type=\"section\" data-e-type=\"section\">\n\t\t\t\t\t\t<div class=\"elementor-container elementor-column-gap-default\">\n\t\t\t\t\t<div class=\"elementor-column elementor-col-100 elementor-top-column elementor-element elementor-element-57dcad5 section-toc\" data-id=\"57dcad5\" data-element_type=\"column\" data-e-type=\"column\">\n\t\t\t<div class=\"elementor-widget-wrap elementor-element-populated\">\n\t\t\t\t\t\t<div class=\"elementor-element elementor-element-0c49dfc elementor-toc--minimized-on-tablet elementor-widget elementor-widget-table-of-contents\" data-id=\"0c49dfc\" data-element_type=\"widget\" data-e-type=\"widget\" data-settings=\"{&quot;exclude_headings_by_selector&quot;:&quot;.toc-remove&quot;,&quot;headings_by_tags&quot;:[&quot;h2&quot;,&quot;h3&quot;,&quot;h4&quot;,&quot;h5&quot;,&quot;h6&quot;],&quot;marker_view&quot;:&quot;numbers&quot;,&quot;no_headings_message&quot;:&quot;No se ha encontrado ning\\u00fan encabezado en esta p\\u00e1gina.&quot;,&quot;minimize_box&quot;:&quot;yes&quot;,&quot;minimized_on&quot;:&quot;tablet&quot;,&quot;hierarchical_view&quot;:&quot;yes&quot;,&quot;min_height&quot;:{&quot;unit&quot;:&quot;px&quot;,&quot;size&quot;:&quot;&quot;,&quot;sizes&quot;:[]},&quot;min_height_tablet&quot;:{&quot;unit&quot;:&quot;px&quot;,&quot;size&quot;:&quot;&quot;,&quot;sizes&quot;:[]},&quot;min_height_mobile&quot;:{&quot;unit&quot;:&quot;px&quot;,&quot;size&quot;:&quot;&quot;,&quot;sizes&quot;:[]}}\" data-widget_type=\"table-of-contents.default\">\n\t\t\t\t<div class=\"elementor-widget-container\">\n\t\t\t\t\t\t\t\t\t<div class=\"elementor-toc__header\">\n\t\t\t\t\t\t<h4 class=\"elementor-toc__header-title\">\n\t\t\t\tTabla de Contenidos\t\t\t<\/h4>\n\t\t\t\t\t\t\t\t\t\t<div class=\"elementor-toc__toggle-button elementor-toc__toggle-button--expand\" role=\"button\" tabindex=\"0\" aria-controls=\"elementor-toc__0c49dfc\" aria-expanded=\"true\" aria-label=\"Abrir la tabla de contenidos\"><i aria-hidden=\"true\" class=\"fas fa-chevron-down\"><\/i><\/div>\n\t\t\t\t<div class=\"elementor-toc__toggle-button elementor-toc__toggle-button--collapse\" role=\"button\" tabindex=\"0\" aria-controls=\"elementor-toc__0c49dfc\" aria-expanded=\"true\" aria-label=\"Cerrar la tabla de contenidos\"><i aria-hidden=\"true\" class=\"fas fa-chevron-up\"><\/i><\/div>\n\t\t\t\t\t<\/div>\n\t\t\t\t<div id=\"elementor-toc__0c49dfc\" class=\"elementor-toc__body\">\n\t\t\t<div class=\"elementor-toc__spinner-container\">\n\t\t\t\t<i class=\"elementor-toc__spinner eicon-animation-spin eicon-loading\" aria-hidden=\"true\"><\/i>\t\t\t<\/div>\n\t\t<\/div>\n\t\t\t\t\t\t<\/div>\n\t\t\t\t<\/div>\n\t\t\t\t\t<\/div>\n\t\t<\/div>\n\t\t\t\t\t<\/div>\n\t\t<\/section>\n\t\t\t\t<\/div>\n\t\t<\/span><\/p>\n<h2><b>Fisioterapia para Pacientes con Hernia de Disco<\/b><\/h2>\n<p><span style=\"font-weight: 400;\">Seg\u00fan <\/span><a href=\"https:\/\/www.mayoclinic.org\/diseases-conditions\/herniated-disk\/diagnosis-treatment\/drc-20354101\" target=\"_blank\" rel=\"noopener\"><span style=\"font-weight: 400;\">la investigaci\u00f3n de Mayo Clinic<\/span><\/a><span style=\"font-weight: 400;\">, la cirug\u00eda rara vez es necesaria para tratar una hernia de disco; los tratamientos m\u00e1s conservadores como los que brindamos suelen ser efectivos. En Specific Care Chiropractic, podemos crear un plan de tratamiento individualizado para usted que puede incluir:<\/span><a href=\"https:\/\/translate.google.com\/translate?hl=es&amp;prev=_t&amp;sl=en&amp;tl=es&amp;u=https:\/\/www.mayoclinic.org\/diseases-conditions\/herniated-disk\/diagnosis-treatment\/drc-20354101\" target=\"_blank\" rel=\"noopener\"><span style=\"font-weight: 400;\">\u00a0<\/span><\/a><\/p>\n<ul>\n<li><span style=\"font-weight: 400;\"> \u00a0 \u00a0 <\/span><span style=\"font-weight: 400;\">Manipulaci\u00f3n y ajustes quiropr\u00e1cticos de la columna<\/span><\/li>\n<li><span style=\"font-weight: 400;\"> \u00a0 \u00a0 <\/span><span style=\"font-weight: 400;\">Terapia de Estimulaci\u00f3n Muscular El\u00e9ctrica (E-STIM)<\/span><\/li>\n<li><span style=\"font-weight: 400;\"> \u00a0 \u00a0 <\/span><span style=\"font-weight: 400;\">Programas de ejercicios de rehabilitaci\u00f3n.<\/span><\/li>\n<\/ul>\n<p><span style=\"font-weight: 400;\">Nuestro equipo de hernia de disco ordena ex\u00e1menes de im\u00e1genes como radiograf\u00edas, resonancias magn\u00e9ticas y tomograf\u00edas computarizadas para ver qu\u00e9 sucede dentro de su cuerpo. Hacerlo nos ayuda a desarrollar el programa de fisioterapia adecuado para usted. Trabajamos arduamente para garantizar que obtenga el plan de tratamiento adecuado y elija las opciones de fisioterapia para brindarle los mejores resultados.<\/span><\/p>\n<p><span data-sheets-value=\"{&quot;1&quot;:2,&quot;2&quot;:&quot;&lt;div class=&quot;buttons&quot;&gt;\n        &lt;a class=&quot;content-number mid-page-call-click-button&quot; href=&quot;tel:2393699109&quot;&gt;Call us Now - 239-369-9109&lt;\/a&gt;\n        &lt;a class=&quot;content-number mid-page-form-click-button&quot; id=&quot;second-button&quot; href=&quot;#elementor-action%3Aaction%3Dpopup%3Aopen%26settings%3DeyJpZCI6MTkxOSwidG9nZ2xlIjpmYWxzZX0%3D&quot;&gt;Contact Us!&lt;\/a&gt;\n    &lt;\/div&gt;&quot;}\" data-sheets-userformat=\"{&quot;2&quot;:513,&quot;3&quot;:{&quot;1&quot;:0},&quot;12&quot;:0}\"><div class=\"buttons\">\n        <a class=\"content-number mid-page-call-click-button\" href=\"tel:2393699109\">Call us Now - 239-369-9109<\/a>\n        <a class=\"content-number mid-page-form-click-button\" id=\"second-button\" href=\"#elementor-action%3Aaction%3Dpopup%3Aopen%26settings%3DeyJpZCI6MTkxOSwidG9nZ2xlIjpmYWxzZX0%3D\">Contact Us!<\/a>\n    <\/div><\/span><\/p>\n<h2><b>\u00bfPor qu\u00e9 Elegir la Manipulaci\u00f3n y los Ajustes Espinales Quiropr\u00e1cticos?<\/b><\/h2>\n<p><span style=\"font-weight: 400;\">Una columna vertebral desalineada puede provocar lesiones musculoesquel\u00e9ticas como la hernia de disco con la que est\u00e1 luchando. Se ha comprobado que la medicina quiropr\u00e1ctica alivia el dolor de muchos pacientes lesionados. Combina manipulaciones de la columna que utilizan una fuerza cuidadosamente controlada para realinear la columna.<\/span><\/p>\n<p><span style=\"font-weight: 400;\">Nuestro equipo est\u00e1 capacitado para proporcionar manipulaci\u00f3n espinal que lo ayude a recuperar su salud, para que pueda experimentar alivio del estr\u00e9s y tranquilidad. Las alineaciones espinales y la manipulaci\u00f3n funcionan enfoc\u00e1ndose en el \u00e1rea afectada para aliviar el dolor all\u00ed.<\/span><\/p>\n<h2><b>\u00bfPor Qu\u00e9 Elegir la Terapia de Estimulaci\u00f3n Muscular El\u00e9ctrica (E-STIM)?<\/b><\/h2>\n<p><span style=\"font-weight: 400;\">La tecnolog\u00eda E-STIM es una terapia suave que puede ayudar a los pacientes con una hernia de disco a recuperar la movilidad en la columna. Como parte de un programa general de fisioterapia, implica enviar pulsos el\u00e9ctricos al \u00e1rea afectada. La dosis prescrita de electricidad se aumenta a su nivel de comodidad para mejorar la fuerza y \u200b\u200bla funci\u00f3n muscular.<\/span><\/p>\n<p><span style=\"font-weight: 400;\">El proceso de tratamiento con E-STIM generalmente incluye exponer el sitio de tratamiento, colocar electrodos y monitorear cuidadosamente las contracciones musculares resultantes. Nuestro miembro del personal lo ayudar\u00e1 a decidir si esta opci\u00f3n de tratamiento es adecuada para usted, le explicar\u00e1 cada paso y se asegurar\u00e1 de que se sienta c\u00f3modo durante todo el proceso.<\/span><\/p>\n<h2><b>\u00bfPor Qu\u00e9 Elegir un Programa de Ejercicios de Rehabilitaci\u00f3n?<\/b><\/h2>\n<p><span style=\"font-weight: 400;\">El ejercicio casi siempre ha sido parte de cualquier programa de vida saludable. Los programas de ejercicios especializados que ofrecemos a los pacientes lesionados son m\u00e1s que simples ejercicios de calistenia: son de rehabilitaci\u00f3n. Nos enfocamos en fortalecer el cuerpo de nuestros pacientes a trav\u00e9s de:<\/span><\/p>\n<ul>\n<li><span style=\"font-weight: 400;\"> \u00a0 \u00a0 <\/span><span style=\"font-weight: 400;\">Extensi\u00f3n<\/span><\/li>\n<li><span style=\"font-weight: 400;\"> \u00a0 \u00a0 <\/span><span style=\"font-weight: 400;\">Fortalecimiento<\/span><\/li>\n<li><span style=\"font-weight: 400;\"> \u00a0 \u00a0 <\/span><span style=\"font-weight: 400;\">pelotas de ejercicio<\/span><\/li>\n<li><span style=\"font-weight: 400;\"> \u00a0 \u00a0 <\/span><span style=\"font-weight: 400;\">Planchas vibratorias<\/span><\/li>\n<\/ul>\n<p><span style=\"font-weight: 400;\">El prop\u00f3sito de un r\u00e9gimen de ejercicio personalizado es alargar y fortalecer los m\u00fasculos, ayudarlo a recuperarse de la p\u00e9rdida de fuerza y \u200b\u200bfomentar la funcionalidad muscular. Tambi\u00e9n podemos recomendarle combinar la terapia de masajes y las visitas a nuestra sala de rehabilitaci\u00f3n con su plan de ejercicios.<\/span><\/p>\n<p><img fetchpriority=\"high\" decoding=\"async\" class=\"alignnone wp-image-3207 size-full\" src=\"https:\/\/sc-chiro.com\/wp-content\/uploads\/2021\/10\/Fort-Myers-herniated-disk-treatment.jpg\" alt=\"Man with back pain who needs Fort Myers herniated disk treatment\" width=\"500\" height=\"333\" srcset=\"https:\/\/sc-chiro.com\/wp-content\/uploads\/2021\/10\/Fort-Myers-herniated-disk-treatment.jpg 500w, https:\/\/sc-chiro.com\/wp-content\/uploads\/2021\/10\/Fort-Myers-herniated-disk-treatment-300x200.jpg 300w\" sizes=\"(max-width: 500px) 100vw, 500px\" \/><\/p>\n<h2><b>Los discos herniados pueden tener una variedad de causas<\/b><\/h2>\n<p><span style=\"font-weight: 400;\">Comprender la causa de su lesi\u00f3n es fundamental, ya que puede afectar nuestras recomendaciones de tratamiento para la hernia de disco. Durante su cita inicial en nuestra oficina, nos tomamos el tiempo para hablar con usted sobre las posibles causas, como:<\/span><\/p>\n<ul>\n<li><span style=\"font-weight: 400;\"> \u00a0 \u00a0 <\/span><span style=\"font-weight: 400;\">Tener sobrepeso u obesidad<\/span><\/li>\n<li><span style=\"font-weight: 400;\"> \u00a0 \u00a0 <\/span><span style=\"font-weight: 400;\">Esfuerzos y demandas f\u00edsicas<\/span><\/li>\n<li><span style=\"font-weight: 400;\"> \u00a0 \u00a0 <\/span><span style=\"font-weight: 400;\">Herencia y gen\u00e9tica<\/span><\/li>\n<\/ul>\n<p><span style=\"font-weight: 400;\">Tambi\u00e9n hablamos con usted despu\u00e9s de su cita y examen iniciales para revisar los resultados de las pruebas, programar pruebas adicionales y crear un plan de tratamiento. Nuestro objetivo es aliviar su sufrimiento y ayudarlo a volver a disfrutar de una salud s\u00f3lida.<\/span><\/p>\n<h2><b>Busque atenci\u00f3n m\u00e9dica si nota estos s\u00edntomas<\/b><\/h2>\n<p><span style=\"font-weight: 400;\">Seg\u00fan <\/span><a href=\"https:\/\/www.hopkinsmedicine.org\/health\/conditions-and-diseases\/lumbar-disc-disease-herniated-disc\" target=\"_blank\" rel=\"noopener\"><span style=\"font-weight: 400;\">la investigaci\u00f3n de Johns Hopkins Medicine<\/span><\/a><span style=\"font-weight: 400;\"> , los s\u00edntomas relacionados con una hernia de disco pueden variar ampliamente. Una gama tan amplia de s\u00edntomas puede dificultar el diagn\u00f3stico, ya que es posible que inicialmente no establezca una conexi\u00f3n entre su variedad de s\u00edntomas. Se recomienda que busque atenci\u00f3n m\u00e9dica si nota alguno de los siguientes:<\/span><\/p>\n<ul>\n<li><span style=\"font-weight: 400;\"> \u00a0 \u00a0 <\/span><span style=\"font-weight: 400;\">Dolor de espalda espor\u00e1dico o continuo.<\/span><\/li>\n<li><span style=\"font-weight: 400;\"> \u00a0 \u00a0 <\/span><span style=\"font-weight: 400;\">Dolor de espalda que empeora con el movimiento.<\/span><\/li>\n<li><span style=\"font-weight: 400;\"> \u00a0 \u00a0 <\/span><span style=\"font-weight: 400;\">M\u00fasculos esp\u00e1sticos de la espalda<\/span><\/li>\n<li><span style=\"font-weight: 400;\"> \u00a0 \u00a0 <\/span><span style=\"font-weight: 400;\">Dolor del nervio ci\u00e1tico<\/span><\/li>\n<li><span style=\"font-weight: 400;\"> \u00a0 \u00a0 <\/span><span style=\"font-weight: 400;\">M\u00fasculos de las piernas debilitados<\/span><\/li>\n<li><span style=\"font-weight: 400;\"> \u00a0 \u00a0 <\/span><span style=\"font-weight: 400;\">Entumecimiento de piernas o pies<\/span><\/li>\n<\/ul>\n<p><span style=\"font-weight: 400;\">Tambi\u00e9n podr\u00eda tener problemas con los reflejos de la rodilla o el tobillo o experimentar cambios inusuales en las funciones de los intestinos y la vejiga. Un diagn\u00f3stico definitivo puede conducir al alivio de los s\u00edntomas a trav\u00e9s de un plan de tratamiento integral.<\/span><\/p>\n<p><span data-sheets-value=\"{&quot;1&quot;:2,&quot;2&quot;:&quot;&lt;div class=&quot;buttons&quot;&gt;\n        &lt;a class=&quot;content-number mid-page-call-click-button&quot; href=&quot;tel:2393699109&quot;&gt;Call us Now - 239-369-9109&lt;\/a&gt;\n        &lt;a class=&quot;content-number mid-page-form-click-button&quot; id=&quot;second-button&quot; href=&quot;#elementor-action%3Aaction%3Dpopup%3Aopen%26settings%3DeyJpZCI6MTkxOSwidG9nZ2xlIjpmYWxzZX0%3D&quot;&gt;Contact Us!&lt;\/a&gt;\n    &lt;\/div&gt;&quot;}\" data-sheets-userformat=\"{&quot;2&quot;:513,&quot;3&quot;:{&quot;1&quot;:0},&quot;12&quot;:0}\"><div class=\"buttons\">\n        <a class=\"content-number mid-page-call-click-button\" href=\"tel:2393699109\">Call us Now - 239-369-9109<\/a>\n        <a class=\"content-number mid-page-form-click-button\" id=\"second-button\" href=\"#elementor-action%3Aaction%3Dpopup%3Aopen%26settings%3DeyJpZCI6MTkxOSwidG9nZ2xlIjpmYWxzZX0%3D\">Contact Us!<\/a>\n    <\/div><\/span><\/p>\n<h2><b>La atenci\u00f3n excepcional al paciente es nuestro sello distintivo<\/b><\/h2>\n<p><span style=\"font-weight: 400;\">Nuestros pacientes son siempre la prioridad en Specific Care Chiropractic. Despu\u00e9s de ser tratados por nuestro equipo de salud quiropr\u00e1ctico, los pacientes anteriores dejaron comentarios como estos:<\/span><\/p>\n<blockquote><p><span style=\"font-weight: 400;\">\u201cMe encanta esta oficina. \u00a1El personal es excelente, Evelyn es s\u00faper dulce y muy servicial!\u201d \u2014Jessica Rodr\u00edguez<\/span><\/p>\n<p><span style=\"font-weight: 400;\">\u201cSpecific Care Chiropractor es el mejor que he visto nunca. Fui sin expectativas de mejorar en absoluto, mi primer d\u00eda en el personal fue tan amable que me anim\u00f3 y me invit\u00f3 a casa. El Dr. es incre\u00edble, me ayud\u00f3 a recuperarme y ahora ya no tengo dolor. \u00a1Muy agradecido!&#8221; \u2014Guertie Edouard<\/span><\/p>\n<p><span style=\"font-weight: 400;\">\u201cEl personal, los entrenadores y los m\u00e9dicos son incre\u00edbles. Se aseguran de que est\u00e9s c\u00f3modo antes de comenzar sus procedimientos. Son un establecimiento muy cuidado. Si tiene alguna pregunta, le responder\u00e1n de inmediato y si la persona no puede, buscar\u00e1 a la persona adecuada para ayudarlo. \u00a1Ellos son los mejores!&#8221; \u2014Patricia Smith<\/span><\/p><\/blockquote>\n<p><span style=\"font-weight: 400;\">Estamos orgullosos de obtener referencias y recomendaciones de nuestros pacientes satisfechos. Al igual que hicimos con ellos, nuestro objetivo para usted es restaurar su salud y ayudarlo a volver a disfrutar de su vida.<\/span><\/p>\n<h2><b>Comun\u00edquese con nuestro equipo de tratamiento de hernias discales de Fort Myers<\/b><\/h2>\n<p><span style=\"font-weight: 400;\">No tiene que vivir con el dolor y las limitaciones de una hernia de disco. El equipo quiropr\u00e1ctico de nuestra oficina de Fort Myers en Evans Avenue lo ayudar\u00e1 a crear un plan para el tratamiento de la hernia de disco para liberarlo del dolor cr\u00f3nico.<\/span><\/p>\n<p><span style=\"font-weight: 400;\">Explore sus opciones de tratamiento llamando a nuestro equipo de <\/span><a href=\"https:\/\/sc-chiro.com\/es\/\"><span style=\"font-weight: 400;\">quiropr\u00e1ctica de atenci\u00f3n espec\u00edfica<\/span><\/a><span style=\"font-weight: 400;\"> al <a href=\"tel:239-369-9109\">239-369-9109<\/a> ahora.<\/span><\/p>\n","protected":false},"excerpt":{"rendered":"<p>Cuando est\u00e9 listo para vivir sin el dolor incapacitante de una hernia de disco, nuestro equipo est\u00e1 aqu\u00ed para ayudarlo. Nuestros profesionales de tratamiento de hernias discales de Fort Myers en Specific Care Chiropractic usan su historial m\u00e9dico, su condici\u00f3n actual y su propio cuerpo para ayudar a restaurar su salud y movilidad. Si est\u00e1 [&hellip;]<\/p>\n","protected":false},"author":36,"featured_media":0,"parent":4013,"menu_order":0,"comment_status":"closed","ping_status":"closed","template":"","meta":{"_acf_changed":false,"footnotes":""},"categories":[78],"tags":[62],"class_list":["post-4074","page","type-page","status-publish","hentry","category-fort-myers-ubicacion","tag-hernia-de-disco"],"acf":[],"_links":{"self":[{"href":"https:\/\/sc-chiro.com\/es\/wp-json\/wp\/v2\/pages\/4074","targetHints":{"allow":["GET"]}}],"collection":[{"href":"https:\/\/sc-chiro.com\/es\/wp-json\/wp\/v2\/pages"}],"about":[{"href":"https:\/\/sc-chiro.com\/es\/wp-json\/wp\/v2\/types\/page"}],"author":[{"embeddable":true,"href":"https:\/\/sc-chiro.com\/es\/wp-json\/wp\/v2\/users\/36"}],"replies":[{"embeddable":true,"href":"https:\/\/sc-chiro.com\/es\/wp-json\/wp\/v2\/comments?post=4074"}],"version-history":[{"count":0,"href":"https:\/\/sc-chiro.com\/es\/wp-json\/wp\/v2\/pages\/4074\/revisions"}],"up":[{"embeddable":true,"href":"https:\/\/sc-chiro.com\/es\/wp-json\/wp\/v2\/pages\/4013"}],"wp:attachment":[{"href":"https:\/\/sc-chiro.com\/es\/wp-json\/wp\/v2\/media?parent=4074"}],"wp:term":[{"taxonomy":"category","embeddable":true,"href":"https:\/\/sc-chiro.com\/es\/wp-json\/wp\/v2\/categories?post=4074"},{"taxonomy":"post_tag","embeddable":true,"href":"https:\/\/sc-chiro.com\/es\/wp-json\/wp\/v2\/tags?post=4074"}],"curies":[{"name":"wp","href":"https:\/\/api.w.org\/{rel}","templated":true}]}}