{"id":4072,"date":"2021-11-15T20:53:49","date_gmt":"2021-11-15T20:53:49","guid":{"rendered":"https:\/\/qod-scchiro.local\/fort-myers\/carpal-tunnel-syndrome-treatment\/"},"modified":"2023-11-01T21:53:06","modified_gmt":"2023-11-01T21:53:06","slug":"tratamiento-sindrome-tunel-carpiano","status":"publish","type":"page","link":"https:\/\/sc-chiro.com\/es\/fort-myers\/tratamiento-sindrome-tunel-carpiano\/","title":{"rendered":"Tratamiento del S\u00edndrome del T\u00fanel Carpiano de Fort Myers"},"content":{"rendered":"<p><span style=\"font-weight: 400;\">El s\u00edndrome del t\u00fanel carpiano (STC) es una lesi\u00f3n en la mano que se deriva de m\u00faltiples causas, desde la artritis reumatoide hasta la menopausia. La lesi\u00f3n implica la compresi\u00f3n del nervio mediano, lo que puede provocar dolor e incomodidad en la mano y la mu\u00f1eca. Ciertas personas pueden tener una predisposici\u00f3n anat\u00f3mica a desarrollar el s\u00edndrome del t\u00fanel carpiano; sin embargo, hay ejercicios que pueden realizar para reducir el dolor de manos.<\/span><\/p>\n<p><span style=\"font-weight: 400;\">Si usted o un ser querido desarrollaron el s\u00edndrome del t\u00fanel carpiano, nuestros quiropr\u00e1cticos en Specific Care Chiropractic en Fort Myers quieren examinar su lesi\u00f3n para ver qu\u00e9 pasos podemos tomar para reducir sus s\u00edntomas de dolor. Ofrecemos tratamiento para el s\u00edndrome del t\u00fanel carpiano de Fort Myers, que puede incluir <\/span><a href=\"https:\/\/sc-chiro.com\/es\/fort-myers\/ajustes-quiropracticos\/\"><span style=\"font-weight: 400;\">ajustes quiropr\u00e1cticos<\/span><\/a><span style=\"font-weight: 400;\"> y fisioterapia.<\/span><\/p>\n<p><span style=\"font-weight: 400;\">\t\t<div data-elementor-type=\"section\" data-elementor-id=\"3935\" class=\"elementor elementor-3935\" data-elementor-post-type=\"elementor_library\">\n\t\t\t\t\t<section class=\"elementor-section elementor-top-section elementor-element elementor-element-bef2904 elementor-section-boxed elementor-section-height-default elementor-section-height-default\" data-id=\"bef2904\" data-element_type=\"section\" data-e-type=\"section\">\n\t\t\t\t\t\t<div class=\"elementor-container elementor-column-gap-default\">\n\t\t\t\t\t<div class=\"elementor-column elementor-col-100 elementor-top-column elementor-element elementor-element-57dcad5 section-toc\" data-id=\"57dcad5\" data-element_type=\"column\" data-e-type=\"column\">\n\t\t\t<div class=\"elementor-widget-wrap elementor-element-populated\">\n\t\t\t\t\t\t<div class=\"elementor-element elementor-element-0c49dfc elementor-toc--minimized-on-tablet elementor-widget elementor-widget-table-of-contents\" data-id=\"0c49dfc\" data-element_type=\"widget\" data-e-type=\"widget\" data-settings=\"{&quot;exclude_headings_by_selector&quot;:&quot;.toc-remove&quot;,&quot;headings_by_tags&quot;:[&quot;h2&quot;,&quot;h3&quot;,&quot;h4&quot;,&quot;h5&quot;,&quot;h6&quot;],&quot;marker_view&quot;:&quot;numbers&quot;,&quot;no_headings_message&quot;:&quot;No se ha encontrado ning\\u00fan encabezado en esta p\\u00e1gina.&quot;,&quot;minimize_box&quot;:&quot;yes&quot;,&quot;minimized_on&quot;:&quot;tablet&quot;,&quot;hierarchical_view&quot;:&quot;yes&quot;,&quot;min_height&quot;:{&quot;unit&quot;:&quot;px&quot;,&quot;size&quot;:&quot;&quot;,&quot;sizes&quot;:[]},&quot;min_height_tablet&quot;:{&quot;unit&quot;:&quot;px&quot;,&quot;size&quot;:&quot;&quot;,&quot;sizes&quot;:[]},&quot;min_height_mobile&quot;:{&quot;unit&quot;:&quot;px&quot;,&quot;size&quot;:&quot;&quot;,&quot;sizes&quot;:[]}}\" data-widget_type=\"table-of-contents.default\">\n\t\t\t\t<div class=\"elementor-widget-container\">\n\t\t\t\t\t\t\t\t\t<div class=\"elementor-toc__header\">\n\t\t\t\t\t\t<h4 class=\"elementor-toc__header-title\">\n\t\t\t\tTabla de Contenidos\t\t\t<\/h4>\n\t\t\t\t\t\t\t\t\t\t<div class=\"elementor-toc__toggle-button elementor-toc__toggle-button--expand\" role=\"button\" tabindex=\"0\" aria-controls=\"elementor-toc__0c49dfc\" aria-expanded=\"true\" aria-label=\"Abrir la tabla de contenidos\"><i aria-hidden=\"true\" class=\"fas fa-chevron-down\"><\/i><\/div>\n\t\t\t\t<div class=\"elementor-toc__toggle-button elementor-toc__toggle-button--collapse\" role=\"button\" tabindex=\"0\" aria-controls=\"elementor-toc__0c49dfc\" aria-expanded=\"true\" aria-label=\"Cerrar la tabla de contenidos\"><i aria-hidden=\"true\" class=\"fas fa-chevron-up\"><\/i><\/div>\n\t\t\t\t\t<\/div>\n\t\t\t\t<div id=\"elementor-toc__0c49dfc\" class=\"elementor-toc__body\">\n\t\t\t<div class=\"elementor-toc__spinner-container\">\n\t\t\t\t<i class=\"elementor-toc__spinner eicon-animation-spin eicon-loading\" aria-hidden=\"true\"><\/i>\t\t\t<\/div>\n\t\t<\/div>\n\t\t\t\t\t\t<\/div>\n\t\t\t\t<\/div>\n\t\t\t\t\t<\/div>\n\t\t<\/div>\n\t\t\t\t\t<\/div>\n\t\t<\/section>\n\t\t\t\t<\/div>\n\t\t<\/span><\/p>\n<h2><b>El s\u00edndrome del t\u00fanel carpiano es a menudo un efecto secundario de otra condici\u00f3n de salud<\/b><\/h2>\n<p><span style=\"font-weight: 400;\">Muchas personas asocian el s\u00edndrome del t\u00fanel carpiano con el uso excesivo de computadoras o videojuegos. Sin embargo, no hay evidencia suficiente para respaldar esta correlaci\u00f3n, seg\u00fan <\/span><a href=\"https:\/\/www.mayoclinic.org\/diseases-conditions\/carpal-tunnel-syndrome\/symptoms-causes\/syc-20355603\" target=\"_blank\" rel=\"noopener\"><span style=\"font-weight: 400;\">Mayo Clinic<\/span><\/a><span style=\"font-weight: 400;\">. En realidad, el CTS a menudo puede ser causado por m\u00faltiples factores de salud. Puede ser un efecto secundario de una enfermedad cr\u00f3nica, un resultado de su gen\u00e9tica o incluso de los medicamentos que toma.<\/span><\/p>\n<p><span style=\"font-weight: 400;\">Las causas comunes del s\u00edndrome del t\u00fanel carpiano incluyen:<\/span><\/p>\n<ul>\n<li><span style=\"font-weight: 400;\"> \u00a0 \u00a0 <\/span><span style=\"font-weight: 400;\">La estructura anat\u00f3mica de la mano, que suele afectar a las personas que tienen antecedentes familiares de artritis.<\/span><\/li>\n<li><span style=\"font-weight: 400;\"> \u00a0 \u00a0 <\/span><span style=\"font-weight: 400;\">Artritis reumatoide y otras enfermedades inflamatorias<\/span><\/li>\n<li><span style=\"font-weight: 400;\"> \u00a0 \u00a0 <\/span><span style=\"font-weight: 400;\">Medicamentos utilizados para tratar el c\u00e1ncer de mama, como Arimidex<\/span><\/li>\n<li><span style=\"font-weight: 400;\"> \u00a0 \u00a0 <\/span><span style=\"font-weight: 400;\">Retenci\u00f3n de l\u00edquidos, que es com\u00fan entre las mujeres embarazadas o en la menopausia.<\/span><\/li>\n<li><span style=\"font-weight: 400;\"> \u00a0 \u00a0 <\/span><span style=\"font-weight: 400;\">Diabetes y otras condiciones de salud que causan da\u00f1o a los nervios<\/span><\/li>\n<li><span style=\"font-weight: 400;\"> \u00a0 \u00a0 <\/span><span style=\"font-weight: 400;\">Insuficiencia renal<\/span><\/li>\n<li><span style=\"font-weight: 400;\"> \u00a0 \u00a0 <\/span><span style=\"font-weight: 400;\">Disfunci\u00f3n tiroidea<\/span><\/li>\n<li><span style=\"font-weight: 400;\"> \u00a0 \u00a0 <\/span><span style=\"font-weight: 400;\">linfedema<\/span><\/li>\n<li><span style=\"font-weight: 400;\"> \u00a0 \u00a0 <\/span><span style=\"font-weight: 400;\">Obesidad<\/span><\/li>\n<\/ul>\n<p><span style=\"font-weight: 400;\">Durante su primera cita, uno de nuestros m\u00e9dicos revisar\u00e1 sus registros m\u00e9dicos y le har\u00e1 preguntas adicionales para determinar si otro problema de salud puede haber causado su s\u00edndrome del t\u00fanel carpiano.<\/span><\/p>\n<p><span style=\"font-weight: 400;\">En algunos casos, CTS tambi\u00e9n puede ser un efecto secundario de la actividad repetitiva de las manos, lo que podr\u00eda afectar a las personas con trabajos que requieren mucha mano de obra. Si desarroll\u00f3 CTS como una lesi\u00f3n, podemos solicitar ex\u00e1menes de rayos X para ver si puede haber sufrido otras lesiones, como una fractura de dedo.<\/span><\/p>\n<p><span data-sheets-value=\"{&quot;1&quot;:2,&quot;2&quot;:&quot;&lt;div class=&quot;buttons&quot;&gt;\n        &lt;a class=&quot;content-number mid-page-call-click-button&quot; href=&quot;tel:2393699109&quot;&gt;Call us Now - 239-369-9109&lt;\/a&gt;\n        &lt;a class=&quot;content-number mid-page-form-click-button&quot; id=&quot;second-button&quot; href=&quot;#elementor-action%3Aaction%3Dpopup%3Aopen%26settings%3DeyJpZCI6MTkxOSwidG9nZ2xlIjpmYWxzZX0%3D&quot;&gt;Contact Us!&lt;\/a&gt;\n    &lt;\/div&gt;&quot;}\" data-sheets-userformat=\"{&quot;2&quot;:513,&quot;3&quot;:{&quot;1&quot;:0},&quot;12&quot;:0}\"><div class=\"buttons\">\n        <a class=\"content-number mid-page-call-click-button\" href=\"tel:2393699109\">Call us Now - 239-369-9109<\/a>\n        <a class=\"content-number mid-page-form-click-button\" id=\"second-button\" href=\"#elementor-action%3Aaction%3Dpopup%3Aopen%26settings%3DeyJpZCI6MTkxOSwidG9nZ2xlIjpmYWxzZX0%3D\">Contact Us!<\/a>\n    <\/div><\/span><\/p>\n<h2><b>La atenci\u00f3n quiropr\u00e1ctica puede ser un m\u00e9todo de tratamiento eficaz para los pacientes con STC<\/b><\/h2>\n<p><span style=\"font-weight: 400;\">Es posible que algunas personas solo relacionen las lesiones de la columna con la atenci\u00f3n quiropr\u00e1ctica. Sin embargo, este campo de la pr\u00e1ctica m\u00e9dica puede tratar m\u00faltiples tipos de lesiones, incluido el s\u00edndrome del t\u00fanel carpiano. Nuestros m\u00e9dicos tienen licencia y est\u00e1n capacitados en diversas t\u00e9cnicas de ajuste quiropr\u00e1ctico para tratar lesiones musculoesquel\u00e9ticas.<\/span><\/p>\n<p><span style=\"font-weight: 400;\">Para el s\u00edndrome del t\u00fanel carpiano, podemos implementar las siguientes t\u00e9cnicas en su tratamiento:<\/span><\/p>\n<h3><b>Manipulaci\u00f3n manual de extremidades<\/b><\/h3>\n<p><span style=\"font-weight: 400;\">La manipulaci\u00f3n de las extremidades se centra en partes del sistema musculoesquel\u00e9tico fuera de la m\u00e9dula espinal, que incluye las manos, las mu\u00f1ecas y los codos. Podemos utilizar esta t\u00e9cnica para aliviar los s\u00edntomas de dolor de las manos y reducir la compresi\u00f3n a lo largo del nervio mediano de la mu\u00f1eca.<\/span><\/p>\n<h3><b>Rodilla-Pecho<\/b><\/h3>\n<p><span style=\"font-weight: 400;\">Esta t\u00e9cnica generalmente se enfoca en ajustar las v\u00e9rtebras en el \u00e1rea cervical, que se encuentra en el cuello. Sin embargo, en algunos casos, notamos que los pacientes con CTS pueden tener una lesi\u00f3n en el cuello o el hombro como fuente de sus s\u00edntomas de dolor. Si esto se aplica a usted, lo colocaremos boca abajo sobre la mesa de ajuste para realizar el tratamiento.<\/span><\/p>\n<h3><b>Alternar retroceso<\/b><\/h3>\n<p><span style=\"font-weight: 400;\">Algunos ajustes quiropr\u00e1cticos pueden ser un poco intensos para los pacientes, ya que requieren empujes r\u00e1pidos y contundentes. Si tiene s\u00edndrome del t\u00fanel carpiano, podr\u00edamos usar el m\u00e9todo de retroceso de palanca para aliviar el dolor y la inflamaci\u00f3n en las manos y las mu\u00f1ecas, ya que esta t\u00e9cnica es mucho m\u00e1s suave para los pacientes.<\/span><\/p>\n<p><span style=\"font-weight: 400;\">Otras t\u00e9cnicas de ajuste que practicamos incluyen:<\/span><\/p>\n<ul>\n<li><span style=\"font-weight: 400;\"> \u00a0 \u00a0 <\/span><b>T\u00e9cnica de mesa desplegable de Thompson <\/b><span style=\"font-weight: 400;\">, que es un m\u00e9todo de tratamiento quiropr\u00e1ctico de cuerpo completo<\/span><\/li>\n<li><span style=\"font-weight: 400;\"> \u00a0 \u00a0 <\/span><b>T\u00e9cnica sacro-occipital (SOT) <\/b><span style=\"font-weight: 400;\">, que se centra en reparar la relaci\u00f3n entre la m\u00e9dula espinal y el sistema nervioso central<\/span><\/li>\n<li><span style=\"font-weight: 400;\"> \u00a0 \u00a0 <\/span><b>Postura lateral <\/b><span style=\"font-weight: 400;\">, que puede servir a personas con lesiones lumbares o p\u00e9lvicas<\/span><\/li>\n<li><span style=\"font-weight: 400;\"> \u00a0 \u00a0 <\/span><b>Diversificado <\/b><span style=\"font-weight: 400;\">, que es la t\u00e9cnica est\u00e1ndar de ajuste quiropr\u00e1ctico para la manipulaci\u00f3n de la columna<\/span><\/li>\n<li><span style=\"font-weight: 400;\"> \u00a0 \u00a0 <\/span><b>Sentado diversificado <\/b><span style=\"font-weight: 400;\">, que se enfoca principalmente en lesiones cervicales<\/span><\/li>\n<li><span style=\"font-weight: 400;\"> \u00a0 \u00a0 <\/span><b>Activador <\/b><span style=\"font-weight: 400;\">, que implica el uso de un dispositivo de alta velocidad y baja amplitud (HVLA) para realizar ajustes controlados<\/span><\/li>\n<\/ul>\n<p><span style=\"font-weight: 400;\">Si desea informaci\u00f3n adicional sobre las t\u00e9cnicas que utilizamos durante su tratamiento, nuestros m\u00e9dicos pueden responder sus preguntas antes de su sesi\u00f3n.<\/span><\/p>\n<p><img fetchpriority=\"high\" decoding=\"async\" class=\"alignnone wp-image-3368 size-full\" src=\"https:\/\/sc-chiro.com\/wp-content\/uploads\/2021\/11\/Fort-Myers-carpal-tunnel-syndrome-treatment.jpg\" alt=\"Fort Myers carpal tunnel syndrome treatment, doctor examines patient hand\" width=\"500\" height=\"333\" srcset=\"https:\/\/sc-chiro.com\/wp-content\/uploads\/2021\/11\/Fort-Myers-carpal-tunnel-syndrome-treatment.jpg 500w, https:\/\/sc-chiro.com\/wp-content\/uploads\/2021\/11\/Fort-Myers-carpal-tunnel-syndrome-treatment-300x200.jpg 300w\" sizes=\"(max-width: 500px) 100vw, 500px\" \/><\/p>\n<h3><b>Los estudios han encontrado resultados positivos para los pacientes con STC que reciben atenci\u00f3n quiropr\u00e1ctica<\/b><\/h3>\n<p><span style=\"font-weight: 400;\">M\u00faltiples revistas de salud han informado sobre la eficacia del uso de la atenci\u00f3n quiropr\u00e1ctica como tratamiento del s\u00edndrome del t\u00fanel carpiano. The <\/span><a href=\"https:\/\/www.ncbi.nlm.nih.gov\/pmc\/articles\/PMC2647071\/\" target=\"_blank\" rel=\"noopener\"><i><span style=\"font-weight: 400;\">Journal of Chiropractic Medicine<\/span><\/i><\/a><span style=\"font-weight: 400;\"> se\u00f1al\u00f3 que las t\u00e9cnicas de liberaci\u00f3n activa en el tratamiento quiropr\u00e1ctico pueden ayudar a los pacientes a controlar sus s\u00edntomas de dolor y recuperar la funcionalidad en sus manos y mu\u00f1ecas.<\/span><span style=\"font-weight: 400;\">\u00a0<\/span><\/p>\n<p><span style=\"font-weight: 400;\">Otras revistas de salud encontradas:<\/span><\/p>\n<ul>\n<li><span style=\"font-weight: 400;\"> \u00a0 \u00a0 <\/span><span style=\"font-weight: 400;\">Ese tratamiento quiropr\u00e1ctico puede ayudar a los pacientes a mejorar su fuerza de agarre, funciones motoras y funciones sensoriales, seg\u00fan <\/span><a href=\"https:\/\/pubmed.ncbi.nlm.nih.gov\/8046280\/\" target=\"_blank\" rel=\"noopener\"><i><span style=\"font-weight: 400;\">The Journal of Manipulative and Physiological Therapeutics.<\/span><\/i><\/a><\/li>\n<li><span style=\"font-weight: 400;\"> \u00a0 \u00a0 <\/span><span style=\"font-weight: 400;\">Que los pacientes mayores pueden mejorar su manejo del dolor a trav\u00e9s de ejercicios y terapias quiropr\u00e1cticas, seg\u00fan la revista <\/span><a href=\"https:\/\/www.ncbi.nlm.nih.gov\/pmc\/articles\/PMC6918629\/\" target=\"_blank\" rel=\"noopener\"><i><span style=\"font-weight: 400;\">Chiropractic &amp; Manual Therapies.<\/span><\/i><\/a><\/li>\n<\/ul>\n<p><span style=\"font-weight: 400;\">Nuestro centro utiliza t\u00e9cnicas quiropr\u00e1cticas basadas en evidencia para tratar a nuestros pacientes en Fort Myers. Queremos que logre una recuperaci\u00f3n completa, por lo que seremos transparentes en nuestros objetivos para su tratamiento y en cu\u00e1nto tiempo puede llevar lograr resultados positivos.<\/span><\/p>\n<h2><b>La fisioterapia puede incluir ejercicios de aprendizaje para combatir los s\u00edntomas del STC<\/b><\/h2>\n<p><a href=\"https:\/\/sc-chiro.com\/es\/fort-myers\/servicios-fisioterapia\/\"><span style=\"font-weight: 400;\">La fisioterapia<\/span><\/a><span style=\"font-weight: 400;\"> puede servir como una gran pr\u00e1ctica complementaria a su atenci\u00f3n quiropr\u00e1ctica, ya que nos permite monitorear su progreso y capacitarlo en nuevas estrategias para mejorar su movilidad y funcionalidad. En muchos casos, podemos lograr que los pacientes alcancen la mejor\u00eda m\u00e9dica m\u00e1xima (MMI) con fisioterapia e incluso mejoren su fuerza y \u200b\u200bflexibilidad m\u00e1s all\u00e1 de lo que pod\u00edan lograr antes de la lesi\u00f3n.<\/span><\/p>\n<p><span style=\"font-weight: 400;\">Practicamos las siguientes fisioterapias:<\/span><\/p>\n<ul>\n<li><span style=\"font-weight: 400;\"> \u00a0 \u00a0 <\/span><span style=\"font-weight: 400;\">Terapia de estiramiento y fortalecimiento<\/span><\/li>\n<li><span style=\"font-weight: 400;\"> \u00a0 \u00a0 <\/span><span style=\"font-weight: 400;\">Terapia de Masajes<\/span><\/li>\n<li><span style=\"font-weight: 400;\"> \u00a0 \u00a0 <\/span><span style=\"font-weight: 400;\">terapia de rehabilitaci\u00f3n<\/span><\/li>\n<li><span style=\"font-weight: 400;\"> \u00a0 \u00a0 <\/span><span style=\"font-weight: 400;\">cuidado correctivo<\/span><\/li>\n<li><span style=\"font-weight: 400;\"> \u00a0 \u00a0 <\/span><span style=\"font-weight: 400;\">Terapia de electroestimulaci\u00f3n muscular (E-STIM)<\/span><\/li>\n<li><span style=\"font-weight: 400;\"> \u00a0 \u00a0 <\/span><span style=\"font-weight: 400;\">terapia de ultrasonido<\/span><\/li>\n<\/ul>\n<p><span style=\"font-weight: 400;\">Con el s\u00edndrome del t\u00fanel carpiano, podemos ense\u00f1arte algunos ejercicios de mano y mu\u00f1eca para practicar en casa o mientras trabajas. Tomarse el tiempo para flexionar y rotar las manos puede aliviar la compresi\u00f3n de los nervios, reduciendo cualquier hinchaz\u00f3n o molestia que sienta.<\/span><\/p>\n<p><span data-sheets-value=\"{&quot;1&quot;:2,&quot;2&quot;:&quot;&lt;div class=&quot;buttons&quot;&gt;\n        &lt;a class=&quot;content-number mid-page-call-click-button&quot; href=&quot;tel:2393699109&quot;&gt;Call us Now - 239-369-9109&lt;\/a&gt;\n        &lt;a class=&quot;content-number mid-page-form-click-button&quot; id=&quot;second-button&quot; href=&quot;#elementor-action%3Aaction%3Dpopup%3Aopen%26settings%3DeyJpZCI6MTkxOSwidG9nZ2xlIjpmYWxzZX0%3D&quot;&gt;Contact Us!&lt;\/a&gt;\n    &lt;\/div&gt;&quot;}\" data-sheets-userformat=\"{&quot;2&quot;:513,&quot;3&quot;:{&quot;1&quot;:0},&quot;12&quot;:0}\"><div class=\"buttons\">\n        <a class=\"content-number mid-page-call-click-button\" href=\"tel:2393699109\">Call us Now - 239-369-9109<\/a>\n        <a class=\"content-number mid-page-form-click-button\" id=\"second-button\" href=\"#elementor-action%3Aaction%3Dpopup%3Aopen%26settings%3DeyJpZCI6MTkxOSwidG9nZ2xlIjpmYWxzZX0%3D\">Contact Us!<\/a>\n    <\/div><\/span><\/p>\n<h2><b>Llame ahora para programar el tratamiento del s\u00edndrome del t\u00fanel carpiano de Fort Myers<\/b><\/h2>\n<p><span style=\"font-weight: 400;\">Si su s\u00edndrome del t\u00fanel carpiano est\u00e1 afectando la forma en que usa sus manos para las funciones diarias, nuestros m\u00e9dicos pueden brindarle un tratamiento para aliviar su dolor y malestar. Podemos ayudarlo a superar las limitaciones causadas por su s\u00edndrome del t\u00fanel carpiano al incorporar ejercicios de manos y mu\u00f1ecas en su plan de tratamiento. Adem\u00e1s, si su lesi\u00f3n en la mano o la mu\u00f1eca proviene de otras \u00e1reas, como los hombros, podemos aplicar atenci\u00f3n quiropr\u00e1ctica para reducir su dolor.<\/span><\/p>\n<p><span style=\"font-weight: 400;\">Llame al <a href=\"tel:239-369-9109\">239-369-9109<\/a> para programar su primera cita en nuestra <\/span><a href=\"https:\/\/sc-chiro.com\/es\/fort-myers\/\"><span style=\"font-weight: 400;\">oficina de Fort Myers<\/span><\/a><span style=\"font-weight: 400;\">. <\/span><a href=\"https:\/\/sc-chiro.com\/es\/\"><span style=\"font-weight: 400;\">Specific Care Chiropractic<\/span><\/a><span style=\"font-weight: 400;\"> est\u00e1 ubicado en la esquina de Evans Avenue y Winkler Avenue.<\/span><span style=\"font-weight: 400;\">\u00a0<\/span><\/p>\n","protected":false},"excerpt":{"rendered":"<p>El s\u00edndrome del t\u00fanel carpiano (STC) es una lesi\u00f3n en la mano que se deriva de m\u00faltiples causas, desde la artritis reumatoide hasta la menopausia. La lesi\u00f3n implica la compresi\u00f3n del nervio mediano, lo que puede provocar dolor e incomodidad en la mano y la mu\u00f1eca. Ciertas personas pueden tener una predisposici\u00f3n anat\u00f3mica a desarrollar [&hellip;]<\/p>\n","protected":false},"author":36,"featured_media":0,"parent":4013,"menu_order":0,"comment_status":"closed","ping_status":"closed","template":"","meta":{"_acf_changed":false,"footnotes":""},"categories":[78],"tags":[60],"class_list":["post-4072","page","type-page","status-publish","hentry","category-fort-myers-ubicacion","tag-sindrome-del-tunel-carpiano"],"acf":[],"_links":{"self":[{"href":"https:\/\/sc-chiro.com\/es\/wp-json\/wp\/v2\/pages\/4072","targetHints":{"allow":["GET"]}}],"collection":[{"href":"https:\/\/sc-chiro.com\/es\/wp-json\/wp\/v2\/pages"}],"about":[{"href":"https:\/\/sc-chiro.com\/es\/wp-json\/wp\/v2\/types\/page"}],"author":[{"embeddable":true,"href":"https:\/\/sc-chiro.com\/es\/wp-json\/wp\/v2\/users\/36"}],"replies":[{"embeddable":true,"href":"https:\/\/sc-chiro.com\/es\/wp-json\/wp\/v2\/comments?post=4072"}],"version-history":[{"count":0,"href":"https:\/\/sc-chiro.com\/es\/wp-json\/wp\/v2\/pages\/4072\/revisions"}],"up":[{"embeddable":true,"href":"https:\/\/sc-chiro.com\/es\/wp-json\/wp\/v2\/pages\/4013"}],"wp:attachment":[{"href":"https:\/\/sc-chiro.com\/es\/wp-json\/wp\/v2\/media?parent=4072"}],"wp:term":[{"taxonomy":"category","embeddable":true,"href":"https:\/\/sc-chiro.com\/es\/wp-json\/wp\/v2\/categories?post=4072"},{"taxonomy":"post_tag","embeddable":true,"href":"https:\/\/sc-chiro.com\/es\/wp-json\/wp\/v2\/tags?post=4072"}],"curies":[{"name":"wp","href":"https:\/\/api.w.org\/{rel}","templated":true}]}}