{"id":4061,"date":"2021-11-15T20:51:27","date_gmt":"2021-11-15T20:51:27","guid":{"rendered":"https:\/\/qod-scchiro.local\/lehigh-acres\/back-injury-treatment\/"},"modified":"2023-11-01T20:16:27","modified_gmt":"2023-11-01T20:16:27","slug":"tratamiento-lesion-espalda","status":"publish","type":"page","link":"https:\/\/sc-chiro.com\/es\/lehigh-acres\/tratamiento-lesion-espalda\/","title":{"rendered":"Tratamiento de lesiones de espalda en Lehigh Acres"},"content":{"rendered":"<p><span style=\"font-weight: 400;\">Despu\u00e9s de sufrir una lesi\u00f3n en la espalda, es posible que se pregunte si alguna vez volver\u00e1 a sentirse normal. Lo que podr\u00eda comenzar como un dolor punzante eventualmente puede consumir toda tu vida. No tiene que abandonar el tratamiento si sufri\u00f3 da\u00f1os en el trabajo o en un accidente. Specific Care Chiropractic est\u00e1 aqu\u00ed para ayudar.<\/span><\/p>\n<p><span style=\"font-weight: 400;\">Nuestro equipo de m\u00e9dicos quiropr\u00e1cticos diagnosticar\u00e1 su condici\u00f3n y brindar\u00e1 el tratamiento que lo ayudar\u00e1 a recuperarse. Adem\u00e1s, podemos recomendar cambios en el estilo de vida para evitar que ocurran m\u00e1s lesiones. Si est\u00e1 buscando un centro de tratamiento de lesiones de espalda en Lehigh Acres, no busque m\u00e1s. Estamos aqu\u00ed para ayudar.<\/span><\/p>\n<p><span style=\"font-weight: 400;\">\t\t<div data-elementor-type=\"section\" data-elementor-id=\"3935\" class=\"elementor elementor-3935\" data-elementor-post-type=\"elementor_library\">\n\t\t\t\t\t<section class=\"elementor-section elementor-top-section elementor-element elementor-element-bef2904 elementor-section-boxed elementor-section-height-default elementor-section-height-default\" data-id=\"bef2904\" data-element_type=\"section\" data-e-type=\"section\">\n\t\t\t\t\t\t<div class=\"elementor-container elementor-column-gap-default\">\n\t\t\t\t\t<div class=\"elementor-column elementor-col-100 elementor-top-column elementor-element elementor-element-57dcad5 section-toc\" data-id=\"57dcad5\" data-element_type=\"column\" data-e-type=\"column\">\n\t\t\t<div class=\"elementor-widget-wrap elementor-element-populated\">\n\t\t\t\t\t\t<div class=\"elementor-element elementor-element-0c49dfc elementor-toc--minimized-on-tablet elementor-widget elementor-widget-table-of-contents\" data-id=\"0c49dfc\" data-element_type=\"widget\" data-e-type=\"widget\" data-settings=\"{&quot;exclude_headings_by_selector&quot;:&quot;.toc-remove&quot;,&quot;headings_by_tags&quot;:[&quot;h2&quot;,&quot;h3&quot;,&quot;h4&quot;,&quot;h5&quot;,&quot;h6&quot;],&quot;marker_view&quot;:&quot;numbers&quot;,&quot;no_headings_message&quot;:&quot;No se ha encontrado ning\\u00fan encabezado en esta p\\u00e1gina.&quot;,&quot;minimize_box&quot;:&quot;yes&quot;,&quot;minimized_on&quot;:&quot;tablet&quot;,&quot;hierarchical_view&quot;:&quot;yes&quot;,&quot;min_height&quot;:{&quot;unit&quot;:&quot;px&quot;,&quot;size&quot;:&quot;&quot;,&quot;sizes&quot;:[]},&quot;min_height_tablet&quot;:{&quot;unit&quot;:&quot;px&quot;,&quot;size&quot;:&quot;&quot;,&quot;sizes&quot;:[]},&quot;min_height_mobile&quot;:{&quot;unit&quot;:&quot;px&quot;,&quot;size&quot;:&quot;&quot;,&quot;sizes&quot;:[]}}\" data-widget_type=\"table-of-contents.default\">\n\t\t\t\t<div class=\"elementor-widget-container\">\n\t\t\t\t\t\t\t\t\t<div class=\"elementor-toc__header\">\n\t\t\t\t\t\t<h4 class=\"elementor-toc__header-title\">\n\t\t\t\tTabla de Contenidos\t\t\t<\/h4>\n\t\t\t\t\t\t\t\t\t\t<div class=\"elementor-toc__toggle-button elementor-toc__toggle-button--expand\" role=\"button\" tabindex=\"0\" aria-controls=\"elementor-toc__0c49dfc\" aria-expanded=\"true\" aria-label=\"Abrir la tabla de contenidos\"><i aria-hidden=\"true\" class=\"fas fa-chevron-down\"><\/i><\/div>\n\t\t\t\t<div class=\"elementor-toc__toggle-button elementor-toc__toggle-button--collapse\" role=\"button\" tabindex=\"0\" aria-controls=\"elementor-toc__0c49dfc\" aria-expanded=\"true\" aria-label=\"Cerrar la tabla de contenidos\"><i aria-hidden=\"true\" class=\"fas fa-chevron-up\"><\/i><\/div>\n\t\t\t\t\t<\/div>\n\t\t\t\t<div id=\"elementor-toc__0c49dfc\" class=\"elementor-toc__body\">\n\t\t\t<div class=\"elementor-toc__spinner-container\">\n\t\t\t\t<i class=\"elementor-toc__spinner eicon-animation-spin eicon-loading\" aria-hidden=\"true\"><\/i>\t\t\t<\/div>\n\t\t<\/div>\n\t\t\t\t\t\t<\/div>\n\t\t\t\t<\/div>\n\t\t\t\t\t<\/div>\n\t\t<\/div>\n\t\t\t\t\t<\/div>\n\t\t<\/section>\n\t\t\t\t<\/div>\n\t\t<\/span><\/p>\n<h2><b>Qu\u00e9 esperar cuando se somete a tratamiento<\/b><\/h2>\n<p><span style=\"font-weight: 400;\">Durante su primera cita, completar\u00e1 un breve cuestionario sobre su historial m\u00e9dico. Aseg\u00farese de anotar los nombres de cualquier medicamento o condici\u00f3n de salud preexistente que se aplique a usted.<\/span><\/p>\n<p><span style=\"font-weight: 400;\">A partir de ah\u00ed, su m\u00e9dico quiropr\u00e1ctico realizar\u00e1 un examen f\u00edsico para diagnosticar su condici\u00f3n. Es posible que le recomienden radiograf\u00edas y otras exploraciones por im\u00e1genes para obtener una imagen completa de su salud.<\/span><\/p>\n<p><span data-sheets-value=\"{&quot;1&quot;:2,&quot;2&quot;:&quot;&lt;div class=&quot;buttons&quot;&gt;\n        &lt;a class=&quot;content-number mid-page-call-click-button&quot; href=&quot;tel:2393699109&quot;&gt;Call us Now - 239-369-9109&lt;\/a&gt;\n        &lt;a class=&quot;content-number mid-page-form-click-button&quot; id=&quot;second-button&quot; href=&quot;#elementor-action%3Aaction%3Dpopup%3Aopen%26settings%3DeyJpZCI6MTkxOSwidG9nZ2xlIjpmYWxzZX0%3D&quot;&gt;Contact Us!&lt;\/a&gt;\n    &lt;\/div&gt;&quot;}\" data-sheets-userformat=\"{&quot;2&quot;:513,&quot;3&quot;:{&quot;1&quot;:0},&quot;12&quot;:0}\"><div class=\"buttons\">\n        <a class=\"content-number mid-page-call-click-button\" href=\"tel:2393699109\">Call us Now - 239-369-9109<\/a>\n        <a class=\"content-number mid-page-form-click-button\" id=\"second-button\" href=\"#elementor-action%3Aaction%3Dpopup%3Aopen%26settings%3DeyJpZCI6MTkxOSwidG9nZ2xlIjpmYWxzZX0%3D\">Contact Us!<\/a>\n    <\/div><\/span><\/p>\n<h3><b>Podemos emplear una o m\u00e1s de las siguientes opciones de tratamiento<\/b><\/h3>\n<p><span style=\"font-weight: 400;\">Su m\u00e9dico quiropr\u00e1ctico puede recomendar y realizar:<\/span><\/p>\n<ul>\n<li><span style=\"font-weight: 400;\"> \u00a0 \u00a0 <\/span><b>Terapia de masaje: <\/b><span style=\"font-weight: 400;\">aqu\u00ed, su m\u00e9dico amasar\u00e1, frotar\u00e1 y acariciar\u00e1 las \u00e1reas problem\u00e1ticas. El objetivo es aumentar la elasticidad de los m\u00fasculos y la funci\u00f3n articular.<\/span><\/li>\n<li><span style=\"font-weight: 400;\"> \u00a0 \u00a0 <\/span><b>Terapia de estimulaci\u00f3n el\u00e9ctrica (E-STIM): <\/b><span style=\"font-weight: 400;\">si experimenta inflamaci\u00f3n, espasmos musculares o dolor cr\u00f3nico, su m\u00e9dico puede emplear E-STIM. Te acostar\u00e1s boca abajo y tu m\u00e9dico te colocar\u00e1 electrodos en la espalda. Las se\u00f1ales el\u00e9ctricas indoloras reducen el dolor nervioso y estimulan los m\u00fasculos lesionados.<\/span><\/li>\n<li><span style=\"font-weight: 400;\"> \u00a0 \u00a0 <\/span><b>Terapia de ultrasonido <\/b><span style=\"font-weight: 400;\">: su m\u00e9dico puede aplicar ondas ultras\u00f3nicas y aliviar los m\u00fasculos adoloridos. Esta terapia tambi\u00e9n favorece la regeneraci\u00f3n y cicatrizaci\u00f3n de los tejidos.<\/span><\/li>\n<li><span style=\"font-weight: 400;\"> \u00a0 \u00a0 <\/span><b>Ejercicios de estiramiento y fortalecimiento: <\/b><span style=\"font-weight: 400;\">Los ejercicios espec\u00edficos pueden acelerar el proceso de curaci\u00f3n y desarrollar m\u00fasculo. Incluso podemos mostrarte algunos ejercicios para practicar en casa.<\/span><\/li>\n<\/ul>\n<h3><b>Podemos ajustar peri\u00f3dicamente su r\u00e9gimen de tratamiento<\/b><\/h3>\n<p><span style=\"font-weight: 400;\">La quiropr\u00e1ctica de atenci\u00f3n espec\u00edfica brinda atenci\u00f3n personalizada a cada paciente. Controlaremos su movilidad, niveles de dolor y rango de movimiento a lo largo de su recuperaci\u00f3n. Haremos los cambios que satisfagan sus necesidades y avances en evoluci\u00f3n.<\/span><\/p>\n<h2><b>Nuestro equipo trata estas lesiones de espalda en el condado de Lehigh<\/b><\/h2>\n<p><span style=\"font-weight: 400;\">Ya sea que haya sufrido una lesi\u00f3n debido a un esfuerzo excesivo, una colisi\u00f3n o una ca\u00edda, podemos ayudarlo. Nos enfocamos en tratar estas (y otras) condiciones:<\/span><\/p>\n<ul>\n<li><span style=\"font-weight: 400;\"> \u00a0 \u00a0 <\/span><span style=\"font-weight: 400;\">Esguinces<\/span><\/li>\n<li><span style=\"font-weight: 400;\"> \u00a0 \u00a0 <\/span><span style=\"font-weight: 400;\">Torceduras<\/span><\/li>\n<li><span style=\"font-weight: 400;\"> \u00a0 \u00a0 <\/span><span style=\"font-weight: 400;\">V\u00e9rtebras rotas<\/span><\/li>\n<li><span style=\"font-weight: 400;\"> \u00a0 \u00a0 <\/span><span style=\"font-weight: 400;\">Discos herniados o deslizados<\/span><\/li>\n<li><span style=\"font-weight: 400;\"> \u00a0 \u00a0 <\/span><span style=\"font-weight: 400;\">nervios pinzados<\/span><\/li>\n<li><span style=\"font-weight: 400;\"> \u00a0 \u00a0 <\/span><span style=\"font-weight: 400;\">Lesiones de tejidos blandos<\/span><\/li>\n<li><span style=\"font-weight: 400;\"> \u00a0 \u00a0 <\/span><span style=\"font-weight: 400;\">Estenosis espinal<\/span><\/li>\n<\/ul>\n<p><span style=\"font-weight: 400;\">Seg\u00fan <\/span><a href=\"https:\/\/www.ncbi.nlm.nih.gov\/books\/NBK538173\/\" target=\"_blank\" rel=\"noopener\"><i><span style=\"font-weight: 400;\">StatPearls<\/span><\/i><\/a><span style=\"font-weight: 400;\"> , cuanto m\u00e1s envejece, m\u00e1s probable es que sufra lesiones en la espalda. Ayudamos a pacientes de todas las edades, ya sean adultos j\u00f3venes o adultos mayores.<\/span><span style=\"font-weight: 400;\">\u00a0<\/span><\/p>\n<h2><b>La rehabilitaci\u00f3n de lesiones de espalda viene en cuatro fases<\/b><\/h2>\n<p><span style=\"font-weight: 400;\">Utilizamos un programa de cuatro fases para rehabilitar a los pacientes lesionados. Estas fases incluyen:<\/span><\/p>\n<h3><b>La fase aguda<\/b><\/h3>\n<p><span style=\"font-weight: 400;\">La primera fase de su tratamiento incluye aliviar su dolor y tensi\u00f3n. Despu\u00e9s de evaluar su condici\u00f3n, podemos emplear estiramientos y masajes ligeros. Tambi\u00e9n podemos emplear ajustes de la m\u00e9dula espinal, donde aplicamos fuerza a una articulaci\u00f3n afectada. Podemos hacer esto a mano o usando otro equipo.<\/span><\/p>\n<h3><b>La fase de rehabilitaci\u00f3n<\/b><\/h3>\n<p><span style=\"font-weight: 400;\">Una vez que hayamos abordado sus s\u00edntomas iniciales, puede esperar:<\/span><\/p>\n<ul>\n<li><span style=\"font-weight: 400;\"> \u00a0 \u00a0 <\/span><span style=\"font-weight: 400;\">Someterse a un ajuste de columna<\/span><\/li>\n<li><span style=\"font-weight: 400;\"> \u00a0 \u00a0 <\/span><span style=\"font-weight: 400;\">Realiza ejercicios ligeros<\/span><\/li>\n<li><span style=\"font-weight: 400;\"> \u00a0 \u00a0 <\/span><span style=\"font-weight: 400;\">Someterse a masajes<\/span><\/li>\n<\/ul>\n<p><span style=\"font-weight: 400;\">Estas medidas aumentar\u00e1n su rango de movimiento y movilidad. Al final de esta etapa, es posible que se sienta como antes del incidente. Puede que incluso te sientas m\u00e1s fuerte que antes.<\/span><\/p>\n<p><img fetchpriority=\"high\" decoding=\"async\" class=\"alignnone wp-image-3382 size-full\" src=\"https:\/\/sc-chiro.com\/wp-content\/uploads\/2021\/11\/Lehigh-Acres-back-injury-treatment.jpg\" alt=\"Lehigh Acres back injury treatment, chiropractor treating senior man\" width=\"500\" height=\"333\" srcset=\"https:\/\/sc-chiro.com\/wp-content\/uploads\/2021\/11\/Lehigh-Acres-back-injury-treatment.jpg 500w, https:\/\/sc-chiro.com\/wp-content\/uploads\/2021\/11\/Lehigh-Acres-back-injury-treatment-300x200.jpg 300w\" sizes=\"(max-width: 500px) 100vw, 500px\" \/><\/p>\n<h3><b>La Fase de Fortalecimiento<\/b><\/h3>\n<p><span style=\"font-weight: 400;\">Durante la fase de fortalecimiento:<\/span><\/p>\n<ul>\n<li><span style=\"font-weight: 400;\"> \u00a0 \u00a0 <\/span><span style=\"font-weight: 400;\">Su m\u00e9dico realizar\u00e1 los ajustes correctivos finales, que incluyen abordar la irritaci\u00f3n de los nervios y mejorar la funci\u00f3n articular.<\/span><\/li>\n<li><span style=\"font-weight: 400;\"> \u00a0 \u00a0 <\/span><span style=\"font-weight: 400;\">Te ayudaremos a realizar ejercicios moderados que impliquen entrenamiento con pesas y resistencia.<\/span><\/li>\n<li><span style=\"font-weight: 400;\"> \u00a0 \u00a0 <\/span><span style=\"font-weight: 400;\">Despu\u00e9s de terminar el entrenamiento, se someter\u00e1 a un masaje para disminuir el dolor y acelerar su per\u00edodo de recuperaci\u00f3n.<\/span><\/li>\n<\/ul>\n<h3><b>M\u00e1xima Mejor\u00eda M\u00e9dica (MMI)<\/b><\/h3>\n<p><span style=\"font-weight: 400;\">Una vez que ha llegado a este punto, su cuerpo se ha recuperado tanto como puede. Programaremos citas peri\u00f3dicas para mantener su progreso.<\/span><\/p>\n<p><span data-sheets-value=\"{&quot;1&quot;:2,&quot;2&quot;:&quot;&lt;div class=&quot;buttons&quot;&gt;\n        &lt;a class=&quot;content-number mid-page-call-click-button&quot; href=&quot;tel:2393699109&quot;&gt;Call us Now - 239-369-9109&lt;\/a&gt;\n        &lt;a class=&quot;content-number mid-page-form-click-button&quot; id=&quot;second-button&quot; href=&quot;#elementor-action%3Aaction%3Dpopup%3Aopen%26settings%3DeyJpZCI6MTkxOSwidG9nZ2xlIjpmYWxzZX0%3D&quot;&gt;Contact Us!&lt;\/a&gt;\n    &lt;\/div&gt;&quot;}\" data-sheets-userformat=\"{&quot;2&quot;:513,&quot;3&quot;:{&quot;1&quot;:0},&quot;12&quot;:0}\"><div class=\"buttons\">\n        <a class=\"content-number mid-page-call-click-button\" href=\"tel:2393699109\">Call us Now - 239-369-9109<\/a>\n        <a class=\"content-number mid-page-form-click-button\" id=\"second-button\" href=\"#elementor-action%3Aaction%3Dpopup%3Aopen%26settings%3DeyJpZCI6MTkxOSwidG9nZ2xlIjpmYWxzZX0%3D\">Contact Us!<\/a>\n    <\/div><\/span><\/p>\n<h2><b>Estamos listos para responder sus preguntas y abordar sus inquietudes<\/b><\/h2>\n<p><span style=\"font-weight: 400;\">Juntos, somos un equipo, y queremos que comprenda todo sobre su tratamiento. A continuaci\u00f3n hay algunas preguntas que puede tener para nosotros:<\/span><\/p>\n<h3><b>\u00bfCu\u00e1nto tiempo llevar\u00e1 recuperarme de mi lesi\u00f3n en la espalda?<\/b><\/h3>\n<p><span style=\"font-weight: 400;\">Esperamos que una vez que comience el tratamiento, se recupere de su condici\u00f3n lo antes posible. El per\u00edodo de recuperaci\u00f3n de cada persona es diferente. Depende de:<\/span><\/p>\n<ul>\n<li><span style=\"font-weight: 400;\"> \u00a0 \u00a0 <\/span><span style=\"font-weight: 400;\">Cuantos a\u00f1os tienes<\/span><\/li>\n<li><span style=\"font-weight: 400;\"> \u00a0 \u00a0 <\/span><span style=\"font-weight: 400;\">La ubicaci\u00f3n de su lesi\u00f3n<\/span><\/li>\n<li><span style=\"font-weight: 400;\"> \u00a0 \u00a0 <\/span><span style=\"font-weight: 400;\">La respuesta de su cuerpo al tratamiento.<\/span><\/li>\n<li><span style=\"font-weight: 400;\"> \u00a0 \u00a0 <\/span><span style=\"font-weight: 400;\">La causa de su herida<\/span><\/li>\n<li><span style=\"font-weight: 400;\"> \u00a0 \u00a0 <\/span><span style=\"font-weight: 400;\">Cualquier condici\u00f3n de salud preexistente que tenga<\/span><\/li>\n<\/ul>\n<p><span style=\"font-weight: 400;\">Haremos todo lo posible para ayudarlo a recuperarse.<\/span><\/p>\n<h3><b>\u00bfFunciona realmente la atenci\u00f3n quiropr\u00e1ctica?<\/b><\/h3>\n<p><span style=\"font-weight: 400;\">Muchos estudios acad\u00e9micos respaldan la eficacia de la atenci\u00f3n quiropr\u00e1ctica. The <\/span><a href=\"https:\/\/www.ncbi.nlm.nih.gov\/books\/NBK538173\/\" target=\"_blank\" rel=\"noopener\"><i><span style=\"font-weight: 400;\">Journal of Manipulative and Physiological Therapeutics<\/span><\/i><\/a><span style=\"font-weight: 400;\"> informa que los ajustes de la columna mejoran significativamente el rango de movimiento de los pacientes.<\/span><span style=\"font-weight: 400;\">\u00a0<\/span><\/p>\n<p><span style=\"font-weight: 400;\">Despu\u00e9s de recibir tratamiento, algunos de nuestros pacientes anteriores notaron:<\/span><\/p>\n<blockquote><p><span style=\"font-weight: 400;\">\u201cComenc\u00e9 a verlos en 2011 despu\u00e9s de un grave accidente automovil\u00edstico. Me cuidaron excelente en ese entonces, tal como lo est\u00e1n haciendo ahora&#8230; Los recomiendo por encima de cualquiera como primera parada. El personal y los m\u00e9dicos son amables y atentos. E incluso sin seguro, son extremadamente asequibles\u201d. \u2013\u2013Jennifer L.<\/span><\/p>\n<p><span style=\"font-weight: 400;\">&#8220;\u00a1Amo este lugar! El Dr. Rivera es maravilloso y tambi\u00e9n lo son todos en la oficina. Ten\u00eda mucho dolor en la parte baja de la espalda cuando entr\u00e9. En un per\u00edodo muy corto de tiempo me sent\u00eda bien y volv\u00eda a la normalidad. Definitivamente regresar\u00e9 si y cuando comience a tener dolor. \u00a1Son grandiosos!&#8221; \u2013\u2013B\u00e1rbara M.<\/span><\/p>\n<p><span style=\"font-weight: 400;\">\u201cFui aqu\u00ed despu\u00e9s de mi primer accidente automovil\u00edstico. Fueron tan agradables y amables. Me encantaba ir all\u00ed. Se lo recomendar\u00eda a cualquiera.\u201d \u2013\u2013Emma F.<\/span><\/p><\/blockquote>\n<h3><b>\u00bfQu\u00e9 informaci\u00f3n necesito proporcionar?<\/b><\/h3>\n<p><span style=\"font-weight: 400;\">Para ayudarlo mejor, le haremos algunas preguntas de admisi\u00f3n simples, que incluyen su nombre, fecha de nacimiento y descripci\u00f3n de las lesiones. Proporcionamos formularios para pacientes que hablan <\/span><a href=\"https:\/\/sc-chiro.com\/wp-content\/uploads\/2021\/07\/English.pdf\"><span style=\"font-weight: 400;\">ingl\u00e9s<\/span><\/a><span style=\"font-weight: 400;\"> y <\/span><a href=\"https:\/\/sc-chiro.com\/wp-content\/uploads\/2021\/07\/Spanish.pdf\"><span style=\"font-weight: 400;\">espa\u00f1ol .<\/span><\/a> <span style=\"font-weight: 400;\">\u00a0<\/span><\/p>\n<h3><b>\u00bfA qui\u00e9n ver\u00e9 para recibir tratamiento?<\/b><\/h3>\n<p><span style=\"font-weight: 400;\">Contamos con siete m\u00e9dicos en el personal, y ver\u00e1 a un m\u00e9dico quiropr\u00e1ctico que tiene experiencia en el tratamiento de su condici\u00f3n espec\u00edfica. Por ejemplo, <\/span><a href=\"https:\/\/sc-chiro.com\/es\/nosotros\/dr-brad-ceurvels\/\"><span style=\"font-weight: 400;\">el Dr. Brad Ceurvels<\/span><\/a><span style=\"font-weight: 400;\"> tiene experiencia en lesiones relacionadas con colisiones. Si sufri\u00f3 da\u00f1os en un accidente, puede ver a este m\u00e9dico.<\/span><span style=\"font-weight: 400;\">\u00a0<\/span><\/p>\n<h2><b>Programe su tratamiento de lesiones de espalda en Lehigh Acres<\/b><\/h2>\n<p><span style=\"font-weight: 400;\">El camino hacia la recuperaci\u00f3n est\u00e1 a solo una llamada de distancia. Para programar una cita con nuestro personal en <\/span><a href=\"https:\/\/sc-chiro.com\/es\/\"><span style=\"font-weight: 400;\">Specific Care Chiropractic<\/span><\/a><span style=\"font-weight: 400;\"> , marque <a href=\"tel:239-369-9109\">239-369-9109<\/a>. Tambi\u00e9n lo alentamos a que visite nuestras p\u00e1ginas de redes sociales en <\/span><a href=\"https:\/\/www.facebook.com\/SpecificCare\/\" target=\"_blank\" rel=\"noopener\"><span style=\"font-weight: 400;\">Facebook<\/span><\/a><span style=\"font-weight: 400;\"> y <\/span><a href=\"https:\/\/twitter.com\/scchirofl\" target=\"_blank\" rel=\"noopener\"><span style=\"font-weight: 400;\">Twitter<\/span><\/a><span style=\"font-weight: 400;\"> para obtener m\u00e1s informaci\u00f3n.<\/span> <span style=\"font-weight: 400;\">\u00a0<\/span><span style=\"font-weight: 400;\">\u00a0<\/span><\/p>\n","protected":false},"excerpt":{"rendered":"<p>Despu\u00e9s de sufrir una lesi\u00f3n en la espalda, es posible que se pregunte si alguna vez volver\u00e1 a sentirse normal. Lo que podr\u00eda comenzar como un dolor punzante eventualmente puede consumir toda tu vida. No tiene que abandonar el tratamiento si sufri\u00f3 da\u00f1os en el trabajo o en un accidente. Specific Care Chiropractic est\u00e1 aqu\u00ed [&hellip;]<\/p>\n","protected":false},"author":36,"featured_media":0,"parent":3926,"menu_order":0,"comment_status":"closed","ping_status":"closed","template":"","meta":{"_acf_changed":false,"footnotes":""},"categories":[74],"tags":[57],"class_list":["post-4061","page","type-page","status-publish","hentry","category-lehigh-acres-ubicacion","tag-lesion-de-espanda"],"acf":[],"_links":{"self":[{"href":"https:\/\/sc-chiro.com\/es\/wp-json\/wp\/v2\/pages\/4061","targetHints":{"allow":["GET"]}}],"collection":[{"href":"https:\/\/sc-chiro.com\/es\/wp-json\/wp\/v2\/pages"}],"about":[{"href":"https:\/\/sc-chiro.com\/es\/wp-json\/wp\/v2\/types\/page"}],"author":[{"embeddable":true,"href":"https:\/\/sc-chiro.com\/es\/wp-json\/wp\/v2\/users\/36"}],"replies":[{"embeddable":true,"href":"https:\/\/sc-chiro.com\/es\/wp-json\/wp\/v2\/comments?post=4061"}],"version-history":[{"count":0,"href":"https:\/\/sc-chiro.com\/es\/wp-json\/wp\/v2\/pages\/4061\/revisions"}],"up":[{"embeddable":true,"href":"https:\/\/sc-chiro.com\/es\/wp-json\/wp\/v2\/pages\/3926"}],"wp:attachment":[{"href":"https:\/\/sc-chiro.com\/es\/wp-json\/wp\/v2\/media?parent=4061"}],"wp:term":[{"taxonomy":"category","embeddable":true,"href":"https:\/\/sc-chiro.com\/es\/wp-json\/wp\/v2\/categories?post=4061"},{"taxonomy":"post_tag","embeddable":true,"href":"https:\/\/sc-chiro.com\/es\/wp-json\/wp\/v2\/tags?post=4061"}],"curies":[{"name":"wp","href":"https:\/\/api.w.org\/{rel}","templated":true}]}}