{"id":4052,"date":"2021-09-24T19:55:03","date_gmt":"2021-09-24T19:55:03","guid":{"rendered":"https:\/\/qod-scchiro.local\/cape-coral\/whiplash-treatment\/"},"modified":"2023-11-01T19:56:43","modified_gmt":"2023-11-01T19:56:43","slug":"tratamiento-latigazo-cervical","status":"publish","type":"page","link":"https:\/\/sc-chiro.com\/es\/cape-coral\/tratamiento-latigazo-cervical\/","title":{"rendered":"Tratamiento de latigazo cervical de Cape Coral"},"content":{"rendered":"<p><span style=\"font-weight: 400;\">El latigazo cervical a menudo ocurre cuando una persona sacude violentamente la cabeza hacia adelante y hacia atr\u00e1s, generalmente despu\u00e9s de recibir un golpe por detr\u00e1s. Este tipo de lesi\u00f3n ejerce mucha presi\u00f3n sobre los m\u00fasculos del cuello y la columna cervical, lo que puede provocar rigidez y dolor en el cuello, incluidos los dolores de cabeza. Muchas personas sufren lesiones por latigazo cervical durante accidentes automovil\u00edsticos traseros, pero muchos tipos de eventos f\u00edsicos tambi\u00e9n pueden causar esta lesi\u00f3n.<\/span><\/p>\n<p><span style=\"font-weight: 400;\">Si usted o un ser querido sufri\u00f3 una lesi\u00f3n por latigazo cervical y ahora sufre efectos secundarios adversos, nuestros quiropr\u00e1cticos en Specific Care Chiropractic quieren ayudarlo. Ofrecemos tratamiento de latigazo cervical en Cape Coral, que incluye <\/span><a href=\"https:\/\/sc-chiro.com\/es\/cape-coral\/ajustes-quiropracticos\/\"><span style=\"font-weight: 400;\">ajustes quiropr\u00e1cticos<\/span><\/a><span style=\"font-weight: 400;\">, fisioterapia y reg\u00edmenes de ejercicio supervisados. Como resultado, podemos ayudarlo a recuperar y restaurar la movilidad en su cuello.<\/span><span style=\"font-weight: 400;\">\u00a0<\/span><\/p>\n<p><span style=\"font-weight: 400;\">\t\t<div data-elementor-type=\"section\" data-elementor-id=\"3935\" class=\"elementor elementor-3935\" data-elementor-post-type=\"elementor_library\">\n\t\t\t\t\t<section class=\"elementor-section elementor-top-section elementor-element elementor-element-bef2904 elementor-section-boxed elementor-section-height-default elementor-section-height-default\" data-id=\"bef2904\" data-element_type=\"section\" data-e-type=\"section\">\n\t\t\t\t\t\t<div class=\"elementor-container elementor-column-gap-default\">\n\t\t\t\t\t<div class=\"elementor-column elementor-col-100 elementor-top-column elementor-element elementor-element-57dcad5 section-toc\" data-id=\"57dcad5\" data-element_type=\"column\" data-e-type=\"column\">\n\t\t\t<div class=\"elementor-widget-wrap elementor-element-populated\">\n\t\t\t\t\t\t<div class=\"elementor-element elementor-element-0c49dfc elementor-toc--minimized-on-tablet elementor-widget elementor-widget-table-of-contents\" data-id=\"0c49dfc\" data-element_type=\"widget\" data-e-type=\"widget\" data-settings=\"{&quot;exclude_headings_by_selector&quot;:&quot;.toc-remove&quot;,&quot;headings_by_tags&quot;:[&quot;h2&quot;,&quot;h3&quot;,&quot;h4&quot;,&quot;h5&quot;,&quot;h6&quot;],&quot;marker_view&quot;:&quot;numbers&quot;,&quot;no_headings_message&quot;:&quot;No se ha encontrado ning\\u00fan encabezado en esta p\\u00e1gina.&quot;,&quot;minimize_box&quot;:&quot;yes&quot;,&quot;minimized_on&quot;:&quot;tablet&quot;,&quot;hierarchical_view&quot;:&quot;yes&quot;,&quot;min_height&quot;:{&quot;unit&quot;:&quot;px&quot;,&quot;size&quot;:&quot;&quot;,&quot;sizes&quot;:[]},&quot;min_height_tablet&quot;:{&quot;unit&quot;:&quot;px&quot;,&quot;size&quot;:&quot;&quot;,&quot;sizes&quot;:[]},&quot;min_height_mobile&quot;:{&quot;unit&quot;:&quot;px&quot;,&quot;size&quot;:&quot;&quot;,&quot;sizes&quot;:[]}}\" data-widget_type=\"table-of-contents.default\">\n\t\t\t\t<div class=\"elementor-widget-container\">\n\t\t\t\t\t\t\t\t\t<div class=\"elementor-toc__header\">\n\t\t\t\t\t\t<h4 class=\"elementor-toc__header-title\">\n\t\t\t\tTabla de Contenidos\t\t\t<\/h4>\n\t\t\t\t\t\t\t\t\t\t<div class=\"elementor-toc__toggle-button elementor-toc__toggle-button--expand\" role=\"button\" tabindex=\"0\" aria-controls=\"elementor-toc__0c49dfc\" aria-expanded=\"true\" aria-label=\"Abrir la tabla de contenidos\"><i aria-hidden=\"true\" class=\"fas fa-chevron-down\"><\/i><\/div>\n\t\t\t\t<div class=\"elementor-toc__toggle-button elementor-toc__toggle-button--collapse\" role=\"button\" tabindex=\"0\" aria-controls=\"elementor-toc__0c49dfc\" aria-expanded=\"true\" aria-label=\"Cerrar la tabla de contenidos\"><i aria-hidden=\"true\" class=\"fas fa-chevron-up\"><\/i><\/div>\n\t\t\t\t\t<\/div>\n\t\t\t\t<div id=\"elementor-toc__0c49dfc\" class=\"elementor-toc__body\">\n\t\t\t<div class=\"elementor-toc__spinner-container\">\n\t\t\t\t<i class=\"elementor-toc__spinner eicon-animation-spin eicon-loading\" aria-hidden=\"true\"><\/i>\t\t\t<\/div>\n\t\t<\/div>\n\t\t\t\t\t\t<\/div>\n\t\t\t\t<\/div>\n\t\t\t\t\t<\/div>\n\t\t<\/div>\n\t\t\t\t\t<\/div>\n\t\t<\/section>\n\t\t\t\t<\/div>\n\t\t<\/span><\/p>\n<h2><b>Tipos de terapias que usan nuestros quiropr\u00e1cticos para tratar el latigazo cervical<\/b><\/h2>\n<p><span style=\"font-weight: 400;\">En Specific Care Chiropractic, ofrecemos los siguientes tipos de tratamientos para ayudar a nuestros pacientes a recuperarse de lesiones por <\/span><a href=\"https:\/\/www.mayoclinic.org\/diseases-conditions\/whiplash\/symptoms-causes\/syc-20378921\" target=\"_blank\" rel=\"noopener\"><span style=\"font-weight: 400;\">latigazo cervical<\/span><\/a><span style=\"font-weight: 400;\">:<\/span><span style=\"font-weight: 400;\">\u00a0<\/span><\/p>\n<h3><b>Ajustes quiropr\u00e1cticos<\/b><\/h3>\n<p><span style=\"font-weight: 400;\">Los ajustes quiropr\u00e1cticos, tambi\u00e9n conocidos como manipulaci\u00f3n de la columna, comprenden varias t\u00e9cnicas que se utilizan para mover las v\u00e9rtebras y los discos nuevamente a la alineaci\u00f3n correcta de la columna. Las lesiones por latigazo cervical afectan a la zona cervical de la columna, por lo que tambi\u00e9n podemos apuntar a aquellas extremidades que sientan dolor, como los hombros.<\/span><\/p>\n<h3><b>Terapia de rehabilitaci\u00f3n<\/b><\/h3>\n<p><span style=\"font-weight: 400;\">Los pacientes con lesiones en el cuello pueden querer adoptar un enfoque m\u00e1s fisiol\u00f3gico y utilizar ejercicios clave que puedan fortalecer los m\u00fasculos del cuello y hacerlos m\u00e1s flexibles. Los ejercicios de rehabilitaci\u00f3n deben ser monitoreados para que conozcas la forma adecuada y puedas realizarlos de manera segura en casa.<\/span><\/p>\n<p><span data-sheets-value=\"{&quot;1&quot;:2,&quot;2&quot;:&quot;&lt;div class=&quot;buttons&quot;&gt;\n        &lt;a class=&quot;content-number mid-page-call-click-button&quot; href=&quot;tel:2393699109&quot;&gt;Call us Now - 239-369-9109&lt;\/a&gt;\n        &lt;a class=&quot;content-number mid-page-form-click-button&quot; id=&quot;second-button&quot; href=&quot;#elementor-action%3Aaction%3Dpopup%3Aopen%26settings%3DeyJpZCI6MTkxOSwidG9nZ2xlIjpmYWxzZX0%3D&quot;&gt;Contact Us!&lt;\/a&gt;\n    &lt;\/div&gt;&quot;}\" data-sheets-userformat=\"{&quot;2&quot;:513,&quot;3&quot;:{&quot;1&quot;:0},&quot;12&quot;:0}\"><div class=\"buttons\">\n        <a class=\"content-number mid-page-call-click-button\" href=\"tel:2393699109\">Call us Now - 239-369-9109<\/a>\n        <a class=\"content-number mid-page-form-click-button\" id=\"second-button\" href=\"#elementor-action%3Aaction%3Dpopup%3Aopen%26settings%3DeyJpZCI6MTkxOSwidG9nZ2xlIjpmYWxzZX0%3D\">Contact Us!<\/a>\n    <\/div><\/span><\/p>\n<h3><b>Terapia de Masajes<\/b><\/h3>\n<p><span style=\"font-weight: 400;\">Debido a que muchos de nuestros pacientes se quejan de rigidez o tirantez en el cuello, tambi\u00e9n aplicamos t\u00e9cnicas de masaje terap\u00e9utico para relajar los m\u00fasculos del cuello y fomentar un mejor flujo sangu\u00edneo y flexibilidad. Esto tambi\u00e9n puede ayudar a las personas que sufren dolores de cabeza causados \u200b\u200bpor la tensi\u00f3n en el cuello.<\/span><\/p>\n<h3><b>Terapia de ultrasonido<\/b><\/h3>\n<p><span style=\"font-weight: 400;\">Ofrecemos terapia de ultrasonido, que utiliza ondas de sonido para penetrar los m\u00fasculos y reparar el tejido da\u00f1ado si desea un enfoque tecnol\u00f3gico. Esta puede ser una excelente manera de aliviar el dolor de cuello y estimular la regeneraci\u00f3n muscular.<\/span><\/p>\n<p><span style=\"font-weight: 400;\">Nuestro centro utiliza la <\/span><a href=\"https:\/\/sc-chiro.com\/es\/cape-coral\/servicios-fisioterapia\/\"><span style=\"font-weight: 400;\">fisioterapia<\/span><\/a><span style=\"font-weight: 400;\"> para tratar el latigazo cervical como un enfoque hol\u00edstico para curar el cuerpo y fomentar la salud en general. En 2016, <\/span><a href=\"https:\/\/bmcpublichealth.biomedcentral.com\/articles\/10.1186\/s12889-015-2647-8\" target=\"_blank\" rel=\"noopener\"><span style=\"font-weight: 400;\">BMC Public Health public\u00f3 un estudio<\/span><\/a><span style=\"font-weight: 400;\"> que encontr\u00f3 que las v\u00edctimas que sufrieron lesiones por latigazo cervical ten\u00edan una &#8220;calidad de vida m\u00e1s pobre&#8221; que las v\u00edctimas que sufrieron diferentes lesiones menores; como tal, asegurarse de rehabilitar su cuerpo correctamente puede ser crucial para prevenir lesiones prolongadas. t\u00e9rmino da\u00f1o.<\/span> <span style=\"font-weight: 400;\">\u00a0<\/span><\/p>\n<p><img fetchpriority=\"high\" decoding=\"async\" class=\"alignnone wp-image-3157 size-full\" src=\"https:\/\/sc-chiro.com\/wp-content\/uploads\/2021\/09\/Cape-Coral-whiplash-treatment.jpg\" alt=\"Man with neck pain from car accident, concept of Cape Coral whiplash treatment\" width=\"500\" height=\"333\" srcset=\"https:\/\/sc-chiro.com\/wp-content\/uploads\/2021\/09\/Cape-Coral-whiplash-treatment.jpg 500w, https:\/\/sc-chiro.com\/wp-content\/uploads\/2021\/09\/Cape-Coral-whiplash-treatment-300x200.jpg 300w\" sizes=\"(max-width: 500px) 100vw, 500px\" \/><\/p>\n<h2><b>Ejercicios que pueden ayudar a reducir el dolor de latigazo cervical<\/b><\/h2>\n<p><span style=\"font-weight: 400;\">Antes de intentar cualquier forma de ejercicio despu\u00e9s de sufrir una lesi\u00f3n por latigazo cervical, debe descansar de 24 a 48 horas y consultar a su m\u00e9dico para ver si es seguro hacerlo. Uno de nuestros m\u00e9dicos lo guiar\u00e1 a lo largo de su recuperaci\u00f3n y le informar\u00e1 cu\u00e1ndo es seguro agregar o aumentar el ejercicio en su rutina diaria.<\/span><\/p>\n<p><span style=\"font-weight: 400;\">Los siguientes son algunos ejercicios ligeros que puede practicar entre sesiones de rehabilitaci\u00f3n para ayudar a aliviar la tensi\u00f3n y el dolor en el cuello:<\/span><\/p>\n<h3><b>Rotaciones de cabeza de lado a lado<\/b><\/h3>\n<p><span style=\"font-weight: 400;\">Puedes realizar este tipo de ejercicio sentado o acostado. Comience girando lentamente la cabeza hacia el hombro derecho y mant\u00e9ngala all\u00ed durante 20 segundos. Si desea un estiramiento m\u00e1s profundo, use su mano para empujar suavemente m\u00e1s la barbilla. A continuaci\u00f3n, gire la cabeza hacia el hombro izquierdo y mant\u00e9ngala all\u00ed durante 20 segundos. Puede repetir este estiramiento de tres a cinco veces en cada lado.<\/span><\/p>\n<h3><b>Estiramientos de flexi\u00f3n lateral<\/b><\/h3>\n<p><span style=\"font-weight: 400;\">Estos estiramientos tambi\u00e9n se pueden realizar sentado o acostado. Comience usando su mano para acercar su o\u00eddo derecho a su hombro y mant\u00e9ngalo all\u00ed durante 20 segundos. A continuaci\u00f3n, use la mano opuesta para acercar la oreja izquierda al hombro izquierdo y mant\u00e9ngala all\u00ed durante 20 segundos. Puede repetir este estiramiento de tres a cinco veces en cada lado.<\/span><\/p>\n<h3><b>pliegues de barbilla<\/b><\/h3>\n<p><span style=\"font-weight: 400;\">Mientras est\u00e1 acostado boca arriba, meta ligeramente la barbilla en el cuello y mant\u00e9ngala as\u00ed durante cinco segundos. Su cabeza no debe levantarse m\u00e1s de una pulgada por encima de la cama o la superficie de descanso. Puedes repetir este estiramiento hasta 10 veces.<\/span><\/p>\n<p><span style=\"font-weight: 400;\">Estos son solo una muestra de los ejercicios que pueden incluirse en su rutina. Nuestros m\u00e9dicos pueden instruirlo sobre c\u00f3mo realizarlos en casa. Recuerde, estos ejercicios est\u00e1n destinados a ser lo menos dolorosos posible, por lo que si experimenta demasiada tensi\u00f3n, det\u00e9ngase inmediatamente y consulte a su m\u00e9dico.<\/span><\/p>\n<h2><b>Trabajamos con abogados de lesiones personales para ayudar a los pacientes con reclamos por latigazo cervical<\/b><\/h2>\n<p><span style=\"font-weight: 400;\">Las lesiones por latigazo cervical son un resultado com\u00fan de accidentes automovil\u00edsticos, accidentes laborales y accidentes deportivos. Si una <\/span><a href=\"https:\/\/www.americanbar.org\/groups\/public_education\/resources\/law_issues_for_consumers\/everydaylaw0\/health_care\/personal_injury\/negligence\/#decides\" target=\"_blank\" rel=\"noopener\"><span style=\"font-weight: 400;\">parte negligente<\/span><\/a><span style=\"font-weight: 400;\"> lo llev\u00f3 a lesionarse el cuello, es posible que califique para presentar una demanda por lesiones personales en su contra y buscar una compensaci\u00f3n. Alternativamente, si se lesion\u00f3 mientras trabajaba, puede ser elegible para recibir <\/span><a href=\"https:\/\/www.myfloridacfo.com\/division\/wc\/\" target=\"_blank\" rel=\"noopener\"><span style=\"font-weight: 400;\">compensaci\u00f3n laboral<\/span><\/a><span style=\"font-weight: 400;\">.<\/span> <span style=\"font-weight: 400;\">\u00a0<\/span><\/p>\n<p><span style=\"font-weight: 400;\">Independientemente de su raz\u00f3n para construir un caso legal, estamos dispuestos a brindarle los recursos que necesite para respaldar su reclamo por latigazo cervical. Tendr\u00e1 que firmar un formulario de divulgaci\u00f3n m\u00e9dica para permitir que su abogado obtenga informaci\u00f3n confidencial sobre su tratamiento, pero cooperaremos y le ofreceremos proporcionar:<\/span><\/p>\n<ul>\n<li><span style=\"font-weight: 400;\"> \u00a0 \u00a0 <\/span><span style=\"font-weight: 400;\">Registros m\u00e9dicos, incluidos los resultados de las pruebas y las exploraciones por im\u00e1genes<\/span><\/li>\n<li><span style=\"font-weight: 400;\"> \u00a0 \u00a0 <\/span><span style=\"font-weight: 400;\">An\u00e1lisis m\u00e9dico y notas sobre su lesi\u00f3n por latigazo cervical (p. ej., causa potencial y gravedad)<\/span><\/li>\n<li><span style=\"font-weight: 400;\"> \u00a0 \u00a0 <\/span><span style=\"font-weight: 400;\">Un plan de tratamiento detallado que incluye las terapias que puede necesitar para su recuperaci\u00f3n<\/span><\/li>\n<li><span style=\"font-weight: 400;\"> \u00a0 \u00a0 <\/span><span style=\"font-weight: 400;\">Facturas m\u00e9dicas para su tratamiento actual y estimaciones para tratamientos futuros<\/span><\/li>\n<li><span style=\"font-weight: 400;\"> \u00a0 \u00a0 <\/span><span style=\"font-weight: 400;\">Testimonio m\u00e9dico si su caso requiere un testigo experto<\/span><\/li>\n<\/ul>\n<p><span style=\"font-weight: 400;\">Si est\u00e1 buscando un abogado de lesiones personales, es posible que podamos derivarlo a alguien de nuestra red que pueda brindarle asistencia legal.<\/span><\/p>\n<p><span data-sheets-value=\"{&quot;1&quot;:2,&quot;2&quot;:&quot;&lt;div class=&quot;buttons&quot;&gt;\n        &lt;a class=&quot;content-number mid-page-call-click-button&quot; href=&quot;tel:2393699109&quot;&gt;Call us Now - 239-369-9109&lt;\/a&gt;\n        &lt;a class=&quot;content-number mid-page-form-click-button&quot; id=&quot;second-button&quot; href=&quot;#elementor-action%3Aaction%3Dpopup%3Aopen%26settings%3DeyJpZCI6MTkxOSwidG9nZ2xlIjpmYWxzZX0%3D&quot;&gt;Contact Us!&lt;\/a&gt;\n    &lt;\/div&gt;&quot;}\" data-sheets-userformat=\"{&quot;2&quot;:513,&quot;3&quot;:{&quot;1&quot;:0},&quot;12&quot;:0}\"><div class=\"buttons\">\n        <a class=\"content-number mid-page-call-click-button\" href=\"tel:2393699109\">Call us Now - 239-369-9109<\/a>\n        <a class=\"content-number mid-page-form-click-button\" id=\"second-button\" href=\"#elementor-action%3Aaction%3Dpopup%3Aopen%26settings%3DeyJpZCI6MTkxOSwidG9nZ2xlIjpmYWxzZX0%3D\">Contact Us!<\/a>\n    <\/div><\/span><\/p>\n<h2><b>Llame a nuestra oficina hoy para comenzar su tratamiento de latigazo cervical en Cape Coral<\/b><\/h2>\n<p><span style=\"font-weight: 400;\">Si sufri\u00f3 una lesi\u00f3n por latigazo cervical en un accidente automovil\u00edstico u otro tipo de accidente, considere recibir tratamiento quiropr\u00e1ctico antes de que su lesi\u00f3n empeore y provoque da\u00f1os a largo plazo o permanentes. Nuestros <\/span><a href=\"https:\/\/sc-chiro.com\/es\/cape-coral\/\"><span style=\"font-weight: 400;\">quiropr\u00e1cticos de Cape Coral<\/span><\/a><span style=\"font-weight: 400;\"> pueden evaluar la gravedad de su lesi\u00f3n y crear un plan de tratamiento para reducir el dolor y la rigidez en el cuello.<\/span><span style=\"font-weight: 400;\">\u00a0<\/span><\/p>\n<p><span style=\"font-weight: 400;\">Podemos ayudarlo a recuperarse del accidente y trabajar con su abogado de lesiones personales si est\u00e1 construyendo un caso. Llame al <a href=\"tel:239-369-9109\">239-369-9109<\/a> hoy para programar su primera cita con <\/span><a href=\"https:\/\/sc-chiro.com\/es\/\"><span style=\"font-weight: 400;\">Specific Care Chiropractic<\/span><\/a><span style=\"font-weight: 400;\">.<\/span><span style=\"font-weight: 400;\">\u00a0<\/span><\/p>\n","protected":false},"excerpt":{"rendered":"<p>El latigazo cervical a menudo ocurre cuando una persona sacude violentamente la cabeza hacia adelante y hacia atr\u00e1s, generalmente despu\u00e9s de recibir un golpe por detr\u00e1s. Este tipo de lesi\u00f3n ejerce mucha presi\u00f3n sobre los m\u00fasculos del cuello y la columna cervical, lo que puede provocar rigidez y dolor en el cuello, incluidos los dolores [&hellip;]<\/p>\n","protected":false},"author":36,"featured_media":0,"parent":4015,"menu_order":0,"comment_status":"closed","ping_status":"closed","template":"","meta":{"_acf_changed":false,"footnotes":""},"categories":[76],"tags":[83],"class_list":["post-4052","page","type-page","status-publish","hentry","category-cape-coral-ubicacion","tag-whiplash-es"],"acf":[],"_links":{"self":[{"href":"https:\/\/sc-chiro.com\/es\/wp-json\/wp\/v2\/pages\/4052","targetHints":{"allow":["GET"]}}],"collection":[{"href":"https:\/\/sc-chiro.com\/es\/wp-json\/wp\/v2\/pages"}],"about":[{"href":"https:\/\/sc-chiro.com\/es\/wp-json\/wp\/v2\/types\/page"}],"author":[{"embeddable":true,"href":"https:\/\/sc-chiro.com\/es\/wp-json\/wp\/v2\/users\/36"}],"replies":[{"embeddable":true,"href":"https:\/\/sc-chiro.com\/es\/wp-json\/wp\/v2\/comments?post=4052"}],"version-history":[{"count":0,"href":"https:\/\/sc-chiro.com\/es\/wp-json\/wp\/v2\/pages\/4052\/revisions"}],"up":[{"embeddable":true,"href":"https:\/\/sc-chiro.com\/es\/wp-json\/wp\/v2\/pages\/4015"}],"wp:attachment":[{"href":"https:\/\/sc-chiro.com\/es\/wp-json\/wp\/v2\/media?parent=4052"}],"wp:term":[{"taxonomy":"category","embeddable":true,"href":"https:\/\/sc-chiro.com\/es\/wp-json\/wp\/v2\/categories?post=4052"},{"taxonomy":"post_tag","embeddable":true,"href":"https:\/\/sc-chiro.com\/es\/wp-json\/wp\/v2\/tags?post=4052"}],"curies":[{"name":"wp","href":"https:\/\/api.w.org\/{rel}","templated":true}]}}