{"id":4050,"date":"2021-10-12T19:20:36","date_gmt":"2021-10-12T19:20:36","guid":{"rendered":"https:\/\/qod-scchiro.local\/cape-coral\/scoliosis-treatment\/"},"modified":"2023-06-19T10:57:51","modified_gmt":"2023-06-19T10:57:51","slug":"tratamiento-escoliosis","status":"publish","type":"page","link":"https:\/\/sc-chiro.com\/es\/cape-coral\/tratamiento-escoliosis\/","title":{"rendered":"Tratamiento de la escoliosis de Cape Coral"},"content":{"rendered":"<p><span style=\"font-weight: 400;\">La escoliosis ocurre cuando la columna se curva anormalmente hacia un lado. Esta curvatura puede causar dolor de espalda, mala postura y varios otros problemas de salud. Si bien generalmente ocurre durante la ni\u00f1ez o la adolescencia, los adultos a veces tambi\u00e9n desarrollan la afecci\u00f3n.<\/span><\/p>\n<p><span style=\"font-weight: 400;\">En Specific Care Chiropractic, brindamos tratamiento para la escoliosis de Cape Coral. Si usted o un ser querido tiene escoliosis y experimenta dolor u otros s\u00edntomas, nuestros <\/span><a href=\"https:\/\/sc-chiro.com\/es\/cape-coral\/ajustes-quiropracticos\/\"><span style=\"font-weight: 400;\">quiropr\u00e1cticos<\/span><\/a><span style=\"font-weight: 400;\"> pueden ayudarlo. Desarrollaremos un programa de tratamiento personalizado basado en su condici\u00f3n, s\u00edntomas y evaluaci\u00f3n de necesidades durante su visita inicial.<\/span><a href=\"https:\/\/translate.google.com\/translate?hl=es&amp;prev=_t&amp;sl=en&amp;tl=es&amp;u=https:\/\/sc-chiro.com\/cape-coral\/chiropractic-adjustments\/\"><span style=\"font-weight: 400;\">\u00a0<\/span><\/a><\/p>\n<p><span style=\"font-weight: 400;\">\t\t<div data-elementor-type=\"section\" data-elementor-id=\"3935\" class=\"elementor elementor-3935\" data-elementor-post-type=\"elementor_library\">\n\t\t\t\t\t<section class=\"elementor-section elementor-top-section elementor-element elementor-element-bef2904 elementor-section-boxed elementor-section-height-default elementor-section-height-default\" data-id=\"bef2904\" data-element_type=\"section\" data-e-type=\"section\">\n\t\t\t\t\t\t<div class=\"elementor-container elementor-column-gap-default\">\n\t\t\t\t\t<div class=\"elementor-column elementor-col-100 elementor-top-column elementor-element elementor-element-57dcad5 section-toc\" data-id=\"57dcad5\" data-element_type=\"column\" data-e-type=\"column\">\n\t\t\t<div class=\"elementor-widget-wrap elementor-element-populated\">\n\t\t\t\t\t\t<div class=\"elementor-element elementor-element-0c49dfc elementor-toc--minimized-on-tablet elementor-widget elementor-widget-table-of-contents\" data-id=\"0c49dfc\" data-element_type=\"widget\" data-e-type=\"widget\" data-settings=\"{&quot;exclude_headings_by_selector&quot;:&quot;.toc-remove&quot;,&quot;headings_by_tags&quot;:[&quot;h2&quot;,&quot;h3&quot;,&quot;h4&quot;,&quot;h5&quot;,&quot;h6&quot;],&quot;marker_view&quot;:&quot;numbers&quot;,&quot;no_headings_message&quot;:&quot;No se ha encontrado ning\\u00fan encabezado en esta p\\u00e1gina.&quot;,&quot;minimize_box&quot;:&quot;yes&quot;,&quot;minimized_on&quot;:&quot;tablet&quot;,&quot;hierarchical_view&quot;:&quot;yes&quot;,&quot;min_height&quot;:{&quot;unit&quot;:&quot;px&quot;,&quot;size&quot;:&quot;&quot;,&quot;sizes&quot;:[]},&quot;min_height_tablet&quot;:{&quot;unit&quot;:&quot;px&quot;,&quot;size&quot;:&quot;&quot;,&quot;sizes&quot;:[]},&quot;min_height_mobile&quot;:{&quot;unit&quot;:&quot;px&quot;,&quot;size&quot;:&quot;&quot;,&quot;sizes&quot;:[]}}\" data-widget_type=\"table-of-contents.default\">\n\t\t\t\t<div class=\"elementor-widget-container\">\n\t\t\t\t\t\t\t\t\t<div class=\"elementor-toc__header\">\n\t\t\t\t\t\t<h4 class=\"elementor-toc__header-title\">\n\t\t\t\tTabla de Contenidos\t\t\t<\/h4>\n\t\t\t\t\t\t\t\t\t\t<div class=\"elementor-toc__toggle-button elementor-toc__toggle-button--expand\" role=\"button\" tabindex=\"0\" aria-controls=\"elementor-toc__0c49dfc\" aria-expanded=\"true\" aria-label=\"Abrir la tabla de contenidos\"><i aria-hidden=\"true\" class=\"fas fa-chevron-down\"><\/i><\/div>\n\t\t\t\t<div class=\"elementor-toc__toggle-button elementor-toc__toggle-button--collapse\" role=\"button\" tabindex=\"0\" aria-controls=\"elementor-toc__0c49dfc\" aria-expanded=\"true\" aria-label=\"Cerrar la tabla de contenidos\"><i aria-hidden=\"true\" class=\"fas fa-chevron-up\"><\/i><\/div>\n\t\t\t\t\t<\/div>\n\t\t\t\t<div id=\"elementor-toc__0c49dfc\" class=\"elementor-toc__body\">\n\t\t\t<div class=\"elementor-toc__spinner-container\">\n\t\t\t\t<i class=\"elementor-toc__spinner eicon-animation-spin eicon-loading\" aria-hidden=\"true\"><\/i>\t\t\t<\/div>\n\t\t<\/div>\n\t\t\t\t\t\t<\/div>\n\t\t\t\t<\/div>\n\t\t\t\t\t<\/div>\n\t\t<\/div>\n\t\t\t\t\t<\/div>\n\t\t<\/section>\n\t\t\t\t<\/div>\n\t\t<\/span><\/p>\n<h2><b>Cuidados espec\u00edficos Tratamientos quiropr\u00e1cticos para la escoliosis<\/b><\/h2>\n<p><span style=\"font-weight: 400;\">En Specific Care Chiropractic, nuestros m\u00e9dicos ordenar\u00e1n radiograf\u00edas o revisar\u00e1n sus exploraciones de im\u00e1genes para comprender mejor su condici\u00f3n. A partir de ah\u00ed, desarrollaremos un plan de tratamiento para ayudar a abordar su dolor, postura y otros s\u00edntomas.<\/span><\/p>\n<p><span style=\"font-weight: 400;\">Nuestros tratamientos de escoliosis generalmente se enfocan en una combinaci\u00f3n de ajustes quiropr\u00e1cticos y fisioterapia. Formulamos un programa exclusivo para usted para tratar su <\/span><a href=\"https:\/\/www.mayoclinic.org\/diseases-conditions\/scoliosis\/diagnosis-treatment\/drc-20350721\" target=\"_blank\" rel=\"noopener\"><span style=\"font-weight: 400;\">escoliosis<\/span><\/a><span style=\"font-weight: 400;\"> y mejorar su salud y bienestar general al elegir tratamientos de cada categor\u00eda.<\/span><a href=\"https:\/\/translate.google.com\/translate?hl=es&amp;prev=_t&amp;sl=en&amp;tl=es&amp;u=https:\/\/www.mayoclinic.org\/diseases-conditions\/scoliosis\/diagnosis-treatment\/drc-20350721\" target=\"_blank\" rel=\"noopener\"><span style=\"font-weight: 400;\">\u00a0<\/span><\/a><\/p>\n<h3><b>Tratamientos quiropr\u00e1cticos para la escoliosis<\/b><\/h3>\n<p><span style=\"font-weight: 400;\">Como quiropr\u00e1cticos, nuestros m\u00e9dicos est\u00e1n capacitados para realizar ajustes quiropr\u00e1cticos, como manipulaci\u00f3n espinal y otras t\u00e9cnicas, para ayudar a aliviar el dolor. Estos ajustes ayudan a realinear las v\u00e9rtebras, reduciendo la irritaci\u00f3n, la rigidez y el dolor. Nuestras t\u00e9cnicas utilizadas para tratar el dolor de espalda cr\u00f3nico pueden incluir:<\/span><\/p>\n<ul>\n<li><span style=\"font-weight: 400;\"> \u00a0 \u00a0 <\/span><span style=\"font-weight: 400;\">Manipulaci\u00f3n de extremidades<\/span><\/li>\n<li><span style=\"font-weight: 400;\"> \u00a0 \u00a0 <\/span><span style=\"font-weight: 400;\">Ajustes diversificados<\/span><\/li>\n<li><span style=\"font-weight: 400;\"> \u00a0 \u00a0 <\/span><span style=\"font-weight: 400;\">postura lateral<\/span><\/li>\n<li><span style=\"font-weight: 400;\"> \u00a0 \u00a0 <\/span><span style=\"font-weight: 400;\">T\u00e9cnica de mesa abatible de Thompson<\/span><\/li>\n<li><span style=\"font-weight: 400;\"> \u00a0 \u00a0 <\/span><span style=\"font-weight: 400;\">Alternar retroceso<\/span><\/li>\n<li><span style=\"font-weight: 400;\"> \u00a0 \u00a0 <\/span><span style=\"font-weight: 400;\">T\u00e9cnica Sacro-Occipital (SOT)<\/span><\/li>\n<\/ul>\n<p><span style=\"font-weight: 400;\">Nuestros m\u00e9dicos determinar\u00e1n cu\u00e1l de estas t\u00e9cnicas de ajuste le beneficiar\u00e1 m\u00e1s, posiblemente combinando varias y solicitando fisioterapia tambi\u00e9n. El objetivo es ayudarlo a reducir el dolor que experimenta, lo que le permite regresar a muchas de sus actividades anteriores y tomar menos medicamentos para su afecci\u00f3n.<\/span><\/p>\n<h3><b>Tratamientos de Fisioterapia<\/b><\/h3>\n<p><a href=\"https:\/\/sc-chiro.com\/es\/cape-coral\/servicios-fisioterapia\/\"><span style=\"font-weight: 400;\">La fisioterapia<\/span><\/a><span style=\"font-weight: 400;\"> a veces se conoce mejor como fisioterapia. Consiste en ejercicios, desarrollo de fuerza y \u200b\u200bflexibilidad y otras t\u00e9cnicas para mejorar la movilidad del paciente, el rango de movimiento y la calidad de vida en general. Para la escoliosis, nuestros terapeutas pueden recomendar uno o m\u00e1s de los siguientes:<\/span><\/p>\n<ul>\n<li><span style=\"font-weight: 400;\"> \u00a0 \u00a0 <\/span><span style=\"font-weight: 400;\">cuidado correctivo<\/span><\/li>\n<li><span style=\"font-weight: 400;\"> \u00a0 \u00a0 <\/span><span style=\"font-weight: 400;\">Masaje<\/span><\/li>\n<li><span style=\"font-weight: 400;\"> \u00a0 \u00a0 <\/span><span style=\"font-weight: 400;\">terapia de ultrasonido<\/span><\/li>\n<li><span style=\"font-weight: 400;\"> \u00a0 \u00a0 <\/span><span style=\"font-weight: 400;\">Terapia de electroestimulaci\u00f3n muscular (E-STIM)<\/span><\/li>\n<li><span style=\"font-weight: 400;\"> \u00a0 \u00a0 <\/span><span style=\"font-weight: 400;\">Terapia de ejercicios de estiramiento y fortalecimiento<\/span><\/li>\n<li><span style=\"font-weight: 400;\"> \u00a0 \u00a0 <\/span><span style=\"font-weight: 400;\">Rehabilitaci\u00f3n<\/span><\/li>\n<\/ul>\n<p><span style=\"font-weight: 400;\">Puede contar con nuestros m\u00e9dicos para monitorear continuamente su progreso y modificar su plan de tratamiento seg\u00fan sea necesario. Te explicaremos detalladamente cada t\u00e9cnica que utilizamos y responderemos cualquier duda que tengas sobre tu tratamiento. Tambi\u00e9n podemos se\u00f1alarle la evidencia de la efectividad de nuestras terapias y discutir por qu\u00e9 creemos que son una buena opci\u00f3n para usted.<\/span><\/p>\n<p><span data-sheets-value=\"{&quot;1&quot;:2,&quot;2&quot;:&quot;&lt;div class=&quot;buttons&quot;&gt;\n        &lt;a class=&quot;content-number mid-page-call-click-button&quot; href=&quot;tel:2393699109&quot;&gt;Call us Now - 239-369-9109&lt;\/a&gt;\n        &lt;a class=&quot;content-number mid-page-form-click-button&quot; id=&quot;second-button&quot; href=&quot;#elementor-action%3Aaction%3Dpopup%3Aopen%26settings%3DeyJpZCI6MTkxOSwidG9nZ2xlIjpmYWxzZX0%3D&quot;&gt;Contact Us!&lt;\/a&gt;\n    &lt;\/div&gt;&quot;}\" data-sheets-userformat=\"{&quot;2&quot;:513,&quot;3&quot;:{&quot;1&quot;:0},&quot;12&quot;:0}\"><div class=\"buttons\">\n        <a class=\"content-number mid-page-call-click-button\" href=\"tel:2393699109\">Call us Now - 239-369-9109<\/a>\n        <a class=\"content-number mid-page-form-click-button\" id=\"second-button\" href=\"#elementor-action%3Aaction%3Dpopup%3Aopen%26settings%3DeyJpZCI6MTkxOSwidG9nZ2xlIjpmYWxzZX0%3D\">Contact Us!<\/a>\n    <\/div><\/span><\/p>\n<h2><b>Specific Care Chiropractic proporciona tratamiento de escoliosis en Cape Coral<\/b><\/h2>\n<p><span style=\"font-weight: 400;\">Nuestros m\u00e9dicos atienden pacientes con escoliosis en el consultorio de Specific Care Chiropractic en Cape Coral:<\/span><\/p>\n<p><a href=\"https:\/\/www.google.com\/maps\/place\/Specific+Care+Chiropractic\/@26.6436233,-81.9428472,17z\/data=!3m1!4b1!4m5!3m4!1s0x0:0x9a593396ad750d66!8m2!3d26.6436047!4d-81.940688?authuser=3\" target=\"_blank\" rel=\"noopener\"><span style=\"font-weight: 400;\">461 Del Prado Blvd SC<\/span><\/a><\/p>\n<p><a href=\"https:\/\/www.google.com\/maps\/place\/Specific+Care+Chiropractic\/@26.6436233,-81.9428472,17z\/data=!3m1!4b1!4m5!3m4!1s0x0:0x9a593396ad750d66!8m2!3d26.6436047!4d-81.940688?authuser=3\" target=\"_blank\" rel=\"noopener\"><span style=\"font-weight: 400;\">Cabo Coral, FL 33990<\/span><\/a><\/p>\n<p><span style=\"font-weight: 400;\">Nuestro enfoque es ayudarlo a reducir y eliminar el dolor que experimenta y prevenir el desarrollo de s\u00edntomas adicionales debido a su escoliosis. La atenci\u00f3n quiropr\u00e1ctica proporciona una forma no invasiva y sin narc\u00f3ticos de tratar el dolor de espalda y prevenir futuros dolores y discapacidades.<\/span><\/p>\n<p><span style=\"font-weight: 400;\">En Specific Care Chiropractic, nuestro equipo dise\u00f1a un programa integral de tratamiento y bienestar para cada paciente. Evaluamos sus necesidades, prescribimos ajustes y terapia, y comenzamos su atenci\u00f3n durante su visita inicial. Para obtener m\u00e1s informaci\u00f3n, ofrecemos un Centro de pacientes nuevos en l\u00ednea.<\/span><\/p>\n<p><img fetchpriority=\"high\" decoding=\"async\" class=\"alignnone wp-image-3273 size-full\" src=\"https:\/\/sc-chiro.com\/wp-content\/uploads\/2021\/10\/Cape-Coral-Scoliosis-treatment.jpg\" alt=\"Woman having spine examined for Cape Coral Scoliosis treatment\" width=\"500\" height=\"333\" srcset=\"https:\/\/sc-chiro.com\/wp-content\/uploads\/2021\/10\/Cape-Coral-Scoliosis-treatment.jpg 500w, https:\/\/sc-chiro.com\/wp-content\/uploads\/2021\/10\/Cape-Coral-Scoliosis-treatment-300x200.jpg 300w\" sizes=\"(max-width: 500px) 100vw, 500px\" \/><\/p>\n<h2><b>\u00bfQu\u00e9 causa la escoliosis?<\/b><\/h2>\n<p><span style=\"font-weight: 400;\">La escoliosis ocurre cuando la columna se curva anormalmente hacia un lado. Esta curva puede ser relativamente menor o grave: cuanto mayor es la curvatura de la columna, m\u00e1s graves son los s\u00edntomas que experimenta la persona, en la mayor\u00eda de los casos.<\/span><\/p>\n<p><span style=\"font-weight: 400;\">Seg\u00fan la <\/span><a href=\"https:\/\/www.aans.org\/en\/Patients\/Neurosurgical-Conditions-and-Treatments\/Scoliosis\" target=\"_blank\" rel=\"noopener\"><span style=\"font-weight: 400;\">Asociaci\u00f3n Estadounidense de Cirujanos Neurol\u00f3gicos (AANS)<\/span><\/a><span style=\"font-weight: 400;\"> , existen varios tipos de escoliosis:<\/span><a href=\"https:\/\/translate.google.com\/translate?hl=es&amp;prev=_t&amp;sl=en&amp;tl=es&amp;u=https:\/\/www.aans.org\/en\/Patients\/Neurosurgical-Conditions-and-Treatments\/Scoliosis\" target=\"_blank\" rel=\"noopener\"><span style=\"font-weight: 400;\">\u00a0<\/span><\/a><\/p>\n<h3><b>Escoliosis idiop\u00e1tica<\/b><\/h3>\n<p><span style=\"font-weight: 400;\">La mayor\u00eda de los diagn\u00f3sticos de escoliosis son para escoliosis idiop\u00e1tica; esto comprende alrededor del 80 por ciento de todos los casos. Es un diagn\u00f3stico de exclusi\u00f3n, lo que significa que no hay una causa conocida. Por lo general, se diagnostica durante la pubertad, aunque los adultos tambi\u00e9n pueden recibir este diagn\u00f3stico.<\/span><\/p>\n<h3><b>Escoliosis cong\u00e9nita<\/b><\/h3>\n<p><span style=\"font-weight: 400;\">La escoliosis cong\u00e9nita ocurre debido a un problema durante el desarrollo del beb\u00e9 en el \u00fatero materno. El diagn\u00f3stico generalmente ocurre cuando el ni\u00f1o es peque\u00f1o.<\/span><\/p>\n<h3><b>Escoliosis neuromuscular<\/b><\/h3>\n<p><span style=\"font-weight: 400;\">La escoliosis neuromuscular ocurre debido a otra afecci\u00f3n primaria, como:<\/span><\/p>\n<ul>\n<li><span style=\"font-weight: 400;\"> \u00a0 \u00a0 <\/span><span style=\"font-weight: 400;\">Par\u00e1lisis cerebral<\/span><\/li>\n<li><span style=\"font-weight: 400;\"> \u00a0 \u00a0 <\/span><span style=\"font-weight: 400;\">Distrofia muscular<\/span><\/li>\n<li><span style=\"font-weight: 400;\"> \u00a0 \u00a0 <\/span><span style=\"font-weight: 400;\">Espina b\u00edfida<\/span><\/li>\n<li><span style=\"font-weight: 400;\"> \u00a0 \u00a0 <\/span><span style=\"font-weight: 400;\">Atrofia muscular en la columna<\/span><\/li>\n<\/ul>\n<p><span style=\"font-weight: 400;\">El trauma de la m\u00e9dula espinal con deficiencias duraderas tambi\u00e9n puede causar este tipo de escoliosis.<\/span><\/p>\n<h3><b>Escoliosis degenerativa<\/b><\/h3>\n<p><span style=\"font-weight: 400;\">Cuando los adultos mayores de 65 a\u00f1os tienen escoliosis, generalmente se trata de escoliosis degenerativa. Es el resultado del desgaste de las articulaciones y v\u00e9rtebras de la columna vertebral. Esta forma ocurre con mayor frecuencia en la columna lumbar, pero puede ocurrir en otras \u00e1reas.<\/span><\/p>\n<p><span style=\"font-weight: 400;\">Puede o no ocurrir junto con la estenosis espinal, que es una condici\u00f3n que conduce a un canal espinal estrecho. Comprime los nervios clave y causa dolor de espalda y disfunci\u00f3n nerviosa.<\/span><\/p>\n<p><span data-sheets-value=\"{&quot;1&quot;:2,&quot;2&quot;:&quot;&lt;div class=&quot;buttons&quot;&gt;\n        &lt;a class=&quot;content-number mid-page-call-click-button&quot; href=&quot;tel:2393699109&quot;&gt;Call us Now - 239-369-9109&lt;\/a&gt;\n        &lt;a class=&quot;content-number mid-page-form-click-button&quot; id=&quot;second-button&quot; href=&quot;#elementor-action%3Aaction%3Dpopup%3Aopen%26settings%3DeyJpZCI6MTkxOSwidG9nZ2xlIjpmYWxzZX0%3D&quot;&gt;Contact Us!&lt;\/a&gt;\n    &lt;\/div&gt;&quot;}\" data-sheets-userformat=\"{&quot;2&quot;:513,&quot;3&quot;:{&quot;1&quot;:0},&quot;12&quot;:0}\"><div class=\"buttons\">\n        <a class=\"content-number mid-page-call-click-button\" href=\"tel:2393699109\">Call us Now - 239-369-9109<\/a>\n        <a class=\"content-number mid-page-form-click-button\" id=\"second-button\" href=\"#elementor-action%3Aaction%3Dpopup%3Aopen%26settings%3DeyJpZCI6MTkxOSwidG9nZ2xlIjpmYWxzZX0%3D\">Contact Us!<\/a>\n    <\/div><\/span><\/p>\n<h2><b>Preocupaciones sobre no tratar la escoliosis<\/b><\/h2>\n<p><span style=\"font-weight: 400;\">Dejar la escoliosis sin abordar puede permitir que la afecci\u00f3n empeore y desencadene s\u00edntomas adicionales, como aumento del dolor, p\u00e9rdida de movilidad y dificultad para sentarse o pararse derecho. Adem\u00e1s, la escoliosis grave puede afectar el cuerpo de otras formas, entre ellas:<\/span><\/p>\n<ul>\n<li><span style=\"font-weight: 400;\"> \u00a0 \u00a0 <\/span><span style=\"font-weight: 400;\">Permitir que su caja tor\u00e1cica comprima sus pulmones, lo que dificulta la respiraci\u00f3n.<\/span><\/li>\n<li><span style=\"font-weight: 400;\"> \u00a0 \u00a0 <\/span><span style=\"font-weight: 400;\">Hacer que un lado de su cuerpo est\u00e9 m\u00e1s alto que el otro debido a la desalineaci\u00f3n de su columna<\/span><\/li>\n<li><span style=\"font-weight: 400;\"> \u00a0 \u00a0 <\/span><span style=\"font-weight: 400;\">Inflamaci\u00f3n de los nervios de la espalda, piernas, brazos u otras \u00e1reas afectadas<\/span><\/li>\n<li><span style=\"font-weight: 400;\"> \u00a0 \u00a0 <\/span><span style=\"font-weight: 400;\">Dolor cr\u00f3nico y dolor nervioso<\/span><\/li>\n<\/ul>\n<p><span style=\"font-weight: 400;\">En Specific Care Chiropractic, ofrecemos tratamientos que pueden reducir el riesgo de desarrollar estos efectos graves de la escoliosis. Los ajustes quiropr\u00e1cticos y la fisioterapia no pueden enderezar la columna y curar la escoliosis. Incluso la cirug\u00eda no siempre es efectiva para reparar completamente la curvatura. Sin embargo, nuestros planes de tratamiento a menudo son efectivos en:<\/span><\/p>\n<ul>\n<li><span style=\"font-weight: 400;\"> \u00a0 \u00a0 <\/span><span style=\"font-weight: 400;\">Aliviar o reducir el dolor cr\u00f3nico<\/span><\/li>\n<li><span style=\"font-weight: 400;\"> \u00a0 \u00a0 <\/span><span style=\"font-weight: 400;\">Mejorar el rango de movimiento y permitir que el paciente regrese a sus actividades anteriores<\/span><\/li>\n<li><span style=\"font-weight: 400;\"> \u00a0 \u00a0 <\/span><span style=\"font-weight: 400;\">Reducir su calificaci\u00f3n de discapacidad<\/span><\/li>\n<li><span style=\"font-weight: 400;\"> \u00a0 \u00a0 <\/span><span style=\"font-weight: 400;\">Disminuci\u00f3n de la curvatura de la columna<\/span><\/li>\n<\/ul>\n<h2><b>Programe su evaluaci\u00f3n de tratamiento de escoliosis de Cape Coral hoy<\/b><\/h2>\n<p><span style=\"font-weight: 400;\">En <\/span><a href=\"https:\/\/sc-chiro.com\/es\/\"><span style=\"font-weight: 400;\">Specific Care Chiropractic<\/span><\/a><span style=\"font-weight: 400;\"> , nuestros m\u00e9dicos eval\u00faan a cada paciente para comprender mejor sus necesidades y c\u00f3mo podemos ayudarlo. Luego, adaptamos nuestro plan de tratamiento a sus necesidades espec\u00edficas. Durante su cita inicial con nuestro equipo, evaluaremos su condici\u00f3n y le recetaremos t\u00e9cnicas de quiropr\u00e1ctica y fisioterapia para ayudar a aliviar su dolor y restaurar la salud de su columna.<\/span><\/p>\n<p><span style=\"font-weight: 400;\">Llame <a href=\"tel:239-369-9109\">239-369-9109<\/a> ahora para programar una cita para ver a uno de nuestros m\u00e9dicos en <\/span><a href=\"https:\/\/sc-chiro.com\/es\/cape-coral\/\"><span style=\"font-weight: 400;\">Cape Coral<\/span><\/a><span style=\"font-weight: 400;\">.<\/span><\/p>\n","protected":false},"excerpt":{"rendered":"<p>La escoliosis ocurre cuando la columna se curva anormalmente hacia un lado. Esta curvatura puede causar dolor de espalda, mala postura y varios otros problemas de salud. Si bien generalmente ocurre durante la ni\u00f1ez o la adolescencia, los adultos a veces tambi\u00e9n desarrollan la afecci\u00f3n. En Specific Care Chiropractic, brindamos tratamiento para la escoliosis de [&hellip;]<\/p>\n","protected":false},"author":36,"featured_media":0,"parent":4015,"menu_order":0,"comment_status":"closed","ping_status":"closed","template":"","meta":{"_acf_changed":false,"footnotes":""},"categories":[76],"tags":[70],"class_list":["post-4050","page","type-page","status-publish","hentry","category-cape-coral-ubicacion","tag-escoliosis"],"acf":[],"_links":{"self":[{"href":"https:\/\/sc-chiro.com\/es\/wp-json\/wp\/v2\/pages\/4050","targetHints":{"allow":["GET"]}}],"collection":[{"href":"https:\/\/sc-chiro.com\/es\/wp-json\/wp\/v2\/pages"}],"about":[{"href":"https:\/\/sc-chiro.com\/es\/wp-json\/wp\/v2\/types\/page"}],"author":[{"embeddable":true,"href":"https:\/\/sc-chiro.com\/es\/wp-json\/wp\/v2\/users\/36"}],"replies":[{"embeddable":true,"href":"https:\/\/sc-chiro.com\/es\/wp-json\/wp\/v2\/comments?post=4050"}],"version-history":[{"count":0,"href":"https:\/\/sc-chiro.com\/es\/wp-json\/wp\/v2\/pages\/4050\/revisions"}],"up":[{"embeddable":true,"href":"https:\/\/sc-chiro.com\/es\/wp-json\/wp\/v2\/pages\/4015"}],"wp:attachment":[{"href":"https:\/\/sc-chiro.com\/es\/wp-json\/wp\/v2\/media?parent=4050"}],"wp:term":[{"taxonomy":"category","embeddable":true,"href":"https:\/\/sc-chiro.com\/es\/wp-json\/wp\/v2\/categories?post=4050"},{"taxonomy":"post_tag","embeddable":true,"href":"https:\/\/sc-chiro.com\/es\/wp-json\/wp\/v2\/tags?post=4050"}],"curies":[{"name":"wp","href":"https:\/\/api.w.org\/{rel}","templated":true}]}}