{"id":4049,"date":"2021-10-12T18:51:18","date_gmt":"2021-10-12T18:51:18","guid":{"rendered":"https:\/\/qod-scchiro.local\/cape-coral\/sciatica-treatment\/"},"modified":"2023-06-19T10:58:37","modified_gmt":"2023-06-19T10:58:37","slug":"tratamiento-ciatica","status":"publish","type":"page","link":"https:\/\/sc-chiro.com\/es\/cape-coral\/tratamiento-ciatica\/","title":{"rendered":"Tratamiento de la ci\u00e1tica de Cape Coral"},"content":{"rendered":"<p><span style=\"font-weight: 400;\">Muchas personas desarrollan ci\u00e1tica como una lesi\u00f3n posterior a una hernia de disco lumbar (disco herniado en la parte baja de la espalda). Esta lesi\u00f3n implica un dolor nervioso que recorre la pierna de una persona, incluidas las caderas y las nalgas, que siguen el trayecto del nervio ci\u00e1tico. Adem\u00e1s, el \u00e1rea lumbar de la m\u00e9dula espinal afecta la funci\u00f3n nerviosa en esta parte del cuerpo. Dicho esto, la ci\u00e1tica tambi\u00e9n puede desarrollarse como resultado de otros problemas de salud, como la diabetes.<\/span><\/p>\n<p><span style=\"font-weight: 400;\">Si usted o un ser querido sufre de dolor ci\u00e1tico, nuestros <\/span><a href=\"https:\/\/sc-chiro.com\/es\/cape-coral\/ajustes-quiropracticos\/\"><span style=\"font-weight: 400;\">quiropr\u00e1cticos<\/span><\/a><span style=\"font-weight: 400;\"> en Specific Care Chiropractic desean aliviar sus s\u00edntomas de dolor y tratar el \u00e1rea afectada. Ofrecemos el tratamiento de la ci\u00e1tica de Cape Coral que permite a los pacientes recuperar la movilidad en las piernas para que puedan regresar a sus actividades regulares.<\/span><span style=\"font-weight: 400;\">\u00a0<\/span><\/p>\n<p><span style=\"font-weight: 400;\">\t\t<div data-elementor-type=\"section\" data-elementor-id=\"3935\" class=\"elementor elementor-3935\" data-elementor-post-type=\"elementor_library\">\n\t\t\t\t\t<section class=\"elementor-section elementor-top-section elementor-element elementor-element-bef2904 elementor-section-boxed elementor-section-height-default elementor-section-height-default\" data-id=\"bef2904\" data-element_type=\"section\" data-e-type=\"section\">\n\t\t\t\t\t\t<div class=\"elementor-container elementor-column-gap-default\">\n\t\t\t\t\t<div class=\"elementor-column elementor-col-100 elementor-top-column elementor-element elementor-element-57dcad5 section-toc\" data-id=\"57dcad5\" data-element_type=\"column\" data-e-type=\"column\">\n\t\t\t<div class=\"elementor-widget-wrap elementor-element-populated\">\n\t\t\t\t\t\t<div class=\"elementor-element elementor-element-0c49dfc elementor-toc--minimized-on-tablet elementor-widget elementor-widget-table-of-contents\" data-id=\"0c49dfc\" data-element_type=\"widget\" data-e-type=\"widget\" data-settings=\"{&quot;exclude_headings_by_selector&quot;:&quot;.toc-remove&quot;,&quot;headings_by_tags&quot;:[&quot;h2&quot;,&quot;h3&quot;,&quot;h4&quot;,&quot;h5&quot;,&quot;h6&quot;],&quot;marker_view&quot;:&quot;numbers&quot;,&quot;no_headings_message&quot;:&quot;No se ha encontrado ning\\u00fan encabezado en esta p\\u00e1gina.&quot;,&quot;minimize_box&quot;:&quot;yes&quot;,&quot;minimized_on&quot;:&quot;tablet&quot;,&quot;hierarchical_view&quot;:&quot;yes&quot;,&quot;min_height&quot;:{&quot;unit&quot;:&quot;px&quot;,&quot;size&quot;:&quot;&quot;,&quot;sizes&quot;:[]},&quot;min_height_tablet&quot;:{&quot;unit&quot;:&quot;px&quot;,&quot;size&quot;:&quot;&quot;,&quot;sizes&quot;:[]},&quot;min_height_mobile&quot;:{&quot;unit&quot;:&quot;px&quot;,&quot;size&quot;:&quot;&quot;,&quot;sizes&quot;:[]}}\" data-widget_type=\"table-of-contents.default\">\n\t\t\t\t<div class=\"elementor-widget-container\">\n\t\t\t\t\t\t\t\t\t<div class=\"elementor-toc__header\">\n\t\t\t\t\t\t<h4 class=\"elementor-toc__header-title\">\n\t\t\t\tTabla de Contenidos\t\t\t<\/h4>\n\t\t\t\t\t\t\t\t\t\t<div class=\"elementor-toc__toggle-button elementor-toc__toggle-button--expand\" role=\"button\" tabindex=\"0\" aria-controls=\"elementor-toc__0c49dfc\" aria-expanded=\"true\" aria-label=\"Abrir la tabla de contenidos\"><i aria-hidden=\"true\" class=\"fas fa-chevron-down\"><\/i><\/div>\n\t\t\t\t<div class=\"elementor-toc__toggle-button elementor-toc__toggle-button--collapse\" role=\"button\" tabindex=\"0\" aria-controls=\"elementor-toc__0c49dfc\" aria-expanded=\"true\" aria-label=\"Cerrar la tabla de contenidos\"><i aria-hidden=\"true\" class=\"fas fa-chevron-up\"><\/i><\/div>\n\t\t\t\t\t<\/div>\n\t\t\t\t<div id=\"elementor-toc__0c49dfc\" class=\"elementor-toc__body\">\n\t\t\t<div class=\"elementor-toc__spinner-container\">\n\t\t\t\t<i class=\"elementor-toc__spinner eicon-animation-spin eicon-loading\" aria-hidden=\"true\"><\/i>\t\t\t<\/div>\n\t\t<\/div>\n\t\t\t\t\t\t<\/div>\n\t\t\t\t<\/div>\n\t\t\t\t\t<\/div>\n\t\t<\/div>\n\t\t\t\t\t<\/div>\n\t\t<\/section>\n\t\t\t\t<\/div>\n\t\t<\/span><\/p>\n<h2><b>La ci\u00e1tica puede ser el resultado de una hernia de disco u otros factores relacionados con el estilo de vida y la salud<\/b><\/h2>\n<p><span style=\"font-weight: 400;\">Es posible que haya escuchado el t\u00e9rmino &#8220;nervio pinzado&#8221;, que es un nombre com\u00fan para la ci\u00e1tica, ya que describe el dolor agudo y repentino que sienten las personas cuando se producen brotes. A\u00fan as\u00ed, \u00bfc\u00f3mo se desarrolla esta lesi\u00f3n? \u00bfEs siempre una \u201clesi\u00f3n\u201d o una condici\u00f3n de salud?<\/span><\/p>\n<p><span style=\"font-weight: 400;\">En algunos casos, si una persona sufre una <\/span><a href=\"https:\/\/sc-chiro.com\/es\/cape-coral\/tratamiento-hernia-discal\/\"><span style=\"font-weight: 400;\">lesi\u00f3n por hernia de disco<\/span><\/a><span style=\"font-weight: 400;\"> , puede desarrollar ci\u00e1tica si se produce da\u00f1o en los nervios alrededor de la hernia. Por ejemplo, si trabaj\u00f3 en la construcci\u00f3n y desarroll\u00f3 una hernia de disco en la parte inferior de la espalda y luego continu\u00f3 trabajando con esta lesi\u00f3n, podr\u00eda agravar la lesi\u00f3n y causar da\u00f1o a los nervios. Entonces podr\u00edas sentir dolor en un lado de tu cuerpo, generalmente en una de tus piernas. Esto es ci\u00e1tica.<\/span><span style=\"font-weight: 400;\">\u00a0<\/span><\/p>\n<p><span style=\"font-weight: 400;\">A\u00fan as\u00ed, otros factores de salud y estilo de vida pueden <\/span><a href=\"https:\/\/www.mayoclinic.org\/diseases-conditions\/sciatica\/symptoms-causes\/syc-20377435\" target=\"_blank\" rel=\"noopener\"><span style=\"font-weight: 400;\">provocar dolor ci\u00e1tico<\/span><\/a><span style=\"font-weight: 400;\"> , como:<\/span><span style=\"font-weight: 400;\">\u00a0<\/span><\/p>\n<ul>\n<li><span style=\"font-weight: 400;\"> \u00a0 \u00a0 <\/span><span style=\"font-weight: 400;\">Tener sobrepeso<\/span><\/li>\n<li><span style=\"font-weight: 400;\"> \u00a0 \u00a0 <\/span><span style=\"font-weight: 400;\">tener diabetes<\/span><\/li>\n<li><span style=\"font-weight: 400;\"> \u00a0 \u00a0 <\/span><span style=\"font-weight: 400;\">Envejecer y ser m\u00e1s propenso a lesiones y degradaci\u00f3n \u00f3sea.<\/span><\/li>\n<li><span style=\"font-weight: 400;\"> \u00a0 \u00a0 <\/span><span style=\"font-weight: 400;\">Tener un estilo de vida inactivo<\/span><\/li>\n<li><span style=\"font-weight: 400;\"> \u00a0 \u00a0 <\/span><span style=\"font-weight: 400;\">Trabajar en un trabajo que requiere que est\u00e9 sentado durante largos per\u00edodos<\/span><\/li>\n<\/ul>\n<p><span data-sheets-value=\"{&quot;1&quot;:2,&quot;2&quot;:&quot;&lt;div class=&quot;buttons&quot;&gt;\n        &lt;a class=&quot;content-number mid-page-call-click-button&quot; href=&quot;tel:2393699109&quot;&gt;Call us Now - 239-369-9109&lt;\/a&gt;\n        &lt;a class=&quot;content-number mid-page-form-click-button&quot; id=&quot;second-button&quot; href=&quot;#elementor-action%3Aaction%3Dpopup%3Aopen%26settings%3DeyJpZCI6MTkxOSwidG9nZ2xlIjpmYWxzZX0%3D&quot;&gt;Contact Us!&lt;\/a&gt;\n    &lt;\/div&gt;&quot;}\" data-sheets-userformat=\"{&quot;2&quot;:513,&quot;3&quot;:{&quot;1&quot;:0},&quot;12&quot;:0}\"><div class=\"buttons\">\n        <a class=\"content-number mid-page-call-click-button\" href=\"tel:2393699109\">Call us Now - 239-369-9109<\/a>\n        <a class=\"content-number mid-page-form-click-button\" id=\"second-button\" href=\"#elementor-action%3Aaction%3Dpopup%3Aopen%26settings%3DeyJpZCI6MTkxOSwidG9nZ2xlIjpmYWxzZX0%3D\">Contact Us!<\/a>\n    <\/div><\/span><\/p>\n<h2><b>Qu\u00e9 esperar durante su primera cita para el dolor de ci\u00e1tica<\/b><\/h2>\n<p><span style=\"font-weight: 400;\">Si nunca antes ha recibido tratamiento quiropr\u00e1ctico, es posible que no sepa qu\u00e9 esperar en su primera cita. Algunas personas se sienten intimidadas por la medicina quiropr\u00e1ctica, por lo que nuestro primer objetivo es que se sienta lo m\u00e1s relajado posible. Es probable que no reciba tratamiento quiropr\u00e1ctico en su primera cita porque primero debemos examinar la gravedad de su lesi\u00f3n.<\/span><\/p>\n<h3><b>Primero, responder\u00e1s una serie de preguntas<\/b><\/h3>\n<p><span style=\"font-weight: 400;\">Su primera cita actuar\u00e1 como una consulta entre usted y el m\u00e9dico. Tendr\u00e1 que completar un cuestionario, que uno de nuestros m\u00e9dicos leer\u00e1 y le har\u00e1 preguntas de seguimiento para obtener aclaraciones.<\/span><\/p>\n<p><span style=\"font-weight: 400;\">Si otro profesional m\u00e9dico le diagnostic\u00f3 ci\u00e1tica, es posible que le preguntemos m\u00e1s acerca de sus s\u00edntomas, como:<\/span><\/p>\n<ul>\n<li><span style=\"font-weight: 400;\"> \u00a0 \u00a0 <\/span><span style=\"font-weight: 400;\">\u00bfD\u00f3nde siente dolor (p. ej., en la pierna, en las caderas, etc.)?<\/span><\/li>\n<li><span style=\"font-weight: 400;\"> \u00a0 \u00a0 <\/span><span style=\"font-weight: 400;\">\u00bfSientes a menudo entumecimiento o te sorprende un dolor agudo repentino (o ambos)?<\/span><\/li>\n<li><span style=\"font-weight: 400;\"> \u00a0 \u00a0 <\/span><span style=\"font-weight: 400;\">\u00bfEst\u00e1 experimentando alguna debilidad muscular alrededor del \u00e1rea afectada y eso limita su capacidad para caminar, agacharse, levantarse, etc.?<\/span><\/li>\n<li><span style=\"font-weight: 400;\"> \u00a0 \u00a0 <\/span><span style=\"font-weight: 400;\">\u00bfTiene una sensaci\u00f3n de hormigueo seguida de molestias o dolor nervioso en el \u00e1rea afectada?<\/span><\/li>\n<li><span style=\"font-weight: 400;\"> \u00a0 \u00a0 <\/span><span style=\"font-weight: 400;\">\u00bfTambi\u00e9n ha sufrido una lesi\u00f3n de hernia de disco? \u00bfSi es as\u00ed, donde?<\/span><\/li>\n<li><span style=\"font-weight: 400;\"> \u00a0 \u00a0 <\/span><span style=\"font-weight: 400;\">\u00bfHa recibido tratamiento quir\u00fargico por su lesi\u00f3n o lo est\u00e1 considerando?<\/span><\/li>\n<\/ul>\n<p><span style=\"font-weight: 400;\">Sus respuestas dar\u00e1n forma a la trayectoria de su plan de tratamiento. Si experimenta otros s\u00edntomas o brotes durante su tratamiento en citas posteriores, aseg\u00farese de informar a su m\u00e9dico.<\/span><\/p>\n<h3><b>A continuaci\u00f3n, se someter\u00e1 a un examen f\u00edsico<\/b><\/h3>\n<p><span style=\"font-weight: 400;\">Una vez que el m\u00e9dico tenga una idea general del nivel de gravedad de su ci\u00e1tica, le realizar\u00e1 un examen f\u00edsico para ver si otros factores subyacentes pueden estar caus\u00e1ndole molestias o dolor. Tambi\u00e9n revisar\u00e1n sus signos vitales en caso de que existan otras anomal\u00edas.<\/span><\/p>\n<p><span style=\"font-weight: 400;\">Dependiendo de lo que informe, es posible que soliciten im\u00e1genes de rayos X del \u00e1rea afectada u otros resultados de ex\u00e1menes de im\u00e1genes para poder ver m\u00e1s de cerca su lesi\u00f3n. Estas im\u00e1genes pueden alertar al quiropr\u00e1ctico de cualquier manipulaci\u00f3n espinal que deba realizar o si solo debe enfocarse en el \u00e1rea afectada.<\/span><\/p>\n<p><img fetchpriority=\"high\" decoding=\"async\" class=\"alignnone wp-image-3275 size-full\" src=\"https:\/\/sc-chiro.com\/wp-content\/uploads\/2021\/10\/Cape-Coral-Sciatica-Treatment.jpg\" alt=\"Doctor writing Sciatica on clipboard Cape Coral Sciatica treatment\" width=\"500\" height=\"333\" srcset=\"https:\/\/sc-chiro.com\/wp-content\/uploads\/2021\/10\/Cape-Coral-Sciatica-Treatment.jpg 500w, https:\/\/sc-chiro.com\/wp-content\/uploads\/2021\/10\/Cape-Coral-Sciatica-Treatment-300x200.jpg 300w\" sizes=\"(max-width: 500px) 100vw, 500px\" \/><\/p>\n<h2><b>Nuestro tratamiento de ci\u00e1tica implica ajuste quiropr\u00e1ctico y fisioterapia<\/b><\/h2>\n<p><span style=\"font-weight: 400;\">En Specific Care Chiropractic, nuestros m\u00e9dicos tienen licencia y est\u00e1n capacitados para realizar ajustes quiropr\u00e1cticos y <\/span><a href=\"https:\/\/sc-chiro.com\/es\/cape-coral\/servicios-fisioterapia\/\"><span style=\"font-weight: 400;\">fisioterapia<\/span><\/a><span style=\"font-weight: 400;\">. Los planes de tratamiento para la ci\u00e1tica pueden variar seg\u00fan el lugar donde el paciente experimente dolor, si hay otras lesiones presentes y otras condiciones de salud que pueda tener el paciente.<\/span><span style=\"font-weight: 400;\">\u00a0<\/span><\/p>\n<p><span style=\"font-weight: 400;\">A\u00fan as\u00ed, algunos tratamientos que ofrecemos para la ci\u00e1tica incluyen:<\/span><\/p>\n<ul>\n<li><span style=\"font-weight: 400;\"> \u00a0 \u00a0 <\/span><span style=\"font-weight: 400;\">Terapia de Masajes<\/span><\/li>\n<li><span style=\"font-weight: 400;\"> \u00a0 \u00a0 <\/span><span style=\"font-weight: 400;\">Ajustes quiropr\u00e1cticos<\/span><\/li>\n<li><span style=\"font-weight: 400;\"> \u00a0 \u00a0 <\/span><a href=\"https:\/\/www.verywellhealth.com\/electrical-stimulation-2696122\" target=\"_blank\" rel=\"noopener\"><span style=\"font-weight: 400;\">Terapia de electroestimulaci\u00f3n muscular (E-STIM)<\/span><\/a><\/li>\n<li><span style=\"font-weight: 400;\"> \u00a0 \u00a0 <\/span><span style=\"font-weight: 400;\">Terapias de estiramiento y fortalecimiento<\/span><\/li>\n<li><span style=\"font-weight: 400;\"> \u00a0 \u00a0 <\/span><span style=\"font-weight: 400;\">terapia de rehabilitaci\u00f3n<\/span><\/li>\n<li><span style=\"font-weight: 400;\"> \u00a0 \u00a0 <\/span><span style=\"font-weight: 400;\">terapia de ultrasonido<\/span><\/li>\n<li><span style=\"font-weight: 400;\"> \u00a0 \u00a0 <\/span><span style=\"font-weight: 400;\">T\u00e9cnica quiropr\u00e1ctica activadora<\/span><\/li>\n<\/ul>\n<p><span style=\"font-weight: 400;\">Puede obtener m\u00e1s informaci\u00f3n sobre los tratamientos que recibir\u00e1 durante su cita y despu\u00e9s de que nuestro m\u00e9dico examine su lesi\u00f3n.<\/span><\/p>\n<h2><b>Los estudios encontraron que la atenci\u00f3n quiropr\u00e1ctica puede tratar el dolor ci\u00e1tico en los pacientes<\/b><\/h2>\n<p><span style=\"font-weight: 400;\">Los siguientes estudios han informado sobre la eficacia de la atenci\u00f3n quiropr\u00e1ctica en pacientes con ci\u00e1tica:<\/span><\/p>\n<h3><b>El Diario de Terap\u00e9utica Manipuladora y Fisiol\u00f3gica<\/b><\/h3>\n<p><span style=\"font-weight: 400;\">The Journal destac\u00f3 un estudio que encontr\u00f3 que el 60 por ciento de los participantes que ten\u00edan ci\u00e1tica como lesi\u00f3n secundaria a la hernia de disco lumbar (una hernia de disco en la parte baja de la espalda) se beneficiaron de la manipulaci\u00f3n de la columna cuando fallaron otros tratamientos m\u00e9dicos.<\/span><\/p>\n<h3><b>El diario de la columna vertebral<\/b><\/h3>\n<p><span style=\"font-weight: 400;\">Official Journal of the North American Spine Society inform\u00f3 sobre un estudio que encontr\u00f3 que las personas con dolor ci\u00e1tico pod\u00edan aliviar su dolor a trav\u00e9s de manipulaciones quiropr\u00e1cticas activas. Los pacientes que recibieron sesiones de tratamiento durante per\u00edodos m\u00e1s prolongados tambi\u00e9n informaron que sintieron menos d\u00edas de dolor durante y despu\u00e9s del tratamiento.<\/span><\/p>\n<h3><b>BJGP Open y el BMJ<\/b><\/h3>\n<p><span style=\"font-weight: 400;\">Ambos informaron estudios sobre la eficacia de la fisioterapia como tratamiento de la ci\u00e1tica y descubrieron que la participaci\u00f3n activa en las fisioterapias puede ayudar a los pacientes a recuperar la movilidad, aliviar el dolor nervioso y reducir la rigidez del cuerpo. Se alienta a los pacientes a someterse a reg\u00edmenes de ejercicio supervisados \u200b\u200bpara mejorar su salud espinal. Los ejercicios pueden incluir levantamiento de pesas y estiramientos.<\/span><\/p>\n<p><span style=\"font-weight: 400;\">Nuestro centro practica atenci\u00f3n quiropr\u00e1ctica basada en evidencia en pacientes porque queremos que las personas se sientan c\u00f3modas con el tratamiento que reciben. Si tiene preguntas sobre las t\u00e9cnicas que utilizamos, estaremos encantados de explicarle m\u00e1s.<\/span><\/p>\n<p><span data-sheets-value=\"{&quot;1&quot;:2,&quot;2&quot;:&quot;&lt;div class=&quot;buttons&quot;&gt;\n        &lt;a class=&quot;content-number mid-page-call-click-button&quot; href=&quot;tel:2393699109&quot;&gt;Call us Now - 239-369-9109&lt;\/a&gt;\n        &lt;a class=&quot;content-number mid-page-form-click-button&quot; id=&quot;second-button&quot; href=&quot;#elementor-action%3Aaction%3Dpopup%3Aopen%26settings%3DeyJpZCI6MTkxOSwidG9nZ2xlIjpmYWxzZX0%3D&quot;&gt;Contact Us!&lt;\/a&gt;\n    &lt;\/div&gt;&quot;}\" data-sheets-userformat=\"{&quot;2&quot;:513,&quot;3&quot;:{&quot;1&quot;:0},&quot;12&quot;:0}\"><div class=\"buttons\">\n        <a class=\"content-number mid-page-call-click-button\" href=\"tel:2393699109\">Call us Now - 239-369-9109<\/a>\n        <a class=\"content-number mid-page-form-click-button\" id=\"second-button\" href=\"#elementor-action%3Aaction%3Dpopup%3Aopen%26settings%3DeyJpZCI6MTkxOSwidG9nZ2xlIjpmYWxzZX0%3D\">Contact Us!<\/a>\n    <\/div><\/span><\/p>\n<h2><b>Comun\u00edquese con nosotros para analizar su plan de tratamiento de la ci\u00e1tica de Cape Coral<\/b><\/h2>\n<p><span style=\"font-weight: 400;\">Si usted o un ser querido experimenta dolor ci\u00e1tico o desarroll\u00f3 ci\u00e1tica despu\u00e9s de sufrir una lesi\u00f3n de hernia de disco, no tiene que vivir con dolor e incomodidad. Nuestros m\u00e9dicos en <\/span><a href=\"https:\/\/sc-chiro.com\/es\/\"><span style=\"font-weight: 400;\">Specific Care Chiropractic<\/span><\/a><span style=\"font-weight: 400;\"> pueden examinar su condici\u00f3n y desarrollar un plan de tratamiento que reduzca sus s\u00edntomas de dolor y restablezca la movilidad en su cuerpo. El tratamiento quiropr\u00e1ctico tambi\u00e9n puede ser un gran complemento para el tratamiento quir\u00fargico si decide seguir ese camino.<\/span><span style=\"font-weight: 400;\">\u00a0<\/span><\/p>\n<p><span style=\"font-weight: 400;\">Llame al <a href=\"tel:239-369-9109\">239-369-9109<\/a> hoy para programar su cita en nuestra <\/span><a href=\"https:\/\/sc-chiro.com\/es\/cape-coral\/\"><span style=\"font-weight: 400;\">ubicaci\u00f3n de Cape Coral<\/span><\/a><span style=\"font-weight: 400;\">. Nuestra oficina se encuentra a lo largo de Del Prado Boulevard, cerca del Hospital Cape Coral.<\/span><span style=\"font-weight: 400;\">\u00a0<\/span><\/p>\n","protected":false},"excerpt":{"rendered":"<p>Muchas personas desarrollan ci\u00e1tica como una lesi\u00f3n posterior a una hernia de disco lumbar (disco herniado en la parte baja de la espalda). Esta lesi\u00f3n implica un dolor nervioso que recorre la pierna de una persona, incluidas las caderas y las nalgas, que siguen el trayecto del nervio ci\u00e1tico. Adem\u00e1s, el \u00e1rea lumbar de la [&hellip;]<\/p>\n","protected":false},"author":36,"featured_media":6401,"parent":4015,"menu_order":0,"comment_status":"closed","ping_status":"closed","template":"","meta":{"_acf_changed":false,"footnotes":""},"categories":[76],"tags":[69],"class_list":["post-4049","page","type-page","status-publish","has-post-thumbnail","hentry","category-cape-coral-ubicacion","tag-ciatica"],"acf":[],"_links":{"self":[{"href":"https:\/\/sc-chiro.com\/es\/wp-json\/wp\/v2\/pages\/4049","targetHints":{"allow":["GET"]}}],"collection":[{"href":"https:\/\/sc-chiro.com\/es\/wp-json\/wp\/v2\/pages"}],"about":[{"href":"https:\/\/sc-chiro.com\/es\/wp-json\/wp\/v2\/types\/page"}],"author":[{"embeddable":true,"href":"https:\/\/sc-chiro.com\/es\/wp-json\/wp\/v2\/users\/36"}],"replies":[{"embeddable":true,"href":"https:\/\/sc-chiro.com\/es\/wp-json\/wp\/v2\/comments?post=4049"}],"version-history":[{"count":0,"href":"https:\/\/sc-chiro.com\/es\/wp-json\/wp\/v2\/pages\/4049\/revisions"}],"up":[{"embeddable":true,"href":"https:\/\/sc-chiro.com\/es\/wp-json\/wp\/v2\/pages\/4015"}],"wp:featuredmedia":[{"embeddable":true,"href":"https:\/\/sc-chiro.com\/es\/wp-json\/wp\/v2\/media\/6401"}],"wp:attachment":[{"href":"https:\/\/sc-chiro.com\/es\/wp-json\/wp\/v2\/media?parent=4049"}],"wp:term":[{"taxonomy":"category","embeddable":true,"href":"https:\/\/sc-chiro.com\/es\/wp-json\/wp\/v2\/categories?post=4049"},{"taxonomy":"post_tag","embeddable":true,"href":"https:\/\/sc-chiro.com\/es\/wp-json\/wp\/v2\/tags?post=4049"}],"curies":[{"name":"wp","href":"https:\/\/api.w.org\/{rel}","templated":true}]}}