{"id":4047,"date":"2021-09-24T19:54:32","date_gmt":"2021-09-24T19:54:32","guid":{"rendered":"https:\/\/qod-scchiro.local\/cape-coral\/neck-injury-treatment\/"},"modified":"2023-06-19T10:37:23","modified_gmt":"2023-06-19T10:37:23","slug":"tratamiento-lesion-cuello","status":"publish","type":"page","link":"https:\/\/sc-chiro.com\/es\/cape-coral\/tratamiento-lesion-cuello\/","title":{"rendered":"Tratamiento de Lesiones de Cuello de Cape Coral"},"content":{"rendered":"<p><span style=\"font-weight: 400;\">Las lesiones en el cuello pueden variar desde una tensi\u00f3n menor causada por una mala posici\u00f3n para dormir hasta una fractura importante causada por un accidente de ca\u00edda. Sin embargo, cualquier lesi\u00f3n puede provocar dolor intenso, tensi\u00f3n e incluso da\u00f1o a los nervios debido a la sensibilidad del \u00e1rea del cuello. Adem\u00e1s, algunas personas sufren dolores de cabeza y mareos a causa de una lesi\u00f3n en el cuello, mientras que otras pierden movilidad y les resulta dif\u00edcil mover la cabeza.<\/span><\/p>\n<p><span style=\"font-weight: 400;\">No tienes que seguir sufriendo los efectos negativos de una lesi\u00f3n en el cuello. En Specific Care Chiropractic, ofrecemos tratamiento de lesiones de cuello en Cape Coral para ayudar a los pacientes a restaurar la funcionalidad en su \u00e1rea cervical y aliviar el dolor y la tensi\u00f3n cr\u00f3nicos. Puede venir a nuestras instalaciones para programar una cita y obtener m\u00e1s informaci\u00f3n sobre c\u00f3mo puede ayudar nuestro <\/span><a href=\"https:\/\/sc-chiro.com\/es\/cape-coral\/ajustes-quiropracticos\/\"><span style=\"font-weight: 400;\">tratamiento quiropr\u00e1ctico<\/span><\/a>.<\/p>\n<p><span style=\"font-weight: 400;\">Llame al [tel\u00e9fono] para programar su cita de tratamiento de lesiones en el cuello de Cape Coral.<\/span><\/p>\n<p><span style=\"font-weight: 400;\">\t\t<div data-elementor-type=\"section\" data-elementor-id=\"3935\" class=\"elementor elementor-3935\" data-elementor-post-type=\"elementor_library\">\n\t\t\t\t\t<section class=\"elementor-section elementor-top-section elementor-element elementor-element-bef2904 elementor-section-boxed elementor-section-height-default elementor-section-height-default\" data-id=\"bef2904\" data-element_type=\"section\" data-e-type=\"section\">\n\t\t\t\t\t\t<div class=\"elementor-container elementor-column-gap-default\">\n\t\t\t\t\t<div class=\"elementor-column elementor-col-100 elementor-top-column elementor-element elementor-element-57dcad5 section-toc\" data-id=\"57dcad5\" data-element_type=\"column\" data-e-type=\"column\">\n\t\t\t<div class=\"elementor-widget-wrap elementor-element-populated\">\n\t\t\t\t\t\t<div class=\"elementor-element elementor-element-0c49dfc elementor-toc--minimized-on-tablet elementor-widget elementor-widget-table-of-contents\" data-id=\"0c49dfc\" data-element_type=\"widget\" data-e-type=\"widget\" data-settings=\"{&quot;exclude_headings_by_selector&quot;:&quot;.toc-remove&quot;,&quot;headings_by_tags&quot;:[&quot;h2&quot;,&quot;h3&quot;,&quot;h4&quot;,&quot;h5&quot;,&quot;h6&quot;],&quot;marker_view&quot;:&quot;numbers&quot;,&quot;no_headings_message&quot;:&quot;No se ha encontrado ning\\u00fan encabezado en esta p\\u00e1gina.&quot;,&quot;minimize_box&quot;:&quot;yes&quot;,&quot;minimized_on&quot;:&quot;tablet&quot;,&quot;hierarchical_view&quot;:&quot;yes&quot;,&quot;min_height&quot;:{&quot;unit&quot;:&quot;px&quot;,&quot;size&quot;:&quot;&quot;,&quot;sizes&quot;:[]},&quot;min_height_tablet&quot;:{&quot;unit&quot;:&quot;px&quot;,&quot;size&quot;:&quot;&quot;,&quot;sizes&quot;:[]},&quot;min_height_mobile&quot;:{&quot;unit&quot;:&quot;px&quot;,&quot;size&quot;:&quot;&quot;,&quot;sizes&quot;:[]}}\" data-widget_type=\"table-of-contents.default\">\n\t\t\t\t<div class=\"elementor-widget-container\">\n\t\t\t\t\t\t\t\t\t<div class=\"elementor-toc__header\">\n\t\t\t\t\t\t<h4 class=\"elementor-toc__header-title\">\n\t\t\t\tTabla de Contenidos\t\t\t<\/h4>\n\t\t\t\t\t\t\t\t\t\t<div class=\"elementor-toc__toggle-button elementor-toc__toggle-button--expand\" role=\"button\" tabindex=\"0\" aria-controls=\"elementor-toc__0c49dfc\" aria-expanded=\"true\" aria-label=\"Abrir la tabla de contenidos\"><i aria-hidden=\"true\" class=\"fas fa-chevron-down\"><\/i><\/div>\n\t\t\t\t<div class=\"elementor-toc__toggle-button elementor-toc__toggle-button--collapse\" role=\"button\" tabindex=\"0\" aria-controls=\"elementor-toc__0c49dfc\" aria-expanded=\"true\" aria-label=\"Cerrar la tabla de contenidos\"><i aria-hidden=\"true\" class=\"fas fa-chevron-up\"><\/i><\/div>\n\t\t\t\t\t<\/div>\n\t\t\t\t<div id=\"elementor-toc__0c49dfc\" class=\"elementor-toc__body\">\n\t\t\t<div class=\"elementor-toc__spinner-container\">\n\t\t\t\t<i class=\"elementor-toc__spinner eicon-animation-spin eicon-loading\" aria-hidden=\"true\"><\/i>\t\t\t<\/div>\n\t\t<\/div>\n\t\t\t\t\t\t<\/div>\n\t\t\t\t<\/div>\n\t\t\t\t\t<\/div>\n\t\t<\/div>\n\t\t\t\t\t<\/div>\n\t\t<\/section>\n\t\t\t\t<\/div>\n\t\t<\/span><\/p>\n<h2><b>Qu\u00e9 esperar en su primera visita a la quiropr\u00e1ctica de atenci\u00f3n espec\u00edfica<\/b><\/h2>\n<p><span style=\"font-weight: 400;\">Si no est\u00e1 seguro de qu\u00e9 esperar durante su primera cita en nuestra oficina, perm\u00edtanos darle una mejor idea. Cuando visite nuestra cl\u00ednica quiropr\u00e1ctica, puede esperar lo siguiente:<\/span><\/p>\n<ul>\n<li><span style=\"font-weight: 400;\"> \u00a0 \u00a0 <\/span><span style=\"font-weight: 400;\">Tendr\u00e1 que completar un cuestionario sobre su lesi\u00f3n en el cuello.<\/span><\/li>\n<li><span style=\"font-weight: 400;\"> \u00a0 \u00a0 <\/span><span style=\"font-weight: 400;\">Se someter\u00e1 a un examen f\u00edsico realizado por uno de nuestros m\u00e9dicos.<\/span><\/li>\n<li><span style=\"font-weight: 400;\"> \u00a0 \u00a0 <\/span><span style=\"font-weight: 400;\">Podemos solicitar otras pruebas de diagn\u00f3stico, como ex\u00e1menes de rayos X.<\/span><\/li>\n<li><span style=\"font-weight: 400;\"> \u00a0 \u00a0 <\/span><span style=\"font-weight: 400;\">Programaremos su pr\u00f3xima cita para revisar los resultados de su prueba y discutir su plan de tratamiento.<\/span><\/li>\n<\/ul>\n<p><span style=\"font-weight: 400;\">Tratamos a todos los pacientes con respeto y hospitalidad, y esperamos que se sienta c\u00f3modo mientras est\u00e1 bajo nuestro cuidado. Nuestros m\u00e9dicos son transparentes acerca de sus t\u00e9cnicas de pr\u00e1ctica y tienen licencia en los \u00faltimos m\u00e9todos quiropr\u00e1cticos.<\/span><\/p>\n<p><span data-sheets-value=\"{&quot;1&quot;:2,&quot;2&quot;:&quot;&lt;div class=&quot;buttons&quot;&gt;\n        &lt;a class=&quot;content-number mid-page-call-click-button&quot; href=&quot;tel:2393699109&quot;&gt;Call us Now - 239-369-9109&lt;\/a&gt;\n        &lt;a class=&quot;content-number mid-page-form-click-button&quot; id=&quot;second-button&quot; href=&quot;#elementor-action%3Aaction%3Dpopup%3Aopen%26settings%3DeyJpZCI6MTkxOSwidG9nZ2xlIjpmYWxzZX0%3D&quot;&gt;Contact Us!&lt;\/a&gt;\n    &lt;\/div&gt;&quot;}\" data-sheets-userformat=\"{&quot;2&quot;:513,&quot;3&quot;:{&quot;1&quot;:0},&quot;12&quot;:0}\"><div class=\"buttons\">\n        <a class=\"content-number mid-page-call-click-button\" href=\"tel:2393699109\">Call us Now - 239-369-9109<\/a>\n        <a class=\"content-number mid-page-form-click-button\" id=\"second-button\" href=\"#elementor-action%3Aaction%3Dpopup%3Aopen%26settings%3DeyJpZCI6MTkxOSwidG9nZ2xlIjpmYWxzZX0%3D\">Contact Us!<\/a>\n    <\/div><\/span><\/p>\n<h2><b>Preguntas que hacemos para comprender mejor sus s\u00edntomas<\/b><\/h2>\n<p><span style=\"font-weight: 400;\">Tendr\u00e1 que completar el papeleo m\u00e9dico y un breve cuestionario sobre su lesi\u00f3n durante su primera cita. Posteriormente, uno de nuestros m\u00e9dicos revisar\u00e1 esta informaci\u00f3n y luego le har\u00e1 algunas preguntas de seguimiento, que pueden ser sobre:<\/span><\/p>\n<h3><b>Qu\u00e9 caus\u00f3 la lesi\u00f3n (si lo sabe)<\/b><\/h3>\n<p><span style=\"font-weight: 400;\">Si sufri\u00f3 una lesi\u00f3n en el cuello en un accidente automovil\u00edstico, un accidente por resbal\u00f3n y ca\u00edda o un accidente relacionado con el trabajo, su m\u00e9dico querr\u00e1 obtener esta informaci\u00f3n cuando lo examine. Algunas lesiones en el cuello no son f\u00e1ciles de explicar, como las que ocurren mientras una persona duerme, por lo que est\u00e1 bien si no tiene todos los detalles.<\/span><\/p>\n<h3><b>Cuando comenz\u00f3 el dolor de cuello<\/b><\/h3>\n<p><span style=\"font-weight: 400;\">Trate de estimar cu\u00e1nto tiempo ha estado experimentando dolor u otros efectos secundarios, ya sea unos d\u00edas o a\u00f1os. Esto alerta al m\u00e9dico sobre la gravedad de su lesi\u00f3n.<\/span><\/p>\n<h3><b>Si el dolor existe solo en el cuello<\/b><\/h3>\n<p><span style=\"font-weight: 400;\">El \u00e1rea cervical, ubicada en la base del cerebro, es un \u00e1rea altamente sensible con respecto al sistema nervioso central del cuerpo. Por lo tanto, el dolor puede comenzar en el cuello pero pronto afectar\u00e1 a otras partes del cuerpo debido a un pinzamiento de un nervio, da\u00f1o a un nervio o hernia. Sea transparente acerca de su dolor, incluso si piensa que no tiene relaci\u00f3n.<\/span><\/p>\n<h3><b>Si algo reduce el dolor o lo empeora<\/b><\/h3>\n<p><span style=\"font-weight: 400;\">Su m\u00e9dico tambi\u00e9n querr\u00e1 saber qu\u00e9 ha estado haciendo para autotratarse su lesi\u00f3n, ya sea tomando analg\u00e9sicos de venta libre (p. ej., ibuprofeno o paracetamol), usando hielo o almohadillas t\u00e9rmicas, o haciendo estiramientos espec\u00edficos. Esto se puede tener en cuenta en su plan de tratamiento.<\/span><\/p>\n<p><img fetchpriority=\"high\" decoding=\"async\" class=\"alignnone wp-image-3145 size-full\" src=\"https:\/\/sc-chiro.com\/wp-content\/uploads\/2021\/09\/neck-injury-treatment-in-Cape-Coral.jpg\" alt=\"Cape Coral neck injury treatment, chiropractor massing woman's neck\" width=\"500\" height=\"333\" srcset=\"https:\/\/sc-chiro.com\/wp-content\/uploads\/2021\/09\/neck-injury-treatment-in-Cape-Coral.jpg 500w, https:\/\/sc-chiro.com\/wp-content\/uploads\/2021\/09\/neck-injury-treatment-in-Cape-Coral-300x200.jpg 300w\" sizes=\"(max-width: 500px) 100vw, 500px\" \/><\/p>\n<h2><b>Tipos de terapia que podemos usar en el tratamiento de su lesi\u00f3n de cuello<\/b><\/h2>\n<p><span style=\"font-weight: 400;\">Cuando venga a nuestra ubicaci\u00f3n de Cape Coral, puede obtener m\u00e1s informaci\u00f3n sobre los m\u00e9todos de tratamiento que podemos usar para ayudarlo a sanar. Practicamos las siguientes terapias:<\/span><\/p>\n<ul>\n<li><span style=\"font-weight: 400;\"> \u00a0 \u00a0 <\/span><span style=\"font-weight: 400;\">Ajustes quiropr\u00e1cticos y cuidado correctivo<\/span><\/li>\n<li><span style=\"font-weight: 400;\"> \u00a0 \u00a0 <\/span><span style=\"font-weight: 400;\">terapia de rehabilitaci\u00f3n<\/span><\/li>\n<li><span style=\"font-weight: 400;\"> \u00a0 \u00a0 <\/span><span style=\"font-weight: 400;\">Terapia de Masajes<\/span><\/li>\n<li><span style=\"font-weight: 400;\"> \u00a0 \u00a0 <\/span><span style=\"font-weight: 400;\">Terapia de electroestimulaci\u00f3n muscular (E-STIM)<\/span><\/li>\n<li><span style=\"font-weight: 400;\"> \u00a0 \u00a0 <\/span><span style=\"font-weight: 400;\">Terapia de estiramiento y fortalecimiento<\/span><\/li>\n<li><span style=\"font-weight: 400;\"> \u00a0 \u00a0 <\/span><span style=\"font-weight: 400;\">terapia de ultrasonido<\/span><\/li>\n<\/ul>\n<p><a href=\"https:\/\/sc-chiro.com\/es\/cape-coral\/servicios-fisioterapia\/\"><span style=\"font-weight: 400;\">La fisioterapia<\/span><\/a><span style=\"font-weight: 400;\"> es un m\u00e9todo de tratamiento recomendado para las lesiones de cuello, ya que se ha demostrado que ayuda a fortalecer los m\u00fasculos de la zona cervical. Por ejemplo, <\/span><a href=\"https:\/\/www.nature.com\/articles\/s41393-019-0242-z\" target=\"_blank\" rel=\"noopener\"><span style=\"font-weight: 400;\">Spinal Cord<\/span><\/a><span style=\"font-weight: 400;\"> public\u00f3 un informe en 2019 que confirm\u00f3 que la fisioterapia mejora la fuerza muscular en personas con lesiones de la m\u00e9dula espinal, que pueden provenir del \u00e1rea cervical.<\/span><span style=\"font-weight: 400;\">\u00a0<\/span><\/p>\n<h2><b>Nuestros quiropr\u00e1cticos de Cape Coral tratan una variedad de lesiones en el cuello<\/b><\/h2>\n<p><span style=\"font-weight: 400;\">En Specific Care Chiropractic, tratamos los siguientes tipos de lesiones en el cuello:<\/span><\/p>\n<ul>\n<li><span style=\"font-weight: 400;\"> \u00a0 \u00a0 <\/span><a href=\"https:\/\/sc-chiro.com\/es\/cape-coral\/tratamiento-latigazo-cervical\/\"><span style=\"font-weight: 400;\">Lesiones por latigazo<\/span><\/a><\/li>\n<li><span style=\"font-weight: 400;\"> \u00a0 \u00a0 <\/span><span style=\"font-weight: 400;\">Esguinces y distensiones de cuello<\/span><\/li>\n<li><span style=\"font-weight: 400;\"> \u00a0 \u00a0 <\/span><span style=\"font-weight: 400;\">Lesiones <\/span><a href=\"https:\/\/www.webmd.com\/pain-management\/guide\/compressed-nerves\" target=\"_blank\" rel=\"noopener\"><span style=\"font-weight: 400;\">nerviosas pinzadas<\/span><\/a><\/li>\n<li><span style=\"font-weight: 400;\"> \u00a0 \u00a0 <\/span><a href=\"https:\/\/sc-chiro.com\/es\/cape-coral\/tratamiento-hernia-discal\/\"><span style=\"font-weight: 400;\">Discos herniados<\/span><\/a><span style=\"font-weight: 400;\"> ubicados en la zona cervical<\/span><\/li>\n<li><span style=\"font-weight: 400;\"> \u00a0 \u00a0 <\/span><span style=\"font-weight: 400;\">Fracturas de cuello<\/span><\/li>\n<li><span style=\"font-weight: 400;\"> \u00a0 \u00a0 <\/span><span style=\"font-weight: 400;\">Lesiones de la m\u00e9dula espinal derivadas del \u00e1rea cervical<\/span><\/li>\n<\/ul>\n<p><span style=\"font-weight: 400;\">Si tiene una lesi\u00f3n separada relacionada con el cuello u otras lesiones, nuestros quiropr\u00e1cticos pueden hacerle un examen f\u00edsico para evaluar de d\u00f3nde puede provenir el dolor y realizar pruebas de diagn\u00f3stico adicionales.<\/span><\/p>\n<p><span style=\"font-weight: 400;\">Podemos encontrar la fuente ra\u00edz de su malestar y desarrollar un plan de tratamiento que apunte a esta \u00e1rea.<\/span><\/p>\n<p><span data-sheets-value=\"{&quot;1&quot;:2,&quot;2&quot;:&quot;&lt;div class=&quot;buttons&quot;&gt;\n        &lt;a class=&quot;content-number mid-page-call-click-button&quot; href=&quot;tel:2393699109&quot;&gt;Call us Now - 239-369-9109&lt;\/a&gt;\n        &lt;a class=&quot;content-number mid-page-form-click-button&quot; id=&quot;second-button&quot; href=&quot;#elementor-action%3Aaction%3Dpopup%3Aopen%26settings%3DeyJpZCI6MTkxOSwidG9nZ2xlIjpmYWxzZX0%3D&quot;&gt;Contact Us!&lt;\/a&gt;\n    &lt;\/div&gt;&quot;}\" data-sheets-userformat=\"{&quot;2&quot;:513,&quot;3&quot;:{&quot;1&quot;:0},&quot;12&quot;:0}\"><div class=\"buttons\">\n        <a class=\"content-number mid-page-call-click-button\" href=\"tel:2393699109\">Call us Now - 239-369-9109<\/a>\n        <a class=\"content-number mid-page-form-click-button\" id=\"second-button\" href=\"#elementor-action%3Aaction%3Dpopup%3Aopen%26settings%3DeyJpZCI6MTkxOSwidG9nZ2xlIjpmYWxzZX0%3D\">Contact Us!<\/a>\n    <\/div><\/span><\/p>\n<h2><b>Podemos trabajar con su abogado si est\u00e1 buscando una compensaci\u00f3n por su lesi\u00f3n<\/b><\/h2>\n<p><span style=\"font-weight: 400;\">Algunos de nuestros pacientes vienen a nuestras instalaciones despu\u00e9s de lesionarse en un accidente. Si usted o un ser querido result\u00f3 lesionado debido a la <\/span><a href=\"https:\/\/www.americanbar.org\/groups\/public_education\/resources\/law_issues_for_consumers\/everydaylaw0\/health_care\/personal_injury\/negligence\/#decides\" target=\"_blank\" rel=\"noopener\"><span style=\"font-weight: 400;\">negligencia<\/span><\/a><span style=\"font-weight: 400;\"> de otra parte , es posible que tenga derecho a solicitar una compensaci\u00f3n. Por ejemplo, un escenario com\u00fan que vemos es alguien que sufre un latigazo cervical en un accidente trasero. Entonces, supongamos que estaba en Del Prado Boulevard cuando alguien lo golpe\u00f3 por detr\u00e1s, es posible que pueda presentar un reclamo o una demanda contra el conductor que lo golpe\u00f3 por detr\u00e1s.<\/span><span style=\"font-weight: 400;\">\u00a0<\/span><\/p>\n<p><span style=\"font-weight: 400;\">Si es as\u00ed, nuestro centro puede trabajar con su abogado para brindarle informaci\u00f3n que respalde su reclamo. Como sus proveedores de atenci\u00f3n m\u00e9dica, podemos divulgar informaci\u00f3n esencial (con su permiso) que vincula el accidente con su lesi\u00f3n. Esta informaci\u00f3n puede incluir:<\/span><\/p>\n<ul>\n<li><span style=\"font-weight: 400;\"> \u00a0 \u00a0 <\/span><span style=\"font-weight: 400;\">Sus registros m\u00e9dicos, incluidas sus im\u00e1genes de rayos X<\/span><\/li>\n<li><span style=\"font-weight: 400;\"> \u00a0 \u00a0 <\/span><span style=\"font-weight: 400;\">Sus facturas m\u00e9dicas y estimaciones para el tratamiento futuro que pueda necesitar<\/span><\/li>\n<li><span style=\"font-weight: 400;\"> \u00a0 \u00a0 <\/span><span style=\"font-weight: 400;\">Testimonio sobre cu\u00e1nto tiempo podr\u00eda necesitar tratamiento y qu\u00e9 probabilidades hay de que se recupere de su lesi\u00f3n en el cuello<\/span><\/li>\n<\/ul>\n<p><span style=\"font-weight: 400;\">Si no est\u00e1 trabajando con un abogado de lesiones personales pero est\u00e1 interesado en conectarse con uno, es posible que podamos recomendarle a alguien de nuestra red.<\/span><\/p>\n<h2><b>Comun\u00edquese con nuestros quiropr\u00e1cticos para obtener el mejor tratamiento de lesiones en el cuello de Cape Coral<\/b><\/h2>\n<p><span style=\"font-weight: 400;\">Si usted o un ser querido se lesion\u00f3 el cuello y ahora sufre de dolor cr\u00f3nico, inflamaci\u00f3n u otros s\u00edntomas negativos, nuestros m\u00e9dicos en <\/span><a href=\"https:\/\/sc-chiro.com\/es\/\"><span style=\"font-weight: 400;\">Specific Care Chiropractic<\/span><\/a><span style=\"font-weight: 400;\"> quieren examinar su lesi\u00f3n y ayudarlo a recuperarse. Puede visitar nuestra <\/span><a href=\"https:\/\/sc-chiro.com\/es\/cape-coral\/\"><span style=\"font-weight: 400;\">oficina de Cape Coral<\/span><\/a><span style=\"font-weight: 400;\"> para su primera cita y comenzaremos a desarrollar su plan de tratamiento una vez que comprendamos la gravedad de su lesi\u00f3n en el cuello.<\/span> <span style=\"font-weight: 400;\">\u00a0<\/span><\/p>\n<p><span style=\"font-weight: 400;\">Llame al <a href=\"tel:239-369-9109\">239-369-9109<\/a> para programar su cita hoy.<\/span><\/p>\n","protected":false},"excerpt":{"rendered":"<p>Las lesiones en el cuello pueden variar desde una tensi\u00f3n menor causada por una mala posici\u00f3n para dormir hasta una fractura importante causada por un accidente de ca\u00edda. Sin embargo, cualquier lesi\u00f3n puede provocar dolor intenso, tensi\u00f3n e incluso da\u00f1o a los nervios debido a la sensibilidad del \u00e1rea del cuello. Adem\u00e1s, algunas personas sufren [&hellip;]<\/p>\n","protected":false},"author":36,"featured_media":6405,"parent":4015,"menu_order":0,"comment_status":"closed","ping_status":"closed","template":"","meta":{"_acf_changed":false,"footnotes":""},"categories":[76],"tags":[65],"class_list":["post-4047","page","type-page","status-publish","has-post-thumbnail","hentry","category-cape-coral-ubicacion","tag-lesion-en-el-cuello"],"acf":[],"_links":{"self":[{"href":"https:\/\/sc-chiro.com\/es\/wp-json\/wp\/v2\/pages\/4047","targetHints":{"allow":["GET"]}}],"collection":[{"href":"https:\/\/sc-chiro.com\/es\/wp-json\/wp\/v2\/pages"}],"about":[{"href":"https:\/\/sc-chiro.com\/es\/wp-json\/wp\/v2\/types\/page"}],"author":[{"embeddable":true,"href":"https:\/\/sc-chiro.com\/es\/wp-json\/wp\/v2\/users\/36"}],"replies":[{"embeddable":true,"href":"https:\/\/sc-chiro.com\/es\/wp-json\/wp\/v2\/comments?post=4047"}],"version-history":[{"count":0,"href":"https:\/\/sc-chiro.com\/es\/wp-json\/wp\/v2\/pages\/4047\/revisions"}],"up":[{"embeddable":true,"href":"https:\/\/sc-chiro.com\/es\/wp-json\/wp\/v2\/pages\/4015"}],"wp:featuredmedia":[{"embeddable":true,"href":"https:\/\/sc-chiro.com\/es\/wp-json\/wp\/v2\/media\/6405"}],"wp:attachment":[{"href":"https:\/\/sc-chiro.com\/es\/wp-json\/wp\/v2\/media?parent=4047"}],"wp:term":[{"taxonomy":"category","embeddable":true,"href":"https:\/\/sc-chiro.com\/es\/wp-json\/wp\/v2\/categories?post=4047"},{"taxonomy":"post_tag","embeddable":true,"href":"https:\/\/sc-chiro.com\/es\/wp-json\/wp\/v2\/tags?post=4047"}],"curies":[{"name":"wp","href":"https:\/\/api.w.org\/{rel}","templated":true}]}}