{"id":4046,"date":"2021-09-24T20:00:45","date_gmt":"2021-09-24T20:00:45","guid":{"rendered":"https:\/\/qod-scchiro.local\/cape-coral\/muscle-strains-treatments\/"},"modified":"2023-11-01T19:59:19","modified_gmt":"2023-11-01T19:59:19","slug":"tratamientos-distensiones-musculares","status":"publish","type":"page","link":"https:\/\/sc-chiro.com\/es\/cape-coral\/tratamientos-distensiones-musculares\/","title":{"rendered":"Tratamientos de distensiones musculares de Cape Coral"},"content":{"rendered":"<p><span style=\"font-weight: 400;\">Cuando pones demasiada tensi\u00f3n en un m\u00fasculo o tend\u00f3n, corres el riesgo de estirarlo demasiado y causar una tensi\u00f3n. Muchas personas que sufren este tipo de lesiones lo hacen durante tareas de sobreesfuerzo en el trabajo o mientras practican deportes, pero las personas tambi\u00e9n pueden sufrir esta lesi\u00f3n si realizan tareas repetitivas que tensan los m\u00fasculos, como torcer o agarrar.<\/span><\/p>\n<p><span style=\"font-weight: 400;\">Si usted o un ser querido se tir\u00f3 de un m\u00fasculo y caus\u00f3 una distensi\u00f3n, nuestros <\/span><a href=\"https:\/\/sc-chiro.com\/es\/cape-coral\/ajustes-quiropracticos\/\"><span style=\"font-weight: 400;\">quiropr\u00e1cticos<\/span><\/a><span style=\"font-weight: 400;\"> en Specific Care Chiropractic quieren ayudarlo a comenzar su recuperaci\u00f3n. Ofrecemos tratamiento de distensi\u00f3n muscular en Cape Coral, que puede ayudarlo a sanar el m\u00fasculo y\/o el tend\u00f3n a un ritmo seguro y gradual para que el tejido pueda repararse y fortalecerse.<\/span><span style=\"font-weight: 400;\">\u00a0<\/span><\/p>\n<p><span style=\"font-weight: 400;\">\t\t<div data-elementor-type=\"section\" data-elementor-id=\"3935\" class=\"elementor elementor-3935\" data-elementor-post-type=\"elementor_library\">\n\t\t\t\t\t<section class=\"elementor-section elementor-top-section elementor-element elementor-element-bef2904 elementor-section-boxed elementor-section-height-default elementor-section-height-default\" data-id=\"bef2904\" data-element_type=\"section\" data-e-type=\"section\">\n\t\t\t\t\t\t<div class=\"elementor-container elementor-column-gap-default\">\n\t\t\t\t\t<div class=\"elementor-column elementor-col-100 elementor-top-column elementor-element elementor-element-57dcad5 section-toc\" data-id=\"57dcad5\" data-element_type=\"column\" data-e-type=\"column\">\n\t\t\t<div class=\"elementor-widget-wrap elementor-element-populated\">\n\t\t\t\t\t\t<div class=\"elementor-element elementor-element-0c49dfc elementor-toc--minimized-on-tablet elementor-widget elementor-widget-table-of-contents\" data-id=\"0c49dfc\" data-element_type=\"widget\" data-e-type=\"widget\" data-settings=\"{&quot;exclude_headings_by_selector&quot;:&quot;.toc-remove&quot;,&quot;headings_by_tags&quot;:[&quot;h2&quot;,&quot;h3&quot;,&quot;h4&quot;,&quot;h5&quot;,&quot;h6&quot;],&quot;marker_view&quot;:&quot;numbers&quot;,&quot;no_headings_message&quot;:&quot;No se ha encontrado ning\\u00fan encabezado en esta p\\u00e1gina.&quot;,&quot;minimize_box&quot;:&quot;yes&quot;,&quot;minimized_on&quot;:&quot;tablet&quot;,&quot;hierarchical_view&quot;:&quot;yes&quot;,&quot;min_height&quot;:{&quot;unit&quot;:&quot;px&quot;,&quot;size&quot;:&quot;&quot;,&quot;sizes&quot;:[]},&quot;min_height_tablet&quot;:{&quot;unit&quot;:&quot;px&quot;,&quot;size&quot;:&quot;&quot;,&quot;sizes&quot;:[]},&quot;min_height_mobile&quot;:{&quot;unit&quot;:&quot;px&quot;,&quot;size&quot;:&quot;&quot;,&quot;sizes&quot;:[]}}\" data-widget_type=\"table-of-contents.default\">\n\t\t\t\t<div class=\"elementor-widget-container\">\n\t\t\t\t\t\t\t\t\t<div class=\"elementor-toc__header\">\n\t\t\t\t\t\t<h4 class=\"elementor-toc__header-title\">\n\t\t\t\tTabla de Contenidos\t\t\t<\/h4>\n\t\t\t\t\t\t\t\t\t\t<div class=\"elementor-toc__toggle-button elementor-toc__toggle-button--expand\" role=\"button\" tabindex=\"0\" aria-controls=\"elementor-toc__0c49dfc\" aria-expanded=\"true\" aria-label=\"Abrir la tabla de contenidos\"><i aria-hidden=\"true\" class=\"fas fa-chevron-down\"><\/i><\/div>\n\t\t\t\t<div class=\"elementor-toc__toggle-button elementor-toc__toggle-button--collapse\" role=\"button\" tabindex=\"0\" aria-controls=\"elementor-toc__0c49dfc\" aria-expanded=\"true\" aria-label=\"Cerrar la tabla de contenidos\"><i aria-hidden=\"true\" class=\"fas fa-chevron-up\"><\/i><\/div>\n\t\t\t\t\t<\/div>\n\t\t\t\t<div id=\"elementor-toc__0c49dfc\" class=\"elementor-toc__body\">\n\t\t\t<div class=\"elementor-toc__spinner-container\">\n\t\t\t\t<i class=\"elementor-toc__spinner eicon-animation-spin eicon-loading\" aria-hidden=\"true\"><\/i>\t\t\t<\/div>\n\t\t<\/div>\n\t\t\t\t\t\t<\/div>\n\t\t\t\t<\/div>\n\t\t\t\t\t<\/div>\n\t\t<\/div>\n\t\t\t\t\t<\/div>\n\t\t<\/section>\n\t\t\t\t<\/div>\n\t\t<\/span><\/p>\n<h2><b>Desarrollaremos un plan de tratamiento basado en el tipo de distensi\u00f3n muscular que tenga<\/b><\/h2>\n<p><span style=\"font-weight: 400;\">Antes de aplicar cualquier atenci\u00f3n quiropr\u00e1ctica a su lesi\u00f3n, primero evaluaremos qu\u00e9 tipo de <\/span><a href=\"https:\/\/sc-chiro.com\/es\/cape-coral\/tratamientos-distensiones-musculares\/\"><span style=\"font-weight: 400;\">distensi\u00f3n muscular<\/span><\/a><span style=\"font-weight: 400;\"> tiene, lo que puede depender de la causa de la distensi\u00f3n. Hay dos tipos de cepas, que son:<\/span><span style=\"font-weight: 400;\">\u00a0<\/span><\/p>\n<h3><b>Distensiones musculares agudas<\/b><\/h3>\n<p><span style=\"font-weight: 400;\">Las distensiones agudas provienen de un evento espec\u00edfico que caus\u00f3 un estr\u00e9s significativo en el m\u00fasculo. Por ejemplo, si sobrestimas la cantidad de peso que levantas en el gimnasio, podr\u00edas causar una distensi\u00f3n muscular mientras levantas peso m\u00e1s all\u00e1 de tu l\u00edmite.<\/span><\/p>\n<h3><b>Esguinces musculares cr\u00f3nicos<\/b><\/h3>\n<p><span style=\"font-weight: 400;\">Sin embargo, las distensiones cr\u00f3nicas son el resultado del estr\u00e9s repetitivo en los m\u00fasculos a lo largo del tiempo. Si tiene un trabajo f\u00edsicamente agotador, como la construcci\u00f3n o el paisajismo, es m\u00e1s probable que desarrolle una distensi\u00f3n muscular debido a sus actividades diarias. Las personas que practican deportes f\u00edsicamente exigentes tambi\u00e9n pueden correr el riesgo de sufrir una distensi\u00f3n muscular cr\u00f3nica si no se cuidan adecuadamente.<\/span><\/p>\n<p><span style=\"font-weight: 400;\">Una vez que comprendamos qu\u00e9 tipo de distensi\u00f3n tiene, es posible que primero le recomendemos descansar para permitir que el m\u00fasculo repare algo de tejido antes de comenzar el tratamiento. A menudo utilizamos la fisioterapia para relajar y fortalecer los m\u00fasculos, pero este tratamiento debe controlarse y realizarse gradualmente para evitar causar m\u00e1s lesiones.<\/span><\/p>\n<p><span data-sheets-value=\"{&quot;1&quot;:2,&quot;2&quot;:&quot;&lt;div class=&quot;buttons&quot;&gt;\n        &lt;a class=&quot;content-number mid-page-call-click-button&quot; href=&quot;tel:2393699109&quot;&gt;Call us Now - 239-369-9109&lt;\/a&gt;\n        &lt;a class=&quot;content-number mid-page-form-click-button&quot; id=&quot;second-button&quot; href=&quot;#elementor-action%3Aaction%3Dpopup%3Aopen%26settings%3DeyJpZCI6MTkxOSwidG9nZ2xlIjpmYWxzZX0%3D&quot;&gt;Contact Us!&lt;\/a&gt;\n    &lt;\/div&gt;&quot;}\" data-sheets-userformat=\"{&quot;2&quot;:513,&quot;3&quot;:{&quot;1&quot;:0},&quot;12&quot;:0}\"><div class=\"buttons\">\n        <a class=\"content-number mid-page-call-click-button\" href=\"tel:2393699109\">Call us Now - 239-369-9109<\/a>\n        <a class=\"content-number mid-page-form-click-button\" id=\"second-button\" href=\"#elementor-action%3Aaction%3Dpopup%3Aopen%26settings%3DeyJpZCI6MTkxOSwidG9nZ2xlIjpmYWxzZX0%3D\">Contact Us!<\/a>\n    <\/div><\/span><\/p>\n<h2><b>Nuestro tratamiento para los m\u00fasculos distendidos puede incluir fisioterapia y atenci\u00f3n quiropr\u00e1ctica<\/b><\/h2>\n<p><span style=\"font-weight: 400;\">Cuando venga para una cita en nuestra ubicaci\u00f3n de Cape Coral, uno de los miembros de nuestro personal le preguntar\u00e1 acerca de su lesi\u00f3n para que podamos crear un plan de tratamiento personalizado que satisfaga adecuadamente sus necesidades. Por ejemplo, algunas de estas preguntas podr\u00edan incluir:<\/span><\/p>\n<ul>\n<li><span style=\"font-weight: 400;\"> \u00a0 \u00a0 <\/span><span style=\"font-weight: 400;\">\u00bfCu\u00e1ndo se lesion\u00f3 o cu\u00e1nto tiempo ha sentido dolor debido a la distensi\u00f3n muscular?<\/span><\/li>\n<li><span style=\"font-weight: 400;\"> \u00a0 \u00a0 <\/span><span style=\"font-weight: 400;\">\u00bfQu\u00e9 alivia el dolor muscular? \u00bfQu\u00e9 empeora el dolor muscular?<\/span><\/li>\n<li><span style=\"font-weight: 400;\"> \u00a0 \u00a0 <\/span><span style=\"font-weight: 400;\">\u00bfExperimenta dolor fuera de donde se encuentra la lesi\u00f3n? (p. ej., tiene una distensi\u00f3n en la parte baja de la espalda, pero tambi\u00e9n siente dolor en la pierna).<\/span><\/li>\n<\/ul>\n<p><span style=\"font-weight: 400;\">A continuaci\u00f3n, es posible que le hagamos un examen de rayos X y otras pruebas para diagnosticar su lesi\u00f3n, luego analizaremos nuestros tratamientos recomendados para tratar su dolor. En Specific Care Chiropractic, practicamos varios tipos de t\u00e9cnicas de ajuste y fisioterapia.<\/span><\/p>\n<h2><b>Tratamientos de distensiones musculares de Cape Coral mediante fisioterapia<\/b><\/h2>\n<p><span style=\"font-weight: 400;\">Utilizamos las siguientes <\/span><a href=\"https:\/\/sc-chiro.com\/es\/cape-coral\/servicios-fisioterapia\/\"><span style=\"font-weight: 400;\">fisioterapias<\/span><\/a><span style=\"font-weight: 400;\"> para tratar las distensiones musculares:<\/span><span style=\"font-weight: 400;\">\u00a0<\/span><\/p>\n<h3><b>Atenci\u00f3n correctiva<\/b><\/h3>\n<p><span style=\"font-weight: 400;\">A medida que reciba ajustes quiropr\u00e1cticos, lo m\u00e1s probable es que necesite atenci\u00f3n correctiva para que coincida con la progresi\u00f3n de la curaci\u00f3n de su cuerpo. Su quiropr\u00e1ctico le preguntar\u00e1 si ha experimentado brotes o molestias en nuevos lugares, luego ajustar\u00e1 sus t\u00e9cnicas para realinear su cuerpo o relajar los m\u00fasculos.<\/span><\/p>\n<h3><b>Terapia de ultrasonido<\/b><\/h3>\n<p><span style=\"font-weight: 400;\">La terapia de ultrasonido es un tratamiento de base tecnol\u00f3gica que utiliza ondas de sonido para una penetraci\u00f3n muscular profunda. Esto es bueno para las lesiones relacionadas con el deporte y fomenta la regeneraci\u00f3n muscular.<\/span><\/p>\n<h3><b>Terapia de Estimulaci\u00f3n Muscular El\u00e9ctrica (E-STIM)<\/b><\/h3>\n<p><span style=\"font-weight: 400;\">Este tratamiento de base tecnol\u00f3gica <\/span><a href=\"https:\/\/www.verywellhealth.com\/electrical-stimulation-2696122\" target=\"_blank\" rel=\"noopener\"><span style=\"font-weight: 400;\">utiliza electricidad para estimular los m\u00fasculos<\/span><\/a><span style=\"font-weight: 400;\"> y promover la reparaci\u00f3n de los tejidos.<\/span><\/p>\n<p><img fetchpriority=\"high\" decoding=\"async\" class=\"alignnone wp-image-3164 size-full\" src=\"https:\/\/sc-chiro.com\/wp-content\/uploads\/2021\/09\/Cape-Coral-muscle-strains-treatments.jpg\" alt=\"Jogger with hurt leg who needs Cape Coral muscle sprains treatments\" width=\"500\" height=\"333\" srcset=\"https:\/\/sc-chiro.com\/wp-content\/uploads\/2021\/09\/Cape-Coral-muscle-strains-treatments.jpg 500w, https:\/\/sc-chiro.com\/wp-content\/uploads\/2021\/09\/Cape-Coral-muscle-strains-treatments-300x200.jpg 300w\" sizes=\"(max-width: 500px) 100vw, 500px\" \/><\/p>\n<h3><b>Terapia de rehabilitaci\u00f3n<\/b><\/h3>\n<p><span style=\"font-weight: 400;\">La rehabilitaci\u00f3n de las distensiones musculares a menudo implica aprender nuevos ejercicios, posturas y formas funcionales para que pueda aprender a realizar actividades regulares nuevamente sin volver a lesionarse.<\/span><\/p>\n<h3><b>Terapia de estiramiento y fortalecimiento<\/b><\/h3>\n<p><span style=\"font-weight: 400;\">Podemos ense\u00f1arle estiramientos apropiados o ejercicios de fortalecimiento para ayudar a que sus m\u00fasculos mantengan la movilidad, crezcan o se vuelvan m\u00e1s flexibles.<\/span><\/p>\n<h3><b>Terapia de Masajes<\/b><\/h3>\n<p><span style=\"font-weight: 400;\">La terapia de masaje puede ser una excelente manera de relajar los m\u00fasculos, fomentando un mejor flujo sangu\u00edneo y durabilidad.<\/span><\/p>\n<p><span style=\"font-weight: 400;\">Uno de nuestros m\u00e9dicos le explicar\u00e1 qu\u00e9 m\u00e9todos usar\u00e1 como parte de su plan de tratamiento, ya que no todas las terapias pueden ser adecuadas para tratar su m\u00fasculo distendido.<\/span><\/p>\n<h2><b>Ajustes quiropr\u00e1cticos<\/b><\/h2>\n<p><span style=\"font-weight: 400;\">En nuestras instalaciones, utilizamos atenci\u00f3n quiropr\u00e1ctica basada en evidencia para tratar las distensiones musculares. The Journal of Manipulative and Physiological Therapeutics descubri\u00f3 que los pacientes con distensiones agudas o cr\u00f3nicas que recibieron atenci\u00f3n quiropr\u00e1ctica redujeron significativamente sus niveles de dolor despu\u00e9s del tratamiento.<\/span><\/p>\n<p><span style=\"font-weight: 400;\">Como tal, nuestros m\u00e9dicos practican las siguientes t\u00e9cnicas de ajuste quiropr\u00e1ctico:<\/span><\/p>\n<ul>\n<li><span style=\"font-weight: 400;\"> \u00a0 \u00a0 <\/span><span style=\"font-weight: 400;\">Ajustes diversificados<\/span><\/li>\n<li><span style=\"font-weight: 400;\"> \u00a0 \u00a0 <\/span><span style=\"font-weight: 400;\">Ajustes diversificados sentados<\/span><\/li>\n<li><span style=\"font-weight: 400;\"> \u00a0 \u00a0 <\/span><span style=\"font-weight: 400;\">postura lateral<\/span><\/li>\n<li><span style=\"font-weight: 400;\"> \u00a0 \u00a0 <\/span><span style=\"font-weight: 400;\">T\u00e9cnica sacro-occipital (SOT)<\/span><\/li>\n<li><span style=\"font-weight: 400;\"> \u00a0 \u00a0 <\/span><span style=\"font-weight: 400;\">Alternar retroceso<\/span><\/li>\n<li><span style=\"font-weight: 400;\"> \u00a0 \u00a0 <\/span><span style=\"font-weight: 400;\">T\u00e9cnica de mesa abatible de Thompson<\/span><\/li>\n<li><span style=\"font-weight: 400;\"> \u00a0 \u00a0 <\/span><span style=\"font-weight: 400;\">Activador<\/span><\/li>\n<li><span style=\"font-weight: 400;\"> \u00a0 \u00a0 <\/span><span style=\"font-weight: 400;\">rodilla-pecho<\/span><\/li>\n<li><span style=\"font-weight: 400;\"> \u00a0 \u00a0 <\/span><span style=\"font-weight: 400;\">Extremidades manuales<\/span><\/li>\n<\/ul>\n<p><span style=\"font-weight: 400;\">Antes de ajustarse, tendr\u00e1 la oportunidad de hacer preguntas sobre las t\u00e9cnicas que utilizamos.<\/span><\/p>\n<p><span data-sheets-value=\"{&quot;1&quot;:2,&quot;2&quot;:&quot;&lt;div class=&quot;buttons&quot;&gt;\n        &lt;a class=&quot;content-number mid-page-call-click-button&quot; href=&quot;tel:2393699109&quot;&gt;Call us Now - 239-369-9109&lt;\/a&gt;\n        &lt;a class=&quot;content-number mid-page-form-click-button&quot; id=&quot;second-button&quot; href=&quot;#elementor-action%3Aaction%3Dpopup%3Aopen%26settings%3DeyJpZCI6MTkxOSwidG9nZ2xlIjpmYWxzZX0%3D&quot;&gt;Contact Us!&lt;\/a&gt;\n    &lt;\/div&gt;&quot;}\" data-sheets-userformat=\"{&quot;2&quot;:513,&quot;3&quot;:{&quot;1&quot;:0},&quot;12&quot;:0}\"><div class=\"buttons\">\n        <a class=\"content-number mid-page-call-click-button\" href=\"tel:2393699109\">Call us Now - 239-369-9109<\/a>\n        <a class=\"content-number mid-page-form-click-button\" id=\"second-button\" href=\"#elementor-action%3Aaction%3Dpopup%3Aopen%26settings%3DeyJpZCI6MTkxOSwidG9nZ2xlIjpmYWxzZX0%3D\">Contact Us!<\/a>\n    <\/div><\/span><\/p>\n<h2><b>Podemos enviar informaci\u00f3n a su abogado para ayudar con las reclamaciones de compensaci\u00f3n laboral<\/b><\/h2>\n<p><span style=\"font-weight: 400;\">Como se mencion\u00f3, las distensiones musculares pueden ser el resultado de un trabajo f\u00edsicamente agotador. Por lo tanto, si sufri\u00f3 una distensi\u00f3n muscular mientras trabajaba, es posible que tenga derecho a solicitar una <\/span><a href=\"https:\/\/www.myfloridacfo.com\/division\/wc\/\" target=\"_blank\" rel=\"noopener\"><span style=\"font-weight: 400;\">indemnizaci\u00f3n laboral<\/span><\/a><span style=\"font-weight: 400;\"> a trav\u00e9s de su empleador. Algunos ejemplos comunes de trabajadores que califican incluyen:<\/span><span style=\"font-weight: 400;\">\u00a0<\/span><\/p>\n<ul>\n<li><span style=\"font-weight: 400;\"> \u00a0 \u00a0 <\/span><span style=\"font-weight: 400;\">Trabajadores de la construcci\u00f3n<\/span><\/li>\n<li><span style=\"font-weight: 400;\"> \u00a0 \u00a0 <\/span><span style=\"font-weight: 400;\">trabajadores de la carretera<\/span><\/li>\n<li><span style=\"font-weight: 400;\"> \u00a0 \u00a0 <\/span><span style=\"font-weight: 400;\">Paisajistas y jardineros<\/span><\/li>\n<li><span style=\"font-weight: 400;\"> \u00a0 \u00a0 <\/span><span style=\"font-weight: 400;\">Trabajadores de almacenes y f\u00e1bricas<\/span><\/li>\n<li><span style=\"font-weight: 400;\"> \u00a0 \u00a0 <\/span><span style=\"font-weight: 400;\">Trabajadores de entrega de correo, incluidos los cargadores de camiones.<\/span><\/li>\n<li><span style=\"font-weight: 400;\"> \u00a0 \u00a0 <\/span><span style=\"font-weight: 400;\">Trabajadores minoristas<\/span><\/li>\n<\/ul>\n<p><span style=\"font-weight: 400;\">Ya sea que se lesion\u00f3 mientras trabajaba en un sitio de construcci\u00f3n en Cape Coral Parkway o mientras descargaba productos de un cami\u00f3n para una tienda minorista, puede ser elegible para solicitar una compensaci\u00f3n de su empleador.<\/span><\/p>\n<h3><b>Documentaci\u00f3n que podemos proporcionar a su abogado para su reclamo<\/b><\/h3>\n<p><span style=\"font-weight: 400;\">Una vez que firme el formulario de divulgaci\u00f3n m\u00e9dica que otorga permiso a su abogado para recibir documentaci\u00f3n sobre su atenci\u00f3n, podemos enviar la siguiente informaci\u00f3n para respaldar su caso:<\/span><\/p>\n<ul>\n<li><span style=\"font-weight: 400;\"> \u00a0 \u00a0 <\/span><span style=\"font-weight: 400;\">Registros m\u00e9dicos, incluidos los resultados de las pruebas.<\/span><\/li>\n<li><span style=\"font-weight: 400;\"> \u00a0 \u00a0 <\/span><span style=\"font-weight: 400;\">Se solicitan copias de im\u00e1genes de rayos X y otros ex\u00e1menes m\u00e9dicos<\/span><\/li>\n<li><span style=\"font-weight: 400;\"> \u00a0 \u00a0 <\/span><span style=\"font-weight: 400;\">Plan de tratamiento para su distensi\u00f3n muscular<\/span><\/li>\n<li><span style=\"font-weight: 400;\"> \u00a0 \u00a0 <\/span><span style=\"font-weight: 400;\">Declaraciones sobre sus costos m\u00e9dicos actuales<\/span><\/li>\n<li><span style=\"font-weight: 400;\"> \u00a0 \u00a0 <\/span><span style=\"font-weight: 400;\">Estimaciones de costos m\u00e9dicos futuros<\/span><\/li>\n<\/ul>\n<p><span style=\"font-weight: 400;\">Si es necesario, podemos testificar en su caso. Adem\u00e1s, si est\u00e1 presentando una solicitud de compensaci\u00f3n para trabajadores sin un abogado pero le resulta dif\u00edcil, es posible que podamos recomendarle a alguien de nuestra red. En algunos casos, tambi\u00e9n podr\u00eda presentar una demanda por lesiones personales si otra parte, adem\u00e1s de su empleador, es responsable de su lesi\u00f3n.<\/span><\/p>\n<h2><b>Cont\u00e1ctenos para programar tratamientos de distensiones musculares de Cape Coral<\/b><\/h2>\n<p><span style=\"font-weight: 400;\">Si una distensi\u00f3n muscular le est\u00e1 causando un dolor y una incomodidad significativos, considere obtener atenci\u00f3n quiropr\u00e1ctica en nuestra <\/span><a href=\"https:\/\/sc-chiro.com\/es\/cape-coral\/\"><span style=\"font-weight: 400;\">ubicaci\u00f3n de Cape Coral<\/span><\/a><span style=\"font-weight: 400;\">. En nuestras instalaciones, brindamos un examen completo para encontrar la causa ra\u00edz de su dolor y crear un plan de tratamiento personalizado. De esa manera, no solo trabajar\u00e1 para curar el m\u00fasculo distendido, sino tambi\u00e9n para fortalecerlo.<\/span><span style=\"font-weight: 400;\">\u00a0<\/span><\/p>\n<p><span style=\"font-weight: 400;\">Llame <\/span><span style=\"font-weight: 400;\">a <\/span><a href=\"https:\/\/sc-chiro.com\/es\/\"><span style=\"font-weight: 400;\">Specific Care Chiropractic<\/span><\/a><span style=\"font-weight: 400;\"> al <a href=\"tel:239-369-9109\">239-369-9109<\/a> hoy para programar una cita con nosotros.<\/span><span style=\"font-weight: 400;\">\u00a0<\/span><\/p>\n","protected":false},"excerpt":{"rendered":"<p>Cuando pones demasiada tensi\u00f3n en un m\u00fasculo o tend\u00f3n, corres el riesgo de estirarlo demasiado y causar una tensi\u00f3n. Muchas personas que sufren este tipo de lesiones lo hacen durante tareas de sobreesfuerzo en el trabajo o mientras practican deportes, pero las personas tambi\u00e9n pueden sufrir esta lesi\u00f3n si realizan tareas repetitivas que tensan los [&hellip;]<\/p>\n","protected":false},"author":36,"featured_media":0,"parent":4015,"menu_order":0,"comment_status":"closed","ping_status":"closed","template":"","meta":{"_acf_changed":false,"footnotes":""},"categories":[76],"tags":[64],"class_list":["post-4046","page","type-page","status-publish","hentry","category-cape-coral-ubicacion","tag-tension-muscular"],"acf":[],"_links":{"self":[{"href":"https:\/\/sc-chiro.com\/es\/wp-json\/wp\/v2\/pages\/4046","targetHints":{"allow":["GET"]}}],"collection":[{"href":"https:\/\/sc-chiro.com\/es\/wp-json\/wp\/v2\/pages"}],"about":[{"href":"https:\/\/sc-chiro.com\/es\/wp-json\/wp\/v2\/types\/page"}],"author":[{"embeddable":true,"href":"https:\/\/sc-chiro.com\/es\/wp-json\/wp\/v2\/users\/36"}],"replies":[{"embeddable":true,"href":"https:\/\/sc-chiro.com\/es\/wp-json\/wp\/v2\/comments?post=4046"}],"version-history":[{"count":0,"href":"https:\/\/sc-chiro.com\/es\/wp-json\/wp\/v2\/pages\/4046\/revisions"}],"up":[{"embeddable":true,"href":"https:\/\/sc-chiro.com\/es\/wp-json\/wp\/v2\/pages\/4015"}],"wp:attachment":[{"href":"https:\/\/sc-chiro.com\/es\/wp-json\/wp\/v2\/media?parent=4046"}],"wp:term":[{"taxonomy":"category","embeddable":true,"href":"https:\/\/sc-chiro.com\/es\/wp-json\/wp\/v2\/categories?post=4046"},{"taxonomy":"post_tag","embeddable":true,"href":"https:\/\/sc-chiro.com\/es\/wp-json\/wp\/v2\/tags?post=4046"}],"curies":[{"name":"wp","href":"https:\/\/api.w.org\/{rel}","templated":true}]}}