{"id":4045,"date":"2021-10-12T18:26:54","date_gmt":"2021-10-12T18:26:54","guid":{"rendered":"https:\/\/qod-scchiro.local\/cape-coral\/herniated-disc-treatment\/"},"modified":"2023-11-01T19:55:31","modified_gmt":"2023-11-01T19:55:31","slug":"tratamiento-hernia-discal","status":"publish","type":"page","link":"https:\/\/sc-chiro.com\/es\/cape-coral\/tratamiento-hernia-discal\/","title":{"rendered":"Tratamiento de hernia discal de Cape Coral"},"content":{"rendered":"<p><span style=\"font-weight: 400;\">Entre cada v\u00e9rtebra de la m\u00e9dula espinal hay discos espinales, que pueden desgastarse debido a la tensi\u00f3n y la tensi\u00f3n graduales. Una hernia ocurre cuando el n\u00facleo del disco espinal se rompe o empuja su exterior, lo que se conoce como anillo. Muchas personas experimentan lesiones de hernia de disco en la parte inferior de la espalda (\u00e1rea lumbar) o en el cuello (\u00e1rea cervical).<\/span><\/p>\n<p><span style=\"font-weight: 400;\">En Specific Care Chiropractic, ofrecemos tratamiento de hernia de disco de Cape Coral a nuestros pacientes que han desarrollado esta lesi\u00f3n con el tiempo y ahora experimentan dolor cr\u00f3nico, inflamaci\u00f3n e incluso da\u00f1o nervioso potencial. Nuestros <\/span><a href=\"https:\/\/sc-chiro.com\/es\/cape-coral\/ajustes-quiropracticos\/\"><span style=\"font-weight: 400;\">tratamientos quiropr\u00e1cticos<\/span><\/a><span style=\"font-weight: 400;\"> tienen como objetivo ayudar a los pacientes a reducir sus s\u00edntomas de dolor y mejorar su estilo de vida y su salud en general.<\/span><span style=\"font-weight: 400;\">\u00a0<\/span><\/p>\n<p><span style=\"font-weight: 400;\">\t\t<div data-elementor-type=\"section\" data-elementor-id=\"3935\" class=\"elementor elementor-3935\" data-elementor-post-type=\"elementor_library\">\n\t\t\t\t\t<section class=\"elementor-section elementor-top-section elementor-element elementor-element-bef2904 elementor-section-boxed elementor-section-height-default elementor-section-height-default\" data-id=\"bef2904\" data-element_type=\"section\" data-e-type=\"section\">\n\t\t\t\t\t\t<div class=\"elementor-container elementor-column-gap-default\">\n\t\t\t\t\t<div class=\"elementor-column elementor-col-100 elementor-top-column elementor-element elementor-element-57dcad5 section-toc\" data-id=\"57dcad5\" data-element_type=\"column\" data-e-type=\"column\">\n\t\t\t<div class=\"elementor-widget-wrap elementor-element-populated\">\n\t\t\t\t\t\t<div class=\"elementor-element elementor-element-0c49dfc elementor-toc--minimized-on-tablet elementor-widget elementor-widget-table-of-contents\" data-id=\"0c49dfc\" data-element_type=\"widget\" data-e-type=\"widget\" data-settings=\"{&quot;exclude_headings_by_selector&quot;:&quot;.toc-remove&quot;,&quot;headings_by_tags&quot;:[&quot;h2&quot;,&quot;h3&quot;,&quot;h4&quot;,&quot;h5&quot;,&quot;h6&quot;],&quot;marker_view&quot;:&quot;numbers&quot;,&quot;no_headings_message&quot;:&quot;No se ha encontrado ning\\u00fan encabezado en esta p\\u00e1gina.&quot;,&quot;minimize_box&quot;:&quot;yes&quot;,&quot;minimized_on&quot;:&quot;tablet&quot;,&quot;hierarchical_view&quot;:&quot;yes&quot;,&quot;min_height&quot;:{&quot;unit&quot;:&quot;px&quot;,&quot;size&quot;:&quot;&quot;,&quot;sizes&quot;:[]},&quot;min_height_tablet&quot;:{&quot;unit&quot;:&quot;px&quot;,&quot;size&quot;:&quot;&quot;,&quot;sizes&quot;:[]},&quot;min_height_mobile&quot;:{&quot;unit&quot;:&quot;px&quot;,&quot;size&quot;:&quot;&quot;,&quot;sizes&quot;:[]}}\" data-widget_type=\"table-of-contents.default\">\n\t\t\t\t<div class=\"elementor-widget-container\">\n\t\t\t\t\t\t\t\t\t<div class=\"elementor-toc__header\">\n\t\t\t\t\t\t<h4 class=\"elementor-toc__header-title\">\n\t\t\t\tTabla de Contenidos\t\t\t<\/h4>\n\t\t\t\t\t\t\t\t\t\t<div class=\"elementor-toc__toggle-button elementor-toc__toggle-button--expand\" role=\"button\" tabindex=\"0\" aria-controls=\"elementor-toc__0c49dfc\" aria-expanded=\"true\" aria-label=\"Abrir la tabla de contenidos\"><i aria-hidden=\"true\" class=\"fas fa-chevron-down\"><\/i><\/div>\n\t\t\t\t<div class=\"elementor-toc__toggle-button elementor-toc__toggle-button--collapse\" role=\"button\" tabindex=\"0\" aria-controls=\"elementor-toc__0c49dfc\" aria-expanded=\"true\" aria-label=\"Cerrar la tabla de contenidos\"><i aria-hidden=\"true\" class=\"fas fa-chevron-up\"><\/i><\/div>\n\t\t\t\t\t<\/div>\n\t\t\t\t<div id=\"elementor-toc__0c49dfc\" class=\"elementor-toc__body\">\n\t\t\t<div class=\"elementor-toc__spinner-container\">\n\t\t\t\t<i class=\"elementor-toc__spinner eicon-animation-spin eicon-loading\" aria-hidden=\"true\"><\/i>\t\t\t<\/div>\n\t\t<\/div>\n\t\t\t\t\t\t<\/div>\n\t\t\t\t<\/div>\n\t\t\t\t\t<\/div>\n\t\t<\/div>\n\t\t\t\t\t<\/div>\n\t\t<\/section>\n\t\t\t\t<\/div>\n\t\t<\/span><\/p>\n<h2><b>Causas de las lesiones de hernia de disco<\/b><\/h2>\n<p><span style=\"font-weight: 400;\">Para la mayor\u00eda de las personas, las lesiones por hernia de disco son el resultado de una tensi\u00f3n gradual en el cuerpo, no el resultado de un traumatismo directo (aunque puede serlo). Las personas a menudo sufren lesiones de hernia de disco en la mediana edad, entre los 35 y los 50 a\u00f1os, aunque una persona de cualquier edad puede sufrir este tipo de lesi\u00f3n seg\u00fan su estilo de vida o disposici\u00f3n gen\u00e9tica.<\/span><\/p>\n<p><span style=\"font-weight: 400;\">Algunas causas comunes de hernia de disco incluyen:<\/span><\/p>\n<h3><b>Gen\u00e9tica<\/b><\/h3>\n<p><span style=\"font-weight: 400;\">Seg\u00fan The Journal of Bone &amp; Joint Surgery, ciertas personas pueden estar gen\u00e9ticamente predispuestas a la hernia en la m\u00e9dula espinal. Su estudio encontr\u00f3 que las personas que ten\u00edan antecedentes familiares de hernia de disco ten\u00edan un 32 por ciento m\u00e1s de probabilidades de experimentar la lesi\u00f3n durante su vida.<\/span><\/p>\n<h3><b>Empleos intensivos en mano de obra<\/b><\/h3>\n<p><span style=\"font-weight: 400;\">Las personas que trabajan en trabajos f\u00edsicamente exigentes que implican movimientos repetitivos (p. ej., levantar, tirar o agacharse) o tensi\u00f3n en la espalda pueden desarrollar lesiones de hernia de disco en alg\u00fan momento de su carrera.<\/span><\/p>\n<h3><b>Peso<\/b><\/h3>\n<p><span style=\"font-weight: 400;\">El sobrepeso puede causar una tensi\u00f3n gradual en la m\u00e9dula espinal, especialmente en la parte baja de la espalda (\u00e1rea lumbar) de una persona.<\/span><\/p>\n<h3><b>De fumar<\/b><\/h3>\n<p><span style=\"font-weight: 400;\">Seg\u00fan Mayo Clinic, las personas que fuman pueden ser m\u00e1s propensas a las lesiones por hernia de disco, ya que fumar reduce el suministro de ox\u00edgeno a los discos de la columna. Con menos ox\u00edgeno, los discos de la columna son m\u00e1s susceptibles a lesiones y da\u00f1os.<\/span><\/p>\n<p><span data-sheets-value=\"{&quot;1&quot;:2,&quot;2&quot;:&quot;&lt;div class=&quot;buttons&quot;&gt;\n        &lt;a class=&quot;content-number mid-page-call-click-button&quot; href=&quot;tel:2393699109&quot;&gt;Call us Now - 239-369-9109&lt;\/a&gt;\n        &lt;a class=&quot;content-number mid-page-form-click-button&quot; id=&quot;second-button&quot; href=&quot;#elementor-action%3Aaction%3Dpopup%3Aopen%26settings%3DeyJpZCI6MTkxOSwidG9nZ2xlIjpmYWxzZX0%3D&quot;&gt;Contact Us!&lt;\/a&gt;\n    &lt;\/div&gt;&quot;}\" data-sheets-userformat=\"{&quot;2&quot;:513,&quot;3&quot;:{&quot;1&quot;:0},&quot;12&quot;:0}\"><div class=\"buttons\">\n        <a class=\"content-number mid-page-call-click-button\" href=\"tel:2393699109\">Call us Now - 239-369-9109<\/a>\n        <a class=\"content-number mid-page-form-click-button\" id=\"second-button\" href=\"#elementor-action%3Aaction%3Dpopup%3Aopen%26settings%3DeyJpZCI6MTkxOSwidG9nZ2xlIjpmYWxzZX0%3D\">Contact Us!<\/a>\n    <\/div><\/span><\/p>\n<h2><b>Usamos Tratamientos Quiropr\u00e1cticos y Fisioterapia para Tratar las Hernias<\/b><\/h2>\n<p><span style=\"font-weight: 400;\">En Specific Care Chiropractic, utilizamos ajustes quiropr\u00e1cticos y <\/span><a href=\"https:\/\/sc-chiro.com\/es\/cape-coral\/servicios-fisioterapia\/\"><span style=\"font-weight: 400;\">fisioterapia<\/span><\/a><span style=\"font-weight: 400;\"> para tratar a personas con lesiones por hernia de disco. Estos tratamientos incluyen:<\/span><\/p>\n<h3><b>T\u00e9cnica Quiropr\u00e1ctica Activadora<\/b><\/h3>\n<p><span style=\"font-weight: 400;\">Usamos un dispositivo manual para realizar manipulaciones espec\u00edficas en su m\u00e9dula espinal. Este dispositivo utiliza fuerza de alta velocidad y baja amplitud (HVLA) para aplicar presi\u00f3n sobre su cuerpo, lo que replica los empujes realizados en diversas t\u00e9cnicas de ajuste; sin embargo, este m\u00e9todo est\u00e1 m\u00e1s controlado.<\/span><\/p>\n<h3><b>Terapia de rehabilitaci\u00f3n<\/b><\/h3>\n<p><span style=\"font-weight: 400;\">Alentamos a los pacientes a que realicen fisioterapia para fortalecer sus cuerpos a lo largo de su tratamiento quiropr\u00e1ctico. Las terapias de rehabilitaci\u00f3n pueden variar seg\u00fan las necesidades del paciente y la ubicaci\u00f3n de la hernia. Por ejemplo, las personas con hernia de disco cervical pueden usar una pelota de ejercicios como parte de su r\u00e9gimen de ejercicios, mientras que las personas con hernia de disco lumbar pueden aprender m\u00e1s ejercicios de estiramiento y entrenamiento de fuerza.<\/span><\/p>\n<h3><b>Terapia de Estimulaci\u00f3n Muscular El\u00e9ctrica (E-STIM)<\/b><\/h3>\n<p><span style=\"font-weight: 400;\">Los pacientes tambi\u00e9n pueden beneficiarse de <\/span><a href=\"https:\/\/www.verywellhealth.com\/electrical-stimulation-2696122\" target=\"_blank\" rel=\"noopener\"><span style=\"font-weight: 400;\">la terapia E-STIM<\/span><\/a><span style=\"font-weight: 400;\"> , que consiste en aplicar estimulaci\u00f3n el\u00e9ctrica en las \u00e1reas de hernia discal para estimular la restauraci\u00f3n de los nervios y la reparaci\u00f3n de los m\u00fasculos. Esto puede ser efectivo si los pacientes experimentan da\u00f1o en los nervios que rodean la hernia. Sports Medicine tambi\u00e9n public\u00f3 un informe de que este tratamiento sirve como un tratamiento espinal suave, ayudando a los pacientes a recuperar la movilidad.<\/span><a href=\"https:\/\/translate.google.com\/translate?hl=es&amp;prev=_t&amp;sl=en&amp;tl=es&amp;u=https:\/\/www.verywellhealth.com\/electrical-stimulation-2696122\" target=\"_blank\" rel=\"noopener\"><span style=\"font-weight: 400;\">\u00a0<\/span><\/a><\/p>\n<p><span style=\"font-weight: 400;\">Puede haber otros tratamientos que podamos usar para tratar su condici\u00f3n, que nuestros m\u00e9dicos mencionar\u00e1n al explicar su plan de tratamiento.<\/span><\/p>\n<p><img fetchpriority=\"high\" decoding=\"async\" class=\"alignnone wp-image-3264 size-full\" src=\"https:\/\/sc-chiro.com\/wp-content\/uploads\/2021\/10\/Cape-Coral-herniated-disk-treatment.jpg\" alt=\"Man with back pain who needs Cape Coral herniated disk treatment\" width=\"500\" height=\"333\" srcset=\"https:\/\/sc-chiro.com\/wp-content\/uploads\/2021\/10\/Cape-Coral-herniated-disk-treatment.jpg 500w, https:\/\/sc-chiro.com\/wp-content\/uploads\/2021\/10\/Cape-Coral-herniated-disk-treatment-300x200.jpg 300w\" sizes=\"(max-width: 500px) 100vw, 500px\" \/><\/p>\n<h2><b>Lo que consideramos antes de aplicar el tratamiento quiropr\u00e1ctico<\/b><\/h2>\n<p><span style=\"font-weight: 400;\">Si viene a nuestra oficina de Cape Coral para el tratamiento de una hernia de disco, su primera cita incluir\u00e1 una consulta para analizar la naturaleza de su lesi\u00f3n y los s\u00edntomas que est\u00e1 experimentando. Algunos factores que consideraremos antes de crear su plan de tratamiento incluyen:<\/span><\/p>\n<ul>\n<li><span style=\"font-weight: 400;\"> \u00a0 \u00a0 <\/span><span style=\"font-weight: 400;\">\u00bfQu\u00e9 parte de la m\u00e9dula espinal tiene la hernia (p. ej., el cuello, la parte baja de la espalda o el coxis)?<\/span><\/li>\n<li><span style=\"font-weight: 400;\"> \u00a0 \u00a0 <\/span><span style=\"font-weight: 400;\">\u00bfExperimenta signos de da\u00f1o en los nervios debido a la hernia de disco, como dolor que le recorre la pierna o el brazo?<\/span><\/li>\n<li><span style=\"font-weight: 400;\"> \u00a0 \u00a0 <\/span><span style=\"font-weight: 400;\">\u00bfEst\u00e1 experimentando debilidad muscular u otras formas de limitaciones funcionales (p. ej., ya no puede agarrar cosas tan bien como antes)?<\/span><\/li>\n<li><span style=\"font-weight: 400;\"> \u00a0 \u00a0 <\/span><span style=\"font-weight: 400;\">\u00bfSiente una sensaci\u00f3n de entumecimiento alrededor del \u00e1rea de la hernia?<\/span><\/li>\n<li><span style=\"font-weight: 400;\"> \u00a0 \u00a0 <\/span><span style=\"font-weight: 400;\">\u00bfHay alg\u00fan movimiento o posici\u00f3n que le cause dolor o incomodidad (p. ej., sentarse en su escritorio o agacharse)?<\/span><\/li>\n<\/ul>\n<p><span style=\"font-weight: 400;\">Una vez que medimos sus s\u00edntomas y el nivel de incomodidad, nuestros m\u00e9dicos tambi\u00e9n realizar\u00e1n un examen f\u00edsico y le har\u00e1n ex\u00e1menes de im\u00e1genes para revisar su lesi\u00f3n m\u00e1s de cerca. Esto le permite al m\u00e9dico comprender exactamente d\u00f3nde se encuentra la hernia y qu\u00e9 t\u00e9cnicas deben aplicar para tratar su lesi\u00f3n de manera segura y eficaz.<\/span><\/p>\n<p><span style=\"font-weight: 400;\">Tendr\u00e1 la oportunidad de conocer su plan de tratamiento, que tambi\u00e9n puede incluir atenci\u00f3n correctiva y otras t\u00e9cnicas fisioterap\u00e9uticas a medida que su cuerpo sana y progresa.<\/span><\/p>\n<h2><b>Los estudios demuestran que los tratamientos quiropr\u00e1cticos son efectivos para los discos herniados<\/b><\/h2>\n<p><span style=\"font-weight: 400;\">Los estudios de investigaci\u00f3n han encontrado que la atenci\u00f3n quiropr\u00e1ctica aplicada a las hernias de disco lumbar y cervical puede ser una opci\u00f3n de tratamiento no quir\u00fargico eficaz para los pacientes o como una opci\u00f3n de tratamiento complementario despu\u00e9s de la cirug\u00eda si los pacientes a\u00fan sienten dolor.<\/span><\/p>\n<p><span style=\"font-weight: 400;\">Estos estudios incluyen:<\/span><\/p>\n<h3><b>La t\u00e9cnica quiropr\u00e1ctica Activator puede reducir el estr\u00e9s en los discos lumbares herniados<\/b><\/h3>\n<p><span style=\"font-weight: 400;\">El Journal of Manipulative and Physiological Therapeutics public\u00f3 un informe que encontr\u00f3 que las t\u00e9cnicas quiropr\u00e1cticas activadoras resultan m\u00e1s efectivas que la manipulaci\u00f3n de la postura lateral cuando se trata la hernia de los discos lumbares, se\u00f1alando que implica menos estr\u00e9s durante los ajustes de la columna y es relativamente m\u00e1s segura.<\/span><\/p>\n<h3><b>Los ajustes quiropr\u00e1cticos pueden aliviar el dolor de las personas con hernias de disco L5-S1<\/b><\/h3>\n<p><span style=\"font-weight: 400;\">The Journal of Manipulative and Physiological Therapeutics inform\u00f3 sobre un estudio que observ\u00f3 a personas con hernias de disco L5-S1, que se encuentran en la base de la m\u00e9dula espinal, que se sometieron a ajustes quiropr\u00e1cticos. Los m\u00e9dicos que se mantienen atentos a la tolerancia al dolor del paciente y cualquier signo de da\u00f1o nervioso, incluida la ci\u00e1tica, pueden ayudar a aliviar los s\u00edntomas del paciente casi por completo.<\/span><\/p>\n<h3><b>Las personas con hernias de disco cervical responden bien a las terapias quiropr\u00e1cticas<\/b><\/h3>\n<p><span style=\"font-weight: 400;\">Otro informe del Journal of Manipulative and Physiological Therapeutics encontr\u00f3 que las personas con discos cervicales herniados, que existen en el cuello, responden bien al tratamiento quiropr\u00e1ctico e informaron resultados positivos para aliviar el dolor nervioso, el dolor de cuello y el dolor en las extremidades superiores (p. ej., espalda).<\/span><\/p>\n<p><span style=\"font-weight: 400;\">Si desea obtener m\u00e1s informaci\u00f3n sobre c\u00f3mo el tratamiento quiropr\u00e1ctico puede beneficiarlo, nuestros m\u00e9dicos pueden responder cualquier pregunta que tenga sobre nuestras terapias durante su cita.<\/span><\/p>\n<p><span data-sheets-value=\"{&quot;1&quot;:2,&quot;2&quot;:&quot;&lt;div class=&quot;buttons&quot;&gt;\n        &lt;a class=&quot;content-number mid-page-call-click-button&quot; href=&quot;tel:2393699109&quot;&gt;Call us Now - 239-369-9109&lt;\/a&gt;\n        &lt;a class=&quot;content-number mid-page-form-click-button&quot; id=&quot;second-button&quot; href=&quot;#elementor-action%3Aaction%3Dpopup%3Aopen%26settings%3DeyJpZCI6MTkxOSwidG9nZ2xlIjpmYWxzZX0%3D&quot;&gt;Contact Us!&lt;\/a&gt;\n    &lt;\/div&gt;&quot;}\" data-sheets-userformat=\"{&quot;2&quot;:513,&quot;3&quot;:{&quot;1&quot;:0},&quot;12&quot;:0}\"><div class=\"buttons\">\n        <a class=\"content-number mid-page-call-click-button\" href=\"tel:2393699109\">Call us Now - 239-369-9109<\/a>\n        <a class=\"content-number mid-page-form-click-button\" id=\"second-button\" href=\"#elementor-action%3Aaction%3Dpopup%3Aopen%26settings%3DeyJpZCI6MTkxOSwidG9nZ2xlIjpmYWxzZX0%3D\">Contact Us!<\/a>\n    <\/div><\/span><\/p>\n<h2><b>Programe una evaluaci\u00f3n de tratamiento de hernia de disco en Cape Coral<\/b><\/h2>\n<p><span style=\"font-weight: 400;\">Si usted o un ser querido tiene una hernia de disco y sufre un dolor e inflamaci\u00f3n significativos a causa de ella, un quiropr\u00e1ctico de Specific Care Chiropractic quiere examinar su condici\u00f3n y ver qu\u00e9 tipo de tratamientos necesita. Nuestros m\u00e9dicos pueden crear un plan de tratamiento de hernia de disco para aliviar sus s\u00edntomas y restaurar su condici\u00f3n.<\/span><\/p>\n<p><span style=\"font-weight: 400;\">Programe su primera cita en nuestra <\/span><a href=\"https:\/\/sc-chiro.com\/es\/cape-coral\/\"><span style=\"font-weight: 400;\">oficina de Cape Coral<\/span><\/a><span style=\"font-weight: 400;\"> llamando al <a href=\"tel:239-369-9109\">239-369-9109<\/a>. Su primera cita implicar\u00e1 una consulta, un examen f\u00edsico y otros ex\u00e1menes (p. ej., radiograf\u00edas) para evaluar la gravedad de su hernia.<\/span><span style=\"font-weight: 400;\">\u00a0<\/span><\/p>\n","protected":false},"excerpt":{"rendered":"<p>Entre cada v\u00e9rtebra de la m\u00e9dula espinal hay discos espinales, que pueden desgastarse debido a la tensi\u00f3n y la tensi\u00f3n graduales. Una hernia ocurre cuando el n\u00facleo del disco espinal se rompe o empuja su exterior, lo que se conoce como anillo. Muchas personas experimentan lesiones de hernia de disco en la parte inferior de [&hellip;]<\/p>\n","protected":false},"author":36,"featured_media":6393,"parent":4015,"menu_order":0,"comment_status":"closed","ping_status":"closed","template":"","meta":{"_acf_changed":false,"footnotes":""},"categories":[76],"tags":[62],"class_list":["post-4045","page","type-page","status-publish","has-post-thumbnail","hentry","category-cape-coral-ubicacion","tag-hernia-de-disco"],"acf":[],"_links":{"self":[{"href":"https:\/\/sc-chiro.com\/es\/wp-json\/wp\/v2\/pages\/4045","targetHints":{"allow":["GET"]}}],"collection":[{"href":"https:\/\/sc-chiro.com\/es\/wp-json\/wp\/v2\/pages"}],"about":[{"href":"https:\/\/sc-chiro.com\/es\/wp-json\/wp\/v2\/types\/page"}],"author":[{"embeddable":true,"href":"https:\/\/sc-chiro.com\/es\/wp-json\/wp\/v2\/users\/36"}],"replies":[{"embeddable":true,"href":"https:\/\/sc-chiro.com\/es\/wp-json\/wp\/v2\/comments?post=4045"}],"version-history":[{"count":0,"href":"https:\/\/sc-chiro.com\/es\/wp-json\/wp\/v2\/pages\/4045\/revisions"}],"up":[{"embeddable":true,"href":"https:\/\/sc-chiro.com\/es\/wp-json\/wp\/v2\/pages\/4015"}],"wp:featuredmedia":[{"embeddable":true,"href":"https:\/\/sc-chiro.com\/es\/wp-json\/wp\/v2\/media\/6393"}],"wp:attachment":[{"href":"https:\/\/sc-chiro.com\/es\/wp-json\/wp\/v2\/media?parent=4045"}],"wp:term":[{"taxonomy":"category","embeddable":true,"href":"https:\/\/sc-chiro.com\/es\/wp-json\/wp\/v2\/categories?post=4045"},{"taxonomy":"post_tag","embeddable":true,"href":"https:\/\/sc-chiro.com\/es\/wp-json\/wp\/v2\/tags?post=4045"}],"curies":[{"name":"wp","href":"https:\/\/api.w.org\/{rel}","templated":true}]}}