{"id":4043,"date":"2021-10-12T18:14:27","date_gmt":"2021-10-12T18:14:27","guid":{"rendered":"https:\/\/qod-scchiro.local\/cape-coral\/bursitis-treatment\/"},"modified":"2023-06-19T10:59:28","modified_gmt":"2023-06-19T10:59:28","slug":"tratamiento-bursitis","status":"publish","type":"page","link":"https:\/\/sc-chiro.com\/es\/cape-coral\/tratamiento-bursitis\/","title":{"rendered":"Tratamiento de bursitis de Cape Coral"},"content":{"rendered":"<p><span style=\"font-weight: 400;\">La bursitis ocurre cuando los peque\u00f1os sacos de l\u00edquido que amortiguan y protegen las articulaciones se inflaman. Estos sacos, llamados bursas, pueden causar un dolor significativo y limitante cuando se irritan. Nuestro equipo de m\u00e9dicos en Specific Care Chiropractic brinda tratamiento para la bursitis de Cape Coral para reducir el dolor y mejorar la movilidad en las articulaciones afectadas.<\/span><\/p>\n<p><span style=\"font-weight: 400;\">Si sufre de dolor por bursitis o se pregunta si su dolor en las articulaciones se debe a una bursa inflamada, nuestros <\/span><a href=\"https:\/\/sc-chiro.com\/es\/cape-coral\/ajustes-quiropracticos\/\"><span style=\"font-weight: 400;\">quiropr\u00e1cticos<\/span><\/a><span style=\"font-weight: 400;\"> pueden ayudarlo. Examinaremos sus articulaciones, diagnosticaremos su bursitis y crearemos un programa de tratamiento exclusivo para sus necesidades.<\/span><span style=\"font-weight: 400;\">\u00a0<\/span><\/p>\n<p><span style=\"font-weight: 400;\">\t\t<div data-elementor-type=\"section\" data-elementor-id=\"3935\" class=\"elementor elementor-3935\" data-elementor-post-type=\"elementor_library\">\n\t\t\t\t\t<section class=\"elementor-section elementor-top-section elementor-element elementor-element-bef2904 elementor-section-boxed elementor-section-height-default elementor-section-height-default\" data-id=\"bef2904\" data-element_type=\"section\" data-e-type=\"section\">\n\t\t\t\t\t\t<div class=\"elementor-container elementor-column-gap-default\">\n\t\t\t\t\t<div class=\"elementor-column elementor-col-100 elementor-top-column elementor-element elementor-element-57dcad5 section-toc\" data-id=\"57dcad5\" data-element_type=\"column\" data-e-type=\"column\">\n\t\t\t<div class=\"elementor-widget-wrap elementor-element-populated\">\n\t\t\t\t\t\t<div class=\"elementor-element elementor-element-0c49dfc elementor-toc--minimized-on-tablet elementor-widget elementor-widget-table-of-contents\" data-id=\"0c49dfc\" data-element_type=\"widget\" data-e-type=\"widget\" data-settings=\"{&quot;exclude_headings_by_selector&quot;:&quot;.toc-remove&quot;,&quot;headings_by_tags&quot;:[&quot;h2&quot;,&quot;h3&quot;,&quot;h4&quot;,&quot;h5&quot;,&quot;h6&quot;],&quot;marker_view&quot;:&quot;numbers&quot;,&quot;no_headings_message&quot;:&quot;No se ha encontrado ning\\u00fan encabezado en esta p\\u00e1gina.&quot;,&quot;minimize_box&quot;:&quot;yes&quot;,&quot;minimized_on&quot;:&quot;tablet&quot;,&quot;hierarchical_view&quot;:&quot;yes&quot;,&quot;min_height&quot;:{&quot;unit&quot;:&quot;px&quot;,&quot;size&quot;:&quot;&quot;,&quot;sizes&quot;:[]},&quot;min_height_tablet&quot;:{&quot;unit&quot;:&quot;px&quot;,&quot;size&quot;:&quot;&quot;,&quot;sizes&quot;:[]},&quot;min_height_mobile&quot;:{&quot;unit&quot;:&quot;px&quot;,&quot;size&quot;:&quot;&quot;,&quot;sizes&quot;:[]}}\" data-widget_type=\"table-of-contents.default\">\n\t\t\t\t<div class=\"elementor-widget-container\">\n\t\t\t\t\t\t\t\t\t<div class=\"elementor-toc__header\">\n\t\t\t\t\t\t<h4 class=\"elementor-toc__header-title\">\n\t\t\t\tTabla de Contenidos\t\t\t<\/h4>\n\t\t\t\t\t\t\t\t\t\t<div class=\"elementor-toc__toggle-button elementor-toc__toggle-button--expand\" role=\"button\" tabindex=\"0\" aria-controls=\"elementor-toc__0c49dfc\" aria-expanded=\"true\" aria-label=\"Abrir la tabla de contenidos\"><i aria-hidden=\"true\" class=\"fas fa-chevron-down\"><\/i><\/div>\n\t\t\t\t<div class=\"elementor-toc__toggle-button elementor-toc__toggle-button--collapse\" role=\"button\" tabindex=\"0\" aria-controls=\"elementor-toc__0c49dfc\" aria-expanded=\"true\" aria-label=\"Cerrar la tabla de contenidos\"><i aria-hidden=\"true\" class=\"fas fa-chevron-up\"><\/i><\/div>\n\t\t\t\t\t<\/div>\n\t\t\t\t<div id=\"elementor-toc__0c49dfc\" class=\"elementor-toc__body\">\n\t\t\t<div class=\"elementor-toc__spinner-container\">\n\t\t\t\t<i class=\"elementor-toc__spinner eicon-animation-spin eicon-loading\" aria-hidden=\"true\"><\/i>\t\t\t<\/div>\n\t\t<\/div>\n\t\t\t\t\t\t<\/div>\n\t\t\t\t<\/div>\n\t\t\t\t\t<\/div>\n\t\t<\/div>\n\t\t\t\t\t<\/div>\n\t\t<\/section>\n\t\t\t\t<\/div>\n\t\t<\/span><\/p>\n<h2><b>Utilizamos una combinaci\u00f3n de tratamientos para la bursitis en Cape Coral<\/b><\/h2>\n<p><span style=\"font-weight: 400;\">Cuando vea a uno de nuestros m\u00e9dicos en Specific Care Chiropractic por sus <\/span><a href=\"https:\/\/my.clevelandclinic.org\/health\/diseases\/10918-bursitis\" target=\"_blank\" rel=\"noopener\"><span style=\"font-weight: 400;\">s\u00edntomas de bursitis<\/span><\/a><span style=\"font-weight: 400;\"> , nos tomaremos un tiempo para analizar sus s\u00edntomas y dolor. Luego, usaremos rayos X u otras im\u00e1genes m\u00e9dicas para confirmar el diagn\u00f3stico y medir la gravedad.<\/span><span style=\"font-weight: 400;\">\u00a0<\/span><\/p>\n<p><span style=\"font-weight: 400;\">Si lo hace, nos permite comprender su condici\u00f3n y poner en marcha un plan de tratamiento. Podemos abordar sus s\u00edntomas a trav\u00e9s de fisioterapia, ajustes quiropr\u00e1cticos y ejercicios en el hogar.<\/span><\/p>\n<p><span style=\"font-weight: 400;\">Las t\u00e9cnicas que usamos a menudo para tratar la bursitis incluyen:<\/span><\/p>\n<h3><b>Manipulaci\u00f3n conjunta<\/b><\/h3>\n<p><span style=\"font-weight: 400;\">Nuestros m\u00e9dicos saben c\u00f3mo manipular la articulaci\u00f3n o articulaciones afectadas para reducir la irritaci\u00f3n, disminuyendo lentamente el dolor que experimentan nuestros pacientes. Esta t\u00e9cnica funciona para las extremidades, incluidas las caderas, los hombros, los codos y las rodillas.<\/span><\/p>\n<h3><b>Fisioterapia y Ejercicios en Casa<\/b><\/h3>\n<p><span style=\"font-weight: 400;\">Nuestros m\u00e9dicos crean una rutina de <\/span><a href=\"https:\/\/sc-chiro.com\/es\/cape-coral\/servicios-fisioterapia\/\"><span style=\"font-weight: 400;\">fisioterapia<\/span><\/a><span style=\"font-weight: 400;\"> para muchos pacientes que les ayuda a aumentar la flexibilidad en las articulaciones afectadas y los tendones y m\u00fasculos relacionados. Esta rutina puede incluir tanto ejercicios de estiramiento como de fortalecimiento. En muchos casos, es posible que pueda hacer estos ejercicios por su cuenta en casa despu\u00e9s de aprenderlos en la oficina.<\/span><a href=\"https:\/\/translate.google.com\/translate?hl=es&amp;prev=_t&amp;sl=en&amp;tl=es&amp;u=https:\/\/sc-chiro.com\/cape-coral\/physiotherapy-services\/\"><span style=\"font-weight: 400;\">\u00a0<\/span><\/a><\/p>\n<h3><b>Terapia de ultrasonido<\/b><\/h3>\n<p><span style=\"font-weight: 400;\">Nuestros m\u00e9dicos pueden prescribir terapia de ultrasonido para aquellos con bursitis en los hombros. Usando ondas de sonido, podemos relajar los m\u00fasculos alrededor de la articulaci\u00f3n y reducir la presi\u00f3n sobre las bursas. Esta t\u00e9cnica tambi\u00e9n puede ayudar con las lesiones relacionadas con los deportes.<\/span><\/p>\n<h3><b>Atenci\u00f3n de seguimiento y correctiva<\/b><\/h3>\n<p><span style=\"font-weight: 400;\">Nuestros m\u00e9dicos permanecen en contacto con cada paciente, monitoreando su progreso y rehabilitaci\u00f3n. No es inusual que una bursa se inflame m\u00e1s durante el proceso de tratamiento, y es posible que debamos agregar manipulaci\u00f3n articular o cambiar el plan de tratamiento para abordar el problema.<\/span><\/p>\n<p><span data-sheets-value=\"{&quot;1&quot;:2,&quot;2&quot;:&quot;&lt;div class=&quot;buttons&quot;&gt;\n        &lt;a class=&quot;content-number mid-page-call-click-button&quot; href=&quot;tel:2393699109&quot;&gt;Call us Now - 239-369-9109&lt;\/a&gt;\n        &lt;a class=&quot;content-number mid-page-form-click-button&quot; id=&quot;second-button&quot; href=&quot;#elementor-action%3Aaction%3Dpopup%3Aopen%26settings%3DeyJpZCI6MTkxOSwidG9nZ2xlIjpmYWxzZX0%3D&quot;&gt;Contact Us!&lt;\/a&gt;\n    &lt;\/div&gt;&quot;}\" data-sheets-userformat=\"{&quot;2&quot;:513,&quot;3&quot;:{&quot;1&quot;:0},&quot;12&quot;:0}\"><div class=\"buttons\">\n        <a class=\"content-number mid-page-call-click-button\" href=\"tel:2393699109\">Call us Now - 239-369-9109<\/a>\n        <a class=\"content-number mid-page-form-click-button\" id=\"second-button\" href=\"#elementor-action%3Aaction%3Dpopup%3Aopen%26settings%3DeyJpZCI6MTkxOSwidG9nZ2xlIjpmYWxzZX0%3D\">Contact Us!<\/a>\n    <\/div><\/span><\/p>\n<h2><b>Nuestros m\u00e9dicos de quiropr\u00e1ctica de atenci\u00f3n espec\u00edfica atienden pacientes en Cape Coral<\/b><\/h2>\n<p><span style=\"font-weight: 400;\">Specific Care Chiropractic tiene una oficina en Cape Coral:<\/span><\/p>\n<p><a href=\"https:\/\/www.google.com\/maps\/place\/Specific+Care+Chiropractic\/@26.6436233,-81.9428472,17z\/data=!3m1!4b1!4m5!3m4!1s0x0:0x9a593396ad750d66!8m2!3d26.6436047!4d-81.940688?authuser=3\" target=\"_blank\" rel=\"noopener\"><span style=\"font-weight: 400;\">461 Del Prado Blvd SC<\/span><\/a><\/p>\n<p><a href=\"https:\/\/www.google.com\/maps\/place\/Specific+Care+Chiropractic\/@26.6436233,-81.9428472,17z\/data=!3m1!4b1!4m5!3m4!1s0x0:0x9a593396ad750d66!8m2!3d26.6436047!4d-81.940688?authuser=3\" target=\"_blank\" rel=\"noopener\"><span style=\"font-weight: 400;\">Cabo Coral, FL 33990<\/span><\/a><\/p>\n<p><span style=\"font-weight: 400;\">Los m\u00e9dicos en este lugar brindan fisioterapia y atenci\u00f3n quiropr\u00e1ctica a los pacientes que experimentan bursitis, as\u00ed como muchos otros problemas de salud.<\/span><\/p>\n<h2><b>Qu\u00e9 esperar durante su visita<\/b><\/h2>\n<p><span style=\"font-weight: 400;\">Nuestro equipo se esfuerza por ayudar a nuestros clientes a reducir el riesgo de lesiones o enfermedades. Creemos que prevenir la enfermedad es preferible a tratar el dolor despu\u00e9s de que se presente. Tambi\u00e9n brindamos enfoques \u00fanicos para ayudar a los pacientes que ya sienten dolor y experimentan alg\u00fan tipo de lesi\u00f3n, incluida la bursitis.<\/span><\/p>\n<p><span style=\"font-weight: 400;\">Nuestro equipo a menudo ayuda a los clientes que sufren dolor de espalda, dolor de cuello y lesiones dolorosas en otras \u00e1reas del cuerpo. Cuando un nuevo paciente visita nuestro equipo en Specific Care Chiropractic, nosotros:<\/span><\/p>\n<ul>\n<li><span style=\"font-weight: 400;\"> \u00a0 \u00a0 <\/span><span style=\"font-weight: 400;\">Evaluar sus s\u00edntomas, necesidades y prioridades.<\/span><\/li>\n<li><span style=\"font-weight: 400;\"> \u00a0 \u00a0 <\/span><span style=\"font-weight: 400;\">Ordene radiograf\u00edas y otras pruebas seg\u00fan sea necesario<\/span><\/li>\n<li><span style=\"font-weight: 400;\"> \u00a0 \u00a0 <\/span><span style=\"font-weight: 400;\">Desarrollar un programa de quiropr\u00e1ctica y bienestar basado en su condici\u00f3n y necesidades.<\/span><\/li>\n<li><span style=\"font-weight: 400;\"> \u00a0 \u00a0 <\/span><span style=\"font-weight: 400;\">Brindar servicios efectivos y de alta calidad, incluidas las \u00faltimas t\u00e9cnicas quiropr\u00e1cticas y fisioterapia.<\/span><\/li>\n<\/ul>\n<p><span style=\"font-weight: 400;\">Puede obtener m\u00e1s informaci\u00f3n sobre qu\u00e9 esperar durante su visita inicial en el Centro de pacientes nuevos en l\u00ednea.<\/span><\/p>\n<p><img fetchpriority=\"high\" decoding=\"async\" class=\"alignnone wp-image-3251 size-full\" src=\"https:\/\/sc-chiro.com\/wp-content\/uploads\/2021\/10\/Cape-Coral-Bursitis-treatment.jpg\" alt=\"Man with elbow pain who needs Cape Coral bursitis treatment\" width=\"500\" height=\"333\" srcset=\"https:\/\/sc-chiro.com\/wp-content\/uploads\/2021\/10\/Cape-Coral-Bursitis-treatment.jpg 500w, https:\/\/sc-chiro.com\/wp-content\/uploads\/2021\/10\/Cape-Coral-Bursitis-treatment-300x200.jpg 300w\" sizes=\"(max-width: 500px) 100vw, 500px\" \/><\/p>\n<h2><b>\u00bfQu\u00e9 causa la bursitis?<\/b><\/h2>\n<p><span style=\"font-weight: 400;\">Seg\u00fan el <\/span><a href=\"https:\/\/www.niams.nih.gov\/health-topics\/bursitis\" target=\"_blank\" rel=\"noopener\"><span style=\"font-weight: 400;\">Instituto Nacional de Artritis y Enfermedades Musculoesquel\u00e9ticas y de la Piel<\/span><\/a><span style=\"font-weight: 400;\"> , la bursitis ocurre m\u00e1s com\u00fanmente debido a movimientos repetitivos. Los ejemplos incluyen tareas en el trabajo, actividades relacionadas con el deporte e incluso actividades dom\u00e9sticas normales que requieren acciones iguales o similares a lo largo del tiempo. Para reducir el riesgo, recomiendan:<\/span><a href=\"https:\/\/translate.google.com\/translate?hl=es&amp;prev=_t&amp;sl=en&amp;tl=es&amp;u=https:\/\/www.niams.nih.gov\/health-topics\/bursitis\" target=\"_blank\" rel=\"noopener\"><span style=\"font-weight: 400;\">\u00a0<\/span><\/a><\/p>\n<ul>\n<li><span style=\"font-weight: 400;\"> \u00a0 \u00a0 <\/span><span style=\"font-weight: 400;\">No sentarse quieto por un per\u00edodo prolongado<\/span><\/li>\n<li><span style=\"font-weight: 400;\"> \u00a0 \u00a0 <\/span><span style=\"font-weight: 400;\">Amortiguaci\u00f3n de las articulaciones cuando sea posible, como arrodillarse sobre una superficie blanda<\/span><\/li>\n<li><span style=\"font-weight: 400;\"> \u00a0 \u00a0 <\/span><span style=\"font-weight: 400;\">Tomar descansos frecuentes cuando se realizan tareas repetitivas<\/span><\/li>\n<\/ul>\n<p><span style=\"font-weight: 400;\">Para el tratamiento, la medicina convencional suele prescribir analg\u00e9sicos, reposo y ejercicio cuidadoso. En nuestra oficina, puede esperar que un fisioterapeuta le ense\u00f1e los mejores tipos de movimiento para usted. Adem\u00e1s, combinamos este programa de ejercicios con ajustes y otros tratamientos que han demostrado ayudar a reducir el dolor.<\/span><\/p>\n<h2><b>Bursitis en Compensaci\u00f3n de Trabajadores y Reclamaciones de Accidentes<\/b><\/h2>\n<p><span style=\"font-weight: 400;\">En algunos casos, la bursitis puede respaldar un reclamo de compensaci\u00f3n laboral o una demanda por lesiones personales. Si cree que sus lesiones ocurrieron debido a un incidente en el lugar de trabajo, una lesi\u00f3n por movimientos repetitivos relacionados con el trabajo o un accidente causado por otra persona, h\u00e1ganoslo saber. Podemos ayudarlo:<\/span><\/p>\n<ul>\n<li><span style=\"font-weight: 400;\"> \u00a0 \u00a0 <\/span><span style=\"font-weight: 400;\">Proporcionarle la informaci\u00f3n de contacto de un abogado de nuestra red<\/span><\/li>\n<li><span style=\"font-weight: 400;\"> \u00a0 \u00a0 <\/span><span style=\"font-weight: 400;\">Documentar su condici\u00f3n para respaldar el reclamo<\/span><\/li>\n<li><span style=\"font-weight: 400;\"> \u00a0 \u00a0 <\/span><span style=\"font-weight: 400;\">Divulgar su informaci\u00f3n m\u00e9dica a su abogado, con su permiso<\/span><\/li>\n<\/ul>\n<p><span data-sheets-value=\"{&quot;1&quot;:2,&quot;2&quot;:&quot;&lt;div class=&quot;buttons&quot;&gt;\n        &lt;a class=&quot;content-number mid-page-call-click-button&quot; href=&quot;tel:2393699109&quot;&gt;Call us Now - 239-369-9109&lt;\/a&gt;\n        &lt;a class=&quot;content-number mid-page-form-click-button&quot; id=&quot;second-button&quot; href=&quot;#elementor-action%3Aaction%3Dpopup%3Aopen%26settings%3DeyJpZCI6MTkxOSwidG9nZ2xlIjpmYWxzZX0%3D&quot;&gt;Contact Us!&lt;\/a&gt;\n    &lt;\/div&gt;&quot;}\" data-sheets-userformat=\"{&quot;2&quot;:513,&quot;3&quot;:{&quot;1&quot;:0},&quot;12&quot;:0}\"><div class=\"buttons\">\n        <a class=\"content-number mid-page-call-click-button\" href=\"tel:2393699109\">Call us Now - 239-369-9109<\/a>\n        <a class=\"content-number mid-page-form-click-button\" id=\"second-button\" href=\"#elementor-action%3Aaction%3Dpopup%3Aopen%26settings%3DeyJpZCI6MTkxOSwidG9nZ2xlIjpmYWxzZX0%3D\">Contact Us!<\/a>\n    <\/div><\/span><\/p>\n<h2><b>Reclamos de Compensaci\u00f3n de Trabajadores en Cape Coral<\/b><\/h2>\n<p><span style=\"font-weight: 400;\">Un reclamo de compensaci\u00f3n para trabajadores puede cubrir el costo de su tratamiento de bursitis y parte de sus ingresos perdidos mientras est\u00e1 sin trabajo. Podr\u00eda tener un reclamo si sufri\u00f3 una lesi\u00f3n en el trabajo o si tiene una lesi\u00f3n por movimientos repetitivos relacionada con el trabajo.<\/span><\/p>\n<p><span style=\"font-weight: 400;\">Las lesiones por movimientos repetitivos pueden desencadenar bursitis en muchas industrias, pero es particularmente com\u00fan en ocupaciones que incluyen:<\/span><\/p>\n<ul>\n<li><span style=\"font-weight: 400;\"> \u00a0 \u00a0 <\/span><span style=\"font-weight: 400;\">Trabajadores de la construcci\u00f3n y carpinteros<\/span><\/li>\n<li><span style=\"font-weight: 400;\"> \u00a0 \u00a0 <\/span><span style=\"font-weight: 400;\">Paisajistas<\/span><\/li>\n<li><span style=\"font-weight: 400;\"> \u00a0 \u00a0 <\/span><span style=\"font-weight: 400;\">Instaladores de pisos<\/span><\/li>\n<li><span style=\"font-weight: 400;\"> \u00a0 \u00a0 <\/span><span style=\"font-weight: 400;\">Personal de limpieza y conserjer\u00eda<\/span><\/li>\n<li><span style=\"font-weight: 400;\"> \u00a0 \u00a0 <\/span><span style=\"font-weight: 400;\">Atletas<\/span><\/li>\n<li><span style=\"font-weight: 400;\"> \u00a0 \u00a0 <\/span><span style=\"font-weight: 400;\">M\u00fasicos<\/span><\/li>\n<li><span style=\"font-weight: 400;\"> \u00a0 \u00a0 <\/span><span style=\"font-weight: 400;\">Lesiones traum\u00e1ticas en accidentes por negligencia<\/span><\/li>\n<\/ul>\n<p><span style=\"font-weight: 400;\">Una lesi\u00f3n traum\u00e1tica en una articulaci\u00f3n a menudo puede provocar bursitis. Por ejemplo, si un conductor descuidado provoc\u00f3 un accidente de tr\u00e1nsito y usted sufri\u00f3 una lesi\u00f3n en la rodilla, puede desarrollar esta afecci\u00f3n.<\/span><\/p>\n<p><span style=\"font-weight: 400;\">Cuando la negligencia de otra parte hace que usted sufra lesiones traum\u00e1ticas, a menudo puede responsabilizarlos a trav\u00e9s de un caso de lesiones personales. Este proceso implica presentar una demanda o un reclamo de seguro. Puede reclamar sus costos de atenci\u00f3n m\u00e9dica, salarios perdidos, reparaciones de autom\u00f3viles, dolor y sufrimiento y otros da\u00f1os de la compa\u00f1\u00eda de seguros de autom\u00f3viles del conductor culpable.<\/span><\/p>\n<h2><b>Programe su evaluaci\u00f3n de tratamiento de bursitis de Cape Coral hoy<\/b><\/h2>\n<p><span style=\"font-weight: 400;\">En <\/span><a href=\"https:\/\/sc-chiro.com\/es\/\"><span style=\"font-weight: 400;\">Specific Care Chiropractic<\/span><\/a><span style=\"font-weight: 400;\"> , nuestros m\u00e9dicos quieren ayudarlo a tratar su dolor cr\u00f3nico debido a la bursitis. No tiene que seguir sufriendo dolor en las articulaciones, molestias y actividades limitadas debido a su bursa inflamada. Deje que nuestro equipo lo eval\u00fae y cree un plan para abordar sus s\u00edntomas.<\/span><span style=\"font-weight: 400;\">\u00a0<\/span><\/p>\n<p><span style=\"font-weight: 400;\">Llame al <a href=\"tel:239-369-9109\">239-369-9109<\/a> hoy para hacer una cita en nuestra <\/span><a href=\"https:\/\/sc-chiro.com\/es\/cape-coral\/\"><span style=\"font-weight: 400;\">ubicaci\u00f3n de Cape Coral<\/span><\/a><span style=\"font-weight: 400;\"> para reunirse con uno de nuestros m\u00e9dicos.<\/span><span style=\"font-weight: 400;\">\u00a0<\/span><\/p>\n","protected":false},"excerpt":{"rendered":"<p>La bursitis ocurre cuando los peque\u00f1os sacos de l\u00edquido que amortiguan y protegen las articulaciones se inflaman. Estos sacos, llamados bursas, pueden causar un dolor significativo y limitante cuando se irritan. Nuestro equipo de m\u00e9dicos en Specific Care Chiropractic brinda tratamiento para la bursitis de Cape Coral para reducir el dolor y mejorar la movilidad [&hellip;]<\/p>\n","protected":false},"author":36,"featured_media":6383,"parent":4015,"menu_order":0,"comment_status":"closed","ping_status":"closed","template":"","meta":{"_acf_changed":false,"footnotes":""},"categories":[76],"tags":[58],"class_list":["post-4043","page","type-page","status-publish","has-post-thumbnail","hentry","category-cape-coral-ubicacion","tag-bursitis-es"],"acf":[],"_links":{"self":[{"href":"https:\/\/sc-chiro.com\/es\/wp-json\/wp\/v2\/pages\/4043","targetHints":{"allow":["GET"]}}],"collection":[{"href":"https:\/\/sc-chiro.com\/es\/wp-json\/wp\/v2\/pages"}],"about":[{"href":"https:\/\/sc-chiro.com\/es\/wp-json\/wp\/v2\/types\/page"}],"author":[{"embeddable":true,"href":"https:\/\/sc-chiro.com\/es\/wp-json\/wp\/v2\/users\/36"}],"replies":[{"embeddable":true,"href":"https:\/\/sc-chiro.com\/es\/wp-json\/wp\/v2\/comments?post=4043"}],"version-history":[{"count":0,"href":"https:\/\/sc-chiro.com\/es\/wp-json\/wp\/v2\/pages\/4043\/revisions"}],"up":[{"embeddable":true,"href":"https:\/\/sc-chiro.com\/es\/wp-json\/wp\/v2\/pages\/4015"}],"wp:featuredmedia":[{"embeddable":true,"href":"https:\/\/sc-chiro.com\/es\/wp-json\/wp\/v2\/media\/6383"}],"wp:attachment":[{"href":"https:\/\/sc-chiro.com\/es\/wp-json\/wp\/v2\/media?parent=4043"}],"wp:term":[{"taxonomy":"category","embeddable":true,"href":"https:\/\/sc-chiro.com\/es\/wp-json\/wp\/v2\/categories?post=4043"},{"taxonomy":"post_tag","embeddable":true,"href":"https:\/\/sc-chiro.com\/es\/wp-json\/wp\/v2\/tags?post=4043"}],"curies":[{"name":"wp","href":"https:\/\/api.w.org\/{rel}","templated":true}]}}