{"id":4042,"date":"2021-09-24T19:53:02","date_gmt":"2021-09-24T19:53:02","guid":{"rendered":"https:\/\/qod-scchiro.local\/cape-coral\/back-injury-treatment\/"},"modified":"2023-11-01T19:57:28","modified_gmt":"2023-11-01T19:57:28","slug":"tratamiento-lesion-espalda","status":"publish","type":"page","link":"https:\/\/sc-chiro.com\/es\/cape-coral\/tratamiento-lesion-espalda\/","title":{"rendered":"Tratamiento de Lesiones de Espalda de Cape Coral"},"content":{"rendered":"<p><span style=\"font-weight: 400;\">Las lesiones de espalda son una queja com\u00fan despu\u00e9s de varios tipos de accidentes. Ya sea que haya tenido un accidente automovil\u00edstico en Cape Coral Bridge o se haya lastimado la espalda mientras levantaba algo pesado en el trabajo, una lesi\u00f3n en la espalda puede causar molestias y dolores significativos en su vida cotidiana. Sin embargo, con el tratamiento quiropr\u00e1ctico, puede encaminarse hacia la recuperaci\u00f3n y aliviar la incomodidad que siente.<\/span><\/p>\n<p><span style=\"font-weight: 400;\">En Specific Care Chiropractic, ofrecemos <\/span><a href=\"https:\/\/sc-chiro.com\/es\/cape-coral\/ajustes-quiropracticos\/\"><span style=\"font-weight: 400;\">atenci\u00f3n quiropr\u00e1ctica<\/span><\/a><span style=\"font-weight: 400;\"> y fisioterapia para lesiones de espalda. Invitamos a las personas a asistir a una primera cita para que uno de nuestros m\u00e9dicos las examine y analizar un posible plan de tratamiento que lo ayudar\u00e1 a recuperar la movilidad y el funcionamiento de la espalda.<\/span><span style=\"font-weight: 400;\">\u00a0<\/span><\/p>\n<p><span style=\"font-weight: 400;\">Llame al <a href=\"tel:239-369-9109\">239-369-9109<\/a> para programar su cita y obtener el mejor tratamiento para lesiones de espalda en Cape Coral.<\/span><\/p>\n<p><span style=\"font-weight: 400;\">\t\t<div data-elementor-type=\"section\" data-elementor-id=\"3935\" class=\"elementor elementor-3935\" data-elementor-post-type=\"elementor_library\">\n\t\t\t\t\t<section class=\"elementor-section elementor-top-section elementor-element elementor-element-bef2904 elementor-section-boxed elementor-section-height-default elementor-section-height-default\" data-id=\"bef2904\" data-element_type=\"section\" data-e-type=\"section\">\n\t\t\t\t\t\t<div class=\"elementor-container elementor-column-gap-default\">\n\t\t\t\t\t<div class=\"elementor-column elementor-col-100 elementor-top-column elementor-element elementor-element-57dcad5 section-toc\" data-id=\"57dcad5\" data-element_type=\"column\" data-e-type=\"column\">\n\t\t\t<div class=\"elementor-widget-wrap elementor-element-populated\">\n\t\t\t\t\t\t<div class=\"elementor-element elementor-element-0c49dfc elementor-toc--minimized-on-tablet elementor-widget elementor-widget-table-of-contents\" data-id=\"0c49dfc\" data-element_type=\"widget\" data-e-type=\"widget\" data-settings=\"{&quot;exclude_headings_by_selector&quot;:&quot;.toc-remove&quot;,&quot;headings_by_tags&quot;:[&quot;h2&quot;,&quot;h3&quot;,&quot;h4&quot;,&quot;h5&quot;,&quot;h6&quot;],&quot;marker_view&quot;:&quot;numbers&quot;,&quot;no_headings_message&quot;:&quot;No se ha encontrado ning\\u00fan encabezado en esta p\\u00e1gina.&quot;,&quot;minimize_box&quot;:&quot;yes&quot;,&quot;minimized_on&quot;:&quot;tablet&quot;,&quot;hierarchical_view&quot;:&quot;yes&quot;,&quot;min_height&quot;:{&quot;unit&quot;:&quot;px&quot;,&quot;size&quot;:&quot;&quot;,&quot;sizes&quot;:[]},&quot;min_height_tablet&quot;:{&quot;unit&quot;:&quot;px&quot;,&quot;size&quot;:&quot;&quot;,&quot;sizes&quot;:[]},&quot;min_height_mobile&quot;:{&quot;unit&quot;:&quot;px&quot;,&quot;size&quot;:&quot;&quot;,&quot;sizes&quot;:[]}}\" data-widget_type=\"table-of-contents.default\">\n\t\t\t\t<div class=\"elementor-widget-container\">\n\t\t\t\t\t\t\t\t\t<div class=\"elementor-toc__header\">\n\t\t\t\t\t\t<h4 class=\"elementor-toc__header-title\">\n\t\t\t\tTabla de Contenidos\t\t\t<\/h4>\n\t\t\t\t\t\t\t\t\t\t<div class=\"elementor-toc__toggle-button elementor-toc__toggle-button--expand\" role=\"button\" tabindex=\"0\" aria-controls=\"elementor-toc__0c49dfc\" aria-expanded=\"true\" aria-label=\"Abrir la tabla de contenidos\"><i aria-hidden=\"true\" class=\"fas fa-chevron-down\"><\/i><\/div>\n\t\t\t\t<div class=\"elementor-toc__toggle-button elementor-toc__toggle-button--collapse\" role=\"button\" tabindex=\"0\" aria-controls=\"elementor-toc__0c49dfc\" aria-expanded=\"true\" aria-label=\"Cerrar la tabla de contenidos\"><i aria-hidden=\"true\" class=\"fas fa-chevron-up\"><\/i><\/div>\n\t\t\t\t\t<\/div>\n\t\t\t\t<div id=\"elementor-toc__0c49dfc\" class=\"elementor-toc__body\">\n\t\t\t<div class=\"elementor-toc__spinner-container\">\n\t\t\t\t<i class=\"elementor-toc__spinner eicon-animation-spin eicon-loading\" aria-hidden=\"true\"><\/i>\t\t\t<\/div>\n\t\t<\/div>\n\t\t\t\t\t\t<\/div>\n\t\t\t\t<\/div>\n\t\t\t\t\t<\/div>\n\t\t<\/div>\n\t\t\t\t\t<\/div>\n\t\t<\/section>\n\t\t\t\t<\/div>\n\t\t<\/span><\/p>\n<h2><b>Ofrecemos varias t\u00e9cnicas de ajuste quiropr\u00e1ctico para tratar lesiones de espalda<\/b><\/h2>\n<p><span style=\"font-weight: 400;\">Si sufre una lesi\u00f3n en la espalda, nuestros quiropr\u00e1cticos pueden realizar una manipulaci\u00f3n espinal para aliviar su dolor. Este procedimiento implica realizar una serie de ajustes quiropr\u00e1cticos para que las v\u00e9rtebras vuelvan a alinearse con la m\u00e9dula espinal, lo que puede aliviar la tensi\u00f3n en los m\u00fasculos y nervios circundantes.<\/span><\/p>\n<p><span style=\"font-weight: 400;\">Practicamos las siguientes t\u00e9cnicas de ajuste quiropr\u00e1ctico:<\/span><\/p>\n<ul>\n<li><span style=\"font-weight: 400;\"> \u00a0 \u00a0 <\/span><span style=\"font-weight: 400;\">Ajustes diversificados, incluidos asientos diversificados<\/span><\/li>\n<li><span style=\"font-weight: 400;\"> \u00a0 \u00a0 <\/span><span style=\"font-weight: 400;\">T\u00e9cnica de mesa abatible de Thompson<\/span><\/li>\n<li><span style=\"font-weight: 400;\"> \u00a0 \u00a0 <\/span><span style=\"font-weight: 400;\">T\u00e9cnica Sacro-Occipital (SOT)<\/span><\/li>\n<li><span style=\"font-weight: 400;\"> \u00a0 \u00a0 <\/span><span style=\"font-weight: 400;\">postura lateral<\/span><\/li>\n<li><span style=\"font-weight: 400;\"> \u00a0 \u00a0 <\/span><span style=\"font-weight: 400;\">rodilla-pecho<\/span><\/li>\n<li><span style=\"font-weight: 400;\"> \u00a0 \u00a0 <\/span><span style=\"font-weight: 400;\">Alternar retroceso<\/span><\/li>\n<li><span style=\"font-weight: 400;\"> \u00a0 \u00a0 <\/span><span style=\"font-weight: 400;\">Activador<\/span><\/li>\n<\/ul>\n<p><span style=\"font-weight: 400;\">Si notamos que tu dolor de espalda se extiende a tus extremidades, como las caderas, tambi\u00e9n podemos realizar manipulaciones manuales en esas zonas. <\/span><a href=\"https:\/\/pubmed.ncbi.nlm.nih.gov\/16517383\/\" target=\"_blank\" rel=\"noopener\"><span style=\"font-weight: 400;\">The Spine Journal: Official Journal of the North American Spine Society<\/span><\/a><span style=\"font-weight: 400;\"> se\u00f1al\u00f3 que la manipulaci\u00f3n espinal a trav\u00e9s de ajustes puede ayudar a los pacientes a experimentar alivio del dolor en la espalda y reducir la necesidad de analg\u00e9sicos y medicamentos antiinflamatorios.<\/span><span style=\"font-weight: 400;\">\u00a0<\/span><\/p>\n<p><span data-sheets-value=\"{&quot;1&quot;:2,&quot;2&quot;:&quot;&lt;div class=&quot;buttons&quot;&gt;\n        &lt;a class=&quot;content-number mid-page-call-click-button&quot; href=&quot;tel:2393699109&quot;&gt;Call us Now - 239-369-9109&lt;\/a&gt;\n        &lt;a class=&quot;content-number mid-page-form-click-button&quot; id=&quot;second-button&quot; href=&quot;#elementor-action%3Aaction%3Dpopup%3Aopen%26settings%3DeyJpZCI6MTkxOSwidG9nZ2xlIjpmYWxzZX0%3D&quot;&gt;Contact Us!&lt;\/a&gt;\n    &lt;\/div&gt;&quot;}\" data-sheets-userformat=\"{&quot;2&quot;:513,&quot;3&quot;:{&quot;1&quot;:0},&quot;12&quot;:0}\"><div class=\"buttons\">\n        <a class=\"content-number mid-page-call-click-button\" href=\"tel:2393699109\">Call us Now - 239-369-9109<\/a>\n        <a class=\"content-number mid-page-form-click-button\" id=\"second-button\" href=\"#elementor-action%3Aaction%3Dpopup%3Aopen%26settings%3DeyJpZCI6MTkxOSwidG9nZ2xlIjpmYWxzZX0%3D\">Contact Us!<\/a>\n    <\/div><\/span><\/p>\n<h2><b>Tratamientos de fisioterapia que podemos usar para su espalda lesionada<\/b><\/h2>\n<p><a href=\"https:\/\/sc-chiro.com\/es\/cape-coral\/servicios-fisioterapia\/\"><span style=\"font-weight: 400;\">La fisioterapia<\/span><\/a><span style=\"font-weight: 400;\"> ayuda a los pacientes a aumentar la fuerza muscular y la flexibilidad, lo que les permite curar el da\u00f1o funcional causado por su lesi\u00f3n. <\/span><a href=\"https:\/\/www.nature.com\/articles\/s41393-019-0242-z\" target=\"_blank\" rel=\"noopener\"><span style=\"font-weight: 400;\">Spinal Cord<\/span><\/a><span style=\"font-weight: 400;\"> confirm\u00f3 los beneficios de la fisioterapia para las lesiones relacionadas con la espalda y se\u00f1al\u00f3 que este tipo de tratamiento permitir\u00e1 a los pacientes fortalecer los m\u00fasculos que rodean la m\u00e9dula espinal.<\/span><span style=\"font-weight: 400;\">\u00a0<\/span><\/p>\n<p><span style=\"font-weight: 400;\">Como tal, nuestros m\u00e9dicos pueden practicar uno o m\u00e1s de los siguientes tipos de m\u00e9todos de fisioterapia para tratar su lesi\u00f3n en la espalda:<\/span><\/p>\n<ul>\n<li><span style=\"font-weight: 400;\"> \u00a0 \u00a0 <\/span><span style=\"font-weight: 400;\">terapia de rehabilitaci\u00f3n<\/span><\/li>\n<li><span style=\"font-weight: 400;\"> \u00a0 \u00a0 <\/span><a href=\"https:\/\/www.verywellhealth.com\/electrical-stimulation-2696122\" target=\"_blank\" rel=\"noopener\"><span style=\"font-weight: 400;\">Electroestimulaci\u00f3n muscular (E-STIM)<\/span><\/a><\/li>\n<li><span style=\"font-weight: 400;\"> \u00a0 \u00a0 <\/span><span style=\"font-weight: 400;\">Terapia de ejercicios de estiramiento y fortalecimiento<\/span><\/li>\n<li><span style=\"font-weight: 400;\"> \u00a0 \u00a0 <\/span><span style=\"font-weight: 400;\">terapia de ultrasonido<\/span><\/li>\n<li><span style=\"font-weight: 400;\"> \u00a0 \u00a0 <\/span><span style=\"font-weight: 400;\">cuidado correctivo<\/span><\/li>\n<li><span style=\"font-weight: 400;\"> \u00a0 \u00a0 <\/span><span style=\"font-weight: 400;\">Terapia de Masajes<\/span><\/li>\n<\/ul>\n<p><span style=\"font-weight: 400;\">Cuando viene a nuestra ubicaci\u00f3n de Cape Coral para el tratamiento de lesiones en la espalda, discutimos nuestros m\u00e9todos mientras revisamos las im\u00e1genes de rayos X de sus lesiones. Esto le permite comprender mejor c\u00f3mo el tratamiento que recibir\u00e1 se enfocar\u00e1 en ciertas \u00e1reas de su cuerpo. Si tiene preguntas adicionales, nuestros m\u00e9dicos estar\u00e1n encantados de responderlas.<\/span><\/p>\n<h2><b>Las cuatro etapas del proceso de rehabilitaci\u00f3n<\/b><\/h2>\n<p><span style=\"font-weight: 400;\">Cuando sufre una lesi\u00f3n en la espalda y vive con dolor de espalda cr\u00f3nico, puede parecer que la recuperaci\u00f3n es una quimera. No tiene que ser. A trav\u00e9s de la atenci\u00f3n quiropr\u00e1ctica, nuestros m\u00e9dicos pueden realinear su columna y fortalecer los m\u00fasculos de su espalda para que pueda volver a funcionar regularmente.<\/span><\/p>\n<p><span style=\"font-weight: 400;\">Aun as\u00ed, la rehabilitaci\u00f3n de una espalda lesionada puede ser un proceso largo y doloroso que requiere paciencia y voluntad. Puede esperar pasar por las siguientes etapas:<\/span><\/p>\n<h3><b>Fase aguda<\/b><\/h3>\n<p><span style=\"font-weight: 400;\">La fase inicial de su rehabilitaci\u00f3n se centrar\u00e1 en aliviar tanto dolor como sea posible con ajustes quiropr\u00e1cticos espec\u00edficos. Uno de nuestros m\u00e9dicos le indicar\u00e1 c\u00f3mo aliviar la tensi\u00f3n en la espalda a trav\u00e9s del ejercicio, lo que tambi\u00e9n deber\u00eda ayudar a reducir el dolor y aumentar la flexibilidad de su cuerpo.<\/span><\/p>\n<p><img fetchpriority=\"high\" decoding=\"async\" class=\"alignnone wp-image-3152 size-full\" src=\"https:\/\/sc-chiro.com\/wp-content\/uploads\/2021\/09\/Cape-Coral-back-injury-treatment.jpg\" alt=\"Man rubbing hurt back, Cape Coral back injury treatment concept\" width=\"500\" height=\"333\" srcset=\"https:\/\/sc-chiro.com\/wp-content\/uploads\/2021\/09\/Cape-Coral-back-injury-treatment.jpg 500w, https:\/\/sc-chiro.com\/wp-content\/uploads\/2021\/09\/Cape-Coral-back-injury-treatment-300x200.jpg 300w\" sizes=\"(max-width: 500px) 100vw, 500px\" \/><\/p>\n<h3><b>Fase de rehabilitaci\u00f3n<\/b><\/h3>\n<p><span style=\"font-weight: 400;\">A medida que su cuerpo sana y su m\u00e9dula espinal se reajusta a la posici\u00f3n adecuada, puede experimentar brotes dolorosos. Este es un aspecto normal de la rehabilitaci\u00f3n, ya que la recuperaci\u00f3n a menudo requiere ajustes en las t\u00e9cnicas para satisfacer las necesidades del cuerpo del paciente. Nuestros m\u00e9dicos monitorear\u00e1n su progreso, le ense\u00f1ar\u00e1n nuevos ejercicios para practicar en casa y continuar\u00e1n con su proceso de curaci\u00f3n.<\/span><\/p>\n<h3><b>Fase de Fortalecimiento<\/b><\/h3>\n<p><span style=\"font-weight: 400;\">Eventualmente, llegar\u00e1 a la tercera fase de rehabilitaci\u00f3n, que le permite concentrarse en desarrollar sus m\u00fasculos y fortalecerlos. Durante esta etapa, podemos avanzar en nuestras t\u00e9cnicas quiropr\u00e1cticas para abordar problemas en la espalda y aumentar la dificultad del ejercicio para que los m\u00fasculos de la espalda aprendan a soportar el peso de su cuerpo sin tensi\u00f3n.<\/span><\/p>\n<h3><b>Fase de Mejor\u00eda M\u00e9dica M\u00e1xima (MMI)<\/b><\/h3>\n<p><span style=\"font-weight: 400;\">Cuando alcance la mejor\u00eda m\u00e9dica m\u00e1xima (MMI), estar\u00e1 al final de su rehabilitaci\u00f3n, ya que este es el est\u00e1ndar m\u00e9dico para finalizar el tratamiento de un paciente. Esencialmente, esto significa que debe sentirse igual o mejor que antes de lesionarse la espalda. Llegar a MMI significa que puede regresar a sus actividades habituales, incluido el trabajo, sin necesidad de continuar con el tratamiento.<\/span><\/p>\n<p><span style=\"font-weight: 400;\">Queremos guiar a cada paciente que recibimos en Cape Coral a lo largo de su recuperaci\u00f3n. Queremos curar su lesi\u00f3n en la espalda y ayudarlo a sentirse saludable nuevamente.<\/span><\/p>\n<p><span data-sheets-value=\"{&quot;1&quot;:2,&quot;2&quot;:&quot;&lt;div class=&quot;buttons&quot;&gt;\n        &lt;a class=&quot;content-number mid-page-call-click-button&quot; href=&quot;tel:2393699109&quot;&gt;Call us Now - 239-369-9109&lt;\/a&gt;\n        &lt;a class=&quot;content-number mid-page-form-click-button&quot; id=&quot;second-button&quot; href=&quot;#elementor-action%3Aaction%3Dpopup%3Aopen%26settings%3DeyJpZCI6MTkxOSwidG9nZ2xlIjpmYWxzZX0%3D&quot;&gt;Contact Us!&lt;\/a&gt;\n    &lt;\/div&gt;&quot;}\" data-sheets-userformat=\"{&quot;2&quot;:513,&quot;3&quot;:{&quot;1&quot;:0},&quot;12&quot;:0}\"><div class=\"buttons\">\n        <a class=\"content-number mid-page-call-click-button\" href=\"tel:2393699109\">Call us Now - 239-369-9109<\/a>\n        <a class=\"content-number mid-page-form-click-button\" id=\"second-button\" href=\"#elementor-action%3Aaction%3Dpopup%3Aopen%26settings%3DeyJpZCI6MTkxOSwidG9nZ2xlIjpmYWxzZX0%3D\">Contact Us!<\/a>\n    <\/div><\/span><\/p>\n<h2><b>Podemos trabajar con su abogado de lesiones personales si est\u00e1 presentando un reclamo legal<\/b><\/h2>\n<p><span style=\"font-weight: 400;\">Como se mencion\u00f3, muchos tipos de accidentes pueden causar que las v\u00edctimas se lesionen la espalda o la m\u00e9dula espinal, lo que puede provocar da\u00f1os a largo plazo e incluso permanentes. Sin embargo, si estuvo involucrado en un accidente causado por una <\/span><a href=\"https:\/\/www.americanbar.org\/groups\/public_education\/resources\/law_issues_for_consumers\/everydaylaw0\/health_care\/personal_injury\/negligence\/#decides\" target=\"_blank\" rel=\"noopener\"><span style=\"font-weight: 400;\">parte negligente<\/span><\/a><span style=\"font-weight: 400;\"> , puede tener derecho a solicitar una compensaci\u00f3n a trav\u00e9s de un reclamo de seguro o una demanda por lesiones personales.<\/span><span style=\"font-weight: 400;\">\u00a0<\/span><\/p>\n<p><span style=\"font-weight: 400;\">Por ejemplo, supongamos que tuvo un accidente en la esquina de Cape Coral Parkway y Santa Barbara Boulevard porque otro conductor pas\u00f3 una luz roja. Puede tener derecho a demandarlos para cubrir sus gastos m\u00e9dicos, da\u00f1os a la propiedad, dolor y sufrimiento y otros da\u00f1os, incluida la p\u00e9rdida de ingresos.<\/span><\/p>\n<h3><b>C\u00f3mo podemos ayudar a su abogado con su caso de lesiones personales:<\/b><\/h3>\n<p><span style=\"font-weight: 400;\">Si menciona que est\u00e1 preparando un reclamo legal contra una parte responsable por su lesi\u00f3n en la espalda, nuestro equipo en Specific Care Chiropractic puede cooperar con sus esfuerzos al:<\/span><\/p>\n<ul>\n<li><span style=\"font-weight: 400;\"> \u00a0 \u00a0 <\/span><span style=\"font-weight: 400;\">Enviar copias de sus registros m\u00e9dicos a su abogado una vez que d\u00e9 su permiso<\/span><\/li>\n<li><span style=\"font-weight: 400;\"> \u00a0 \u00a0 <\/span><span style=\"font-weight: 400;\">Env\u00edo de copias de nuestras facturas m\u00e9dicas por el tratamiento que realizamos<\/span><\/li>\n<li><span style=\"font-weight: 400;\"> \u00a0 \u00a0 <\/span><span style=\"font-weight: 400;\">C\u00e1lculo de estimaciones de los costos de tratamiento futuros en funci\u00f3n de su plan de tratamiento proyectado<\/span><\/li>\n<li><span style=\"font-weight: 400;\"> \u00a0 \u00a0 <\/span><span style=\"font-weight: 400;\">Escribir un plan de tratamiento detallado para su lesi\u00f3n en funci\u00f3n de su gravedad y el tiempo que tardar\u00e1 en sanar.<\/span><\/li>\n<li><span style=\"font-weight: 400;\"> \u00a0 \u00a0 <\/span><span style=\"font-weight: 400;\">Env\u00edo de copias de sus im\u00e1genes de rayos X y otros resultados de pruebas<\/span><\/li>\n<li><span style=\"font-weight: 400;\"> \u00a0 \u00a0 <\/span><span style=\"font-weight: 400;\">Proporcionar testimonio para su caso<\/span><\/li>\n<\/ul>\n<p><span style=\"font-weight: 400;\">Si su abogado solicita otras formas de evidencia de nuestras instalaciones, acomodaremos tanto como sea posible.<\/span><\/p>\n<h2><b>Llame a nuestra oficina para programar su tratamiento de lesiones de espalda en Cape Coral hoy<\/b><\/h2>\n<p><span style=\"font-weight: 400;\">Si una lesi\u00f3n en la espalda ahora lo obliga a sufrir dolor cr\u00f3nico, inflamaci\u00f3n y limitaciones de movilidad, considere recibir tratamiento quiropr\u00e1ctico en la <\/span><a href=\"https:\/\/sc-chiro.com\/es\/\"><span style=\"font-weight: 400;\">ubicaci\u00f3n de Cape Coral <\/span><\/a><span style=\"font-weight: 400;\">de <\/span><span style=\"font-weight: 400;\">Specific Care Chiropractic<\/span><span style=\"font-weight: 400;\"> . Podemos examinar qu\u00e9 tan grave es su lesi\u00f3n en la espalda y crear un plan de tratamiento para mejorar su condici\u00f3n y aliviar su dolor.<\/span> <span style=\"font-weight: 400;\">\u00a0<\/span><\/p>\n<p><span style=\"font-weight: 400;\">Llame al <a href=\"tel:239-369-9109\">239-369-9109<\/a> hoy para programar su primera cita.<\/span><\/p>\n","protected":false},"excerpt":{"rendered":"<p>Las lesiones de espalda son una queja com\u00fan despu\u00e9s de varios tipos de accidentes. Ya sea que haya tenido un accidente automovil\u00edstico en Cape Coral Bridge o se haya lastimado la espalda mientras levantaba algo pesado en el trabajo, una lesi\u00f3n en la espalda puede causar molestias y dolores significativos en su vida cotidiana. Sin [&hellip;]<\/p>\n","protected":false},"author":36,"featured_media":6377,"parent":4015,"menu_order":0,"comment_status":"closed","ping_status":"closed","template":"","meta":{"_acf_changed":false,"footnotes":""},"categories":[76],"tags":[57],"class_list":["post-4042","page","type-page","status-publish","has-post-thumbnail","hentry","category-cape-coral-ubicacion","tag-lesion-de-espanda"],"acf":[],"_links":{"self":[{"href":"https:\/\/sc-chiro.com\/es\/wp-json\/wp\/v2\/pages\/4042","targetHints":{"allow":["GET"]}}],"collection":[{"href":"https:\/\/sc-chiro.com\/es\/wp-json\/wp\/v2\/pages"}],"about":[{"href":"https:\/\/sc-chiro.com\/es\/wp-json\/wp\/v2\/types\/page"}],"author":[{"embeddable":true,"href":"https:\/\/sc-chiro.com\/es\/wp-json\/wp\/v2\/users\/36"}],"replies":[{"embeddable":true,"href":"https:\/\/sc-chiro.com\/es\/wp-json\/wp\/v2\/comments?post=4042"}],"version-history":[{"count":0,"href":"https:\/\/sc-chiro.com\/es\/wp-json\/wp\/v2\/pages\/4042\/revisions"}],"up":[{"embeddable":true,"href":"https:\/\/sc-chiro.com\/es\/wp-json\/wp\/v2\/pages\/4015"}],"wp:featuredmedia":[{"embeddable":true,"href":"https:\/\/sc-chiro.com\/es\/wp-json\/wp\/v2\/media\/6377"}],"wp:attachment":[{"href":"https:\/\/sc-chiro.com\/es\/wp-json\/wp\/v2\/media?parent=4042"}],"wp:term":[{"taxonomy":"category","embeddable":true,"href":"https:\/\/sc-chiro.com\/es\/wp-json\/wp\/v2\/categories?post=4042"},{"taxonomy":"post_tag","embeddable":true,"href":"https:\/\/sc-chiro.com\/es\/wp-json\/wp\/v2\/tags?post=4042"}],"curies":[{"name":"wp","href":"https:\/\/api.w.org\/{rel}","templated":true}]}}