{"id":4038,"date":"2021-12-08T16:02:03","date_gmt":"2021-12-08T16:02:03","guid":{"rendered":"https:\/\/qod-scchiro.local\/lehigh-acres\/herniated-disc-treatment\/"},"modified":"2023-07-16T13:23:07","modified_gmt":"2023-07-16T13:23:07","slug":"tratamiento-hernia-discal","status":"publish","type":"page","link":"https:\/\/sc-chiro.com\/es\/lehigh-acres\/tratamiento-hernia-discal\/","title":{"rendered":"Tratamiento de hernia discal de Lehigh Acres"},"content":{"rendered":"<p><span style=\"font-weight: 400;\">Una hernia de disco ocurre cuando el n\u00facleo de un disco espinal sobresale a trav\u00e9s de su exterior, o anillo, causando que se rompa. Por lo general, vemos estas lesiones en la columna lumbar (espalda baja) y cervical (espalda superior y cuello). Si alguna vez siente una sensaci\u00f3n de hormigueo o adormecimiento en los brazos o las piernas, podr\u00eda ser indicativo de una hernia de disco.<\/span><\/p>\n<p><span style=\"font-weight: 400;\">Un m\u00e9dico de <\/span><a href=\"https:\/\/sc-chiro.com\/es\/lehigh-acres\/\"><span style=\"font-weight: 400;\">Lehigh Acres<\/span><\/a><span style=\"font-weight: 400;\"> en Specific Care Chiropractic puede examinarlo, pedirle que complete un cuestionario sobre sus s\u00edntomas y elaborar un plan de tratamiento de hernia de disco para usted si sufre este tipo de lesi\u00f3n. Trabajaremos para aliviar sus s\u00edntomas para que pueda volver a su rutina sin dolor.<\/span><\/p>\n<p><span style=\"font-weight: 400;\">\t\t<div data-elementor-type=\"section\" data-elementor-id=\"3935\" class=\"elementor elementor-3935\" data-elementor-post-type=\"elementor_library\">\n\t\t\t\t\t<section class=\"elementor-section elementor-top-section elementor-element elementor-element-bef2904 elementor-section-boxed elementor-section-height-default elementor-section-height-default\" data-id=\"bef2904\" data-element_type=\"section\" data-e-type=\"section\">\n\t\t\t\t\t\t<div class=\"elementor-container elementor-column-gap-default\">\n\t\t\t\t\t<div class=\"elementor-column elementor-col-100 elementor-top-column elementor-element elementor-element-57dcad5 section-toc\" data-id=\"57dcad5\" data-element_type=\"column\" data-e-type=\"column\">\n\t\t\t<div class=\"elementor-widget-wrap elementor-element-populated\">\n\t\t\t\t\t\t<div class=\"elementor-element elementor-element-0c49dfc elementor-toc--minimized-on-tablet elementor-widget elementor-widget-table-of-contents\" data-id=\"0c49dfc\" data-element_type=\"widget\" data-e-type=\"widget\" data-settings=\"{&quot;exclude_headings_by_selector&quot;:&quot;.toc-remove&quot;,&quot;headings_by_tags&quot;:[&quot;h2&quot;,&quot;h3&quot;,&quot;h4&quot;,&quot;h5&quot;,&quot;h6&quot;],&quot;marker_view&quot;:&quot;numbers&quot;,&quot;no_headings_message&quot;:&quot;No se ha encontrado ning\\u00fan encabezado en esta p\\u00e1gina.&quot;,&quot;minimize_box&quot;:&quot;yes&quot;,&quot;minimized_on&quot;:&quot;tablet&quot;,&quot;hierarchical_view&quot;:&quot;yes&quot;,&quot;min_height&quot;:{&quot;unit&quot;:&quot;px&quot;,&quot;size&quot;:&quot;&quot;,&quot;sizes&quot;:[]},&quot;min_height_tablet&quot;:{&quot;unit&quot;:&quot;px&quot;,&quot;size&quot;:&quot;&quot;,&quot;sizes&quot;:[]},&quot;min_height_mobile&quot;:{&quot;unit&quot;:&quot;px&quot;,&quot;size&quot;:&quot;&quot;,&quot;sizes&quot;:[]}}\" data-widget_type=\"table-of-contents.default\">\n\t\t\t\t<div class=\"elementor-widget-container\">\n\t\t\t\t\t\t\t\t\t<div class=\"elementor-toc__header\">\n\t\t\t\t\t\t<h4 class=\"elementor-toc__header-title\">\n\t\t\t\tTabla de Contenidos\t\t\t<\/h4>\n\t\t\t\t\t\t\t\t\t\t<div class=\"elementor-toc__toggle-button elementor-toc__toggle-button--expand\" role=\"button\" tabindex=\"0\" aria-controls=\"elementor-toc__0c49dfc\" aria-expanded=\"true\" aria-label=\"Abrir la tabla de contenidos\"><i aria-hidden=\"true\" class=\"fas fa-chevron-down\"><\/i><\/div>\n\t\t\t\t<div class=\"elementor-toc__toggle-button elementor-toc__toggle-button--collapse\" role=\"button\" tabindex=\"0\" aria-controls=\"elementor-toc__0c49dfc\" aria-expanded=\"true\" aria-label=\"Cerrar la tabla de contenidos\"><i aria-hidden=\"true\" class=\"fas fa-chevron-up\"><\/i><\/div>\n\t\t\t\t\t<\/div>\n\t\t\t\t<div id=\"elementor-toc__0c49dfc\" class=\"elementor-toc__body\">\n\t\t\t<div class=\"elementor-toc__spinner-container\">\n\t\t\t\t<i class=\"elementor-toc__spinner eicon-animation-spin eicon-loading\" aria-hidden=\"true\"><\/i>\t\t\t<\/div>\n\t\t<\/div>\n\t\t\t\t\t\t<\/div>\n\t\t\t\t<\/div>\n\t\t\t\t\t<\/div>\n\t\t<\/div>\n\t\t\t\t\t<\/div>\n\t\t<\/section>\n\t\t\t\t<\/div>\n\t\t<\/span><\/p>\n<h2><b>S\u00edntomas de una hernia de disco<\/b><\/h2>\n<p><span style=\"font-weight: 400;\">Seg\u00fan <\/span><a href=\"https:\/\/www.mayoclinic.org\/diseases-conditions\/herniated-disk\/symptoms-causes\/syc-20354095\" target=\"_blank\" rel=\"noopener\"><span style=\"font-weight: 400;\">Mayo Clinic<\/span><\/a><span style=\"font-weight: 400;\">, es posible que quienes tienen una hernia de disco ni siquiera la noten. Sin embargo, los s\u00edntomas de este tipo de lesi\u00f3n incluyen:<\/span><span style=\"font-weight: 400;\">\u00a0<\/span><\/p>\n<ul>\n<li><span style=\"font-weight: 400;\"> \u00a0 \u00a0 <\/span><b>Dolor en el brazo o la pierna: <\/b><span style=\"font-weight: 400;\">si tiene una hernia de disco en la columna cervical, es posible que tenga un dolor agudo, punzante y\/o ardiente en el brazo y el hombro. Si tiene una hernia de disco en la columna lumbar, sentir\u00e1 este dolor en los gl\u00fateos y las piernas.<\/span><\/li>\n<li><span style=\"font-weight: 400;\"> \u00a0 \u00a0 <\/span><b>Debilidad: <\/b><span style=\"font-weight: 400;\">Es posible que tenga dificultad para levantar objetos o caminar.<\/span><\/li>\n<li><span style=\"font-weight: 400;\"> \u00a0 \u00a0 <\/span><b>Hormigueo o entumecimiento: <\/b><span style=\"font-weight: 400;\">es com\u00fan tener una sensaci\u00f3n de hormigueo o entumecimiento en los nervios que rodean el \u00e1rea afectada.<\/span><\/li>\n<\/ul>\n<p><span style=\"font-weight: 400;\">El dolor puede agravarse al estornudar, toser o hacer ciertos movimientos.<\/span><\/p>\n<p><span data-sheets-value=\"{&quot;1&quot;:2,&quot;2&quot;:&quot;&lt;div class=&quot;buttons&quot;&gt;\n        &lt;a class=&quot;content-number mid-page-call-click-button&quot; href=&quot;tel:2393699109&quot;&gt;Call us Now - 239-369-9109&lt;\/a&gt;\n        &lt;a class=&quot;content-number mid-page-form-click-button&quot; id=&quot;second-button&quot; href=&quot;#elementor-action%3Aaction%3Dpopup%3Aopen%26settings%3DeyJpZCI6MTkxOSwidG9nZ2xlIjpmYWxzZX0%3D&quot;&gt;Contact Us!&lt;\/a&gt;\n    &lt;\/div&gt;&quot;}\" data-sheets-userformat=\"{&quot;2&quot;:513,&quot;3&quot;:{&quot;1&quot;:0},&quot;12&quot;:0}\"><div class=\"buttons\">\n        <a class=\"content-number mid-page-call-click-button\" href=\"tel:2393699109\">Call us Now - 239-369-9109<\/a>\n        <a class=\"content-number mid-page-form-click-button\" id=\"second-button\" href=\"#elementor-action%3Aaction%3Dpopup%3Aopen%26settings%3DeyJpZCI6MTkxOSwidG9nZ2xlIjpmYWxzZX0%3D\">Contact Us!<\/a>\n    <\/div><\/span><\/p>\n<h2><b>Circunstancias que podr\u00edan aumentar tu riesgo de sufrir una hernia discal<\/b><\/h2>\n<p><span style=\"font-weight: 400;\">Ciertas circunstancias podr\u00edan hacerte m\u00e1s susceptible a sufrir una hernia discal. Para nombrar unos pocos:<\/span><\/p>\n<ul>\n<li><span style=\"font-weight: 400;\"> \u00a0 \u00a0 <\/span><b>Sobrepeso: <\/b><span style=\"font-weight: 400;\">el peso adicional podr\u00eda ejercer presi\u00f3n sobre la columna vertebral, especialmente en la parte baja de la espalda.<\/span><\/li>\n<li><span style=\"font-weight: 400;\"> \u00a0 \u00a0 <\/span><b>Gen\u00e9tica: <\/b><span style=\"font-weight: 400;\">algunas personas est\u00e1n gen\u00e9ticamente m\u00e1s predispuestas a desarrollar una hernia de disco que otras.<\/span><\/li>\n<li><span style=\"font-weight: 400;\"> \u00a0 \u00a0 <\/span><b>Fumar: <\/b><span style=\"font-weight: 400;\">sus discos pueden deteriorarse por la nicotina y la falta de ox\u00edgeno.<\/span><\/li>\n<li><span style=\"font-weight: 400;\"> \u00a0 \u00a0 <\/span><b>Trabajo extenuante: <\/b><span style=\"font-weight: 400;\">Levantar objetos pesados \u200b\u200bcon regularidad puede desgastar su espalda con el tiempo.<\/span><\/li>\n<li><span style=\"font-weight: 400;\"> \u00a0 \u00a0 <\/span><b>Envejecimiento: <\/b><span style=\"font-weight: 400;\">Nuestro sistema musculoesquel\u00e9tico se debilita a medida que envejecemos.<\/span><\/li>\n<\/ul>\n<p><span style=\"font-weight: 400;\">Aunque es poco com\u00fan, tenemos algunos pacientes que sufrieron una hernia de disco a causa de un accidente automovil\u00edstico.<\/span><\/p>\n<h2><b>Formas de tratamiento de hernia de disco que podemos emplear para ayudar a aliviar su dolor<\/b><\/h2>\n<p><span style=\"font-weight: 400;\">Cuando venga a Specific Care Chiropractic para su primera cita, le preguntaremos sobre todo lo relacionado con su dolor. Abordaremos su ubicaci\u00f3n, factores desencadenantes, intensidad y frecuencia. Luego, completaremos un examen f\u00edsico y posiblemente ordenaremos ciertas pruebas, como resonancias magn\u00e9ticas o radiograf\u00edas.<\/span><\/p>\n<p><span style=\"font-weight: 400;\">Una vez que obtengamos los resultados, su m\u00e9dico decidir\u00e1 qu\u00e9 har\u00e1 para su tratamiento. Para nuestros pacientes con hernia de disco, generalmente probamos diferentes formas de atenci\u00f3n quiropr\u00e1ctica. Algunos de ellos incluyen:<\/span><\/p>\n<ul>\n<li><span style=\"font-weight: 400;\"> \u00a0 \u00a0 <\/span><b>Ajuste diversificado: <\/b><span style=\"font-weight: 400;\">Esta forma es la forma m\u00e1s conocida de tratamiento quiropr\u00e1ctico. Implica que el m\u00e9dico vuelva a alinear su columna vertebral.<\/span><\/li>\n<li><span style=\"font-weight: 400;\"> \u00a0 \u00a0 <\/span><b>Sentado diversificado: <\/b><span style=\"font-weight: 400;\">Esta t\u00e9cnica es como un ajuste diversificado, excepto que el paciente est\u00e1 sentado.<\/span><\/li>\n<li><span style=\"font-weight: 400;\"> \u00a0 \u00a0 <\/span><b>Postura lateral: <\/b><span style=\"font-weight: 400;\">nuestros m\u00e9dicos suelen utilizar este m\u00e9todo en personas con dolor lumbar. Mientras el paciente est\u00e1 acostado de lado, el m\u00e9dico aplica fuerza en la parte inferior de la espalda.<\/span><\/li>\n<li><span style=\"font-weight: 400;\"> \u00a0 \u00a0 <\/span><b>Rodilla-t\u00f3rax: <\/b><span style=\"font-weight: 400;\">Esta t\u00e9cnica es para la manipulaci\u00f3n cervical, ya que el m\u00e9dico realinea el cuello o la cabeza del paciente.<\/span><\/li>\n<li><span style=\"font-weight: 400;\"> \u00a0 \u00a0 <\/span><b>T\u00e9cnica de mesa abatible de Thompson: <\/b><span style=\"font-weight: 400;\">el paciente se acuesta en una mesa dividida en siete secciones diferentes. Estas secciones ayudan al paciente a permanecer en su lugar mientras el m\u00e9dico aplica fuerza para realinear la columna.<\/span><\/li>\n<li><span style=\"font-weight: 400;\"> \u00a0 \u00a0 <\/span><b>Alternar retroceso: <\/b><span style=\"font-weight: 400;\">No todas las t\u00e9cnicas implican un movimiento contundente. El tratamiento de retroceso de palanca es un enfoque m\u00e1s suave para la realineaci\u00f3n de la columna.<\/span><\/li>\n<\/ul>\n<p><span style=\"font-weight: 400;\">\u25cf<\/span><span style=\"font-weight: 400;\"> \u00a0 \u00a0 <\/span><b>Activador: <\/b><span style=\"font-weight: 400;\">este dispositivo manual imita los movimientos que su m\u00e9dico usar\u00eda con sus manos. Sin embargo, un activador es m\u00e1s controlado y no ejerce tanta presi\u00f3n sobre las articulaciones.<\/span><\/p>\n<p><img fetchpriority=\"high\" decoding=\"async\" class=\"alignnone wp-image-3464 size-full\" src=\"https:\/\/sc-chiro.com\/wp-content\/uploads\/2021\/12\/lehigh-acres-herniated-disc-treatment-sc-chiro-1.jpg\" alt=\"Lehigh Acres Herniated Disc Treatment\" width=\"600\" height=\"400\" srcset=\"https:\/\/sc-chiro.com\/wp-content\/uploads\/2021\/12\/lehigh-acres-herniated-disc-treatment-sc-chiro-1.jpg 600w, https:\/\/sc-chiro.com\/wp-content\/uploads\/2021\/12\/lehigh-acres-herniated-disc-treatment-sc-chiro-1-300x200.jpg 300w\" sizes=\"(max-width: 600px) 100vw, 600px\" \/><\/p>\n<p><span style=\"font-weight: 400;\">Adem\u00e1s del cuidado correctivo quiropr\u00e1ctico, usamos fisioterapia. Su m\u00e9dico puede incluir terapia de rehabilitaci\u00f3n y estimulaci\u00f3n muscular el\u00e9ctrica (E-STIM) para el tratamiento de su hernia de disco. No est\u00e1 limitado a la atenci\u00f3n quiropr\u00e1ctica o la fisioterapia, ya que su m\u00e9dico puede usar una combinaci\u00f3n de las dos.<\/span><\/p>\n<h2><b>Investigaci\u00f3n sobre c\u00f3mo el tratamiento de la hernia discal ha beneficiado a los pacientes<\/b><\/h2>\n<p><span style=\"font-weight: 400;\">Los siguientes dos estudios han ejemplificado la eficacia de la atenci\u00f3n quiropr\u00e1ctica y la fisioterapia para pacientes que sufren de hernias discales:<\/span><\/p>\n<ul>\n<li><span style=\"font-weight: 400;\"> \u00a0 \u00a0 <\/span><span style=\"font-weight: 400;\">The <\/span><a href=\"https:\/\/pubmed.ncbi.nlm.nih.gov\/8345318\/\" target=\"_blank\" rel=\"noopener\"><span style=\"font-weight: 400;\">Journal of Manipulative and Physiological Therapeutics<\/span><\/a><span style=\"font-weight: 400;\"> descubri\u00f3 que la atenci\u00f3n quiropr\u00e1ctica, la terapia E-STIM y la terapia de rehabilitaci\u00f3n brindan alivio de la parte inferior de la espalda y la ci\u00e1tica a quienes padecen una hernia de disco lumbar.<\/span><\/li>\n<li><span style=\"font-weight: 400;\"> \u00a0 \u00a0 <\/span><span style=\"font-weight: 400;\">En <\/span><a href=\"https:\/\/pubmed.ncbi.nlm.nih.gov\/8006533\/\" target=\"_blank\" rel=\"noopener\"><span style=\"font-weight: 400;\">otro estudio<\/span><\/a><span style=\"font-weight: 400;\"> , el Journal of Manipulative and Physiological Therapeutics descubri\u00f3 que las personas con una hernia de disco en la columna cervical se beneficiaron de los ajustes quiropr\u00e1cticos, la manipulaci\u00f3n cervical, la fisioterapia y varios ejercicios.<\/span><\/li>\n<\/ul>\n<p><span style=\"font-weight: 400;\">Si tiene alguna pregunta sobre los diferentes estilos de tratamiento, incluidos los mencionados en estos estudios, hable con su m\u00e9dico.<\/span><\/p>\n<p><span data-sheets-value=\"{&quot;1&quot;:2,&quot;2&quot;:&quot;&lt;div class=&quot;buttons&quot;&gt;\n        &lt;a class=&quot;content-number mid-page-call-click-button&quot; href=&quot;tel:2393699109&quot;&gt;Call us Now - 239-369-9109&lt;\/a&gt;\n        &lt;a class=&quot;content-number mid-page-form-click-button&quot; id=&quot;second-button&quot; href=&quot;#elementor-action%3Aaction%3Dpopup%3Aopen%26settings%3DeyJpZCI6MTkxOSwidG9nZ2xlIjpmYWxzZX0%3D&quot;&gt;Contact Us!&lt;\/a&gt;\n    &lt;\/div&gt;&quot;}\" data-sheets-userformat=\"{&quot;2&quot;:513,&quot;3&quot;:{&quot;1&quot;:0},&quot;12&quot;:0}\"><div class=\"buttons\">\n        <a class=\"content-number mid-page-call-click-button\" href=\"tel:2393699109\">Call us Now - 239-369-9109<\/a>\n        <a class=\"content-number mid-page-form-click-button\" id=\"second-button\" href=\"#elementor-action%3Aaction%3Dpopup%3Aopen%26settings%3DeyJpZCI6MTkxOSwidG9nZ2xlIjpmYWxzZX0%3D\">Contact Us!<\/a>\n    <\/div><\/span><\/p>\n<h2><b>Lo que dicen nuestros antiguos pacientes sobre trabajar con nosotros<\/b><\/h2>\n<p><span style=\"font-weight: 400;\">Nadie puede hablar de c\u00f3mo cuidamos a nuestros pacientes tanto como ellos. Mira algunas de sus rese\u00f1as:<\/span><\/p>\n<blockquote><p><span style=\"font-weight: 400;\">\u201cSi tiene problemas de columna, los recomiendo por encima de cualquier otra persona como primera parada. El personal y los doctores son amables y afectuosos&#8230; Gracias a todo el personal por brindarme respuestas y aliviar un poco mi dolor.\u201d -Jennifer L.<\/span><\/p>\n<p><span style=\"font-weight: 400;\">\u201cLa gente aqu\u00ed es genial. Son amables, corteses y respetuosos. Todos parecen intentar hacer todo lo posible para que su experiencia sea lo m\u00e1s placentera posible. Tienen una gran comunicaci\u00f3n y explican lo que est\u00e1n haciendo y por qu\u00e9&#8230;&#8221; &#8211; Tony S.<\/span><\/p><\/blockquote>\n<p><span style=\"font-weight: 400;\">Estamos listos para atender su llamada y determinar c\u00f3mo brindarle el mejor tratamiento posible.<\/span><\/p>\n<h2><b>Con\u00e9ctese con Specific Care Chiropractic para obtener ayuda con su lesi\u00f3n de hernia de disco hoy<\/b><\/h2>\n<p><span style=\"font-weight: 400;\">Todos sufrimos de dolor de espalda o debilidad muscular en alg\u00fan momento, pero eso no significa que deba descartarlo. Podr\u00eda ser el signo de una lesi\u00f3n m\u00e1s grave, como una hernia de disco. La falta de b\u00fasqueda de atenci\u00f3n inmediata podr\u00eda provocar dolor a largo plazo y otras complicaciones. En <\/span><a href=\"https:\/\/sc-chiro.com\/es\/\"><span style=\"font-weight: 400;\">Specific Care Chiropractic<\/span><\/a><span style=\"font-weight: 400;\">, podemos ayudarlo a evitar este dolor y encontrar un plan de tratamiento hecho a su medida.<\/span><\/p>\n<p><span style=\"font-weight: 400;\">Para aquellos que sufrieron una hernia de disco en un accidente, podemos trabajar con su abogado para ayudarlo a responsabilizar a la parte negligente. Te mereces una compensaci\u00f3n justa. Proporcionaremos testimonio m\u00e9dico, su informe de pron\u00f3stico y facturas m\u00e9dicas. <\/span><a href=\"https:\/\/sc-chiro.com\/es\/contactanos\/\"><span style=\"font-weight: 400;\">Programe su cita<\/span><\/a><span style=\"font-weight: 400;\"> en l\u00ednea o ll\u00e1menos hoy al <a href=\"tel:239-369-9109\">239-369-9109<\/a>.<\/span><span style=\"font-weight: 400;\">\u00a0<\/span><\/p>\n","protected":false},"excerpt":{"rendered":"<p>Una hernia de disco ocurre cuando el n\u00facleo de un disco espinal sobresale a trav\u00e9s de su exterior, o anillo, causando que se rompa. Por lo general, vemos estas lesiones en la columna lumbar (espalda baja) y cervical (espalda superior y cuello). Si alguna vez siente una sensaci\u00f3n de hormigueo o adormecimiento en los brazos [&hellip;]<\/p>\n","protected":false},"author":36,"featured_media":0,"parent":3926,"menu_order":0,"comment_status":"closed","ping_status":"closed","template":"","meta":{"_acf_changed":false,"footnotes":""},"categories":[74],"tags":[62],"class_list":["post-4038","page","type-page","status-publish","hentry","category-lehigh-acres-ubicacion","tag-hernia-de-disco"],"acf":[],"_links":{"self":[{"href":"https:\/\/sc-chiro.com\/es\/wp-json\/wp\/v2\/pages\/4038","targetHints":{"allow":["GET"]}}],"collection":[{"href":"https:\/\/sc-chiro.com\/es\/wp-json\/wp\/v2\/pages"}],"about":[{"href":"https:\/\/sc-chiro.com\/es\/wp-json\/wp\/v2\/types\/page"}],"author":[{"embeddable":true,"href":"https:\/\/sc-chiro.com\/es\/wp-json\/wp\/v2\/users\/36"}],"replies":[{"embeddable":true,"href":"https:\/\/sc-chiro.com\/es\/wp-json\/wp\/v2\/comments?post=4038"}],"version-history":[{"count":0,"href":"https:\/\/sc-chiro.com\/es\/wp-json\/wp\/v2\/pages\/4038\/revisions"}],"up":[{"embeddable":true,"href":"https:\/\/sc-chiro.com\/es\/wp-json\/wp\/v2\/pages\/3926"}],"wp:attachment":[{"href":"https:\/\/sc-chiro.com\/es\/wp-json\/wp\/v2\/media?parent=4038"}],"wp:term":[{"taxonomy":"category","embeddable":true,"href":"https:\/\/sc-chiro.com\/es\/wp-json\/wp\/v2\/categories?post=4038"},{"taxonomy":"post_tag","embeddable":true,"href":"https:\/\/sc-chiro.com\/es\/wp-json\/wp\/v2\/tags?post=4038"}],"curies":[{"name":"wp","href":"https:\/\/api.w.org\/{rel}","templated":true}]}}