{"id":4031,"date":"2021-12-08T15:53:04","date_gmt":"2021-12-08T15:53:04","guid":{"rendered":"https:\/\/qod-scchiro.local\/lehigh-acres\/bursitis-treatment\/"},"modified":"2023-06-19T10:51:58","modified_gmt":"2023-06-19T10:51:58","slug":"tratamiento-bursitis","status":"publish","type":"page","link":"https:\/\/sc-chiro.com\/es\/lehigh-acres\/tratamiento-bursitis\/","title":{"rendered":"Tratamiento de bursitis de Lehigh Acres"},"content":{"rendered":"<p><span style=\"font-weight: 400;\">La bursitis tiene muchos nombres. La rodilla del colocador de alfombras. La rodilla de la sirvienta. Rodilla de cl\u00e9rigo. Pero es todo lo mismo. Si experimenta una articulaci\u00f3n hinchada, dolorosa o r\u00edgida, lo m\u00e1s probable es que haya desarrollado bursitis. Esta es una lesi\u00f3n por movimientos repetitivos que puede desarrollarse repentinamente o con el tiempo.<\/span><\/p>\n<p><span style=\"font-weight: 400;\">Specific Care Chiropractic brinda tratamiento en el mismo d\u00eda a quienes experimentan bursitis en el condado de Lee. Nuestro tratamiento de bursitis de <\/span><a href=\"https:\/\/sc-chiro.com\/es\/lehigh-acres\/\"><span style=\"font-weight: 400;\">Lehigh Acres<\/span><\/a><span style=\"font-weight: 400;\"> busca aliviar el dolor, extender su rango de movimiento y reducir la hinchaz\u00f3n. Puede discutir la b\u00fasqueda de tratamiento con uno de nuestros profesionales m\u00e9dicos hoy.<\/span><\/p>\n<p><span style=\"font-weight: 400;\">\t\t<div data-elementor-type=\"section\" data-elementor-id=\"3935\" class=\"elementor elementor-3935\" data-elementor-post-type=\"elementor_library\">\n\t\t\t\t\t<section class=\"elementor-section elementor-top-section elementor-element elementor-element-bef2904 elementor-section-boxed elementor-section-height-default elementor-section-height-default\" data-id=\"bef2904\" data-element_type=\"section\" data-e-type=\"section\">\n\t\t\t\t\t\t<div class=\"elementor-container elementor-column-gap-default\">\n\t\t\t\t\t<div class=\"elementor-column elementor-col-100 elementor-top-column elementor-element elementor-element-57dcad5 section-toc\" data-id=\"57dcad5\" data-element_type=\"column\" data-e-type=\"column\">\n\t\t\t<div class=\"elementor-widget-wrap elementor-element-populated\">\n\t\t\t\t\t\t<div class=\"elementor-element elementor-element-0c49dfc elementor-toc--minimized-on-tablet elementor-widget elementor-widget-table-of-contents\" data-id=\"0c49dfc\" data-element_type=\"widget\" data-e-type=\"widget\" data-settings=\"{&quot;exclude_headings_by_selector&quot;:&quot;.toc-remove&quot;,&quot;headings_by_tags&quot;:[&quot;h2&quot;,&quot;h3&quot;,&quot;h4&quot;,&quot;h5&quot;,&quot;h6&quot;],&quot;marker_view&quot;:&quot;numbers&quot;,&quot;no_headings_message&quot;:&quot;No se ha encontrado ning\\u00fan encabezado en esta p\\u00e1gina.&quot;,&quot;minimize_box&quot;:&quot;yes&quot;,&quot;minimized_on&quot;:&quot;tablet&quot;,&quot;hierarchical_view&quot;:&quot;yes&quot;,&quot;min_height&quot;:{&quot;unit&quot;:&quot;px&quot;,&quot;size&quot;:&quot;&quot;,&quot;sizes&quot;:[]},&quot;min_height_tablet&quot;:{&quot;unit&quot;:&quot;px&quot;,&quot;size&quot;:&quot;&quot;,&quot;sizes&quot;:[]},&quot;min_height_mobile&quot;:{&quot;unit&quot;:&quot;px&quot;,&quot;size&quot;:&quot;&quot;,&quot;sizes&quot;:[]}}\" data-widget_type=\"table-of-contents.default\">\n\t\t\t\t<div class=\"elementor-widget-container\">\n\t\t\t\t\t\t\t\t\t<div class=\"elementor-toc__header\">\n\t\t\t\t\t\t<h4 class=\"elementor-toc__header-title\">\n\t\t\t\tTabla de Contenidos\t\t\t<\/h4>\n\t\t\t\t\t\t\t\t\t\t<div class=\"elementor-toc__toggle-button elementor-toc__toggle-button--expand\" role=\"button\" tabindex=\"0\" aria-controls=\"elementor-toc__0c49dfc\" aria-expanded=\"true\" aria-label=\"Abrir la tabla de contenidos\"><i aria-hidden=\"true\" class=\"fas fa-chevron-down\"><\/i><\/div>\n\t\t\t\t<div class=\"elementor-toc__toggle-button elementor-toc__toggle-button--collapse\" role=\"button\" tabindex=\"0\" aria-controls=\"elementor-toc__0c49dfc\" aria-expanded=\"true\" aria-label=\"Cerrar la tabla de contenidos\"><i aria-hidden=\"true\" class=\"fas fa-chevron-up\"><\/i><\/div>\n\t\t\t\t\t<\/div>\n\t\t\t\t<div id=\"elementor-toc__0c49dfc\" class=\"elementor-toc__body\">\n\t\t\t<div class=\"elementor-toc__spinner-container\">\n\t\t\t\t<i class=\"elementor-toc__spinner eicon-animation-spin eicon-loading\" aria-hidden=\"true\"><\/i>\t\t\t<\/div>\n\t\t<\/div>\n\t\t\t\t\t\t<\/div>\n\t\t\t\t<\/div>\n\t\t\t\t\t<\/div>\n\t\t<\/div>\n\t\t\t\t\t<\/div>\n\t\t<\/section>\n\t\t\t\t<\/div>\n\t\t<\/span><\/p>\n<h2><b>\u00bfQu\u00e9 es la bursitis? \u00bfQu\u00e9 lo causa?<\/b><\/h2>\n<p><span style=\"font-weight: 400;\">Sus caderas, rodillas y codos est\u00e1n protegidos por peque\u00f1os sacos llenos de l\u00edquido llamados &#8220;bursas&#8221;. La persona promedio tiene alrededor de 150. A veces, puede sufrir bursitis si cae de rodillas o sufre un golpe traum\u00e1tico. Sin embargo, la bursitis generalmente se desarrolla con el tiempo con movimientos repetitivos y sobreesfuerzo.<\/span><\/p>\n<p><span style=\"font-weight: 400;\">En la superficie, una articulaci\u00f3n afectada puede parecer roja o hinchada. Por lo general, es doloroso tocarlo y es dif\u00edcil moverse en ciertas direcciones. Incluso puede sentir fiebre a medida que el cuerpo combate la afecci\u00f3n.<\/span><\/p>\n<p><span data-sheets-value=\"{&quot;1&quot;:2,&quot;2&quot;:&quot;&lt;div class=&quot;buttons&quot;&gt;\n        &lt;a class=&quot;content-number mid-page-call-click-button&quot; href=&quot;tel:2393699109&quot;&gt;Call us Now - 239-369-9109&lt;\/a&gt;\n        &lt;a class=&quot;content-number mid-page-form-click-button&quot; id=&quot;second-button&quot; href=&quot;#elementor-action%3Aaction%3Dpopup%3Aopen%26settings%3DeyJpZCI6MTkxOSwidG9nZ2xlIjpmYWxzZX0%3D&quot;&gt;Contact Us!&lt;\/a&gt;\n    &lt;\/div&gt;&quot;}\" data-sheets-userformat=\"{&quot;2&quot;:513,&quot;3&quot;:{&quot;1&quot;:0},&quot;12&quot;:0}\"><div class=\"buttons\">\n        <a class=\"content-number mid-page-call-click-button\" href=\"tel:2393699109\">Call us Now - 239-369-9109<\/a>\n        <a class=\"content-number mid-page-form-click-button\" id=\"second-button\" href=\"#elementor-action%3Aaction%3Dpopup%3Aopen%26settings%3DeyJpZCI6MTkxOSwidG9nZ2xlIjpmYWxzZX0%3D\">Contact Us!<\/a>\n    <\/div><\/span><\/p>\n<h2><b>\u00bfPuede la bursitis desaparecer por s\u00ed sola?<\/b><\/h2>\n<p><a href=\"https:\/\/www.mayoclinic.org\/diseases-conditions\/bursitis\/symptoms-causes\/syc-20353242\" target=\"_blank\" rel=\"noopener\"><span style=\"font-weight: 400;\">Mayo Clinic<\/span><\/a><span style=\"font-weight: 400;\"> informa que la bursitis puede desaparecer por s\u00ed sola. Sin embargo, a\u00fan debe considerar buscar atenci\u00f3n quiropr\u00e1ctica. Eso es porque:<\/span><\/p>\n<ul>\n<li><span style=\"font-weight: 400;\"> \u00a0 \u00a0 <\/span><span style=\"font-weight: 400;\">Sin atenci\u00f3n m\u00e9dica, la bursitis puede convertirse en \u201cbursitis s\u00e9ptica\u201d. Esto es cuando la bursa se infecta, comprometiendo su sistema inmunol\u00f3gico y provocando dolencias secundarias como fatiga, irritabilidad y malestar general.<\/span><\/li>\n<li><span style=\"font-weight: 400;\"> \u00a0 \u00a0 <\/span><span style=\"font-weight: 400;\">El cuerpo podr\u00eda curarse a s\u00ed mismo incorrectamente. Esto puede causar una acumulaci\u00f3n anormal de tejido cicatricial, necrosis de la piel y separaci\u00f3n de la herida. M\u00e1s adelante, esto puede crear complicaciones adicionales.<\/span><\/li>\n<li><span style=\"font-weight: 400;\"> \u00a0 \u00a0 <\/span><span style=\"font-weight: 400;\">La bursitis no tratada viene con un alto nivel de recurrencia, seg\u00fan &#8220;<\/span><a href=\"https:\/\/www.ncbi.nlm.nih.gov\/books\/NBK470331\/\" target=\"_blank\" rel=\"noopener\"><span style=\"font-weight: 400;\">Septic Bursitis<\/span><\/a><span style=\"font-weight: 400;\">&#8220;. Los brotes ocasionales pueden convertirse r\u00e1pidamente en complicaciones de por vida.<\/span><\/li>\n<\/ul>\n<p><span style=\"font-weight: 400;\">Nuestro equipo de tratamiento de bursitis en Lehigh Acres hace m\u00e1s que tratar su condici\u00f3n. Examinamos su salud como un todo. A trav\u00e9s de simples ejercicios, masajes y ajustes, podemos asegurar su bienestar tanto ahora como en el futuro.<\/span><\/p>\n<h2><b>\u00bfC\u00f3mo puede un profesional m\u00e9dico de Specific Care Chiropractic tratar la bursitis?<\/b><\/h2>\n<p><span style=\"font-weight: 400;\">Primero, examinaremos su condici\u00f3n para determinar un r\u00e9gimen de tratamiento adecuado. Al crear su plan de tratamiento, consideraremos su:<\/span><\/p>\n<ul>\n<li><span style=\"font-weight: 400;\"> \u00a0 \u00a0 <\/span><span style=\"font-weight: 400;\">Envejecer<\/span><\/li>\n<li><span style=\"font-weight: 400;\"> \u00a0 \u00a0 <\/span><span style=\"font-weight: 400;\">Peso<\/span><\/li>\n<li><span style=\"font-weight: 400;\"> \u00a0 \u00a0 <\/span><span style=\"font-weight: 400;\">Ocupaci\u00f3n<\/span><\/li>\n<li><span style=\"font-weight: 400;\"> \u00a0 \u00a0 <\/span><span style=\"font-weight: 400;\">Condiciones de salud preexistentes<\/span><\/li>\n<li><span style=\"font-weight: 400;\"> \u00a0 \u00a0 <\/span><span style=\"font-weight: 400;\">Historial m\u00e9dico<\/span><\/li>\n<li><span style=\"font-weight: 400;\"> \u00a0 \u00a0 <\/span><span style=\"font-weight: 400;\">Cualquier medicamento que est\u00e9 tomando<\/span><\/li>\n<li><span style=\"font-weight: 400;\"> \u00a0 \u00a0 <\/span><span style=\"font-weight: 400;\">Tus niveles de actividad<\/span><\/li>\n<\/ul>\n<p><span style=\"font-weight: 400;\">A partir de ah\u00ed, podemos realizar radiograf\u00edas y ecograf\u00edas para obtener m\u00e1s informaci\u00f3n sobre su lesi\u00f3n.<\/span><\/p>\n<h2><b>Brindaremos un tratamiento que promueva la curaci\u00f3n desde adentro.<\/b><\/h2>\n<p><span style=\"font-weight: 400;\">Despu\u00e9s de revisar los resultados de su prueba, podemos realizar uno o m\u00e1s de los siguientes tratamientos:<\/span><\/p>\n<h3><b>Manipulaci\u00f3n de extremidades<\/b><\/h3>\n<p><span style=\"font-weight: 400;\">Su quiropr\u00e1ctico aplicar\u00e1 fuerza controlada a una articulaci\u00f3n usando su mano o un instrumento peque\u00f1o. Empleamos m\u00e9todos para disminuir el dolor de rodilla, hombro, mu\u00f1eca y codo.<\/span><\/p>\n<h3><b>Estiramiento y otros ejercicios<\/b><\/h3>\n<p><span style=\"font-weight: 400;\">El tratamiento no termina cuando te vas a casa. Podemos ense\u00f1arle ejercicios que desarrollan fuerza sin irritar sus bursas.<\/span><\/p>\n<h3><b>terapia de ultrasonido<\/b><\/h3>\n<p><span style=\"font-weight: 400;\">Los ultrasonidos hacen m\u00e1s que identificar dolencias. Tambi\u00e9n usamos ultrasonidos para enviar ondas de sonido a las articulaciones y los m\u00fasculos de su cuerpo. Este tratamiento sin dolor regenera el tejido da\u00f1ado y rompe las cicatrices.<\/span><\/p>\n<h3><b>cuidado correctivo<\/b><\/h3>\n<p><span style=\"font-weight: 400;\">Incluso una persona sana puede experimentar brotes de bursitis despu\u00e9s de completar el tratamiento. Revisaremos peri\u00f3dicamente su condici\u00f3n y recomendaremos tratamientos que promuevan su salud.<\/span><\/p>\n<h3><b>Cambios en el estilo de vida<\/b><\/h3>\n<p><span style=\"font-weight: 400;\">Si tiene un trabajo que requiere mucha mano de obra, podemos recomendarle diferentes posturas que eviten que su lesi\u00f3n vuelva a ocurrir. Otras recomendaciones pueden incluir ejercicios en el hogar y estrategias para perder peso.<\/span><\/p>\n<p><img fetchpriority=\"high\" decoding=\"async\" class=\"alignnone wp-image-3460 size-full\" src=\"https:\/\/sc-chiro.com\/wp-content\/uploads\/2021\/12\/lehigh-acres-bursitis-treatment-sc-chiro-1.jpg\" alt=\"Lehigh Acres Bursitis Treatment\" width=\"600\" height=\"400\" srcset=\"https:\/\/sc-chiro.com\/wp-content\/uploads\/2021\/12\/lehigh-acres-bursitis-treatment-sc-chiro-1.jpg 600w, https:\/\/sc-chiro.com\/wp-content\/uploads\/2021\/12\/lehigh-acres-bursitis-treatment-sc-chiro-1-300x200.jpg 300w\" sizes=\"(max-width: 600px) 100vw, 600px\" \/><\/p>\n<h2><b>\u00bfQu\u00e9 debo esperar durante mi primera cita?<\/b><\/h2>\n<p><span style=\"font-weight: 400;\">Su primera cita se trata de diagnosticar su condici\u00f3n. Su quiropr\u00e1ctico realizar\u00e1 un examen f\u00edsico y emplear\u00e1 otras medidas para conocer sus dolencias.<\/span><\/p>\n<p><span style=\"font-weight: 400;\">Durante su segunda visita, su m\u00e9dico le explicar\u00e1 su condici\u00f3n y le brindar\u00e1 su primera fase de tratamiento. Como se se\u00f1al\u00f3, esto puede incluir manipulaci\u00f3n, estiramientos y ondas de sonido ultras\u00f3nicas.<\/span><\/p>\n<p><span style=\"font-weight: 400;\">Su tercera y cuarta visita revisan la respuesta de su cuerpo al tratamiento. Su m\u00e9dico puede realizar peque\u00f1os cambios correctivos para acelerar su per\u00edodo de recuperaci\u00f3n.<\/span><\/p>\n<h3><b>No todo el mundo pasa por estas fases.<\/b><\/h3>\n<p><span style=\"font-weight: 400;\">Las fases anteriores son un resumen general de lo que puede esperar al recibir atenci\u00f3n quiropr\u00e1ctica. Algunos pacientes requieren m\u00e1s o menos sesiones que las descritas anteriormente.<\/span><\/p>\n<p><span style=\"font-weight: 400;\">Su quiropr\u00e1ctico en Lehigh Acres har\u00e1 todo lo posible para garantizar una recuperaci\u00f3n segura y r\u00e1pida. Si alguna vez tiene preguntas sobre su plan de tratamiento y citas, no dude en comunicarse con Specific Care Chiropractic.<\/span><\/p>\n<h2><b>Hacemos m\u00e1s que brindar atenci\u00f3n quiropr\u00e1ctica integral en el condado de Lee<\/b><\/h2>\n<p><span style=\"font-weight: 400;\">Muchos pacientes acuden a nosotros despu\u00e9s de sufrir accidentes o lesiones en el trabajo. En estas situaciones, podemos hacer m\u00e1s que promover su recuperaci\u00f3n; tambi\u00e9n podemos:<\/span><\/p>\n<h3><b>recomendar un abogado<\/b><\/h3>\n<p><span style=\"font-weight: 400;\">Trabajamos con abogados locales de lesiones que buscan compensaci\u00f3n para los demandantes lesionados. Si sufri\u00f3 da\u00f1os en una colisi\u00f3n, una ca\u00edda o un accidente relacionado con el trabajo, podr\u00edan explicarle sus opciones legales sin costo ni obligaci\u00f3n.<\/span><\/p>\n<p><span style=\"font-weight: 400;\">La recuperaci\u00f3n financiera puede dar cuenta de su atenci\u00f3n quiropr\u00e1ctica, citas de seguimiento y otras obligaciones relacionadas con el tratamiento.<\/span><\/p>\n<h3><b>Dale a tu abogado informaci\u00f3n importante<\/b><\/h3>\n<p><span style=\"font-weight: 400;\">Cada caso de lesi\u00f3n requiere evidencia. Para promover el \u00e9xito de su reclamo por lesiones, podemos brindarle a su equipo legal:<\/span><\/p>\n<ul>\n<li><span style=\"font-weight: 400;\"> \u00a0 \u00a0 <\/span><span style=\"font-weight: 400;\">Los resultados de su escaneo de im\u00e1genes<\/span><\/li>\n<li><span style=\"font-weight: 400;\"> \u00a0 \u00a0 <\/span><span style=\"font-weight: 400;\">El testimonio escrito de su quiropr\u00e1ctico<\/span><\/li>\n<li><span style=\"font-weight: 400;\"> \u00a0 \u00a0 <\/span><span style=\"font-weight: 400;\">Su plan de tratamiento<\/span><\/li>\n<li><span style=\"font-weight: 400;\"> \u00a0 \u00a0 <\/span><span style=\"font-weight: 400;\">Cualquier otra informaci\u00f3n relacionada con su condici\u00f3n<\/span><\/li>\n<\/ul>\n<h3><b>Determine sus opciones de cobertura de seguro<\/b><\/h3>\n<p><span style=\"font-weight: 400;\">Muchas p\u00f3lizas de seguro cubren la atenci\u00f3n quiropr\u00e1ctica. Podemos revisar sus opciones de cobertura para determinar si esto se aplica a usted. Si no tiene cobertura de seguro, podemos elaborar un plan de pago que funcione para ambos.<\/span><\/p>\n<p><span data-sheets-value=\"{&quot;1&quot;:2,&quot;2&quot;:&quot;&lt;div class=&quot;buttons&quot;&gt;\n        &lt;a class=&quot;content-number mid-page-call-click-button&quot; href=&quot;tel:2393699109&quot;&gt;Call us Now - 239-369-9109&lt;\/a&gt;\n        &lt;a class=&quot;content-number mid-page-form-click-button&quot; id=&quot;second-button&quot; href=&quot;#elementor-action%3Aaction%3Dpopup%3Aopen%26settings%3DeyJpZCI6MTkxOSwidG9nZ2xlIjpmYWxzZX0%3D&quot;&gt;Contact Us!&lt;\/a&gt;\n    &lt;\/div&gt;&quot;}\" data-sheets-userformat=\"{&quot;2&quot;:513,&quot;3&quot;:{&quot;1&quot;:0},&quot;12&quot;:0}\"><div class=\"buttons\">\n        <a class=\"content-number mid-page-call-click-button\" href=\"tel:2393699109\">Call us Now - 239-369-9109<\/a>\n        <a class=\"content-number mid-page-form-click-button\" id=\"second-button\" href=\"#elementor-action%3Aaction%3Dpopup%3Aopen%26settings%3DeyJpZCI6MTkxOSwidG9nZ2xlIjpmYWxzZX0%3D\">Contact Us!<\/a>\n    <\/div><\/span><\/p>\n<h2><b>Nuestro blog responde a muchas preguntas frecuentes<\/b><\/h2>\n<p><span style=\"font-weight: 400;\">Lo alentamos a que llame a nuestro equipo en Lehigh Acres si tiene preguntas sobre el tratamiento de la bursitis. Mientras se prepara para su visita, los siguientes art\u00edculos de blog pueden aliviar su ansiedad:<\/span><\/p>\n<ul>\n<li><span style=\"font-weight: 400;\"> \u00a0 \u00a0 <\/span><a href=\"https:\/\/sc-chiro.com\/es\/descubra-los-beneficios-del-cuidado-quiropractico-para-las-distensiones-musculares\/\"><span style=\"font-weight: 400;\">Descubra los beneficios del cuidado quiropr\u00e1ctico para las distensiones musculares<\/span><\/a><\/li>\n<li><span style=\"font-weight: 400;\"> \u00a0 \u00a0 <\/span><a href=\"https:\/\/sc-chiro.com\/es\/la-fisioterapia-ayuda-recuperarse-de-un-resbalon-o-caida\/\"><span style=\"font-weight: 400;\">C\u00f3mo la fisioterapia lo ayuda a recuperarse de un resbal\u00f3n y una ca\u00edda<\/span><\/a><\/li>\n<li><span style=\"font-weight: 400;\"> \u00a0 \u00a0 <\/span><a href=\"https:\/\/sc-chiro.com\/es\/recuperacion-lesion-accidente-automovilistico\/\"><span style=\"font-weight: 400;\">Recuperaci\u00f3n de una lesi\u00f3n por accidente automovil\u00edstico: \u00a1un quiropr\u00e1ctico puede ayudar!<\/span><\/a><\/li>\n<li><span style=\"font-weight: 400;\"> \u00a0 \u00a0 <\/span><a href=\"https:\/\/sc-chiro.com\/es\/lesiones-mas-comunes-de-accidentes-por-resbalones-y-caidas\/\"><span style=\"font-weight: 400;\">\u00bfCu\u00e1les son las lesiones m\u00e1s comunes por accidentes de resbalones y ca\u00eddas?<\/span><\/a><\/li>\n<li><span style=\"font-weight: 400;\"> \u00a0 \u00a0 <\/span><a href=\"https:\/\/sc-chiro.com\/es\/6-mitos-mas-comunes-sobre-quiropractica\/\"><span style=\"font-weight: 400;\">Seis mitos comunes sobre el cuidado quiropr\u00e1ctico<\/span><\/a><\/li>\n<li><span style=\"font-weight: 400;\"> \u00a0 \u00a0 <\/span><a href=\"https:\/\/sc-chiro.com\/es\/lesiones-tejidos-blandos-accidente-automovilistico\/\"><span style=\"font-weight: 400;\">Lesiones de tejidos blandos despu\u00e9s de un accidente automovil\u00edstico<\/span><\/a><\/li>\n<\/ul>\n<h2><b>Llame a nuestro equipo para obtener m\u00e1s informaci\u00f3n sobre el tratamiento de la bursitis.<\/b><\/h2>\n<p><span style=\"font-weight: 400;\">Specific Care Chiropractic tiene siete quiropr\u00e1cticos en el personal listos para tratar su condici\u00f3n. Tenemos d\u00e9cadas de experiencia combinada ayudando a pacientes con hernias discales, traumatismos de la m\u00e9dula espinal y, por supuesto, bursitis.<\/span><\/p>\n<p><span style=\"font-weight: 400;\">Para consultar con nuestro equipo, marque <a href=\"tel:239-369-9109\">239-369-9109<\/a> para comenzar.<\/span><\/p>\n","protected":false},"excerpt":{"rendered":"<p>La bursitis tiene muchos nombres. La rodilla del colocador de alfombras. La rodilla de la sirvienta. Rodilla de cl\u00e9rigo. Pero es todo lo mismo. Si experimenta una articulaci\u00f3n hinchada, dolorosa o r\u00edgida, lo m\u00e1s probable es que haya desarrollado bursitis. Esta es una lesi\u00f3n por movimientos repetitivos que puede desarrollarse repentinamente o con el tiempo. [&hellip;]<\/p>\n","protected":false},"author":36,"featured_media":0,"parent":3926,"menu_order":0,"comment_status":"closed","ping_status":"closed","template":"","meta":{"_acf_changed":false,"footnotes":""},"categories":[74],"tags":[58],"class_list":["post-4031","page","type-page","status-publish","hentry","category-lehigh-acres-ubicacion","tag-bursitis-es"],"acf":[],"_links":{"self":[{"href":"https:\/\/sc-chiro.com\/es\/wp-json\/wp\/v2\/pages\/4031","targetHints":{"allow":["GET"]}}],"collection":[{"href":"https:\/\/sc-chiro.com\/es\/wp-json\/wp\/v2\/pages"}],"about":[{"href":"https:\/\/sc-chiro.com\/es\/wp-json\/wp\/v2\/types\/page"}],"author":[{"embeddable":true,"href":"https:\/\/sc-chiro.com\/es\/wp-json\/wp\/v2\/users\/36"}],"replies":[{"embeddable":true,"href":"https:\/\/sc-chiro.com\/es\/wp-json\/wp\/v2\/comments?post=4031"}],"version-history":[{"count":0,"href":"https:\/\/sc-chiro.com\/es\/wp-json\/wp\/v2\/pages\/4031\/revisions"}],"up":[{"embeddable":true,"href":"https:\/\/sc-chiro.com\/es\/wp-json\/wp\/v2\/pages\/3926"}],"wp:attachment":[{"href":"https:\/\/sc-chiro.com\/es\/wp-json\/wp\/v2\/media?parent=4031"}],"wp:term":[{"taxonomy":"category","embeddable":true,"href":"https:\/\/sc-chiro.com\/es\/wp-json\/wp\/v2\/categories?post=4031"},{"taxonomy":"post_tag","embeddable":true,"href":"https:\/\/sc-chiro.com\/es\/wp-json\/wp\/v2\/tags?post=4031"}],"curies":[{"name":"wp","href":"https:\/\/api.w.org\/{rel}","templated":true}]}}