{"id":3947,"date":"2021-12-08T16:08:23","date_gmt":"2021-12-08T16:08:23","guid":{"rendered":"https:\/\/qod-scchiro.local\/lehigh-acres\/sciatica-treatment\/"},"modified":"2023-11-01T20:14:18","modified_gmt":"2023-11-01T20:14:18","slug":"tratamiento-ciatica","status":"publish","type":"page","link":"https:\/\/sc-chiro.com\/es\/lehigh-acres\/tratamiento-ciatica\/","title":{"rendered":"Tratamiento de la ci\u00e1tica de Lehigh Acres"},"content":{"rendered":"<p><span style=\"font-weight: 400;\">La ci\u00e1tica se refiere al dolor que proviene del nervio ci\u00e1tico en la parte baja de la espalda y baja por la pierna. Seg\u00fan <\/span><a href=\"https:\/\/www.mayoclinic.org\/diseases-conditions\/sciatica\/symptoms-causes\/syc-20377435\" target=\"_blank\" rel=\"noopener\"><span style=\"font-weight: 400;\">Mayo Clinic<\/span><\/a><span style=\"font-weight: 400;\"> , los pacientes han descrito este malestar como una \u201csacudida o descarga el\u00e9ctrica\u201d, que puede intensificarse cuando tosen o estornudan. Esta lesi\u00f3n puede ocurrir en uno o ambos lados del cuerpo.<\/span><\/p>\n<p><span style=\"font-weight: 400;\">Si usted o un ser querido sufre de ci\u00e1tica en <\/span><a href=\"https:\/\/sc-chiro.com\/es\/lehigh-acres\/\"><span style=\"font-weight: 400;\">Lehigh Acres<\/span><\/a><span style=\"font-weight: 400;\">, los m\u00e9dicos de Specific Care Chiropractic evaluar\u00e1n su condici\u00f3n y dise\u00f1ar\u00e1n un plan de tratamiento para la ci\u00e1tica para usted. Podemos emplear cuidados correctivos, fisioterapia o terapia de masajes, entre otros tratamientos, para ayudar a aliviar su dolor.<\/span><\/p>\n<p><span style=\"font-weight: 400;\"><\/span><\/p>\n<h2><b>\u00bfC\u00f3mo sucede la ci\u00e1tica?<\/b><\/h2>\n<p><span style=\"font-weight: 400;\">El dolor ci\u00e1tico ocurre cuando una hernia de disco comprime el nervio ci\u00e1tico. Puede estar en riesgo de ci\u00e1tica si uno o m\u00e1s de los siguientes factores se aplican a usted:<\/span><\/p>\n<ul>\n<li><span style=\"font-weight: 400;\"> \u00a0 \u00a0 <\/span><b>Obesidad <\/b><span style=\"font-weight: 400;\">: el exceso de peso corporal puede ejercer una presi\u00f3n adicional sobre la columna vertebral.<\/span><\/li>\n<li><span style=\"font-weight: 400;\"> \u00a0 \u00a0 <\/span><b>Envejecimiento <\/b><span style=\"font-weight: 400;\">: Nuestros huesos se debilitan a medida que envejecemos, por lo que corremos un mayor riesgo de sufrir hernias discales.<\/span><\/li>\n<li><span style=\"font-weight: 400;\"> \u00a0 \u00a0 <\/span><b>Diabetes <\/b><span style=\"font-weight: 400;\">: las personas con diabetes pueden ser m\u00e1s susceptibles al da\u00f1o nervioso.<\/span><\/li>\n<li><span style=\"font-weight: 400;\"> \u00a0 \u00a0 <\/span><b>Trabajo extenuante <\/b><span style=\"font-weight: 400;\">: si su trabajo requiere que levante mucho peso, podr\u00eda forzar su columna vertebral.<\/span><\/li>\n<li><span style=\"font-weight: 400;\"> \u00a0 \u00a0 <\/span><b>Largos periodos de sedestaci\u00f3n <\/b><span style=\"font-weight: 400;\">: Cuando nos sentamos durante mucho tiempo, nuestra columna vertebral se comprime, sobre todo si no hacemos pausas para levantarnos y caminar.<\/span><\/li>\n<\/ul>\n<p><span style=\"font-weight: 400;\">La ci\u00e1tica tambi\u00e9n es una lesi\u00f3n com\u00fan para las personas heridas en accidentes automovil\u00edsticos. El impacto del choque puede provocar da\u00f1os en los nervios y discos herniados y abultados. Aquellos involucrados en otros accidentes, como accidentes por resbalones y ca\u00eddas, pueden sufrir lesiones similares.<\/span><\/p>\n<p><span data-sheets-value=\"{&quot;1&quot;:2,&quot;2&quot;:&quot;&lt;div class=&quot;buttons&quot;&gt;\n        &lt;a class=&quot;content-number mid-page-call-click-button&quot; href=&quot;tel:2393699109&quot;&gt;Call us Now - 239-369-9109&lt;\/a&gt;\n        &lt;a class=&quot;content-number mid-page-form-click-button&quot; id=&quot;second-button&quot; href=&quot;#elementor-action%3Aaction%3Dpopup%3Aopen%26settings%3DeyJpZCI6MTkxOSwidG9nZ2xlIjpmYWxzZX0%3D&quot;&gt;Contact Us!&lt;\/a&gt;\n    &lt;\/div&gt;&quot;}\" data-sheets-userformat=\"{&quot;2&quot;:513,&quot;3&quot;:{&quot;1&quot;:0},&quot;12&quot;:0}\"><div class=\"buttons\">\n        <a class=\"content-number mid-page-call-click-button\" href=\"tel:2393699109\">Call us Now - 239-369-9109<\/a>\n        <a class=\"content-number mid-page-form-click-button\" id=\"second-button\" href=\"#elementor-action%3Aaction%3Dpopup%3Aopen%26settings%3DeyJpZCI6MTkxOSwidG9nZ2xlIjpmYWxzZX0%3D\">Contact Us!<\/a>\n    <\/div><\/span><\/p>\n<h2><b>S\u00edntomas de la ci\u00e1tica<\/b><\/h2>\n<p><span style=\"font-weight: 400;\">Los pacientes con ci\u00e1tica generalmente pueden recuperarse por completo. Sin embargo, si no se trata, puede dar lugar a complicaciones duraderas, tal vez permanentes, as\u00ed que no &#8220;supere&#8221; el dolor.<\/span><\/p>\n<p><span style=\"font-weight: 400;\">Lo alentamos a que se comunique con nuestra ubicaci\u00f3n de Lehigh Acres para recibir tratamiento para la ci\u00e1tica si experimenta:<\/span><\/p>\n<ul>\n<li><span style=\"font-weight: 400;\"> \u00a0 \u00a0 <\/span><span style=\"font-weight: 400;\">Hormigueo, entumecimiento o debilidad en la pierna afectada<\/span><\/li>\n<li><span style=\"font-weight: 400;\"> \u00a0 \u00a0 <\/span><span style=\"font-weight: 400;\">Problemas con la funci\u00f3n de la vejiga y el intestino<\/span><\/li>\n<li><span style=\"font-weight: 400;\"> \u00a0 \u00a0 <\/span><span style=\"font-weight: 400;\">M\u00e1s agravaci\u00f3n en la pierna afectada al toser o estornudar<\/span><\/li>\n<\/ul>\n<h2><b>Tipos de tratamiento de ci\u00e1tica que ofrecemos en Specific Care Chiropractic<\/b><\/h2>\n<p><span style=\"font-weight: 400;\">Cuando se re\u00fana con nosotros, nuestros m\u00e9dicos realizar\u00e1n un examen f\u00edsico completo y le har\u00e1n preguntas sobre su dolor para que podamos utilizar un enfoque personalizado para brindarle el alivio que necesita. Incluso podemos usar otros recursos y ordenar escaneos de im\u00e1genes, como resonancias magn\u00e9ticas o rayos X, para ayudarnos a llegar a la ra\u00edz del problema.<\/span><\/p>\n<p><span style=\"font-weight: 400;\">Algunos m\u00e9todos de tratamiento que utilizamos para pacientes con ci\u00e1tica incluyen:<\/span><\/p>\n<ul>\n<li><span style=\"font-weight: 400;\"> \u00a0 \u00a0 <\/span><b>Terapia de rehabilitaci\u00f3n <\/b><span style=\"font-weight: 400;\">: Su m\u00e9dico le ense\u00f1ar\u00e1 ejercicios para ayudar a fortalecer el \u00e1rea afectada.<\/span><\/li>\n<li><span style=\"font-weight: 400;\"> \u00a0 \u00a0 <\/span><b>Estiramiento y fortalecimiento <\/b><span style=\"font-weight: 400;\">: Ciertos estiramientos y entrenamiento de fuerza te ayudar\u00e1n a ganar flexibilidad en la espalda.<\/span><\/li>\n<li><span style=\"font-weight: 400;\"> \u00a0 \u00a0 <\/span><b>Ajustes quiropr\u00e1cticos y atenci\u00f3n correctiva <\/b><span style=\"font-weight: 400;\">: esta terapia utiliza la manipulaci\u00f3n de la columna, que ayuda a realinear los discos de la columna y a aliviar la presi\u00f3n de los nervios.<\/span><\/li>\n<li><span style=\"font-weight: 400;\"> \u00a0 \u00a0 <\/span><b>Terapia de masaje <\/b><span style=\"font-weight: 400;\">: este tratamiento relajar\u00e1 sus m\u00fasculos, lo que ayudar\u00e1 a aliviar los espasmos musculares que contribuyen a su dolor ci\u00e1tico.<\/span><\/li>\n<li><span style=\"font-weight: 400;\"> \u00a0 \u00a0 <\/span><b>Terapia de estimulaci\u00f3n el\u00e9ctrica (E-STIM) <\/b><span style=\"font-weight: 400;\">: estos pulsos el\u00e9ctricos se dirigir\u00e1n al \u00e1rea afectada y trabajar\u00e1n para reducir los espasmos musculares y la inflamaci\u00f3n.<\/span><\/li>\n<li><span style=\"font-weight: 400;\"> \u00a0 \u00a0 <\/span><b>Terapia de ultrasonido <\/b><span style=\"font-weight: 400;\">: Las ondas de ultrasonido trabajan para reducir el dolor muscular al penetrar en el m\u00fasculo.<\/span><\/li>\n<\/ul>\n<p><span style=\"font-weight: 400;\">Los estudios han demostrado que estos m\u00e9todos de tratamiento han demostrado ser efectivos para los pacientes. Por ejemplo, <\/span><a href=\"https:\/\/pubmed.ncbi.nlm.nih.gov\/16517383\/\" target=\"_blank\" rel=\"noopener\"><span style=\"font-weight: 400;\">The Spine Journal<\/span><\/a><span style=\"font-weight: 400;\"> se\u00f1al\u00f3 que la atenci\u00f3n quiropr\u00e1ctica, en particular la manipulaci\u00f3n de la columna, ayud\u00f3 a aliviar el dolor de los nervios y foment\u00f3 el crecimiento de la columna y la salud del disco.<\/span><\/p>\n<p><img fetchpriority=\"high\" decoding=\"async\" class=\"alignnone wp-image-3468 size-full\" src=\"https:\/\/sc-chiro.com\/wp-content\/uploads\/2021\/12\/lehigh-acres-sciatica-treatment-sc-chiro-1.jpg\" alt=\"Lehigh Acres Sciatica Treatment\" width=\"600\" height=\"400\" srcset=\"https:\/\/sc-chiro.com\/wp-content\/uploads\/2021\/12\/lehigh-acres-sciatica-treatment-sc-chiro-1.jpg 600w, https:\/\/sc-chiro.com\/wp-content\/uploads\/2021\/12\/lehigh-acres-sciatica-treatment-sc-chiro-1-300x200.jpg 300w\" sizes=\"(max-width: 600px) 100vw, 600px\" \/><\/p>\n<h2><b>Podemos ayudarlo a construir su caso de lesiones personales si result\u00f3 herido en Lehigh Acres<\/b><\/h2>\n<p><span style=\"font-weight: 400;\">Muchos de nuestros pacientes con ci\u00e1tica han sido v\u00edctimas de un incidente de lesiones personales. Podemos cooperar con su equipo legal para ayudarlo a responsabilizar a la parte responsable por su negligencia. Con eso, es posible que pueda recuperar una compensaci\u00f3n si su dolor de ci\u00e1tica ocurri\u00f3 despu\u00e9s de un accidente de tr\u00e1fico, resbal\u00f3n y ca\u00edda u otro incidente negligente.<\/span><\/p>\n<p><span style=\"font-weight: 400;\">Nuestros m\u00e9dicos pueden trabajar con su abogado para ayudarlo a demostrar la conexi\u00f3n entre el accidente y su lesi\u00f3n de ci\u00e1tica. Proporcionaremos informaci\u00f3n, como:<\/span><\/p>\n<ul>\n<li><span style=\"font-weight: 400;\"> \u00a0 \u00a0 <\/span><span style=\"font-weight: 400;\">El alcance de su ci\u00e1tica<\/span><\/li>\n<li><span style=\"font-weight: 400;\"> \u00a0 \u00a0 <\/span><span style=\"font-weight: 400;\">Cu\u00e1nto tiempo podr\u00eda recibir tratamiento<\/span><\/li>\n<li><span style=\"font-weight: 400;\"> \u00a0 \u00a0 <\/span><span style=\"font-weight: 400;\">Lo que implica su tratamiento (p. ej., si est\u00e1 recibiendo terapia de masajes, si le ordenan practicar ciertos ejercicios en casa, etc.)<\/span><\/li>\n<li><span style=\"font-weight: 400;\"> \u00a0 \u00a0 <\/span><span style=\"font-weight: 400;\">Facturas m\u00e9dicas por los costos del tratamiento de la ci\u00e1tica<\/span><\/li>\n<li><span style=\"font-weight: 400;\"> \u00a0 \u00a0 <\/span><span style=\"font-weight: 400;\">Rayos X, resonancia magn\u00e9tica o cualquier otro resultado de escaneo de im\u00e1genes<\/span><\/li>\n<li><span style=\"font-weight: 400;\"> \u00a0 \u00a0 <\/span><span style=\"font-weight: 400;\">Otros testimonios m\u00e9dicos que podemos proporcionar<\/span><\/li>\n<\/ul>\n<p><span style=\"font-weight: 400;\">Si a\u00fan no ha encontrado un bufete de abogados que lo represente en su caso de lesiones, podemos recomendarle uno de nuestra red.<\/span><\/p>\n<h2><b>Pacientes anteriores comparten sus experiencias con nuestros m\u00e9dicos<\/b><\/h2>\n<p><span style=\"font-weight: 400;\">Nuestro objetivo en Specific Care Chiropractic es sacarlo del dolor. Antiguos pacientes han dejado rese\u00f1as que reflejan esta misi\u00f3n.<\/span><\/p>\n<p><span style=\"font-weight: 400;\">Echar un vistazo:<\/span><\/p>\n<blockquote><p><span style=\"font-weight: 400;\">\u201cMe encanta este lugar\u2026 Me dol\u00eda mucho la parte baja de la espalda cuando entr\u00e9. En muy poco tiempo me sent\u00eda bien y volv\u00eda a la normalidad. Definitivamente regresar\u00e9 si y cuando comience a tener dolor. \u00a1Son grandiosos!&#8221; &#8211; B\u00e1rbara M.<\/span><\/p>\n<p><span style=\"font-weight: 400;\">\u201c&#8230; siempre sientes que est\u00e1s en el mejor lugar del planeta para obtener este tipo de atenci\u00f3n y servicio m\u00e9dico. \u00a1Desde el diagn\u00f3stico hasta cualquier tipo de rehabilitaci\u00f3n, hay seguimiento y seguimiento para lograr los mejores resultados posibles para su condici\u00f3n personal!\u201d -Larry S.<\/span><\/p>\n<p><span style=\"font-weight: 400;\">\u201cHe utilizado la atenci\u00f3n quiropr\u00e1ctica peri\u00f3dicamente seg\u00fan sea necesario durante los \u00faltimos treinta a\u00f1os. Nadie lo ha hecho mejor que un quiropr\u00e1ctico de atenci\u00f3n espec\u00edfica. Ellos lo educar\u00e1n y elaborar\u00e1n un plan para mejorar su calidad de vida. Recomiendo encarecidamente a Specific Care Chiropractor.\u201d &#8211; Ricardo W.<\/span><\/p><\/blockquote>\n<p><span data-sheets-value=\"{&quot;1&quot;:2,&quot;2&quot;:&quot;&lt;div class=&quot;buttons&quot;&gt;\n        &lt;a class=&quot;content-number mid-page-call-click-button&quot; href=&quot;tel:2393699109&quot;&gt;Call us Now - 239-369-9109&lt;\/a&gt;\n        &lt;a class=&quot;content-number mid-page-form-click-button&quot; id=&quot;second-button&quot; href=&quot;#elementor-action%3Aaction%3Dpopup%3Aopen%26settings%3DeyJpZCI6MTkxOSwidG9nZ2xlIjpmYWxzZX0%3D&quot;&gt;Contact Us!&lt;\/a&gt;\n    &lt;\/div&gt;&quot;}\" data-sheets-userformat=\"{&quot;2&quot;:513,&quot;3&quot;:{&quot;1&quot;:0},&quot;12&quot;:0}\"><div class=\"buttons\">\n        <a class=\"content-number mid-page-call-click-button\" href=\"tel:2393699109\">Call us Now - 239-369-9109<\/a>\n        <a class=\"content-number mid-page-form-click-button\" id=\"second-button\" href=\"#elementor-action%3Aaction%3Dpopup%3Aopen%26settings%3DeyJpZCI6MTkxOSwidG9nZ2xlIjpmYWxzZX0%3D\">Contact Us!<\/a>\n    <\/div><\/span><\/p>\n<h2><b>Obtenga m\u00e1s informaci\u00f3n sobre c\u00f3mo nuestros m\u00e9dicos en Lehigh Acres pueden ayudarlo con su ci\u00e1tica<\/b><\/h2>\n<p><span style=\"font-weight: 400;\">No sigas soportando el dolor de la ci\u00e1tica cuando Specific Care Chiropractic est\u00e1 aqu\u00ed para ayudarte. Puede confiar en nosotros para revisar su condici\u00f3n en su totalidad y trabajar para brindarle la atenci\u00f3n que necesita para volver a la normalidad.<\/span><\/p>\n<p><span style=\"font-weight: 400;\">Puede programar una cita con nosotros cuando marque <a href=\"tel:239-369-9109\">239-369-9109<\/a>. Nuestra oficina de <\/span><a href=\"https:\/\/sc-chiro.com\/es\/\"><span style=\"font-weight: 400;\">Lehigh Acres<\/span><\/a><span style=\"font-weight: 400;\"> est\u00e1 en Town Plaza en Lee Boulevard. <a href=\"https:\/\/sc-chiro.com\/es\/contactanos\/\">Llama hoy<\/a>.<\/span><\/p>\n","protected":false},"excerpt":{"rendered":"<p>La ci\u00e1tica se refiere al dolor que proviene del nervio ci\u00e1tico en la parte baja de la espalda y baja por la pierna. Seg\u00fan Mayo Clinic , los pacientes han descrito este malestar como una \u201csacudida o descarga el\u00e9ctrica\u201d, que puede intensificarse cuando tosen o estornudan. Esta lesi\u00f3n puede ocurrir en uno o ambos lados [&hellip;]<\/p>\n","protected":false},"author":36,"featured_media":0,"parent":3926,"menu_order":0,"comment_status":"closed","ping_status":"closed","template":"","meta":{"_acf_changed":false,"footnotes":""},"categories":[74],"tags":[69],"class_list":["post-3947","page","type-page","status-publish","hentry","category-lehigh-acres-ubicacion","tag-ciatica"],"acf":[],"_links":{"self":[{"href":"https:\/\/sc-chiro.com\/es\/wp-json\/wp\/v2\/pages\/3947","targetHints":{"allow":["GET"]}}],"collection":[{"href":"https:\/\/sc-chiro.com\/es\/wp-json\/wp\/v2\/pages"}],"about":[{"href":"https:\/\/sc-chiro.com\/es\/wp-json\/wp\/v2\/types\/page"}],"author":[{"embeddable":true,"href":"https:\/\/sc-chiro.com\/es\/wp-json\/wp\/v2\/users\/36"}],"replies":[{"embeddable":true,"href":"https:\/\/sc-chiro.com\/es\/wp-json\/wp\/v2\/comments?post=3947"}],"version-history":[{"count":0,"href":"https:\/\/sc-chiro.com\/es\/wp-json\/wp\/v2\/pages\/3947\/revisions"}],"up":[{"embeddable":true,"href":"https:\/\/sc-chiro.com\/es\/wp-json\/wp\/v2\/pages\/3926"}],"wp:attachment":[{"href":"https:\/\/sc-chiro.com\/es\/wp-json\/wp\/v2\/media?parent=3947"}],"wp:term":[{"taxonomy":"category","embeddable":true,"href":"https:\/\/sc-chiro.com\/es\/wp-json\/wp\/v2\/categories?post=3947"},{"taxonomy":"post_tag","embeddable":true,"href":"https:\/\/sc-chiro.com\/es\/wp-json\/wp\/v2\/tags?post=3947"}],"curies":[{"name":"wp","href":"https:\/\/api.w.org\/{rel}","templated":true}]}}