{"id":3926,"date":"2021-08-11T19:04:05","date_gmt":"2021-08-11T19:04:05","guid":{"rendered":"https:\/\/qod-scchiro.local\/lehigh-acres\/"},"modified":"2024-03-31T08:37:47","modified_gmt":"2024-03-31T08:37:47","slug":"lehigh-acres","status":"publish","type":"page","link":"https:\/\/sc-chiro.com\/es\/lehigh-acres\/","title":{"rendered":"Lehigh Acres"},"content":{"rendered":"<p><span style=\"font-weight: 400;\">En <\/span><a href=\"https:\/\/sc-chiro.com\/es\/\"><span style=\"font-weight: 400;\">Specific Care Chiropractic<\/span><\/a><span style=\"font-weight: 400;\">, brindamos atenci\u00f3n m\u00e9dica a pacientes que viven con lesiones musculoesquel\u00e9ticas. Estos incluyen lesiones en los huesos, m\u00fasculos, tendones, ligamentos y articulaciones. Nuestra ubicaci\u00f3n de Lehigh Acres cerca de Fort Myers est\u00e1 disponible para atender a nuevos pacientes.<\/span><\/p>\n<h2><b>\u00bfA qui\u00e9n puede ayudar el cuidado quiropr\u00e1ctico?<\/b><\/h2>\n<p><span style=\"font-weight: 400;\">La atenci\u00f3n quiropr\u00e1ctica puede ayudarlo a aliviar el dolor y el estr\u00e9s que siente en su cuerpo, ya sea:<\/span><\/p>\n<ul>\n<li><span style=\"font-weight: 400;\"> \u00a0 \u00a0 <\/span><span style=\"font-weight: 400;\">Te lastimaste en un solo incidente, como un accidente automovil\u00edstico o deportivo<\/span><\/li>\n<li><span style=\"font-weight: 400;\"> \u00a0 \u00a0 <\/span><span style=\"font-weight: 400;\">Te lastimaste con el tiempo debido a los movimientos repetitivos que realizaste en el trabajo<\/span><\/li>\n<\/ul>\n<h2><b>Nuestros quiropr\u00e1cticos de Lehigh Acres tratan varios problemas musculoesquel\u00e9ticos<\/b><\/h2>\n<p><span style=\"font-weight: 400;\">Nuestros quiropr\u00e1cticos en Specific Care Chiropractic tratan estas lesiones y afecciones:<\/span><\/p>\n<ul>\n<li><span style=\"font-weight: 400;\"> \u00a0 \u00a0 <\/span><a href=\"https:\/\/sc-chiro.com\/es\/tratamiento-lesiones-columna\/\"><span style=\"font-weight: 400;\">Lesiones de la m\u00e9dula espinal<\/span><\/a><\/li>\n<li><span style=\"font-weight: 400;\"> \u00a0 \u00a0 <\/span><a href=\"https:\/\/sc-chiro.com\/es\/lehigh-acres\/tratamiento-lesion-espalda\/\"><span style=\"font-weight: 400;\">lesiones de espalda<\/span><\/a><\/li>\n<li><span style=\"font-weight: 400;\"> \u00a0 \u00a0 <\/span><a href=\"https:\/\/sc-chiro.com\/es\/lehigh-acres\/tratamiento-escoliosis\/\"><span style=\"font-weight: 400;\">Escoliosis<\/span><\/a><\/li>\n<li><span style=\"font-weight: 400;\"> \u00a0 \u00a0 <\/span><a href=\"https:\/\/sc-chiro.com\/es\/lehigh-acres\/tratamiento-hernia-discal\/\"><span style=\"font-weight: 400;\">Hernias discales<\/span><\/a><\/li>\n<li><span style=\"font-weight: 400;\"> \u00a0 \u00a0\u00a0<\/span><a href=\"https:\/\/sc-chiro.com\/es\/lehigh-acres\/tratamiento-lesion-cuello\/\"><span style=\"font-weight: 400;\">Lesiones en el cuello<\/span><\/a><\/li>\n<li><span style=\"font-weight: 400;\"> \u00a0 \u00a0 <\/span><a href=\"https:\/\/sc-chiro.com\/es\/lehigh-acres\/tratamiento-de-latigazo-cervical\/\"><span style=\"font-weight: 400;\">Latigazo<\/span><\/a><\/li>\n<li><span style=\"font-weight: 400;\"> \u00a0 \u00a0 <\/span><a href=\"https:\/\/sc-chiro.com\/es\/lehigh-acres\/tratamientos-distensiones-musculares\/\"><span style=\"font-weight: 400;\">Tensi\u00f3n muscular<\/span><\/a><\/li>\n<li><span style=\"font-weight: 400;\"> \u00a0 \u00a0 <\/span><a href=\"https:\/\/sc-chiro.com\/es\/lehigh-acres\/tratamiento-ciatica\/\"><span style=\"font-weight: 400;\">Ci\u00e1tica<\/span><\/a><\/li>\n<li>\u00a0 \u00a0 <a href=\"https:\/\/sc-chiro.com\/es\/tratamiento-lesiones-columna\/\">Tratamiento lesiones columna<\/a><\/li>\n<li>\u00a0 \u00a0 <a href=\"https:\/\/sc-chiro.com\/es\/lehigh-acres\/tratamiento-bursitis\/\">Tratamiento bursitis<\/a><\/li>\n<li><span style=\"font-weight: 400;\"> \u00a0 \u00a0 <\/span><a href=\"https:\/\/sc-chiro.com\/es\/lehigh-acres\/sindrome-tunel-carpiano\/\"><span style=\"font-weight: 400;\">S\u00edndrome del t\u00fanel carpiano<\/span><\/a><span style=\"font-weight: 400;\"> y otras lesiones en las manos<\/span><\/li>\n<\/ul>\n<p><span style=\"font-weight: 400;\">Estas son algunas de las principales categor\u00edas de lesiones que enfrentan nuestros m\u00e9dicos, no todas. Por lo tanto, si tiene una lesi\u00f3n musculoesquel\u00e9tica separada que no se menciona aqu\u00ed, como una lesi\u00f3n en el codo, nuestros quiropr\u00e1cticos a\u00fan pueden crear un plan de tratamiento para usted.<\/span><\/p>\n<p><span style=\"font-weight: 400;\">Con todos nuestros pacientes, realizamos un examen f\u00edsico y solicitamos una radiograf\u00eda para determinar la gravedad de la lesi\u00f3n. Luego, construimos un plan de tratamiento y recuperaci\u00f3n que se adapta a las necesidades y el progreso de cada paciente.<\/span><\/p>\n<p><span data-sheets-value=\"{&quot;1&quot;:2,&quot;2&quot;:&quot;&lt;div class=&quot;buttons&quot;&gt;\n        &lt;a class=&quot;content-number mid-page-call-click-button&quot; href=&quot;tel:2393699109&quot;&gt;Call us Now - 239-369-9109&lt;\/a&gt;\n        &lt;a class=&quot;content-number mid-page-form-click-button&quot; id=&quot;second-button&quot; href=&quot;#elementor-action%3Aaction%3Dpopup%3Aopen%26settings%3DeyJpZCI6MTkxOSwidG9nZ2xlIjpmYWxzZX0%3D&quot;&gt;Contact Us!&lt;\/a&gt;\n    &lt;\/div&gt;&quot;}\" data-sheets-userformat=\"{&quot;2&quot;:513,&quot;3&quot;:{&quot;1&quot;:0},&quot;12&quot;:0}\"><div class=\"buttons\">\n        <a class=\"content-number mid-page-call-click-button\" href=\"tel:2393699109\">Call us Now - 239-369-9109<\/a>\n        <a class=\"content-number mid-page-form-click-button\" id=\"second-button\" href=\"#elementor-action%3Aaction%3Dpopup%3Aopen%26settings%3DeyJpZCI6MTkxOSwidG9nZ2xlIjpmYWxzZX0%3D\">Contact Us!<\/a>\n    <\/div><\/span><\/p>\n<h2><b>Nuestros m\u00e9dicos est\u00e1n capacitados en diversas t\u00e9cnicas de ajuste quiropr\u00e1ctico<\/b><\/h2>\n<p><span style=\"font-weight: 400;\">En Specific Care Chiropractic, nuestros m\u00e9dicos tienen licencia y est\u00e1n capacitados en varias t\u00e9cnicas de ajuste quiropr\u00e1ctico. Utilizamos t\u00e9cnicas especializadas para realinear la m\u00e9dula espinal y las extremidades que se extienden desde ella, como las articulaciones y los huesos de las caderas, los hombros o las rodillas.<\/span><\/p>\n<p><span style=\"font-weight: 400;\">Nuestros estilos de t\u00e9cnicas de ajuste quiropr\u00e1ctico incluyen:<\/span><\/p>\n<ul>\n<li><span style=\"font-weight: 400;\"> \u00a0 \u00a0 <\/span><span style=\"font-weight: 400;\">Alternar retroceso<\/span><\/li>\n<li><span style=\"font-weight: 400;\"> \u00a0 \u00a0 <\/span><span style=\"font-weight: 400;\">Sentado diversificado<\/span><\/li>\n<li><span style=\"font-weight: 400;\"> \u00a0 \u00a0 <\/span><span style=\"font-weight: 400;\">Diversificado<\/span><\/li>\n<li><span style=\"font-weight: 400;\"> \u00a0 \u00a0 <\/span><span style=\"font-weight: 400;\">Postura lateral<\/span><\/li>\n<li><span style=\"font-weight: 400;\"> \u00a0 \u00a0 <\/span><span style=\"font-weight: 400;\">Rodilla-pecho<\/span><\/li>\n<li><span style=\"font-weight: 400;\"> \u00a0 \u00a0 <\/span><span style=\"font-weight: 400;\">T\u00e9cnica de mesa abatible de Thompson<\/span><\/li>\n<li><span style=\"font-weight: 400;\"> \u00a0 \u00a0 <\/span><span style=\"font-weight: 400;\">Manipulaci\u00f3n manual de extremidades<\/span><\/li>\n<li><span style=\"font-weight: 400;\"> \u00a0 \u00a0 <\/span><span style=\"font-weight: 400;\">T\u00e9cnica Sacro-Occipital (SOT)<\/span><\/li>\n<li><span style=\"font-weight: 400;\"> \u00a0 \u00a0 <\/span><span style=\"font-weight: 400;\">Activador<\/span><\/li>\n<\/ul>\n<p><span style=\"font-weight: 400;\">Nuestros quiropr\u00e1cticos pueden explicarte las t\u00e9cnicas que utilizan para tu tratamiento y qu\u00e9 maniobras van a realizar en cada sesi\u00f3n.<\/span><\/p>\n<h2><b>Nuestro centro de Lehigh Acres ofrece fisioterapia para complementar el tratamiento de los pacientes<\/b><\/h2>\n<p><span style=\"font-weight: 400;\">Nuestras instalaciones a menudo complementan la atenci\u00f3n quiropr\u00e1ctica con fisioterapia para garantizar que los pacientes tengan una recuperaci\u00f3n gradual y saludable que sea duradera. Queremos educar a los pacientes sobre ejercicios que son seguros de hacer y ayudarlos a recuperar la fuerza, la flexibilidad y la movilidad.<\/span><\/p>\n<p><span style=\"font-weight: 400;\">Nuestros tratamientos de fisioterapia incluyen:<\/span><\/p>\n<ul>\n<li><span style=\"font-weight: 400;\"> \u00a0 \u00a0 <\/span><span style=\"font-weight: 400;\">cuidado correctivo<\/span><\/li>\n<li><span style=\"font-weight: 400;\"> \u00a0 \u00a0 <\/span><span style=\"font-weight: 400;\">Terapia de Masajes<\/span><\/li>\n<li><span style=\"font-weight: 400;\"> \u00a0 \u00a0 <\/span><span style=\"font-weight: 400;\">Terapia de estiramiento y fortalecimiento<\/span><\/li>\n<li><span style=\"font-weight: 400;\"> \u00a0 \u00a0 <\/span><span style=\"font-weight: 400;\">Terapia de electroestimulaci\u00f3n muscular (E-STIM)<\/span><\/li>\n<li><span style=\"font-weight: 400;\"> \u00a0 \u00a0 <\/span><span style=\"font-weight: 400;\">terapia de rehabilitaci\u00f3n<\/span><\/li>\n<li><span style=\"font-weight: 400;\"> \u00a0 \u00a0 <\/span><span style=\"font-weight: 400;\">terapia de ultrasonido<\/span><\/li>\n<\/ul>\n<p><span style=\"font-weight: 400;\">La fisioterapia depende en gran medida de la evoluci\u00f3n de los pacientes durante su evoluci\u00f3n. Por lo tanto, nuestros m\u00e9dicos trabajan a un ritmo que nuestros pacientes pueden cumplir y tener \u00e9xito. Nuestro equipo:<\/span><\/p>\n<ul>\n<li><span style=\"font-weight: 400;\"> \u00a0 \u00a0 <\/span><span style=\"font-weight: 400;\">Examina tus heridas<\/span><\/li>\n<li><span style=\"font-weight: 400;\"> \u00a0 \u00a0 <\/span><span style=\"font-weight: 400;\">Realizar los ex\u00e1menes de diagn\u00f3stico necesarios.<\/span><\/li>\n<li><span style=\"font-weight: 400;\"> \u00a0 \u00a0 <\/span><span style=\"font-weight: 400;\">Cree un plan de tratamiento que le permita recuperar la funcionalidad y la estabilidad<\/span><\/li>\n<\/ul>\n<p><span data-sheets-value=\"{&quot;1&quot;:2,&quot;2&quot;:&quot;&lt;div class=&quot;buttons&quot;&gt;\n        &lt;a class=&quot;content-number mid-page-call-click-button&quot; href=&quot;tel:2393699109&quot;&gt;Call us Now - 239-369-9109&lt;\/a&gt;\n        &lt;a class=&quot;content-number mid-page-form-click-button&quot; id=&quot;second-button&quot; href=&quot;#elementor-action%3Aaction%3Dpopup%3Aopen%26settings%3DeyJpZCI6MTkxOSwidG9nZ2xlIjpmYWxzZX0%3D&quot;&gt;Contact Us!&lt;\/a&gt;\n    &lt;\/div&gt;&quot;}\" data-sheets-userformat=\"{&quot;2&quot;:513,&quot;3&quot;:{&quot;1&quot;:0},&quot;12&quot;:0}\"><div class=\"buttons\">\n        <a class=\"content-number mid-page-call-click-button\" href=\"tel:2393699109\">Call us Now - 239-369-9109<\/a>\n        <a class=\"content-number mid-page-form-click-button\" id=\"second-button\" href=\"#elementor-action%3Aaction%3Dpopup%3Aopen%26settings%3DeyJpZCI6MTkxOSwidG9nZ2xlIjpmYWxzZX0%3D\">Contact Us!<\/a>\n    <\/div><\/span><\/p>\n<h2><b>Programe una cita en nuestra ubicaci\u00f3n de Lehigh Acres en Florida<\/b><\/h2>\n<p><span style=\"font-weight: 400;\">Nuestros quiropr\u00e1cticos desean tratar sus lesiones o afecciones si usted o un ser querido vive con dolor cr\u00f3nico, ya sea que lo sienta en la espalda, el cuello, las caderas o las piernas. Podemos aliviar el dolor y abordar otros problemas con los que pueda estar lidiando, como la inflamaci\u00f3n o el da\u00f1o a los nervios.<\/span><\/p>\n<p><span style=\"font-weight: 400;\">Visite nuestras instalaciones de Lehigh Acres en Lee Boulevard. Puede llamar a <\/span><a href=\"https:\/\/sc-chiro.com\/es\/\"><span style=\"font-weight: 400;\">Specific Care Chiropractic<\/span><\/a><span style=\"font-weight: 400;\"> al <a href=\"tel:239-369-9109\">239-369-9109<\/a> para programar su cita.<\/span><\/p>\n<p><span style=\"font-weight: 400;\">\u00a0<\/span><\/p>\n<p>&nbsp;<\/p>\n","protected":false},"excerpt":{"rendered":"<p>En Specific Care Chiropractic, brindamos atenci\u00f3n m\u00e9dica a pacientes que viven con lesiones musculoesquel\u00e9ticas. Estos incluyen lesiones en los huesos, m\u00fasculos, tendones, ligamentos y articulaciones. Nuestra ubicaci\u00f3n de Lehigh Acres cerca de Fort Myers est\u00e1 disponible para atender a nuevos pacientes. \u00bfA qui\u00e9n puede ayudar el cuidado quiropr\u00e1ctico? La atenci\u00f3n quiropr\u00e1ctica puede ayudarlo a aliviar [&hellip;]<\/p>\n","protected":false},"author":36,"featured_media":0,"parent":0,"menu_order":0,"comment_status":"closed","ping_status":"closed","template":"","meta":{"_acf_changed":false,"footnotes":""},"categories":[74],"tags":[],"class_list":["post-3926","page","type-page","status-publish","hentry","category-lehigh-acres-ubicacion"],"acf":[],"_links":{"self":[{"href":"https:\/\/sc-chiro.com\/es\/wp-json\/wp\/v2\/pages\/3926","targetHints":{"allow":["GET"]}}],"collection":[{"href":"https:\/\/sc-chiro.com\/es\/wp-json\/wp\/v2\/pages"}],"about":[{"href":"https:\/\/sc-chiro.com\/es\/wp-json\/wp\/v2\/types\/page"}],"author":[{"embeddable":true,"href":"https:\/\/sc-chiro.com\/es\/wp-json\/wp\/v2\/users\/36"}],"replies":[{"embeddable":true,"href":"https:\/\/sc-chiro.com\/es\/wp-json\/wp\/v2\/comments?post=3926"}],"version-history":[{"count":0,"href":"https:\/\/sc-chiro.com\/es\/wp-json\/wp\/v2\/pages\/3926\/revisions"}],"wp:attachment":[{"href":"https:\/\/sc-chiro.com\/es\/wp-json\/wp\/v2\/media?parent=3926"}],"wp:term":[{"taxonomy":"category","embeddable":true,"href":"https:\/\/sc-chiro.com\/es\/wp-json\/wp\/v2\/categories?post=3926"},{"taxonomy":"post_tag","embeddable":true,"href":"https:\/\/sc-chiro.com\/es\/wp-json\/wp\/v2\/tags?post=3926"}],"curies":[{"name":"wp","href":"https:\/\/api.w.org\/{rel}","templated":true}]}}