{"id":3924,"date":"2021-07-26T06:37:12","date_gmt":"2021-07-26T06:37:12","guid":{"rendered":"https:\/\/qod-scchiro.local\/nosotros\/dr-brad-ceurvels\/"},"modified":"2024-11-19T02:36:43","modified_gmt":"2024-11-19T02:36:43","slug":"dr-brad-ceurvels","status":"publish","type":"page","link":"https:\/\/sc-chiro.com\/es\/nosotros\/dr-brad-ceurvels\/","title":{"rendered":"Dr. Brad Ceurvels"},"content":{"rendered":"<p>El Dr. Ceurvels reside en Florida desde hace mucho tiempo. Se traslad\u00f3 al suroeste de Florida en 1995 desde Ithaca, Nueva York. Asisti\u00f3 al instituto Bishop Verot y particip\u00f3 en f\u00fatbol, atletismo y campo. Fue entonces cuando empez\u00f3 a desarrollar una pasi\u00f3n por el ejercicio y los enfoques terap\u00e9uticos de la atenci\u00f3n sanitaria. El Dr. Ceurvels se licenci\u00f3 en la Universidad del Sur de Florida en 2004. Tras seguir de cerca m\u00faltiples profesiones sanitarias, qued\u00f3 impresionado por el enfoque quiropr\u00e1ctico. Le intrigaba la diferencia positiva que parec\u00edan marcar los quiropr\u00e1cticos en el nivel de dolor de sus pacientes, incluso despu\u00e9s de un tratamiento. Adem\u00e1s, los pacientes parec\u00edan disfrutar acudiendo a recibir tratamiento, algo poco frecuente en las profesiones sanitarias. Entonces tom\u00f3 la f\u00e1cil decisi\u00f3n de hacerse quiropr\u00e1ctico. El Dr. Ceurvels asisti\u00f3 al Palmer College y se gradu\u00f3 en 2009 como M\u00e9dico Quiropr\u00e1ctico. Despu\u00e9s se traslad\u00f3 al suroeste de Florida para estar cerca de su familia y comenzar su carrera. Durante los cuatro primeros a\u00f1os de su consulta, trabaj\u00f3 estrechamente con la poblaci\u00f3n anciana, ocup\u00e1ndose de muchos de los problemas que puede causar la edad, especialmente la artritis. Hace unos cinco a\u00f1os, el Dr. Ceurvels se cas\u00f3 con su mujer y se convirti\u00f3 en padre de dos maravillosas hijas. Por aquel entonces cambi\u00f3 el enfoque de su vida profesional. Empez\u00f3 a interesarse por la atenci\u00f3n a las v\u00edctimas de accidentes de tr\u00e1fico. Desde entonces ha realizado m\u00faltiples cursos sobre traumatismos por latigazo cervical y accidentes de tr\u00e1fico para profundizar en el conocimiento de este tipo de lesiones. En la actualidad, el Dr. Ceurvels pone en pr\u00e1ctica sus habilidades y formaci\u00f3n ayudando a pacientes lesionados en la sede de Fort Myers de Specific Care Chiropractic. Es apasionado, cari\u00f1oso y le encanta ayudar a las personas en su camino para alcanzar su pleno potencial de salud. Adem\u00e1s, est\u00e1 agradecido de estar rodeado de un personal amable y atento que disfruta haciendo que todos sus pacientes se sientan como en familia.<\/p>\n<p>&nbsp;<\/p>\n","protected":false},"excerpt":{"rendered":"<p>El Dr. Ceurvels reside en Florida desde hace mucho tiempo. Se traslad\u00f3 al suroeste de Florida en 1995 desde Ithaca, Nueva York. Asisti\u00f3 al instituto Bishop Verot y particip\u00f3 en f\u00fatbol, atletismo y campo. Fue entonces cuando empez\u00f3 a desarrollar una pasi\u00f3n por el ejercicio y los enfoques terap\u00e9uticos de la atenci\u00f3n sanitaria. El Dr. [&hellip;]<\/p>\n","protected":false},"author":36,"featured_media":3575,"parent":3724,"menu_order":0,"comment_status":"closed","ping_status":"closed","template":"","meta":{"_acf_changed":false,"footnotes":""},"categories":[],"tags":[],"class_list":["post-3924","page","type-page","status-publish","has-post-thumbnail","hentry"],"acf":[],"_links":{"self":[{"href":"https:\/\/sc-chiro.com\/es\/wp-json\/wp\/v2\/pages\/3924","targetHints":{"allow":["GET"]}}],"collection":[{"href":"https:\/\/sc-chiro.com\/es\/wp-json\/wp\/v2\/pages"}],"about":[{"href":"https:\/\/sc-chiro.com\/es\/wp-json\/wp\/v2\/types\/page"}],"author":[{"embeddable":true,"href":"https:\/\/sc-chiro.com\/es\/wp-json\/wp\/v2\/users\/36"}],"replies":[{"embeddable":true,"href":"https:\/\/sc-chiro.com\/es\/wp-json\/wp\/v2\/comments?post=3924"}],"version-history":[{"count":1,"href":"https:\/\/sc-chiro.com\/es\/wp-json\/wp\/v2\/pages\/3924\/revisions"}],"predecessor-version":[{"id":7004,"href":"https:\/\/sc-chiro.com\/es\/wp-json\/wp\/v2\/pages\/3924\/revisions\/7004"}],"up":[{"embeddable":true,"href":"https:\/\/sc-chiro.com\/es\/wp-json\/wp\/v2\/pages\/3724"}],"wp:featuredmedia":[{"embeddable":true,"href":"https:\/\/sc-chiro.com\/es\/wp-json\/wp\/v2\/media\/3575"}],"wp:attachment":[{"href":"https:\/\/sc-chiro.com\/es\/wp-json\/wp\/v2\/media?parent=3924"}],"wp:term":[{"taxonomy":"category","embeddable":true,"href":"https:\/\/sc-chiro.com\/es\/wp-json\/wp\/v2\/categories?post=3924"},{"taxonomy":"post_tag","embeddable":true,"href":"https:\/\/sc-chiro.com\/es\/wp-json\/wp\/v2\/tags?post=3924"}],"curies":[{"name":"wp","href":"https:\/\/api.w.org\/{rel}","templated":true}]}}