{"id":3912,"date":"2021-07-26T06:39:45","date_gmt":"2021-07-26T06:39:45","guid":{"rendered":"https:\/\/qod-scchiro.local\/nosotros\/dr-gerardo-alfaro\/"},"modified":"2022-01-25T23:13:08","modified_gmt":"2022-01-25T23:13:08","slug":"dr-gerardo-alfaro","status":"publish","type":"page","link":"https:\/\/sc-chiro.com\/es\/nosotros\/dr-gerardo-alfaro\/","title":{"rendered":"Dr. Gerardo Alfaro"},"content":{"rendered":"<p><span style=\"font-weight: 400;\">El Dr. Gerardo Alfaro, Jr. naci\u00f3 en Muscatine, Iowa y se mud\u00f3 al suroeste de Florida en 1985. Despu\u00e9s de casarse con su esposa, Julie, y convertirse en padre de dos ni\u00f1os maravillosos, tom\u00f3 la decisi\u00f3n de mudarse con su familia a Iowa y buscar una Licenciatura en Quiropr\u00e1ctica. Se gradu\u00f3 de Palmer College of Chiropractic en 2009 con una Licenciatura en Ciencias en Ciencias Generales y complet\u00f3 su t\u00edtulo de Doctor en Quiropr\u00e1ctica en 2011. El Dr. Alfaro ha estado practicando la quiropr\u00e1ctica en Florida desde 2013 y tiene capacitaci\u00f3n del Instituto de Investigaci\u00f3n de la Columna Vertebral de San Diego en Latigazo cervical y Traumatolog\u00eda Cerebral. Al Dr. Alfaro le encanta el clima c\u00e1lido de Florida y pasar su tiempo libre con su familia.<\/span><\/p>\n","protected":false},"excerpt":{"rendered":"<p>El Dr. Gerardo Alfaro, Jr. naci\u00f3 en Muscatine, Iowa y se mud\u00f3 al suroeste de Florida en 1985. Despu\u00e9s de casarse con su esposa, Julie, y convertirse en padre de dos ni\u00f1os maravillosos, tom\u00f3 la decisi\u00f3n de mudarse con su familia a Iowa y buscar una Licenciatura en Quiropr\u00e1ctica. Se gradu\u00f3 de Palmer College of [&hellip;]<\/p>\n","protected":false},"author":36,"featured_media":3582,"parent":3724,"menu_order":0,"comment_status":"closed","ping_status":"closed","template":"","meta":{"_acf_changed":false,"footnotes":""},"categories":[],"tags":[],"class_list":["post-3912","page","type-page","status-publish","has-post-thumbnail","hentry"],"acf":[],"_links":{"self":[{"href":"https:\/\/sc-chiro.com\/es\/wp-json\/wp\/v2\/pages\/3912","targetHints":{"allow":["GET"]}}],"collection":[{"href":"https:\/\/sc-chiro.com\/es\/wp-json\/wp\/v2\/pages"}],"about":[{"href":"https:\/\/sc-chiro.com\/es\/wp-json\/wp\/v2\/types\/page"}],"author":[{"embeddable":true,"href":"https:\/\/sc-chiro.com\/es\/wp-json\/wp\/v2\/users\/36"}],"replies":[{"embeddable":true,"href":"https:\/\/sc-chiro.com\/es\/wp-json\/wp\/v2\/comments?post=3912"}],"version-history":[{"count":0,"href":"https:\/\/sc-chiro.com\/es\/wp-json\/wp\/v2\/pages\/3912\/revisions"}],"up":[{"embeddable":true,"href":"https:\/\/sc-chiro.com\/es\/wp-json\/wp\/v2\/pages\/3724"}],"wp:featuredmedia":[{"embeddable":true,"href":"https:\/\/sc-chiro.com\/es\/wp-json\/wp\/v2\/media\/3582"}],"wp:attachment":[{"href":"https:\/\/sc-chiro.com\/es\/wp-json\/wp\/v2\/media?parent=3912"}],"wp:term":[{"taxonomy":"category","embeddable":true,"href":"https:\/\/sc-chiro.com\/es\/wp-json\/wp\/v2\/categories?post=3912"},{"taxonomy":"post_tag","embeddable":true,"href":"https:\/\/sc-chiro.com\/es\/wp-json\/wp\/v2\/tags?post=3912"}],"curies":[{"name":"wp","href":"https:\/\/api.w.org\/{rel}","templated":true}]}}