{"id":3789,"date":"2022-01-25T15:44:42","date_gmt":"2022-01-25T15:44:42","guid":{"rendered":"https:\/\/qod-scchiro.local\/?page_id=3789"},"modified":"2022-01-25T16:09:11","modified_gmt":"2022-01-25T16:09:11","slug":"fases-de-la-rehabilitacion","status":"publish","type":"page","link":"https:\/\/sc-chiro.com\/es\/fases-de-la-rehabilitacion\/","title":{"rendered":"Fases de la Rehabilitaci\u00f3n"},"content":{"rendered":"\t\t<div data-elementor-type=\"wp-page\" data-elementor-id=\"3789\" class=\"elementor elementor-3789 elementor-885\" data-elementor-post-type=\"page\">\n\t\t\t\t\t\t<section class=\"elementor-section elementor-top-section elementor-element elementor-element-eca9151 elementor-section-boxed elementor-section-height-default elementor-section-height-default\" data-id=\"eca9151\" data-element_type=\"section\" data-e-type=\"section\">\n\t\t\t\t\t\t<div class=\"elementor-container elementor-column-gap-default\">\n\t\t\t\t\t<div class=\"elementor-column elementor-col-100 elementor-top-column elementor-element elementor-element-6a68b75\" data-id=\"6a68b75\" data-element_type=\"column\" data-e-type=\"column\">\n\t\t\t<div class=\"elementor-widget-wrap elementor-element-populated\">\n\t\t\t\t\t\t<div class=\"elementor-element elementor-element-3ad63d7 elementor-widget elementor-widget-accordion\" data-id=\"3ad63d7\" data-element_type=\"widget\" data-e-type=\"widget\" data-widget_type=\"accordion.default\">\n\t\t\t\t<div class=\"elementor-widget-container\">\n\t\t\t\t\t\t\t<div class=\"elementor-accordion\">\n\t\t\t\t\t\t\t<div class=\"elementor-accordion-item\">\n\t\t\t\t\t<h5 id=\"elementor-tab-title-6161\" class=\"elementor-tab-title\" data-tab=\"1\" role=\"button\" aria-controls=\"elementor-tab-content-6161\" aria-expanded=\"false\">\n\t\t\t\t\t\t\t\t\t\t\t\t\t<span class=\"elementor-accordion-icon elementor-accordion-icon-left\" aria-hidden=\"true\">\n\t\t\t\t\t\t\t\t\t\t\t\t\t\t\t<span class=\"elementor-accordion-icon-closed\"><i class=\"fas fa-plus\"><\/i><\/span>\n\t\t\t\t\t\t\t\t<span class=\"elementor-accordion-icon-opened\"><i class=\"fas fa-minus\"><\/i><\/span>\n\t\t\t\t\t\t\t\t\t\t\t\t\t\t<\/span>\n\t\t\t\t\t\t\t\t\t\t\t\t<a class=\"elementor-accordion-title\" tabindex=\"0\">Fase Aguda<\/a>\n\t\t\t\t\t<\/h5>\n\t\t\t\t\t<div id=\"elementor-tab-content-6161\" class=\"elementor-tab-content elementor-clearfix\" data-tab=\"1\" role=\"region\" aria-labelledby=\"elementor-tab-title-6161\"><p>La fase aguda de recuperaci\u00f3n generalmente se inicia con una lesi\u00f3n o un \u00e1rea dolorosa de la que le gustar\u00eda sentir alivio. Nuestro objetivo en Specific Care Chiropractic es eliminar el dolor y la rigidez lo antes posible. Su tratamiento consistir\u00e1 en:<\/p><p><strong>Ajustes<\/strong><br \/>Los ajustes son, por mucho, el tratamiento m\u00e1s importante que recibir\u00e1. El m\u00e9dico analizar\u00e1 su columna vertebral y realizar\u00e1 los ajustes necesarios, en las \u00e1reas necesarias para mejorar el funcionamiento de las articulaciones y disminuir la irritaci\u00f3n de los nervios.<\/p><p><strong>Estiramientos<\/strong><br \/>Despu\u00e9s de que el m\u00e9dico analice su columna, le prescribir\u00e1 diferentes estiramientos para ayudar a aliviar la tensi\u00f3n y el dolor iniciales que experimenta despu\u00e9s de su accidente.<\/p><p><strong>Masaje<\/strong><br \/>La terapia de masaje toma muchas formas diferentes y nuestros terapeutas de masaje con licencia altamente experimentados determinar\u00e1n, seg\u00fan su caso individual, qu\u00e9 tipo de terapia le ayudar\u00e1<\/p><\/div>\n\t\t\t\t<\/div>\n\t\t\t\t\t\t\t<div class=\"elementor-accordion-item\">\n\t\t\t\t\t<h5 id=\"elementor-tab-title-6162\" class=\"elementor-tab-title\" data-tab=\"2\" role=\"button\" aria-controls=\"elementor-tab-content-6162\" aria-expanded=\"false\">\n\t\t\t\t\t\t\t\t\t\t\t\t\t<span class=\"elementor-accordion-icon elementor-accordion-icon-left\" aria-hidden=\"true\">\n\t\t\t\t\t\t\t\t\t\t\t\t\t\t\t<span class=\"elementor-accordion-icon-closed\"><i class=\"fas fa-plus\"><\/i><\/span>\n\t\t\t\t\t\t\t\t<span class=\"elementor-accordion-icon-opened\"><i class=\"fas fa-minus\"><\/i><\/span>\n\t\t\t\t\t\t\t\t\t\t\t\t\t\t<\/span>\n\t\t\t\t\t\t\t\t\t\t\t\t<a class=\"elementor-accordion-title\" tabindex=\"0\">Fase de Rehabilitaci\u00f3n<\/a>\n\t\t\t\t\t<\/h5>\n\t\t\t\t\t<div id=\"elementor-tab-content-6162\" class=\"elementor-tab-content elementor-clearfix\" data-tab=\"2\" role=\"region\" aria-labelledby=\"elementor-tab-title-6162\"><p>Una vez que haya superado la fase aguda, avanzar\u00e1 a la fase de rehabilitaci\u00f3n. El objetivo de la fase de rehabilitaci\u00f3n o rehabilitaci\u00f3n es mejorar el rango de movimiento y la funci\u00f3n de sus articulaciones. Su tratamiento consistir\u00e1 en:<\/p><p><strong>Ajustes<\/strong><br \/>Al igual que en la fase aguda, los ajustes son la parte m\u00e1s importante de su recuperaci\u00f3n de la salud. Continuar ajust\u00e1ndose mejorar\u00e1 la funci\u00f3n de sus articulaciones y disminuir\u00e1 la irritaci\u00f3n de sus nervios.<\/p><p><strong>Ejercicios ligeros<\/strong><br \/>Su m\u00e9dico le prescribir\u00e1 y le ense\u00f1ar\u00e1 el r\u00e9gimen de fortalecimiento espec\u00edfico para estabilizar su columna y disminuir el dolor y los s\u00edntomas.<\/p><p><strong>Masaje<\/strong><br \/>Con el ejercicio ligero prescrito, un Masaje ayudar\u00e1 a que sus m\u00fasculos se recuperen m\u00e1s r\u00e1pido.<\/p><\/div>\n\t\t\t\t<\/div>\n\t\t\t\t\t\t\t<div class=\"elementor-accordion-item\">\n\t\t\t\t\t<h5 id=\"elementor-tab-title-6163\" class=\"elementor-tab-title\" data-tab=\"3\" role=\"button\" aria-controls=\"elementor-tab-content-6163\" aria-expanded=\"false\">\n\t\t\t\t\t\t\t\t\t\t\t\t\t<span class=\"elementor-accordion-icon elementor-accordion-icon-left\" aria-hidden=\"true\">\n\t\t\t\t\t\t\t\t\t\t\t\t\t\t\t<span class=\"elementor-accordion-icon-closed\"><i class=\"fas fa-plus\"><\/i><\/span>\n\t\t\t\t\t\t\t\t<span class=\"elementor-accordion-icon-opened\"><i class=\"fas fa-minus\"><\/i><\/span>\n\t\t\t\t\t\t\t\t\t\t\t\t\t\t<\/span>\n\t\t\t\t\t\t\t\t\t\t\t\t<a class=\"elementor-accordion-title\" tabindex=\"0\">Fase de Fortalecimiento<\/a>\n\t\t\t\t\t<\/h5>\n\t\t\t\t\t<div id=\"elementor-tab-content-6163\" class=\"elementor-tab-content elementor-clearfix\" data-tab=\"3\" role=\"region\" aria-labelledby=\"elementor-tab-title-6163\"><p>Una vez que haya progresado en su tratamiento, comenzar\u00e1 a sentirse igual o incluso mejor que antes de su accidente o lesi\u00f3n. Ahora se encuentra en la fase de fortalecimiento de su recuperaci\u00f3n. Durante la Fase de Fortalecimiento, su Doctor le prescribir\u00e1 ejercicios dirigidos al \u00e1rea o \u00e1reas que usted ha lesionado. Durante las Fases de Fortalecimiento su tratamiento incluir\u00e1:<\/p><p><b>Ajustes Correctivos Finales<br \/><\/b>Al igual que en las fases de rehabilitaci\u00f3n y aguda, los ajustes son la parte m\u00e1s importante de su recuperaci\u00f3n de la salud. Continuar ajust\u00e1ndose mejorar\u00e1 la funci\u00f3n de sus articulaciones y disminuir\u00e1 la irritaci\u00f3n de sus nervios.<\/p><p><b>Un R\u00e9gimen De Fortalecimiento M\u00e1s Agresivo<\/b><br \/>Usando los mismos ejercicios espec\u00edficos en la Fase de Rehabilitaci\u00f3n, su entrenamiento ahora incluir\u00e1 m\u00e1s pesas o aumentar\u00e1 pesos o tiempos m\u00e1s largos en los dispositivos de ejercicio que est\u00e1n disponibles en la Oficina de Specific Care Chiropractic<\/p><p><b>Masaje<\/b><br \/>Con un r\u00e9gimen de tratamiento m\u00e1s agresivo, los masajes ayudar\u00e1n a que sus m\u00fasculos se recuperen m\u00e1s r\u00e1pido y ayudar\u00e1n a disminuir el dolor.<\/p><\/div>\n\t\t\t\t<\/div>\n\t\t\t\t\t\t\t<div class=\"elementor-accordion-item\">\n\t\t\t\t\t<h5 id=\"elementor-tab-title-6164\" class=\"elementor-tab-title\" data-tab=\"4\" role=\"button\" aria-controls=\"elementor-tab-content-6164\" aria-expanded=\"false\">\n\t\t\t\t\t\t\t\t\t\t\t\t\t<span class=\"elementor-accordion-icon elementor-accordion-icon-left\" aria-hidden=\"true\">\n\t\t\t\t\t\t\t\t\t\t\t\t\t\t\t<span class=\"elementor-accordion-icon-closed\"><i class=\"fas fa-plus\"><\/i><\/span>\n\t\t\t\t\t\t\t\t<span class=\"elementor-accordion-icon-opened\"><i class=\"fas fa-minus\"><\/i><\/span>\n\t\t\t\t\t\t\t\t\t\t\t\t\t\t<\/span>\n\t\t\t\t\t\t\t\t\t\t\t\t<a class=\"elementor-accordion-title\" tabindex=\"0\">Fase de Mejor\u00eda M\u00e9dica M\u00e1xima (MMI)<\/a>\n\t\t\t\t\t<\/h5>\n\t\t\t\t\t<div id=\"elementor-tab-content-6164\" class=\"elementor-tab-content elementor-clearfix\" data-tab=\"4\" role=\"region\" aria-labelledby=\"elementor-tab-title-6164\"><p>En este momento, ha alcanzado la cantidad m\u00e1xima de beneficio de la atenci\u00f3n m\u00e9dica que ha recibido de Specific Care Chiropractic. Aunque sus lesiones le han causado algunos contratiempos, con la ayuda de Specific Care Chiropractic ahora est\u00e1 viviendo su vida mejor y sin dolor. Specific Care Chiropractic recomendar\u00e1 que contin\u00fae su atenci\u00f3n en un horario reducido en funci\u00f3n de sus necesidades espec\u00edficas para mantener un estilo de vida m\u00e1s saludable y sin dolor.<\/p><\/div>\n\t\t\t\t<\/div>\n\t\t\t\t\t\t\t\t<\/div>\n\t\t\t\t\t\t<\/div>\n\t\t\t\t<\/div>\n\t\t\t\t\t<\/div>\n\t\t<\/div>\n\t\t\t\t\t<\/div>\n\t\t<\/section>\n\t\t\t\t<\/div>\n\t\t","protected":false},"excerpt":{"rendered":"<p>Fase Aguda La fase aguda de recuperaci\u00f3n generalmente se inicia con una lesi\u00f3n o un \u00e1rea dolorosa de la que le gustar\u00eda sentir alivio. Nuestro objetivo en Specific Care Chiropractic es eliminar el dolor y la rigidez lo antes posible. Su tratamiento consistir\u00e1 en: AjustesLos ajustes son, por mucho, el tratamiento m\u00e1s importante que recibir\u00e1. [&hellip;]<\/p>\n","protected":false},"author":36,"featured_media":3528,"parent":0,"menu_order":0,"comment_status":"closed","ping_status":"closed","template":"","meta":{"_acf_changed":false,"footnotes":""},"categories":[],"tags":[],"class_list":["post-3789","page","type-page","status-publish","has-post-thumbnail","hentry"],"acf":[],"_links":{"self":[{"href":"https:\/\/sc-chiro.com\/es\/wp-json\/wp\/v2\/pages\/3789","targetHints":{"allow":["GET"]}}],"collection":[{"href":"https:\/\/sc-chiro.com\/es\/wp-json\/wp\/v2\/pages"}],"about":[{"href":"https:\/\/sc-chiro.com\/es\/wp-json\/wp\/v2\/types\/page"}],"author":[{"embeddable":true,"href":"https:\/\/sc-chiro.com\/es\/wp-json\/wp\/v2\/users\/36"}],"replies":[{"embeddable":true,"href":"https:\/\/sc-chiro.com\/es\/wp-json\/wp\/v2\/comments?post=3789"}],"version-history":[{"count":0,"href":"https:\/\/sc-chiro.com\/es\/wp-json\/wp\/v2\/pages\/3789\/revisions"}],"wp:featuredmedia":[{"embeddable":true,"href":"https:\/\/sc-chiro.com\/es\/wp-json\/wp\/v2\/media\/3528"}],"wp:attachment":[{"href":"https:\/\/sc-chiro.com\/es\/wp-json\/wp\/v2\/media?parent=3789"}],"wp:term":[{"taxonomy":"category","embeddable":true,"href":"https:\/\/sc-chiro.com\/es\/wp-json\/wp\/v2\/categories?post=3789"},{"taxonomy":"post_tag","embeddable":true,"href":"https:\/\/sc-chiro.com\/es\/wp-json\/wp\/v2\/tags?post=3789"}],"curies":[{"name":"wp","href":"https:\/\/api.w.org\/{rel}","templated":true}]}}